{"id":16344,"date":"2022-07-04T13:45:28","date_gmt":"2022-07-04T11:45:28","guid":{"rendered":"https:\/\/bbr.agenturkomma.de\/odcisk\/"},"modified":"2025-12-13T14:28:16","modified_gmt":"2025-12-13T13:28:16","slug":"odcisk","status":"publish","type":"page","link":"https:\/\/www.walter-richtsatzverleih.de\/pl\/odcisk\/","title":{"rendered":"Odcisk"},"content":{"rendered":"\t\t<div data-elementor-type=\"wp-page\" data-elementor-id=\"16344\" class=\"elementor elementor-16344 elementor-15144\">\n\t\t\t\t\t\t<section class=\"elementor-section elementor-top-section elementor-element elementor-element-71ee3e8 elementor-section-boxed elementor-section-height-default elementor-section-height-default\" data-id=\"71ee3e8\" data-element_type=\"section\">\n\t\t\t\t\t\t<div class=\"elementor-container elementor-column-gap-default\">\n\t\t\t\t\t<div class=\"elementor-column elementor-col-100 elementor-top-column elementor-element elementor-element-7855f06\" data-id=\"7855f06\" data-element_type=\"column\">\n\t\t\t<div class=\"elementor-widget-wrap elementor-element-populated\">\n\t\t\t\t\t\t<div class=\"elementor-element elementor-element-750e694 divider-yes aleft elementor-widget elementor-widget-wgl-double-heading\" data-id=\"750e694\" data-element_type=\"widget\" data-widget_type=\"wgl-double-heading.default\">\n\t\t\t\t<div class=\"elementor-widget-container\">\n\t\t\t\t\t<div class=\"wgl-double-heading\"><div class=\"dblh__subtitle\"><span>Odcisk<\/span><\/div><h3 class=\"dblh__title-wrapper\"><span class=\"dblh__title dblh__title-1\">Informacje o <\/span><span class=\"dblh__title dblh__title-2\">firmie<\/span><\/h3><\/div>\t\t\t\t<\/div>\n\t\t\t\t<\/div>\n\t\t\t\t\t<\/div>\n\t\t<\/div>\n\t\t\t\t\t<\/div>\n\t\t<\/section>\n\t\t\t\t<section class=\"elementor-section elementor-top-section elementor-element elementor-element-4aa58df elementor-section-boxed elementor-section-height-default elementor-section-height-default\" data-id=\"4aa58df\" data-element_type=\"section\">\n\t\t\t\t\t\t<div class=\"elementor-container elementor-column-gap-default\">\n\t\t\t\t\t<div class=\"elementor-column elementor-col-50 elementor-top-column elementor-element elementor-element-0e6b0a9\" data-id=\"0e6b0a9\" data-element_type=\"column\">\n\t\t\t<div class=\"elementor-widget-wrap elementor-element-populated\">\n\t\t\t\t\t\t<div class=\"elementor-element elementor-element-7a16f32 elementor-widget elementor-widget-spacer\" data-id=\"7a16f32\" data-element_type=\"widget\" data-widget_type=\"spacer.default\">\n\t\t\t\t<div class=\"elementor-widget-container\">\n\t\t\t\t\t\t\t<div class=\"elementor-spacer\">\n\t\t\t<div class=\"elementor-spacer-inner\"><\/div>\n\t\t<\/div>\n\t\t\t\t\t\t<\/div>\n\t\t\t\t<\/div>\n\t\t\t\t<div class=\"elementor-element elementor-element-4c040a5 elementor-widget elementor-widget-text-editor\" data-id=\"4c040a5\" data-element_type=\"widget\" data-widget_type=\"text-editor.default\">\n\t\t\t\t<div class=\"elementor-widget-container\">\n\t\t\t\t\t\t\t\t\t<p><strong>Gunter Walter Richtsatzverleih<\/strong><br \/>L\u00f6\u00dfnitzgrundstra\u00dfe 12, 01445 Radebeul<br \/>Niemcy<\/p><p><strong>W\u0142a\u015bciciel:<\/strong><br \/>Gunter Walter<\/p><p><strong>Kontakt:<\/strong><br \/>Telefon: +49 351 8362926<br \/>Telefax: +49 351 8361805<br \/>E-Mail: service@walter-richtsatzverleih.de<\/p><p><b>Numer VAT<br \/><\/b>Numer VAT zgodnie z \u00a727 a ustawa o podatku od sprzeda\u017cy:<br \/>DE 140198473<\/p>\t\t\t\t\t\t\t\t<\/div>\n\t\t\t\t<\/div>\n\t\t\t\t<div class=\"elementor-element elementor-element-8f06359 elementor-widget-divider--view-line elementor-invisible elementor-widget elementor-widget-divider\" data-id=\"8f06359\" data-element_type=\"widget\" data-settings=\"{&quot;_animation&quot;:&quot;slideInLeft&quot;}\" data-widget_type=\"divider.default\">\n\t\t\t\t<div class=\"elementor-widget-container\">\n\t\t\t\t\t\t\t<div class=\"elementor-divider\">\n\t\t\t<span class=\"elementor-divider-separator\">\n\t\t\t\t\t\t<\/span>\n\t\t<\/div>\n\t\t\t\t\t\t<\/div>\n\t\t\t\t<\/div>\n\t\t\t\t<div class=\"elementor-element elementor-element-7600dfb elementor-widget elementor-widget-text-editor\" data-id=\"7600dfb\" data-element_type=\"widget\" data-widget_type=\"text-editor.default\">\n\t\t\t\t<div class=\"elementor-widget-container\">\n\t\t\t\t\t\t\t\t\t<p><strong>BBR Richtsatzverleih GmbH<\/strong><br \/>Fabrikstra\u00dfe 9-10, 01662 Meissen<br \/>Niemcy<\/p><p>Rejestr handlowy: HRB 47094<br \/>S\u0105d rejestrowy: Amtsgericht Dresden<\/p><p><strong>Reprezentowane przez:<\/strong><br \/>Gunter Walter<\/p><p><b>Kontakt:<br \/><\/b>Telefon: +49 3546 9347743<br \/>Telefax: +49 351 8361805<br \/>E-Mail: service@walter-richtsatzverleih.de<b><br \/><\/b><\/p><p><b>Numer VAT<br \/><\/b>Numer VAT zgodnie z \u00a727 a ustawa o podatku od sprzeda\u017cy:<br \/>209\/106\/00975<\/p>\t\t\t\t\t\t\t\t<\/div>\n\t\t\t\t<\/div>\n\t\t\t\t\t<\/div>\n\t\t<\/div>\n\t\t\t\t<div class=\"elementor-column elementor-col-50 elementor-top-column elementor-element elementor-element-8505319\" data-id=\"8505319\" data-element_type=\"column\">\n\t\t\t<div class=\"elementor-widget-wrap elementor-element-populated\">\n\t\t\t\t\t\t<div class=\"elementor-element elementor-element-dfea1c1 elementor-widget elementor-widget-spacer\" data-id=\"dfea1c1\" data-element_type=\"widget\" data-widget_type=\"spacer.default\">\n\t\t\t\t<div class=\"elementor-widget-container\">\n\t\t\t\t\t\t\t<div class=\"elementor-spacer\">\n\t\t\t<div class=\"elementor-spacer-inner\"><\/div>\n\t\t<\/div>\n\t\t\t\t\t\t<\/div>\n\t\t\t\t<\/div>\n\t\t\t\t<div class=\"elementor-element elementor-element-e8650b3 elementor-widget elementor-widget-text-editor\" data-id=\"e8650b3\" data-element_type=\"widget\" data-widget_type=\"text-editor.default\">\n\t\t\t\t<div class=\"elementor-widget-container\">\n\t\t\t\t\t\t\t\t\t<p><b>Redakcja odpowiedzialna:<br \/><\/b>Gunter Walter<br \/>L\u00f6\u00dfnitzgrundstra\u00dfe 12, 01445 Radebeul<br \/>Niemcy<\/p><p><strong>Rozstrzyganie spor\u00f3w w UE<\/strong><br \/>Komisja Europejska udost\u0119pnia platform\u0119 do internetowego rozstrzygania spor\u00f3w (ODR): <a href=\"https:\/\/ec.europa.eu\/consumers\/odr\/\" target=\"_blank\" rel=\"noopener\">https:\/\/ec.europa.eu\/consumers\/odr\/<\/a>.<br \/>Nasz adres e-mail mo\u017cna znale\u017a\u0107 powy\u017cej w zawiadomieniu na stronie.<\/p><p><strong>Post\u0119powanie rozstrzygaj\u0105ce spory przed arbitra\u017cem konsumenckim <\/strong><strong>tablica<\/strong><br \/>Nie jeste\u015bmy sk\u0142onni ani zobowi\u0105zani do udzia\u0142u w post\u0119powaniu dotycz\u0105cym rozstrzygania spor\u00f3w przed konsumentem komisja arbitra\u017cowa.<\/p><p><strong>Stworzenie strony:<br \/><\/strong>Agentur komma, Radeburg,<span> <\/span><a href=\"http:\/\/www.agenturkomma.de\/\" target=\"_blank\" rel=\"noopener noreferrer\">www.agenturkomma.de<\/a><\/p><p><strong>Odno\u015bniki do u\u017cytych obraz\u00f3w i grafik:<\/strong><br \/>Agentur komma, Torsten Flechsig<br \/><a href=\"http:\/\/www.celette.com\/\" target=\"_blank\" rel=\"noopener noreferrer\">Celette.com<\/a><br \/><a href=\"http:\/\/www.bigstockphoto.com\/\" target=\"_blank\" rel=\"noopener noreferrer\">bigstockphoto.com<\/a>: Jonathan Weiss, Mino, Artzzz, yadamons, ricochet64, bigtunaonline, Hohlov Michail, huettenhoelscher, Foto VDW, cherezoff, Mikhail Leonov, Steve Lagreca, jevanto_productions, josefkubes, Pixinoo, Taina Sohlman, MalkovKosta, Yastremska, kadmy, AAW, Greentellect, David Pimborough, TpaBMa, Patryk Kosmider, Cuorerouc, trokhim, aapsky, Artzz, Foto VDW, Grisha Bruev, studio4a, foodbytes, ako photography, Primer55, kvsan<\/p><p><a href=\"https:\/\/www.dreamstime.com\" target=\"_blank\" rel=\"noopener\">Dreamstime.com:<\/a> <a href=\"https:\/\/www.dreamstime.com\/adoggster_info\">Adoggster<\/a><br \/><a href=\"https:\/\/pixabay.com\/de\/\" target=\"_blank\" rel=\"noopener noreferrer\">pixabay.com<\/a><\/p><p><em>\u017ar\u00f3d\u0142o:<span> <\/span><a href=\"https:\/\/www.e-recht24.de\/impressum-generator.html\" target=\"_blank\" rel=\"noopener noreferrer\">erecht24.de<\/a><\/em><\/p>\t\t\t\t\t\t\t\t<\/div>\n\t\t\t\t<\/div>\n\t\t\t\t\t<\/div>\n\t\t<\/div>\n\t\t\t\t\t<\/div>\n\t\t<\/section>\n\t\t\t\t<\/div>\n\t\t","protected":false},"excerpt":{"rendered":"<p>Odcisk Informacje o firmie Gunter Walter RichtsatzverleihL\u00f6\u00dfnitzgrundstra\u00dfe 12, 01445 RadebeulNiemcy W\u0142a\u015bciciel:Gunter Walter Kontakt:Telefon: +49 351 8362926Telefax: +49 351 8361805E-Mail: service@walter-richtsatzverleih.de Numer VATNumer VAT zgodnie z \u00a727 a ustawa o podatku od sprzeda\u017cy:DE 140198473 BBR Richtsatzverleih GmbHFabrikstra\u00dfe 9-10, 01662 MeissenNiemcy Rejestr handlowy: HRB 47094S\u0105d rejestrowy: Amtsgericht Dresden Reprezentowane przez:Gunter Walter Kontakt:Telefon: +49 3546 9347743Telefax: +49 351 [&hellip;]<\/p>\n","protected":false},"author":1,"featured_media":0,"parent":0,"menu_order":0,"comment_status":"closed","ping_status":"closed","template":"","meta":{"footnotes":""},"class_list":["post-16344","page","type-page","status-publish","hentry"],"yoast_head":"<!-- This site is optimized with the Yoast SEO plugin v25.4 - https:\/\/yoast.com\/wordpress\/plugins\/seo\/ -->\n<title>Odcisk - Walter Richtsatzverleih<\/title>\n<meta name=\"description\" content=\"Odcisk na stron\u0119 internetow\u0105 Gunter Walter Richtsatzverleih i BBR Richtsatzverleih GmbH.\" \/>\n<meta name=\"robots\" content=\"index, follow, max-snippet:-1, max-image-preview:large, max-video-preview:-1\" \/>\n<link rel=\"canonical\" href=\"https:\/\/www.walter-richtsatzverleih.de\/pl\/odcisk\/\" \/>\n<meta property=\"og:locale\" content=\"pl_PL\" \/>\n<meta property=\"og:type\" content=\"article\" \/>\n<meta property=\"og:title\" content=\"Odcisk - Walter Richtsatzverleih\" \/>\n<meta property=\"og:description\" content=\"Odcisk na stron\u0119 internetow\u0105 Gunter Walter Richtsatzverleih i BBR Richtsatzverleih GmbH.\" \/>\n<meta property=\"og:url\" content=\"https:\/\/www.walter-richtsatzverleih.de\/pl\/odcisk\/\" \/>\n<meta property=\"og:site_name\" content=\"Walter Richtsatzverleih\" \/>\n<meta property=\"article:modified_time\" content=\"2025-12-13T13:28:16+00:00\" \/>\n<meta name=\"twitter:card\" content=\"summary_large_image\" \/>\n<meta name=\"twitter:label1\" content=\"Szacowany czas czytania\" \/>\n\t<meta name=\"twitter:data1\" content=\"2 minuty\" \/>\n<script type=\"application\/ld+json\" class=\"yoast-schema-graph\">{\"@context\":\"https:\/\/schema.org\",\"@graph\":[{\"@type\":\"WebPage\",\"@id\":\"https:\/\/www.walter-richtsatzverleih.de\/pl\/odcisk\/\",\"url\":\"https:\/\/www.walter-richtsatzverleih.de\/pl\/odcisk\/\",\"name\":\"Odcisk - Walter Richtsatzverleih\",\"isPartOf\":{\"@id\":\"https:\/\/www.walter-richtsatzverleih.de\/pl\/#website\"},\"datePublished\":\"2022-07-04T11:45:28+00:00\",\"dateModified\":\"2025-12-13T13:28:16+00:00\",\"description\":\"Odcisk na stron\u0119 internetow\u0105 Gunter Walter Richtsatzverleih i BBR Richtsatzverleih GmbH.\",\"breadcrumb\":{\"@id\":\"https:\/\/www.walter-richtsatzverleih.de\/pl\/odcisk\/#breadcrumb\"},\"inLanguage\":\"pl-PL\",\"potentialAction\":[{\"@type\":\"ReadAction\",\"target\":[\"https:\/\/www.walter-richtsatzverleih.de\/pl\/odcisk\/\"]}]},{\"@type\":\"BreadcrumbList\",\"@id\":\"https:\/\/www.walter-richtsatzverleih.de\/pl\/odcisk\/#breadcrumb\",\"itemListElement\":[{\"@type\":\"ListItem\",\"position\":1,\"name\":\"Startseite\",\"item\":\"https:\/\/www.walter-richtsatzverleih.de\/pl\/\"},{\"@type\":\"ListItem\",\"position\":2,\"name\":\"Odcisk\"}]},{\"@type\":\"WebSite\",\"@id\":\"https:\/\/www.walter-richtsatzverleih.de\/pl\/#website\",\"url\":\"https:\/\/www.walter-richtsatzverleih.de\/pl\/\",\"name\":\"Walter Richtsatzverleih\",\"description\":\"Wir verleihen und vermieten unter anderem Richts\u00e4tze und sind OTLG-Partner.\",\"potentialAction\":[{\"@type\":\"SearchAction\",\"target\":{\"@type\":\"EntryPoint\",\"urlTemplate\":\"https:\/\/www.walter-richtsatzverleih.de\/pl\/?s={search_term_string}\"},\"query-input\":{\"@type\":\"PropertyValueSpecification\",\"valueRequired\":true,\"valueName\":\"search_term_string\"}}],\"inLanguage\":\"pl-PL\"}]}<\/script>\n<!-- \/ Yoast SEO plugin. -->","yoast_head_json":{"title":"Odcisk - Walter Richtsatzverleih","description":"Odcisk na stron\u0119 internetow\u0105 Gunter Walter Richtsatzverleih i BBR Richtsatzverleih GmbH.","robots":{"index":"index","follow":"follow","max-snippet":"max-snippet:-1","max-image-preview":"max-image-preview:large","max-video-preview":"max-video-preview:-1"},"canonical":"https:\/\/www.walter-richtsatzverleih.de\/pl\/odcisk\/","og_locale":"pl_PL","og_type":"article","og_title":"Odcisk - Walter Richtsatzverleih","og_description":"Odcisk na stron\u0119 internetow\u0105 Gunter Walter Richtsatzverleih i BBR Richtsatzverleih GmbH.","og_url":"https:\/\/www.walter-richtsatzverleih.de\/pl\/odcisk\/","og_site_name":"Walter Richtsatzverleih","article_modified_time":"2025-12-13T13:28:16+00:00","twitter_card":"summary_large_image","twitter_misc":{"Szacowany czas czytania":"2 minuty"},"schema":{"@context":"https:\/\/schema.org","@graph":[{"@type":"WebPage","@id":"https:\/\/www.walter-richtsatzverleih.de\/pl\/odcisk\/","url":"https:\/\/www.walter-richtsatzverleih.de\/pl\/odcisk\/","name":"Odcisk - Walter Richtsatzverleih","isPartOf":{"@id":"https:\/\/www.walter-richtsatzverleih.de\/pl\/#website"},"datePublished":"2022-07-04T11:45:28+00:00","dateModified":"2025-12-13T13:28:16+00:00","description":"Odcisk na stron\u0119 internetow\u0105 Gunter Walter Richtsatzverleih i BBR Richtsatzverleih GmbH.","breadcrumb":{"@id":"https:\/\/www.walter-richtsatzverleih.de\/pl\/odcisk\/#breadcrumb"},"inLanguage":"pl-PL","potentialAction":[{"@type":"ReadAction","target":["https:\/\/www.walter-richtsatzverleih.de\/pl\/odcisk\/"]}]},{"@type":"BreadcrumbList","@id":"https:\/\/www.walter-richtsatzverleih.de\/pl\/odcisk\/#breadcrumb","itemListElement":[{"@type":"ListItem","position":1,"name":"Startseite","item":"https:\/\/www.walter-richtsatzverleih.de\/pl\/"},{"@type":"ListItem","position":2,"name":"Odcisk"}]},{"@type":"WebSite","@id":"https:\/\/www.walter-richtsatzverleih.de\/pl\/#website","url":"https:\/\/www.walter-richtsatzverleih.de\/pl\/","name":"Walter Richtsatzverleih","description":"Wir verleihen und vermieten unter anderem Richts\u00e4tze und sind OTLG-Partner.","potentialAction":[{"@type":"SearchAction","target":{"@type":"EntryPoint","urlTemplate":"https:\/\/www.walter-richtsatzverleih.de\/pl\/?s={search_term_string}"},"query-input":{"@type":"PropertyValueSpecification","valueRequired":true,"valueName":"search_term_string"}}],"inLanguage":"pl-PL"}]}},"_links":{"self":[{"href":"https:\/\/www.walter-richtsatzverleih.de\/pl\/wp-json\/wp\/v2\/pages\/16344","targetHints":{"allow":["GET"]}}],"collection":[{"href":"https:\/\/www.walter-richtsatzverleih.de\/pl\/wp-json\/wp\/v2\/pages"}],"about":[{"href":"https:\/\/www.walter-richtsatzverleih.de\/pl\/wp-json\/wp\/v2\/types\/page"}],"author":[{"embeddable":true,"href":"https:\/\/www.walter-richtsatzverleih.de\/pl\/wp-json\/wp\/v2\/users\/1"}],"replies":[{"embeddable":true,"href":"https:\/\/www.walter-richtsatzverleih.de\/pl\/wp-json\/wp\/v2\/comments?post=16344"}],"version-history":[{"count":34,"href":"https:\/\/www.walter-richtsatzverleih.de\/pl\/wp-json\/wp\/v2\/pages\/16344\/revisions"}],"predecessor-version":[{"id":18773,"href":"https:\/\/www.walter-richtsatzverleih.de\/pl\/wp-json\/wp\/v2\/pages\/16344\/revisions\/18773"}],"wp:attachment":[{"href":"https:\/\/www.walter-richtsatzverleih.de\/pl\/wp-json\/wp\/v2\/media?parent=16344"}],"curies":[{"name":"wp","href":"https:\/\/api.w.org\/{rel}","templated":true}]}}