{"id":16326,"date":"2022-06-30T14:10:48","date_gmt":"2022-06-30T12:10:48","guid":{"rendered":"https:\/\/bbr.agenturkomma.de\/cameleon\/"},"modified":"2023-07-31T19:12:01","modified_gmt":"2023-07-31T17:12:01","slug":"cameleon-adaptacyjny-zestaw-do-prostowania-nadwozi","status":"publish","type":"page","link":"https:\/\/www.walter-richtsatzverleih.de\/pl\/cameleon-adaptacyjny-zestaw-do-prostowania-nadwozi\/","title":{"rendered":"Celette Cameleon"},"content":{"rendered":"\t\t<div data-elementor-type=\"wp-page\" data-elementor-id=\"16326\" class=\"elementor elementor-16326 elementor-15005\">\n\t\t\t\t\t\t<section class=\"elementor-section elementor-top-section elementor-element elementor-element-71ee3e8 elementor-section-boxed elementor-section-height-default elementor-section-height-default\" data-id=\"71ee3e8\" data-element_type=\"section\">\n\t\t\t\t\t\t<div class=\"elementor-container elementor-column-gap-default\">\n\t\t\t\t\t<div class=\"elementor-column elementor-col-100 elementor-top-column elementor-element elementor-element-7855f06\" data-id=\"7855f06\" data-element_type=\"column\">\n\t\t\t<div class=\"elementor-widget-wrap elementor-element-populated\">\n\t\t\t\t\t\t<div class=\"elementor-element elementor-element-750e694 divider-yes aleft elementor-widget elementor-widget-wgl-double-heading\" data-id=\"750e694\" data-element_type=\"widget\" data-widget_type=\"wgl-double-heading.default\">\n\t\t\t\t<div class=\"elementor-widget-container\">\n\t\t\t\t\t<div class=\"wgl-double-heading\"><div class=\"dblh__subtitle\"><span>05 - Celette Cameleon<\/span><\/div><h3 class=\"dblh__title-wrapper\"><span class=\"dblh__title dblh__title-1\">Adaptacyjny zestaw do <\/span><span class=\"dblh__title dblh__title-2\">prostowania nadwozi.<\/span><\/h3><\/div>\t\t\t\t<\/div>\n\t\t\t\t<\/div>\n\t\t\t\t\t<\/div>\n\t\t<\/div>\n\t\t\t\t\t<\/div>\n\t\t<\/section>\n\t\t\t\t<section class=\"elementor-section elementor-top-section elementor-element elementor-element-4aa58df elementor-reverse-mobile elementor-section-boxed elementor-section-height-default elementor-section-height-default\" data-id=\"4aa58df\" data-element_type=\"section\">\n\t\t\t\t\t\t<div class=\"elementor-container elementor-column-gap-default\">\n\t\t\t\t\t<div class=\"elementor-column elementor-col-50 elementor-top-column elementor-element elementor-element-0e6b0a9\" data-id=\"0e6b0a9\" data-element_type=\"column\">\n\t\t\t<div class=\"elementor-widget-wrap elementor-element-populated\">\n\t\t\t\t\t\t<div class=\"elementor-element elementor-element-7a16f32 elementor-widget elementor-widget-spacer\" data-id=\"7a16f32\" data-element_type=\"widget\" data-widget_type=\"spacer.default\">\n\t\t\t\t<div class=\"elementor-widget-container\">\n\t\t\t\t\t\t\t<div class=\"elementor-spacer\">\n\t\t\t<div class=\"elementor-spacer-inner\"><\/div>\n\t\t<\/div>\n\t\t\t\t\t\t<\/div>\n\t\t\t\t<\/div>\n\t\t\t\t<div class=\"elementor-element elementor-element-4c040a5 elementor-widget elementor-widget-text-editor\" data-id=\"4c040a5\" data-element_type=\"widget\" data-widget_type=\"text-editor.default\">\n\t\t\t\t<div class=\"elementor-widget-container\">\n\t\t\t\t\t\t\t\t\t<p>Cameleon to konfigurowalne rozwi\u0105zanie sprz\u0119towe do naprawy uszkodzonych pojazd\u00f3w. Jest modu\u0142owy oraz skalowalny i stanowi idealne po\u0142\u0105czenie MZ + zaciski z systemem pomiarowym 3D <a href=\"\/pl\/naja\/\">NAJA<\/a>. Dzi\u0119ki zastosowaniu bazy danych systemu Naja 3D Cameleon umo\u017cliwia Ci w\u0142asne ustawienie zacisk\u00f3w.<\/p><p>Cameleon jest dopasowany do wszystkich standardowych narz\u0119dzi CELETTE\u00ae: ram, no\u015bnik\u00f3w poprzecznych, wie\u017c i t\u0142ok\u00f3w uniwersalnych.<\/p><p>A tak\u017ce: Cameleon jest wyj\u0105tkowy, poniewa\u017c mo\u017cna go stosowa\u0107 we wszystkich markach i modelach samochod\u00f3w.<\/p><p>Wskaz\u00f3wka: niemieccy producenci oryginalnego wyposa\u017cenia zalecaj\u0105 naprawy za pomoc\u0105 oryginalnych, dostosowanych do modelu k\u0105towych zestaw\u00f3w do prostowania nadwozi oraz portali Celette.<\/p>\t\t\t\t\t\t\t\t<\/div>\n\t\t\t\t<\/div>\n\t\t\t\t\t<\/div>\n\t\t<\/div>\n\t\t\t\t<div class=\"elementor-column elementor-col-50 elementor-top-column elementor-element elementor-element-8505319\" data-id=\"8505319\" data-element_type=\"column\">\n\t\t\t<div class=\"elementor-widget-wrap elementor-element-populated\">\n\t\t\t\t\t\t<div class=\"elementor-element elementor-element-dfea1c1 elementor-widget elementor-widget-spacer\" data-id=\"dfea1c1\" data-element_type=\"widget\" data-widget_type=\"spacer.default\">\n\t\t\t\t<div class=\"elementor-widget-container\">\n\t\t\t\t\t\t\t<div class=\"elementor-spacer\">\n\t\t\t<div class=\"elementor-spacer-inner\"><\/div>\n\t\t<\/div>\n\t\t\t\t\t\t<\/div>\n\t\t\t\t<\/div>\n\t\t\t\t<div class=\"elementor-element elementor-element-9581e20 elementor-widget elementor-widget-image\" data-id=\"9581e20\" data-element_type=\"widget\" data-widget_type=\"image.default\">\n\t\t\t\t<div class=\"elementor-widget-container\">\n\t\t\t\t\t\t\t\t\t\t\t\t\t\t\t<img fetchpriority=\"high\" decoding=\"async\" width=\"700\" height=\"400\" src=\"https:\/\/www.walter-richtsatzverleih.de\/wp-content\/uploads\/2022\/06\/cameleon-adaptiver-richtsatz.jpg\" class=\"attachment-full size-full wp-image-15013\" alt=\"\" srcset=\"https:\/\/www.walter-richtsatzverleih.de\/wp-content\/uploads\/2022\/06\/cameleon-adaptiver-richtsatz.jpg 700w, https:\/\/www.walter-richtsatzverleih.de\/wp-content\/uploads\/2022\/06\/cameleon-adaptiver-richtsatz-300x171.jpg 300w\" sizes=\"(max-width: 700px) 100vw, 700px\" \/>\t\t\t\t\t\t\t\t\t\t\t\t\t\t\t<\/div>\n\t\t\t\t<\/div>\n\t\t\t\t\t<\/div>\n\t\t<\/div>\n\t\t\t\t\t<\/div>\n\t\t<\/section>\n\t\t\t\t<\/div>\n\t\t","protected":false},"excerpt":{"rendered":"<p>05 &#8211; Celette Cameleon Adaptacyjny zestaw do prostowania nadwozi. Cameleon to konfigurowalne rozwi\u0105zanie sprz\u0119towe do naprawy uszkodzonych pojazd\u00f3w. Jest modu\u0142owy oraz skalowalny i stanowi idealne po\u0142\u0105czenie MZ + zaciski z systemem pomiarowym 3D NAJA. Dzi\u0119ki zastosowaniu bazy danych systemu Naja 3D Cameleon umo\u017cliwia Ci w\u0142asne ustawienie zacisk\u00f3w. Cameleon jest dopasowany do wszystkich standardowych narz\u0119dzi CELETTE\u00ae: [&hellip;]<\/p>\n","protected":false},"author":1,"featured_media":15013,"parent":0,"menu_order":0,"comment_status":"closed","ping_status":"closed","template":"","meta":{"footnotes":""},"class_list":["post-16326","page","type-page","status-publish","has-post-thumbnail","hentry"],"yoast_head":"<!-- This site is optimized with the Yoast SEO plugin v25.4 - https:\/\/yoast.com\/wordpress\/plugins\/seo\/ -->\n<title>Celette Cameleon - Walter Richtsatzverleih<\/title>\n<meta name=\"description\" content=\"CAMELEON od CELETTE to konfigurowalne rozwi\u0105zanie sprz\u0119towe do naprawy uszkodzonych pojazd\u00f3w. Jest modu\u0142owy oraz skalowalny i stanowi.\" \/>\n<meta name=\"robots\" content=\"index, follow, max-snippet:-1, max-image-preview:large, max-video-preview:-1\" \/>\n<link rel=\"canonical\" href=\"https:\/\/www.walter-richtsatzverleih.de\/pl\/cameleon-adaptacyjny-zestaw-do-prostowania-nadwozi\/\" \/>\n<meta property=\"og:locale\" content=\"pl_PL\" \/>\n<meta property=\"og:type\" content=\"article\" \/>\n<meta property=\"og:title\" content=\"Celette Cameleon - Walter Richtsatzverleih\" \/>\n<meta property=\"og:description\" content=\"CAMELEON od CELETTE to konfigurowalne rozwi\u0105zanie sprz\u0119towe do naprawy uszkodzonych pojazd\u00f3w. Jest modu\u0142owy oraz skalowalny i stanowi.\" \/>\n<meta property=\"og:url\" content=\"https:\/\/www.walter-richtsatzverleih.de\/pl\/cameleon-adaptacyjny-zestaw-do-prostowania-nadwozi\/\" \/>\n<meta property=\"og:site_name\" content=\"Walter Richtsatzverleih\" \/>\n<meta property=\"article:modified_time\" content=\"2023-07-31T17:12:01+00:00\" \/>\n<meta property=\"og:image\" content=\"https:\/\/www.walter-richtsatzverleih.de\/wp-content\/uploads\/2022\/06\/cameleon-adaptiver-richtsatz.jpg\" \/>\n\t<meta property=\"og:image:width\" content=\"700\" \/>\n\t<meta property=\"og:image:height\" content=\"400\" \/>\n\t<meta property=\"og:image:type\" content=\"image\/jpeg\" \/>\n<meta name=\"twitter:card\" content=\"summary_large_image\" \/>\n<meta name=\"twitter:label1\" content=\"Szacowany czas czytania\" \/>\n\t<meta name=\"twitter:data1\" content=\"1 minuta\" \/>\n<script type=\"application\/ld+json\" class=\"yoast-schema-graph\">{\"@context\":\"https:\/\/schema.org\",\"@graph\":[{\"@type\":\"WebPage\",\"@id\":\"https:\/\/www.walter-richtsatzverleih.de\/pl\/cameleon-adaptacyjny-zestaw-do-prostowania-nadwozi\/\",\"url\":\"https:\/\/www.walter-richtsatzverleih.de\/pl\/cameleon-adaptacyjny-zestaw-do-prostowania-nadwozi\/\",\"name\":\"Celette Cameleon - Walter Richtsatzverleih\",\"isPartOf\":{\"@id\":\"https:\/\/www.walter-richtsatzverleih.de\/pl\/#website\"},\"primaryImageOfPage\":{\"@id\":\"https:\/\/www.walter-richtsatzverleih.de\/pl\/cameleon-adaptacyjny-zestaw-do-prostowania-nadwozi\/#primaryimage\"},\"image\":{\"@id\":\"https:\/\/www.walter-richtsatzverleih.de\/pl\/cameleon-adaptacyjny-zestaw-do-prostowania-nadwozi\/#primaryimage\"},\"thumbnailUrl\":\"https:\/\/www.walter-richtsatzverleih.de\/wp-content\/uploads\/2022\/06\/cameleon-adaptiver-richtsatz.jpg\",\"datePublished\":\"2022-06-30T12:10:48+00:00\",\"dateModified\":\"2023-07-31T17:12:01+00:00\",\"description\":\"CAMELEON od CELETTE to konfigurowalne rozwi\u0105zanie sprz\u0119towe do naprawy uszkodzonych pojazd\u00f3w. Jest modu\u0142owy oraz skalowalny i stanowi.\",\"breadcrumb\":{\"@id\":\"https:\/\/www.walter-richtsatzverleih.de\/pl\/cameleon-adaptacyjny-zestaw-do-prostowania-nadwozi\/#breadcrumb\"},\"inLanguage\":\"pl-PL\",\"potentialAction\":[{\"@type\":\"ReadAction\",\"target\":[\"https:\/\/www.walter-richtsatzverleih.de\/pl\/cameleon-adaptacyjny-zestaw-do-prostowania-nadwozi\/\"]}]},{\"@type\":\"ImageObject\",\"inLanguage\":\"pl-PL\",\"@id\":\"https:\/\/www.walter-richtsatzverleih.de\/pl\/cameleon-adaptacyjny-zestaw-do-prostowania-nadwozi\/#primaryimage\",\"url\":\"https:\/\/www.walter-richtsatzverleih.de\/wp-content\/uploads\/2022\/06\/cameleon-adaptiver-richtsatz.jpg\",\"contentUrl\":\"https:\/\/www.walter-richtsatzverleih.de\/wp-content\/uploads\/2022\/06\/cameleon-adaptiver-richtsatz.jpg\",\"width\":700,\"height\":400},{\"@type\":\"BreadcrumbList\",\"@id\":\"https:\/\/www.walter-richtsatzverleih.de\/pl\/cameleon-adaptacyjny-zestaw-do-prostowania-nadwozi\/#breadcrumb\",\"itemListElement\":[{\"@type\":\"ListItem\",\"position\":1,\"name\":\"Startseite\",\"item\":\"https:\/\/www.walter-richtsatzverleih.de\/pl\/\"},{\"@type\":\"ListItem\",\"position\":2,\"name\":\"Celette Cameleon\"}]},{\"@type\":\"WebSite\",\"@id\":\"https:\/\/www.walter-richtsatzverleih.de\/pl\/#website\",\"url\":\"https:\/\/www.walter-richtsatzverleih.de\/pl\/\",\"name\":\"Walter Richtsatzverleih\",\"description\":\"Wir verleihen und vermieten unter anderem Richts\u00e4tze und sind OTLG-Partner.\",\"potentialAction\":[{\"@type\":\"SearchAction\",\"target\":{\"@type\":\"EntryPoint\",\"urlTemplate\":\"https:\/\/www.walter-richtsatzverleih.de\/pl\/?s={search_term_string}\"},\"query-input\":{\"@type\":\"PropertyValueSpecification\",\"valueRequired\":true,\"valueName\":\"search_term_string\"}}],\"inLanguage\":\"pl-PL\"}]}<\/script>\n<!-- \/ Yoast SEO plugin. -->","yoast_head_json":{"title":"Celette Cameleon - Walter Richtsatzverleih","description":"CAMELEON od CELETTE to konfigurowalne rozwi\u0105zanie sprz\u0119towe do naprawy uszkodzonych pojazd\u00f3w. Jest modu\u0142owy oraz skalowalny i stanowi.","robots":{"index":"index","follow":"follow","max-snippet":"max-snippet:-1","max-image-preview":"max-image-preview:large","max-video-preview":"max-video-preview:-1"},"canonical":"https:\/\/www.walter-richtsatzverleih.de\/pl\/cameleon-adaptacyjny-zestaw-do-prostowania-nadwozi\/","og_locale":"pl_PL","og_type":"article","og_title":"Celette Cameleon - Walter Richtsatzverleih","og_description":"CAMELEON od CELETTE to konfigurowalne rozwi\u0105zanie sprz\u0119towe do naprawy uszkodzonych pojazd\u00f3w. Jest modu\u0142owy oraz skalowalny i stanowi.","og_url":"https:\/\/www.walter-richtsatzverleih.de\/pl\/cameleon-adaptacyjny-zestaw-do-prostowania-nadwozi\/","og_site_name":"Walter Richtsatzverleih","article_modified_time":"2023-07-31T17:12:01+00:00","og_image":[{"width":700,"height":400,"url":"https:\/\/www.walter-richtsatzverleih.de\/wp-content\/uploads\/2022\/06\/cameleon-adaptiver-richtsatz.jpg","type":"image\/jpeg"}],"twitter_card":"summary_large_image","twitter_misc":{"Szacowany czas czytania":"1 minuta"},"schema":{"@context":"https:\/\/schema.org","@graph":[{"@type":"WebPage","@id":"https:\/\/www.walter-richtsatzverleih.de\/pl\/cameleon-adaptacyjny-zestaw-do-prostowania-nadwozi\/","url":"https:\/\/www.walter-richtsatzverleih.de\/pl\/cameleon-adaptacyjny-zestaw-do-prostowania-nadwozi\/","name":"Celette Cameleon - Walter Richtsatzverleih","isPartOf":{"@id":"https:\/\/www.walter-richtsatzverleih.de\/pl\/#website"},"primaryImageOfPage":{"@id":"https:\/\/www.walter-richtsatzverleih.de\/pl\/cameleon-adaptacyjny-zestaw-do-prostowania-nadwozi\/#primaryimage"},"image":{"@id":"https:\/\/www.walter-richtsatzverleih.de\/pl\/cameleon-adaptacyjny-zestaw-do-prostowania-nadwozi\/#primaryimage"},"thumbnailUrl":"https:\/\/www.walter-richtsatzverleih.de\/wp-content\/uploads\/2022\/06\/cameleon-adaptiver-richtsatz.jpg","datePublished":"2022-06-30T12:10:48+00:00","dateModified":"2023-07-31T17:12:01+00:00","description":"CAMELEON od CELETTE to konfigurowalne rozwi\u0105zanie sprz\u0119towe do naprawy uszkodzonych pojazd\u00f3w. Jest modu\u0142owy oraz skalowalny i stanowi.","breadcrumb":{"@id":"https:\/\/www.walter-richtsatzverleih.de\/pl\/cameleon-adaptacyjny-zestaw-do-prostowania-nadwozi\/#breadcrumb"},"inLanguage":"pl-PL","potentialAction":[{"@type":"ReadAction","target":["https:\/\/www.walter-richtsatzverleih.de\/pl\/cameleon-adaptacyjny-zestaw-do-prostowania-nadwozi\/"]}]},{"@type":"ImageObject","inLanguage":"pl-PL","@id":"https:\/\/www.walter-richtsatzverleih.de\/pl\/cameleon-adaptacyjny-zestaw-do-prostowania-nadwozi\/#primaryimage","url":"https:\/\/www.walter-richtsatzverleih.de\/wp-content\/uploads\/2022\/06\/cameleon-adaptiver-richtsatz.jpg","contentUrl":"https:\/\/www.walter-richtsatzverleih.de\/wp-content\/uploads\/2022\/06\/cameleon-adaptiver-richtsatz.jpg","width":700,"height":400},{"@type":"BreadcrumbList","@id":"https:\/\/www.walter-richtsatzverleih.de\/pl\/cameleon-adaptacyjny-zestaw-do-prostowania-nadwozi\/#breadcrumb","itemListElement":[{"@type":"ListItem","position":1,"name":"Startseite","item":"https:\/\/www.walter-richtsatzverleih.de\/pl\/"},{"@type":"ListItem","position":2,"name":"Celette Cameleon"}]},{"@type":"WebSite","@id":"https:\/\/www.walter-richtsatzverleih.de\/pl\/#website","url":"https:\/\/www.walter-richtsatzverleih.de\/pl\/","name":"Walter Richtsatzverleih","description":"Wir verleihen und vermieten unter anderem Richts\u00e4tze und sind OTLG-Partner.","potentialAction":[{"@type":"SearchAction","target":{"@type":"EntryPoint","urlTemplate":"https:\/\/www.walter-richtsatzverleih.de\/pl\/?s={search_term_string}"},"query-input":{"@type":"PropertyValueSpecification","valueRequired":true,"valueName":"search_term_string"}}],"inLanguage":"pl-PL"}]}},"_links":{"self":[{"href":"https:\/\/www.walter-richtsatzverleih.de\/pl\/wp-json\/wp\/v2\/pages\/16326","targetHints":{"allow":["GET"]}}],"collection":[{"href":"https:\/\/www.walter-richtsatzverleih.de\/pl\/wp-json\/wp\/v2\/pages"}],"about":[{"href":"https:\/\/www.walter-richtsatzverleih.de\/pl\/wp-json\/wp\/v2\/types\/page"}],"author":[{"embeddable":true,"href":"https:\/\/www.walter-richtsatzverleih.de\/pl\/wp-json\/wp\/v2\/users\/1"}],"replies":[{"embeddable":true,"href":"https:\/\/www.walter-richtsatzverleih.de\/pl\/wp-json\/wp\/v2\/comments?post=16326"}],"version-history":[{"count":6,"href":"https:\/\/www.walter-richtsatzverleih.de\/pl\/wp-json\/wp\/v2\/pages\/16326\/revisions"}],"predecessor-version":[{"id":16343,"href":"https:\/\/www.walter-richtsatzverleih.de\/pl\/wp-json\/wp\/v2\/pages\/16326\/revisions\/16343"}],"wp:featuredmedia":[{"embeddable":true,"href":"https:\/\/www.walter-richtsatzverleih.de\/pl\/wp-json\/wp\/v2\/media\/15013"}],"wp:attachment":[{"href":"https:\/\/www.walter-richtsatzverleih.de\/pl\/wp-json\/wp\/v2\/media?parent=16326"}],"curies":[{"name":"wp","href":"https:\/\/api.w.org\/{rel}","templated":true}]}}