{"id":16298,"date":"2022-06-30T13:03:54","date_gmt":"2022-06-30T11:03:54","guid":{"rendered":"https:\/\/bbr.agenturkomma.de\/wynajem-ramy-do-prostowania-nadwozi-xl\/"},"modified":"2023-07-31T19:32:47","modified_gmt":"2023-07-31T17:32:47","slug":"wypozyczalnia-ramy-do-prostowania-nadwozi-xl","status":"publish","type":"page","link":"https:\/\/www.walter-richtsatzverleih.de\/pl\/wypozyczalnia-ramy-do-prostowania-nadwozi-xl\/","title":{"rendered":"Wynajem ramy do prostowania nadwozi XL"},"content":{"rendered":"\t\t<div data-elementor-type=\"wp-page\" data-elementor-id=\"16298\" class=\"elementor elementor-16298 elementor-14939\">\n\t\t\t\t\t\t<section class=\"elementor-section elementor-top-section elementor-element elementor-element-71ee3e8 elementor-section-boxed elementor-section-height-default elementor-section-height-default\" data-id=\"71ee3e8\" data-element_type=\"section\">\n\t\t\t\t\t\t<div class=\"elementor-container elementor-column-gap-default\">\n\t\t\t\t\t<div class=\"elementor-column elementor-col-100 elementor-top-column elementor-element elementor-element-7855f06\" data-id=\"7855f06\" data-element_type=\"column\">\n\t\t\t<div class=\"elementor-widget-wrap elementor-element-populated\">\n\t\t\t\t\t\t<div class=\"elementor-element elementor-element-750e694 divider-yes aleft elementor-widget elementor-widget-wgl-double-heading\" data-id=\"750e694\" data-element_type=\"widget\" data-widget_type=\"wgl-double-heading.default\">\n\t\t\t\t<div class=\"elementor-widget-container\">\n\t\t\t\t\t<div class=\"wgl-double-heading\"><div class=\"dblh__subtitle\"><span>02 - Wynajem ramy do prostowania nadwozi XL<\/span><\/div><h3 class=\"dblh__title-wrapper\"><span class=\"dblh__title dblh__title-1\">Rama do prostowania nadwozi <\/span><span class=\"dblh__title dblh__title-2\">do pojazd\u00f3w XL.<\/span><\/h3><\/div>\t\t\t\t<\/div>\n\t\t\t\t<\/div>\n\t\t\t\t\t<\/div>\n\t\t<\/div>\n\t\t\t\t\t<\/div>\n\t\t<\/section>\n\t\t\t\t<section class=\"elementor-section elementor-top-section elementor-element elementor-element-4aa58df elementor-reverse-mobile elementor-section-boxed elementor-section-height-default elementor-section-height-default\" data-id=\"4aa58df\" data-element_type=\"section\">\n\t\t\t\t\t\t<div class=\"elementor-container elementor-column-gap-default\">\n\t\t\t\t\t<div class=\"elementor-column elementor-col-50 elementor-top-column elementor-element elementor-element-0e6b0a9\" data-id=\"0e6b0a9\" data-element_type=\"column\">\n\t\t\t<div class=\"elementor-widget-wrap elementor-element-populated\">\n\t\t\t\t\t\t<div class=\"elementor-element elementor-element-7a16f32 elementor-widget elementor-widget-spacer\" data-id=\"7a16f32\" data-element_type=\"widget\" data-widget_type=\"spacer.default\">\n\t\t\t\t<div class=\"elementor-widget-container\">\n\t\t\t\t\t\t\t<div class=\"elementor-spacer\">\n\t\t\t<div class=\"elementor-spacer-inner\"><\/div>\n\t\t<\/div>\n\t\t\t\t\t\t<\/div>\n\t\t\t\t<\/div>\n\t\t\t\t<div class=\"elementor-element elementor-element-4c040a5 elementor-widget elementor-widget-text-editor\" data-id=\"4c040a5\" data-element_type=\"widget\" data-widget_type=\"text-editor.default\">\n\t\t\t\t<div class=\"elementor-widget-container\">\n\t\t\t\t\t\t\t\t\t<div class=\"wpb_text_column wpb_content_element \"><div class=\"wpb_wrapper\"><p>W przypadku pojazd\u00f3w (samochod\u00f3w dostawczych, ci\u0119\u017car\u00f3wek) o d\u0142ugim rozstawie osi wypo\u017cyczamy r\u00f3wnie\u017c pasuj\u0105c\u0105 ram\u0119 do prostowania nadwozi w wersji XL firmy Celette.<\/p><p>Dostawa i transport ramy do prostowania nadwozi Celette XL po uzgodnieniu.<\/p><\/div><\/div>\t\t\t\t\t\t\t\t<\/div>\n\t\t\t\t<\/div>\n\t\t\t\t\t<\/div>\n\t\t<\/div>\n\t\t\t\t<div class=\"elementor-column elementor-col-50 elementor-top-column elementor-element elementor-element-8505319\" data-id=\"8505319\" data-element_type=\"column\">\n\t\t\t<div class=\"elementor-widget-wrap elementor-element-populated\">\n\t\t\t\t\t\t<div class=\"elementor-element elementor-element-dfea1c1 elementor-widget elementor-widget-spacer\" data-id=\"dfea1c1\" data-element_type=\"widget\" data-widget_type=\"spacer.default\">\n\t\t\t\t<div class=\"elementor-widget-container\">\n\t\t\t\t\t\t\t<div class=\"elementor-spacer\">\n\t\t\t<div class=\"elementor-spacer-inner\"><\/div>\n\t\t<\/div>\n\t\t\t\t\t\t<\/div>\n\t\t\t\t<\/div>\n\t\t\t\t<div class=\"elementor-element elementor-element-9581e20 elementor-widget elementor-widget-image\" data-id=\"9581e20\" data-element_type=\"widget\" data-widget_type=\"image.default\">\n\t\t\t\t<div class=\"elementor-widget-container\">\n\t\t\t\t\t\t\t\t\t\t\t\t\t\t\t<img fetchpriority=\"high\" decoding=\"async\" width=\"700\" height=\"400\" src=\"https:\/\/www.walter-richtsatzverleih.de\/wp-content\/uploads\/2023\/07\/celette-richtbank-xl-verleih.jpg\" class=\"attachment-full size-full wp-image-17792\" alt=\"\" srcset=\"https:\/\/www.walter-richtsatzverleih.de\/wp-content\/uploads\/2023\/07\/celette-richtbank-xl-verleih.jpg 700w, https:\/\/www.walter-richtsatzverleih.de\/wp-content\/uploads\/2023\/07\/celette-richtbank-xl-verleih-300x171.jpg 300w\" sizes=\"(max-width: 700px) 100vw, 700px\" \/>\t\t\t\t\t\t\t\t\t\t\t\t\t\t\t<\/div>\n\t\t\t\t<\/div>\n\t\t\t\t\t<\/div>\n\t\t<\/div>\n\t\t\t\t\t<\/div>\n\t\t<\/section>\n\t\t\t\t<\/div>\n\t\t","protected":false},"excerpt":{"rendered":"<p>02 &#8211; Wynajem ramy do prostowania nadwozi XL Rama do prostowania nadwozi do pojazd\u00f3w XL. W przypadku pojazd\u00f3w (samochod\u00f3w dostawczych, ci\u0119\u017car\u00f3wek) o d\u0142ugim rozstawie osi wypo\u017cyczamy r\u00f3wnie\u017c pasuj\u0105c\u0105 ram\u0119 do prostowania nadwozi w wersji XL firmy Celette. Dostawa i transport ramy do prostowania nadwozi Celette XL po uzgodnieniu.<\/p>\n","protected":false},"author":1,"featured_media":17792,"parent":0,"menu_order":0,"comment_status":"closed","ping_status":"closed","template":"","meta":{"footnotes":""},"class_list":["post-16298","page","type-page","status-publish","has-post-thumbnail","hentry"],"yoast_head":"<!-- This site is optimized with the Yoast SEO plugin v25.4 - https:\/\/yoast.com\/wordpress\/plugins\/seo\/ -->\n<title>Wynajem ramy do prostowania nadwozi XL - Walter Richtsatzverleih<\/title>\n<meta name=\"description\" content=\"W przypadku pojazd\u00f3w (samochod\u00f3w dostawczych, ci\u0119\u017car\u00f3wek) o d\u0142ugim rozstawie osi wypo\u017cyczamy r\u00f3wnie\u017c pasuj\u0105c\u0105 ram\u0119 do prostowania nadwozi w wersji XL firmy Celette.\" \/>\n<meta name=\"robots\" content=\"index, follow, max-snippet:-1, max-image-preview:large, max-video-preview:-1\" \/>\n<link rel=\"canonical\" href=\"https:\/\/www.walter-richtsatzverleih.de\/pl\/wypozyczalnia-ramy-do-prostowania-nadwozi-xl\/\" \/>\n<meta property=\"og:locale\" content=\"pl_PL\" \/>\n<meta property=\"og:type\" content=\"article\" \/>\n<meta property=\"og:title\" content=\"Wynajem ramy do prostowania nadwozi XL - Walter Richtsatzverleih\" \/>\n<meta property=\"og:description\" content=\"W przypadku pojazd\u00f3w (samochod\u00f3w dostawczych, ci\u0119\u017car\u00f3wek) o d\u0142ugim rozstawie osi wypo\u017cyczamy r\u00f3wnie\u017c pasuj\u0105c\u0105 ram\u0119 do prostowania nadwozi w wersji XL firmy Celette.\" \/>\n<meta property=\"og:url\" content=\"https:\/\/www.walter-richtsatzverleih.de\/pl\/wypozyczalnia-ramy-do-prostowania-nadwozi-xl\/\" \/>\n<meta property=\"og:site_name\" content=\"Walter Richtsatzverleih\" \/>\n<meta property=\"article:modified_time\" content=\"2023-07-31T17:32:47+00:00\" \/>\n<meta property=\"og:image\" content=\"https:\/\/www.walter-richtsatzverleih.de\/wp-content\/uploads\/2023\/07\/celette-richtbank-xl-verleih.jpg\" \/>\n\t<meta property=\"og:image:width\" content=\"700\" \/>\n\t<meta property=\"og:image:height\" content=\"400\" \/>\n\t<meta property=\"og:image:type\" content=\"image\/jpeg\" \/>\n<meta name=\"twitter:card\" content=\"summary_large_image\" \/>\n<meta name=\"twitter:label1\" content=\"Szacowany czas czytania\" \/>\n\t<meta name=\"twitter:data1\" content=\"1 minuta\" \/>\n<script type=\"application\/ld+json\" class=\"yoast-schema-graph\">{\"@context\":\"https:\/\/schema.org\",\"@graph\":[{\"@type\":\"WebPage\",\"@id\":\"https:\/\/www.walter-richtsatzverleih.de\/pl\/wypozyczalnia-ramy-do-prostowania-nadwozi-xl\/\",\"url\":\"https:\/\/www.walter-richtsatzverleih.de\/pl\/wypozyczalnia-ramy-do-prostowania-nadwozi-xl\/\",\"name\":\"Wynajem ramy do prostowania nadwozi XL - Walter Richtsatzverleih\",\"isPartOf\":{\"@id\":\"https:\/\/www.walter-richtsatzverleih.de\/pl\/#website\"},\"primaryImageOfPage\":{\"@id\":\"https:\/\/www.walter-richtsatzverleih.de\/pl\/wypozyczalnia-ramy-do-prostowania-nadwozi-xl\/#primaryimage\"},\"image\":{\"@id\":\"https:\/\/www.walter-richtsatzverleih.de\/pl\/wypozyczalnia-ramy-do-prostowania-nadwozi-xl\/#primaryimage\"},\"thumbnailUrl\":\"https:\/\/www.walter-richtsatzverleih.de\/wp-content\/uploads\/2023\/07\/celette-richtbank-xl-verleih.jpg\",\"datePublished\":\"2022-06-30T11:03:54+00:00\",\"dateModified\":\"2023-07-31T17:32:47+00:00\",\"description\":\"W przypadku pojazd\u00f3w (samochod\u00f3w dostawczych, ci\u0119\u017car\u00f3wek) o d\u0142ugim rozstawie osi wypo\u017cyczamy r\u00f3wnie\u017c pasuj\u0105c\u0105 ram\u0119 do prostowania nadwozi w wersji XL firmy Celette.\",\"breadcrumb\":{\"@id\":\"https:\/\/www.walter-richtsatzverleih.de\/pl\/wypozyczalnia-ramy-do-prostowania-nadwozi-xl\/#breadcrumb\"},\"inLanguage\":\"pl-PL\",\"potentialAction\":[{\"@type\":\"ReadAction\",\"target\":[\"https:\/\/www.walter-richtsatzverleih.de\/pl\/wypozyczalnia-ramy-do-prostowania-nadwozi-xl\/\"]}]},{\"@type\":\"ImageObject\",\"inLanguage\":\"pl-PL\",\"@id\":\"https:\/\/www.walter-richtsatzverleih.de\/pl\/wypozyczalnia-ramy-do-prostowania-nadwozi-xl\/#primaryimage\",\"url\":\"https:\/\/www.walter-richtsatzverleih.de\/wp-content\/uploads\/2023\/07\/celette-richtbank-xl-verleih.jpg\",\"contentUrl\":\"https:\/\/www.walter-richtsatzverleih.de\/wp-content\/uploads\/2023\/07\/celette-richtbank-xl-verleih.jpg\",\"width\":700,\"height\":400},{\"@type\":\"BreadcrumbList\",\"@id\":\"https:\/\/www.walter-richtsatzverleih.de\/pl\/wypozyczalnia-ramy-do-prostowania-nadwozi-xl\/#breadcrumb\",\"itemListElement\":[{\"@type\":\"ListItem\",\"position\":1,\"name\":\"Startseite\",\"item\":\"https:\/\/www.walter-richtsatzverleih.de\/pl\/\"},{\"@type\":\"ListItem\",\"position\":2,\"name\":\"Wynajem ramy do prostowania nadwozi XL\"}]},{\"@type\":\"WebSite\",\"@id\":\"https:\/\/www.walter-richtsatzverleih.de\/pl\/#website\",\"url\":\"https:\/\/www.walter-richtsatzverleih.de\/pl\/\",\"name\":\"Walter Richtsatzverleih\",\"description\":\"Wir verleihen und vermieten unter anderem Richts\u00e4tze und sind OTLG-Partner.\",\"potentialAction\":[{\"@type\":\"SearchAction\",\"target\":{\"@type\":\"EntryPoint\",\"urlTemplate\":\"https:\/\/www.walter-richtsatzverleih.de\/pl\/?s={search_term_string}\"},\"query-input\":{\"@type\":\"PropertyValueSpecification\",\"valueRequired\":true,\"valueName\":\"search_term_string\"}}],\"inLanguage\":\"pl-PL\"}]}<\/script>\n<!-- \/ Yoast SEO plugin. -->","yoast_head_json":{"title":"Wynajem ramy do prostowania nadwozi XL - Walter Richtsatzverleih","description":"W przypadku pojazd\u00f3w (samochod\u00f3w dostawczych, ci\u0119\u017car\u00f3wek) o d\u0142ugim rozstawie osi wypo\u017cyczamy r\u00f3wnie\u017c pasuj\u0105c\u0105 ram\u0119 do prostowania nadwozi w wersji XL firmy Celette.","robots":{"index":"index","follow":"follow","max-snippet":"max-snippet:-1","max-image-preview":"max-image-preview:large","max-video-preview":"max-video-preview:-1"},"canonical":"https:\/\/www.walter-richtsatzverleih.de\/pl\/wypozyczalnia-ramy-do-prostowania-nadwozi-xl\/","og_locale":"pl_PL","og_type":"article","og_title":"Wynajem ramy do prostowania nadwozi XL - Walter Richtsatzverleih","og_description":"W przypadku pojazd\u00f3w (samochod\u00f3w dostawczych, ci\u0119\u017car\u00f3wek) o d\u0142ugim rozstawie osi wypo\u017cyczamy r\u00f3wnie\u017c pasuj\u0105c\u0105 ram\u0119 do prostowania nadwozi w wersji XL firmy Celette.","og_url":"https:\/\/www.walter-richtsatzverleih.de\/pl\/wypozyczalnia-ramy-do-prostowania-nadwozi-xl\/","og_site_name":"Walter Richtsatzverleih","article_modified_time":"2023-07-31T17:32:47+00:00","og_image":[{"width":700,"height":400,"url":"https:\/\/www.walter-richtsatzverleih.de\/wp-content\/uploads\/2023\/07\/celette-richtbank-xl-verleih.jpg","type":"image\/jpeg"}],"twitter_card":"summary_large_image","twitter_misc":{"Szacowany czas czytania":"1 minuta"},"schema":{"@context":"https:\/\/schema.org","@graph":[{"@type":"WebPage","@id":"https:\/\/www.walter-richtsatzverleih.de\/pl\/wypozyczalnia-ramy-do-prostowania-nadwozi-xl\/","url":"https:\/\/www.walter-richtsatzverleih.de\/pl\/wypozyczalnia-ramy-do-prostowania-nadwozi-xl\/","name":"Wynajem ramy do prostowania nadwozi XL - Walter Richtsatzverleih","isPartOf":{"@id":"https:\/\/www.walter-richtsatzverleih.de\/pl\/#website"},"primaryImageOfPage":{"@id":"https:\/\/www.walter-richtsatzverleih.de\/pl\/wypozyczalnia-ramy-do-prostowania-nadwozi-xl\/#primaryimage"},"image":{"@id":"https:\/\/www.walter-richtsatzverleih.de\/pl\/wypozyczalnia-ramy-do-prostowania-nadwozi-xl\/#primaryimage"},"thumbnailUrl":"https:\/\/www.walter-richtsatzverleih.de\/wp-content\/uploads\/2023\/07\/celette-richtbank-xl-verleih.jpg","datePublished":"2022-06-30T11:03:54+00:00","dateModified":"2023-07-31T17:32:47+00:00","description":"W przypadku pojazd\u00f3w (samochod\u00f3w dostawczych, ci\u0119\u017car\u00f3wek) o d\u0142ugim rozstawie osi wypo\u017cyczamy r\u00f3wnie\u017c pasuj\u0105c\u0105 ram\u0119 do prostowania nadwozi w wersji XL firmy Celette.","breadcrumb":{"@id":"https:\/\/www.walter-richtsatzverleih.de\/pl\/wypozyczalnia-ramy-do-prostowania-nadwozi-xl\/#breadcrumb"},"inLanguage":"pl-PL","potentialAction":[{"@type":"ReadAction","target":["https:\/\/www.walter-richtsatzverleih.de\/pl\/wypozyczalnia-ramy-do-prostowania-nadwozi-xl\/"]}]},{"@type":"ImageObject","inLanguage":"pl-PL","@id":"https:\/\/www.walter-richtsatzverleih.de\/pl\/wypozyczalnia-ramy-do-prostowania-nadwozi-xl\/#primaryimage","url":"https:\/\/www.walter-richtsatzverleih.de\/wp-content\/uploads\/2023\/07\/celette-richtbank-xl-verleih.jpg","contentUrl":"https:\/\/www.walter-richtsatzverleih.de\/wp-content\/uploads\/2023\/07\/celette-richtbank-xl-verleih.jpg","width":700,"height":400},{"@type":"BreadcrumbList","@id":"https:\/\/www.walter-richtsatzverleih.de\/pl\/wypozyczalnia-ramy-do-prostowania-nadwozi-xl\/#breadcrumb","itemListElement":[{"@type":"ListItem","position":1,"name":"Startseite","item":"https:\/\/www.walter-richtsatzverleih.de\/pl\/"},{"@type":"ListItem","position":2,"name":"Wynajem ramy do prostowania nadwozi XL"}]},{"@type":"WebSite","@id":"https:\/\/www.walter-richtsatzverleih.de\/pl\/#website","url":"https:\/\/www.walter-richtsatzverleih.de\/pl\/","name":"Walter Richtsatzverleih","description":"Wir verleihen und vermieten unter anderem Richts\u00e4tze und sind OTLG-Partner.","potentialAction":[{"@type":"SearchAction","target":{"@type":"EntryPoint","urlTemplate":"https:\/\/www.walter-richtsatzverleih.de\/pl\/?s={search_term_string}"},"query-input":{"@type":"PropertyValueSpecification","valueRequired":true,"valueName":"search_term_string"}}],"inLanguage":"pl-PL"}]}},"_links":{"self":[{"href":"https:\/\/www.walter-richtsatzverleih.de\/pl\/wp-json\/wp\/v2\/pages\/16298","targetHints":{"allow":["GET"]}}],"collection":[{"href":"https:\/\/www.walter-richtsatzverleih.de\/pl\/wp-json\/wp\/v2\/pages"}],"about":[{"href":"https:\/\/www.walter-richtsatzverleih.de\/pl\/wp-json\/wp\/v2\/types\/page"}],"author":[{"embeddable":true,"href":"https:\/\/www.walter-richtsatzverleih.de\/pl\/wp-json\/wp\/v2\/users\/1"}],"replies":[{"embeddable":true,"href":"https:\/\/www.walter-richtsatzverleih.de\/pl\/wp-json\/wp\/v2\/comments?post=16298"}],"version-history":[{"count":10,"href":"https:\/\/www.walter-richtsatzverleih.de\/pl\/wp-json\/wp\/v2\/pages\/16298\/revisions"}],"predecessor-version":[{"id":18155,"href":"https:\/\/www.walter-richtsatzverleih.de\/pl\/wp-json\/wp\/v2\/pages\/16298\/revisions\/18155"}],"wp:featuredmedia":[{"embeddable":true,"href":"https:\/\/www.walter-richtsatzverleih.de\/pl\/wp-json\/wp\/v2\/media\/17792"}],"wp:attachment":[{"href":"https:\/\/www.walter-richtsatzverleih.de\/pl\/wp-json\/wp\/v2\/media?parent=16298"}],"curies":[{"name":"wp","href":"https:\/\/api.w.org\/{rel}","templated":true}]}}