{"id":16283,"date":"2022-06-29T09:54:52","date_gmt":"2022-06-29T07:54:52","guid":{"rendered":"https:\/\/bbr.agenturkomma.de\/zrownowazony-rozwoj\/"},"modified":"2023-07-31T19:35:09","modified_gmt":"2023-07-31T17:35:09","slug":"zrownowazony-rozwoj","status":"publish","type":"page","link":"https:\/\/www.walter-richtsatzverleih.de\/pl\/zrownowazony-rozwoj\/","title":{"rendered":"Zr\u00f3wnowa\u017cony rozw\u00f3j"},"content":{"rendered":"\t\t<div data-elementor-type=\"wp-page\" data-elementor-id=\"16283\" class=\"elementor elementor-16283 elementor-14538\">\n\t\t\t\t\t\t<section class=\"elementor-section elementor-top-section elementor-element elementor-element-71ee3e8 elementor-section-boxed elementor-section-height-default elementor-section-height-default\" data-id=\"71ee3e8\" data-element_type=\"section\">\n\t\t\t\t\t\t<div class=\"elementor-container elementor-column-gap-default\">\n\t\t\t\t\t<div class=\"elementor-column elementor-col-100 elementor-top-column elementor-element elementor-element-7855f06\" data-id=\"7855f06\" data-element_type=\"column\">\n\t\t\t<div class=\"elementor-widget-wrap elementor-element-populated\">\n\t\t\t\t\t\t<div class=\"elementor-element elementor-element-750e694 divider-yes aleft elementor-widget elementor-widget-wgl-double-heading\" data-id=\"750e694\" data-element_type=\"widget\" data-widget_type=\"wgl-double-heading.default\">\n\t\t\t\t<div class=\"elementor-widget-container\">\n\t\t\t\t\t<div class=\"wgl-double-heading\"><div class=\"dblh__subtitle\"><span>04 - Zr\u00f3wnowa\u017cony rozw\u00f3j<\/span><\/div><h3 class=\"dblh__title-wrapper\"><span class=\"dblh__title dblh__title-1\">Nasz aktywny wk\u0142ad w <\/span><span class=\"dblh__title dblh__title-2\">redukcj\u0119 obra\u017ce\u0144.<\/span><\/h3><\/div>\t\t\t\t<\/div>\n\t\t\t\t<\/div>\n\t\t\t\t\t<\/div>\n\t\t<\/div>\n\t\t\t\t\t<\/div>\n\t\t<\/section>\n\t\t\t\t<section class=\"elementor-section elementor-top-section elementor-element elementor-element-4aa58df elementor-reverse-mobile elementor-section-boxed elementor-section-height-default elementor-section-height-default\" data-id=\"4aa58df\" data-element_type=\"section\">\n\t\t\t\t\t\t<div class=\"elementor-container elementor-column-gap-default\">\n\t\t\t\t\t<div class=\"elementor-column elementor-col-50 elementor-top-column elementor-element elementor-element-0e6b0a9\" data-id=\"0e6b0a9\" data-element_type=\"column\">\n\t\t\t<div class=\"elementor-widget-wrap elementor-element-populated\">\n\t\t\t\t\t\t<div class=\"elementor-element elementor-element-7a16f32 elementor-widget elementor-widget-spacer\" data-id=\"7a16f32\" data-element_type=\"widget\" data-widget_type=\"spacer.default\">\n\t\t\t\t<div class=\"elementor-widget-container\">\n\t\t\t\t\t\t\t<div class=\"elementor-spacer\">\n\t\t\t<div class=\"elementor-spacer-inner\"><\/div>\n\t\t<\/div>\n\t\t\t\t\t\t<\/div>\n\t\t\t\t<\/div>\n\t\t\t\t<div class=\"elementor-element elementor-element-4c040a5 elementor-widget elementor-widget-text-editor\" data-id=\"4c040a5\" data-element_type=\"widget\" data-widget_type=\"text-editor.default\">\n\t\t\t\t<div class=\"elementor-widget-container\">\n\t\t\t\t\t\t\t\t\t<p>W naszej codziennej pracy nieustannie d\u0105\u017cymy do wydajnej pracy w interesie naszych klient\u00f3w. To si\u0119 op\u0142aca. W ten spos\u00f3b aktywnie uczestniczymy w zmniejszaniu szk\u00f3d u ubezpieczycieli.<\/p><p>Jest to mo\u017cliwe, poniewa\u017c dzi\u0119ki szybkiej i kompletnej dostawie dostosowanej do uszkodzenia, czas oczekiwania i czas naprawy s\u0105 zminimalizowane. To z kolei obni\u017ca koszty wynajmu samochodu lub przestoj\u00f3w. Naszym zdaniem prowadzi to do og\u00f3lnie wy\u017cszego poziomu zadowolenia klient\u00f3w naszych partner\u00f3w warsztatowych, a tak\u017ce ich klient\u00f3w, do czego zawsze d\u0105\u017cymy.<\/p><p>Dzi\u0119ki \u015bcis\u0142ej wsp\u00f3\u0142pracy z innymi firmami zajmuj\u0105cymi si\u0119 wynajmem w Niemczech, mo\u017cemy zapewni\u0107 szybkie dostawy nawet w przypadku deficytu produkt\u00f3w.<\/p>\t\t\t\t\t\t\t\t<\/div>\n\t\t\t\t<\/div>\n\t\t\t\t\t<\/div>\n\t\t<\/div>\n\t\t\t\t<div class=\"elementor-column elementor-col-50 elementor-top-column elementor-element elementor-element-8505319\" data-id=\"8505319\" data-element_type=\"column\">\n\t\t\t<div class=\"elementor-widget-wrap elementor-element-populated\">\n\t\t\t\t\t\t<div class=\"elementor-element elementor-element-dfea1c1 elementor-widget elementor-widget-spacer\" data-id=\"dfea1c1\" data-element_type=\"widget\" data-widget_type=\"spacer.default\">\n\t\t\t\t<div class=\"elementor-widget-container\">\n\t\t\t\t\t\t\t<div class=\"elementor-spacer\">\n\t\t\t<div class=\"elementor-spacer-inner\"><\/div>\n\t\t<\/div>\n\t\t\t\t\t\t<\/div>\n\t\t\t\t<\/div>\n\t\t\t\t<div class=\"elementor-element elementor-element-9581e20 elementor-widget elementor-widget-image\" data-id=\"9581e20\" data-element_type=\"widget\" data-widget_type=\"image.default\">\n\t\t\t\t<div class=\"elementor-widget-container\">\n\t\t\t\t\t\t\t\t\t\t\t\t\t\t\t<img fetchpriority=\"high\" decoding=\"async\" width=\"750\" height=\"600\" src=\"https:\/\/www.walter-richtsatzverleih.de\/wp-content\/uploads\/2022\/06\/nachhaltigkeit.jpg\" class=\"attachment-full size-full wp-image-14546\" alt=\"\" srcset=\"https:\/\/www.walter-richtsatzverleih.de\/wp-content\/uploads\/2022\/06\/nachhaltigkeit.jpg 750w, https:\/\/www.walter-richtsatzverleih.de\/wp-content\/uploads\/2022\/06\/nachhaltigkeit-300x240.jpg 300w\" sizes=\"(max-width: 750px) 100vw, 750px\" \/>\t\t\t\t\t\t\t\t\t\t\t\t\t\t\t<\/div>\n\t\t\t\t<\/div>\n\t\t\t\t\t<\/div>\n\t\t<\/div>\n\t\t\t\t\t<\/div>\n\t\t<\/section>\n\t\t\t\t<\/div>\n\t\t","protected":false},"excerpt":{"rendered":"<p>04 &#8211; Zr\u00f3wnowa\u017cony rozw\u00f3j Nasz aktywny wk\u0142ad w redukcj\u0119 obra\u017ce\u0144. W naszej codziennej pracy nieustannie d\u0105\u017cymy do wydajnej pracy w interesie naszych klient\u00f3w. To si\u0119 op\u0142aca. W ten spos\u00f3b aktywnie uczestniczymy w zmniejszaniu szk\u00f3d u ubezpieczycieli. Jest to mo\u017cliwe, poniewa\u017c dzi\u0119ki szybkiej i kompletnej dostawie dostosowanej do uszkodzenia, czas oczekiwania i czas naprawy s\u0105 zminimalizowane. [&hellip;]<\/p>\n","protected":false},"author":1,"featured_media":17730,"parent":0,"menu_order":0,"comment_status":"closed","ping_status":"closed","template":"","meta":{"footnotes":""},"class_list":["post-16283","page","type-page","status-publish","has-post-thumbnail","hentry"],"yoast_head":"<!-- This site is optimized with the Yoast SEO plugin v25.4 - https:\/\/yoast.com\/wordpress\/plugins\/seo\/ -->\n<title>Zr\u00f3wnowa\u017cony rozw\u00f3j - Walter Richtsatzverleih<\/title>\n<meta name=\"description\" content=\"Nieustannie staramy si\u0119 dzia\u0142a\u0107 wydajnie i w interesie naszych klient\u00f3w. W ten spos\u00f3b aktywnie przyczyniamy si\u0119 do ograniczania strat dla ubezpieczycieli.\" \/>\n<meta name=\"robots\" content=\"index, follow, max-snippet:-1, max-image-preview:large, max-video-preview:-1\" \/>\n<link rel=\"canonical\" href=\"https:\/\/www.walter-richtsatzverleih.de\/pl\/zrownowazony-rozwoj\/\" \/>\n<meta property=\"og:locale\" content=\"pl_PL\" \/>\n<meta property=\"og:type\" content=\"article\" \/>\n<meta property=\"og:title\" content=\"Zr\u00f3wnowa\u017cony rozw\u00f3j - Walter Richtsatzverleih\" \/>\n<meta property=\"og:description\" content=\"Nieustannie staramy si\u0119 dzia\u0142a\u0107 wydajnie i w interesie naszych klient\u00f3w. W ten spos\u00f3b aktywnie przyczyniamy si\u0119 do ograniczania strat dla ubezpieczycieli.\" \/>\n<meta property=\"og:url\" content=\"https:\/\/www.walter-richtsatzverleih.de\/pl\/zrownowazony-rozwoj\/\" \/>\n<meta property=\"og:site_name\" content=\"Walter Richtsatzverleih\" \/>\n<meta property=\"article:modified_time\" content=\"2023-07-31T17:35:09+00:00\" \/>\n<meta property=\"og:image\" content=\"https:\/\/www.walter-richtsatzverleih.de\/wp-content\/uploads\/2023\/07\/walter-richtsatzverleih_vision-mission_1.jpg\" \/>\n\t<meta property=\"og:image:width\" content=\"750\" \/>\n\t<meta property=\"og:image:height\" content=\"600\" \/>\n\t<meta property=\"og:image:type\" content=\"image\/jpeg\" \/>\n<meta name=\"twitter:card\" content=\"summary_large_image\" \/>\n<meta name=\"twitter:label1\" content=\"Szacowany czas czytania\" \/>\n\t<meta name=\"twitter:data1\" content=\"1 minuta\" \/>\n<script type=\"application\/ld+json\" class=\"yoast-schema-graph\">{\"@context\":\"https:\/\/schema.org\",\"@graph\":[{\"@type\":\"WebPage\",\"@id\":\"https:\/\/www.walter-richtsatzverleih.de\/pl\/zrownowazony-rozwoj\/\",\"url\":\"https:\/\/www.walter-richtsatzverleih.de\/pl\/zrownowazony-rozwoj\/\",\"name\":\"Zr\u00f3wnowa\u017cony rozw\u00f3j - Walter Richtsatzverleih\",\"isPartOf\":{\"@id\":\"https:\/\/www.walter-richtsatzverleih.de\/pl\/#website\"},\"primaryImageOfPage\":{\"@id\":\"https:\/\/www.walter-richtsatzverleih.de\/pl\/zrownowazony-rozwoj\/#primaryimage\"},\"image\":{\"@id\":\"https:\/\/www.walter-richtsatzverleih.de\/pl\/zrownowazony-rozwoj\/#primaryimage\"},\"thumbnailUrl\":\"https:\/\/www.walter-richtsatzverleih.de\/wp-content\/uploads\/2023\/07\/walter-richtsatzverleih_vision-mission_1.jpg\",\"datePublished\":\"2022-06-29T07:54:52+00:00\",\"dateModified\":\"2023-07-31T17:35:09+00:00\",\"description\":\"Nieustannie staramy si\u0119 dzia\u0142a\u0107 wydajnie i w interesie naszych klient\u00f3w. W ten spos\u00f3b aktywnie przyczyniamy si\u0119 do ograniczania strat dla ubezpieczycieli.\",\"breadcrumb\":{\"@id\":\"https:\/\/www.walter-richtsatzverleih.de\/pl\/zrownowazony-rozwoj\/#breadcrumb\"},\"inLanguage\":\"pl-PL\",\"potentialAction\":[{\"@type\":\"ReadAction\",\"target\":[\"https:\/\/www.walter-richtsatzverleih.de\/pl\/zrownowazony-rozwoj\/\"]}]},{\"@type\":\"ImageObject\",\"inLanguage\":\"pl-PL\",\"@id\":\"https:\/\/www.walter-richtsatzverleih.de\/pl\/zrownowazony-rozwoj\/#primaryimage\",\"url\":\"https:\/\/www.walter-richtsatzverleih.de\/wp-content\/uploads\/2023\/07\/walter-richtsatzverleih_vision-mission_1.jpg\",\"contentUrl\":\"https:\/\/www.walter-richtsatzverleih.de\/wp-content\/uploads\/2023\/07\/walter-richtsatzverleih_vision-mission_1.jpg\",\"width\":750,\"height\":600},{\"@type\":\"BreadcrumbList\",\"@id\":\"https:\/\/www.walter-richtsatzverleih.de\/pl\/zrownowazony-rozwoj\/#breadcrumb\",\"itemListElement\":[{\"@type\":\"ListItem\",\"position\":1,\"name\":\"Startseite\",\"item\":\"https:\/\/www.walter-richtsatzverleih.de\/pl\/\"},{\"@type\":\"ListItem\",\"position\":2,\"name\":\"Zr\u00f3wnowa\u017cony rozw\u00f3j\"}]},{\"@type\":\"WebSite\",\"@id\":\"https:\/\/www.walter-richtsatzverleih.de\/pl\/#website\",\"url\":\"https:\/\/www.walter-richtsatzverleih.de\/pl\/\",\"name\":\"Walter Richtsatzverleih\",\"description\":\"Wir verleihen und vermieten unter anderem Richts\u00e4tze und sind OTLG-Partner.\",\"potentialAction\":[{\"@type\":\"SearchAction\",\"target\":{\"@type\":\"EntryPoint\",\"urlTemplate\":\"https:\/\/www.walter-richtsatzverleih.de\/pl\/?s={search_term_string}\"},\"query-input\":{\"@type\":\"PropertyValueSpecification\",\"valueRequired\":true,\"valueName\":\"search_term_string\"}}],\"inLanguage\":\"pl-PL\"}]}<\/script>\n<!-- \/ Yoast SEO plugin. -->","yoast_head_json":{"title":"Zr\u00f3wnowa\u017cony rozw\u00f3j - Walter Richtsatzverleih","description":"Nieustannie staramy si\u0119 dzia\u0142a\u0107 wydajnie i w interesie naszych klient\u00f3w. W ten spos\u00f3b aktywnie przyczyniamy si\u0119 do ograniczania strat dla ubezpieczycieli.","robots":{"index":"index","follow":"follow","max-snippet":"max-snippet:-1","max-image-preview":"max-image-preview:large","max-video-preview":"max-video-preview:-1"},"canonical":"https:\/\/www.walter-richtsatzverleih.de\/pl\/zrownowazony-rozwoj\/","og_locale":"pl_PL","og_type":"article","og_title":"Zr\u00f3wnowa\u017cony rozw\u00f3j - Walter Richtsatzverleih","og_description":"Nieustannie staramy si\u0119 dzia\u0142a\u0107 wydajnie i w interesie naszych klient\u00f3w. W ten spos\u00f3b aktywnie przyczyniamy si\u0119 do ograniczania strat dla ubezpieczycieli.","og_url":"https:\/\/www.walter-richtsatzverleih.de\/pl\/zrownowazony-rozwoj\/","og_site_name":"Walter Richtsatzverleih","article_modified_time":"2023-07-31T17:35:09+00:00","og_image":[{"width":750,"height":600,"url":"https:\/\/www.walter-richtsatzverleih.de\/wp-content\/uploads\/2023\/07\/walter-richtsatzverleih_vision-mission_1.jpg","type":"image\/jpeg"}],"twitter_card":"summary_large_image","twitter_misc":{"Szacowany czas czytania":"1 minuta"},"schema":{"@context":"https:\/\/schema.org","@graph":[{"@type":"WebPage","@id":"https:\/\/www.walter-richtsatzverleih.de\/pl\/zrownowazony-rozwoj\/","url":"https:\/\/www.walter-richtsatzverleih.de\/pl\/zrownowazony-rozwoj\/","name":"Zr\u00f3wnowa\u017cony rozw\u00f3j - Walter Richtsatzverleih","isPartOf":{"@id":"https:\/\/www.walter-richtsatzverleih.de\/pl\/#website"},"primaryImageOfPage":{"@id":"https:\/\/www.walter-richtsatzverleih.de\/pl\/zrownowazony-rozwoj\/#primaryimage"},"image":{"@id":"https:\/\/www.walter-richtsatzverleih.de\/pl\/zrownowazony-rozwoj\/#primaryimage"},"thumbnailUrl":"https:\/\/www.walter-richtsatzverleih.de\/wp-content\/uploads\/2023\/07\/walter-richtsatzverleih_vision-mission_1.jpg","datePublished":"2022-06-29T07:54:52+00:00","dateModified":"2023-07-31T17:35:09+00:00","description":"Nieustannie staramy si\u0119 dzia\u0142a\u0107 wydajnie i w interesie naszych klient\u00f3w. W ten spos\u00f3b aktywnie przyczyniamy si\u0119 do ograniczania strat dla ubezpieczycieli.","breadcrumb":{"@id":"https:\/\/www.walter-richtsatzverleih.de\/pl\/zrownowazony-rozwoj\/#breadcrumb"},"inLanguage":"pl-PL","potentialAction":[{"@type":"ReadAction","target":["https:\/\/www.walter-richtsatzverleih.de\/pl\/zrownowazony-rozwoj\/"]}]},{"@type":"ImageObject","inLanguage":"pl-PL","@id":"https:\/\/www.walter-richtsatzverleih.de\/pl\/zrownowazony-rozwoj\/#primaryimage","url":"https:\/\/www.walter-richtsatzverleih.de\/wp-content\/uploads\/2023\/07\/walter-richtsatzverleih_vision-mission_1.jpg","contentUrl":"https:\/\/www.walter-richtsatzverleih.de\/wp-content\/uploads\/2023\/07\/walter-richtsatzverleih_vision-mission_1.jpg","width":750,"height":600},{"@type":"BreadcrumbList","@id":"https:\/\/www.walter-richtsatzverleih.de\/pl\/zrownowazony-rozwoj\/#breadcrumb","itemListElement":[{"@type":"ListItem","position":1,"name":"Startseite","item":"https:\/\/www.walter-richtsatzverleih.de\/pl\/"},{"@type":"ListItem","position":2,"name":"Zr\u00f3wnowa\u017cony rozw\u00f3j"}]},{"@type":"WebSite","@id":"https:\/\/www.walter-richtsatzverleih.de\/pl\/#website","url":"https:\/\/www.walter-richtsatzverleih.de\/pl\/","name":"Walter Richtsatzverleih","description":"Wir verleihen und vermieten unter anderem Richts\u00e4tze und sind OTLG-Partner.","potentialAction":[{"@type":"SearchAction","target":{"@type":"EntryPoint","urlTemplate":"https:\/\/www.walter-richtsatzverleih.de\/pl\/?s={search_term_string}"},"query-input":{"@type":"PropertyValueSpecification","valueRequired":true,"valueName":"search_term_string"}}],"inLanguage":"pl-PL"}]}},"_links":{"self":[{"href":"https:\/\/www.walter-richtsatzverleih.de\/pl\/wp-json\/wp\/v2\/pages\/16283","targetHints":{"allow":["GET"]}}],"collection":[{"href":"https:\/\/www.walter-richtsatzverleih.de\/pl\/wp-json\/wp\/v2\/pages"}],"about":[{"href":"https:\/\/www.walter-richtsatzverleih.de\/pl\/wp-json\/wp\/v2\/types\/page"}],"author":[{"embeddable":true,"href":"https:\/\/www.walter-richtsatzverleih.de\/pl\/wp-json\/wp\/v2\/users\/1"}],"replies":[{"embeddable":true,"href":"https:\/\/www.walter-richtsatzverleih.de\/pl\/wp-json\/wp\/v2\/comments?post=16283"}],"version-history":[{"count":6,"href":"https:\/\/www.walter-richtsatzverleih.de\/pl\/wp-json\/wp\/v2\/pages\/16283\/revisions"}],"predecessor-version":[{"id":17225,"href":"https:\/\/www.walter-richtsatzverleih.de\/pl\/wp-json\/wp\/v2\/pages\/16283\/revisions\/17225"}],"wp:featuredmedia":[{"embeddable":true,"href":"https:\/\/www.walter-richtsatzverleih.de\/pl\/wp-json\/wp\/v2\/media\/17730"}],"wp:attachment":[{"href":"https:\/\/www.walter-richtsatzverleih.de\/pl\/wp-json\/wp\/v2\/media?parent=16283"}],"curies":[{"name":"wp","href":"https:\/\/api.w.org\/{rel}","templated":true}]}}