{"id":16268,"date":"2022-06-28T21:32:28","date_gmt":"2022-06-28T19:32:28","guid":{"rendered":"https:\/\/bbr.agenturkomma.de\/wizja-i-misja\/"},"modified":"2023-07-31T19:31:42","modified_gmt":"2023-07-31T17:31:42","slug":"wizja-i-misja","status":"publish","type":"page","link":"https:\/\/www.walter-richtsatzverleih.de\/pl\/wizja-i-misja\/","title":{"rendered":"Wizja i misja"},"content":{"rendered":"\t\t<div data-elementor-type=\"wp-page\" data-elementor-id=\"16268\" class=\"elementor elementor-16268 elementor-14472\">\n\t\t\t\t\t\t<section class=\"elementor-section elementor-top-section elementor-element elementor-element-71ee3e8 elementor-section-boxed elementor-section-height-default elementor-section-height-default\" data-id=\"71ee3e8\" data-element_type=\"section\">\n\t\t\t\t\t\t<div class=\"elementor-container elementor-column-gap-default\">\n\t\t\t\t\t<div class=\"elementor-column elementor-col-100 elementor-top-column elementor-element elementor-element-7855f06\" data-id=\"7855f06\" data-element_type=\"column\">\n\t\t\t<div class=\"elementor-widget-wrap elementor-element-populated\">\n\t\t\t\t\t\t<div class=\"elementor-element elementor-element-750e694 divider-yes aleft elementor-widget elementor-widget-wgl-double-heading\" data-id=\"750e694\" data-element_type=\"widget\" data-widget_type=\"wgl-double-heading.default\">\n\t\t\t\t<div class=\"elementor-widget-container\">\n\t\t\t\t\t<div class=\"wgl-double-heading\"><div class=\"dblh__subtitle\"><span>02 - Wizja i misja<\/span><\/div><h3 class=\"dblh__title-wrapper\"><span class=\"dblh__title dblh__title-1\">W ka\u017cdej chwili, <\/span><span class=\"dblh__title dblh__title-2\">w pe\u0142nym zakresie.<\/span><\/h3><\/div>\t\t\t\t<\/div>\n\t\t\t\t<\/div>\n\t\t\t\t\t<\/div>\n\t\t<\/div>\n\t\t\t\t\t<\/div>\n\t\t<\/section>\n\t\t\t\t<section class=\"elementor-section elementor-top-section elementor-element elementor-element-4aa58df elementor-reverse-mobile elementor-section-boxed elementor-section-height-default elementor-section-height-default\" data-id=\"4aa58df\" data-element_type=\"section\">\n\t\t\t\t\t\t<div class=\"elementor-container elementor-column-gap-default\">\n\t\t\t\t\t<div class=\"elementor-column elementor-col-50 elementor-top-column elementor-element elementor-element-0e6b0a9\" data-id=\"0e6b0a9\" data-element_type=\"column\">\n\t\t\t<div class=\"elementor-widget-wrap elementor-element-populated\">\n\t\t\t\t\t\t<div class=\"elementor-element elementor-element-7a16f32 elementor-widget elementor-widget-spacer\" data-id=\"7a16f32\" data-element_type=\"widget\" data-widget_type=\"spacer.default\">\n\t\t\t\t<div class=\"elementor-widget-container\">\n\t\t\t\t\t\t\t<div class=\"elementor-spacer\">\n\t\t\t<div class=\"elementor-spacer-inner\"><\/div>\n\t\t<\/div>\n\t\t\t\t\t\t<\/div>\n\t\t\t\t<\/div>\n\t\t\t\t<div class=\"elementor-element elementor-element-4c040a5 elementor-widget elementor-widget-text-editor\" data-id=\"4c040a5\" data-element_type=\"widget\" data-widget_type=\"text-editor.default\">\n\t\t\t\t<div class=\"elementor-widget-container\">\n\t\t\t\t\t\t\t\t\t<p>Naszym celem jest by\u0107 zawsze obecnym dla naszych Klient\u00f3w, zapewniaj\u0105c im najwy\u017csz\u0105 jako\u015b\u0107 i terminowo\u015b\u0107 us\u0142ug. W zwi\u0105zku z tym nieustannie staramy si\u0119 dostosowywa\u0107 nasz\u0105 ofert\u0119 do aktualnych okoliczno\u015bci, a tak\u017ce by\u0107 na bie\u017c\u0105co. Obejmuje to nie tylko jako\u015b\u0107 i zakres naszej oferty, ale tak\u017ce produkty niszowe.<\/p><p>Opr\u00f3cz znanych i produkowanych na szerok\u0105 skal\u0119 modeli r\u00f3\u017cnych producent\u00f3w, w naszym programie mamy r\u00f3wnie\u017c produkty do old i youngtimer\u00f3w, ci\u0119\u017car\u00f3wek, samochod\u00f3w dostawczych lub pojazd\u00f3w sportowych i luksusowych.<\/p><p>Z tak szerokim asortymentem produkt\u00f3w i serwisem dzia\u0142amy r\u00f3wnie\u017c poza granicami kraju. Naszym celem jest i b\u0119dzie zapewnienie programu dostaw o wysokiej jako\u015bci w kr\u00f3tkim czasie, w celu dokonania szybkich i sprawnych proces\u00f3w naprawczych u naszych Klient\u00f3w. W specjalnych przypadkach chcemy tak\u017ce by\u0107 zawsze odpowiednim partnerem do konsultacji.<\/p>\t\t\t\t\t\t\t\t<\/div>\n\t\t\t\t<\/div>\n\t\t\t\t\t<\/div>\n\t\t<\/div>\n\t\t\t\t<div class=\"elementor-column elementor-col-50 elementor-top-column elementor-element elementor-element-8505319\" data-id=\"8505319\" data-element_type=\"column\">\n\t\t\t<div class=\"elementor-widget-wrap elementor-element-populated\">\n\t\t\t\t\t\t<div class=\"elementor-element elementor-element-dfea1c1 elementor-widget elementor-widget-spacer\" data-id=\"dfea1c1\" data-element_type=\"widget\" data-widget_type=\"spacer.default\">\n\t\t\t\t<div class=\"elementor-widget-container\">\n\t\t\t\t\t\t\t<div class=\"elementor-spacer\">\n\t\t\t<div class=\"elementor-spacer-inner\"><\/div>\n\t\t<\/div>\n\t\t\t\t\t\t<\/div>\n\t\t\t\t<\/div>\n\t\t\t\t<div class=\"elementor-element elementor-element-9581e20 elementor-widget elementor-widget-image\" data-id=\"9581e20\" data-element_type=\"widget\" data-widget_type=\"image.default\">\n\t\t\t\t<div class=\"elementor-widget-container\">\n\t\t\t\t\t\t\t\t\t\t\t\t\t\t\t<img fetchpriority=\"high\" decoding=\"async\" width=\"750\" height=\"600\" src=\"https:\/\/www.walter-richtsatzverleih.de\/wp-content\/uploads\/2023\/07\/walter-richtsatzverleih_vision-mission_1.jpg\" class=\"attachment-full size-full wp-image-17730\" alt=\"\" srcset=\"https:\/\/www.walter-richtsatzverleih.de\/wp-content\/uploads\/2023\/07\/walter-richtsatzverleih_vision-mission_1.jpg 750w, https:\/\/www.walter-richtsatzverleih.de\/wp-content\/uploads\/2023\/07\/walter-richtsatzverleih_vision-mission_1-300x240.jpg 300w\" sizes=\"(max-width: 750px) 100vw, 750px\" \/>\t\t\t\t\t\t\t\t\t\t\t\t\t\t\t<\/div>\n\t\t\t\t<\/div>\n\t\t\t\t\t<\/div>\n\t\t<\/div>\n\t\t\t\t\t<\/div>\n\t\t<\/section>\n\t\t\t\t<\/div>\n\t\t","protected":false},"excerpt":{"rendered":"<p>02 &#8211; Wizja i misja W ka\u017cdej chwili, w pe\u0142nym zakresie. Naszym celem jest by\u0107 zawsze obecnym dla naszych Klient\u00f3w, zapewniaj\u0105c im najwy\u017csz\u0105 jako\u015b\u0107 i terminowo\u015b\u0107 us\u0142ug. W zwi\u0105zku z tym nieustannie staramy si\u0119 dostosowywa\u0107 nasz\u0105 ofert\u0119 do aktualnych okoliczno\u015bci, a tak\u017ce by\u0107 na bie\u017c\u0105co. Obejmuje to nie tylko jako\u015b\u0107 i zakres naszej oferty, ale [&hellip;]<\/p>\n","protected":false},"author":1,"featured_media":17730,"parent":0,"menu_order":0,"comment_status":"closed","ping_status":"closed","template":"","meta":{"footnotes":""},"class_list":["post-16268","page","type-page","status-publish","has-post-thumbnail","hentry"],"yoast_head":"<!-- This site is optimized with the Yoast SEO plugin v25.4 - https:\/\/yoast.com\/wordpress\/plugins\/seo\/ -->\n<title>Wizja i misja - Walter Richtsatzverleih<\/title>\n<meta name=\"description\" content=\"Naszym celem jest zapewnienie sprawnego i szybkiego procesu naprawy dla klient\u00f3w z wysokiej jako\u015bci programem dostaw i szybkim czasem dostawy.\" \/>\n<meta name=\"robots\" content=\"index, follow, max-snippet:-1, max-image-preview:large, max-video-preview:-1\" \/>\n<link rel=\"canonical\" href=\"https:\/\/www.walter-richtsatzverleih.de\/pl\/wizja-i-misja\/\" \/>\n<meta property=\"og:locale\" content=\"pl_PL\" \/>\n<meta property=\"og:type\" content=\"article\" \/>\n<meta property=\"og:title\" content=\"Wizja i misja - Walter Richtsatzverleih\" \/>\n<meta property=\"og:description\" content=\"Naszym celem jest zapewnienie sprawnego i szybkiego procesu naprawy dla klient\u00f3w z wysokiej jako\u015bci programem dostaw i szybkim czasem dostawy.\" \/>\n<meta property=\"og:url\" content=\"https:\/\/www.walter-richtsatzverleih.de\/pl\/wizja-i-misja\/\" \/>\n<meta property=\"og:site_name\" content=\"Walter Richtsatzverleih\" \/>\n<meta property=\"article:modified_time\" content=\"2023-07-31T17:31:42+00:00\" \/>\n<meta property=\"og:image\" content=\"https:\/\/www.walter-richtsatzverleih.de\/wp-content\/uploads\/2023\/07\/walter-richtsatzverleih_vision-mission_1.jpg\" \/>\n\t<meta property=\"og:image:width\" content=\"750\" \/>\n\t<meta property=\"og:image:height\" content=\"600\" \/>\n\t<meta property=\"og:image:type\" content=\"image\/jpeg\" \/>\n<meta name=\"twitter:card\" content=\"summary_large_image\" \/>\n<meta name=\"twitter:label1\" content=\"Szacowany czas czytania\" \/>\n\t<meta name=\"twitter:data1\" content=\"1 minuta\" \/>\n<script type=\"application\/ld+json\" class=\"yoast-schema-graph\">{\"@context\":\"https:\/\/schema.org\",\"@graph\":[{\"@type\":\"WebPage\",\"@id\":\"https:\/\/www.walter-richtsatzverleih.de\/pl\/wizja-i-misja\/\",\"url\":\"https:\/\/www.walter-richtsatzverleih.de\/pl\/wizja-i-misja\/\",\"name\":\"Wizja i misja - Walter Richtsatzverleih\",\"isPartOf\":{\"@id\":\"https:\/\/www.walter-richtsatzverleih.de\/pl\/#website\"},\"primaryImageOfPage\":{\"@id\":\"https:\/\/www.walter-richtsatzverleih.de\/pl\/wizja-i-misja\/#primaryimage\"},\"image\":{\"@id\":\"https:\/\/www.walter-richtsatzverleih.de\/pl\/wizja-i-misja\/#primaryimage\"},\"thumbnailUrl\":\"https:\/\/www.walter-richtsatzverleih.de\/wp-content\/uploads\/2023\/07\/walter-richtsatzverleih_vision-mission_1.jpg\",\"datePublished\":\"2022-06-28T19:32:28+00:00\",\"dateModified\":\"2023-07-31T17:31:42+00:00\",\"description\":\"Naszym celem jest zapewnienie sprawnego i szybkiego procesu naprawy dla klient\u00f3w z wysokiej jako\u015bci programem dostaw i szybkim czasem dostawy.\",\"breadcrumb\":{\"@id\":\"https:\/\/www.walter-richtsatzverleih.de\/pl\/wizja-i-misja\/#breadcrumb\"},\"inLanguage\":\"pl-PL\",\"potentialAction\":[{\"@type\":\"ReadAction\",\"target\":[\"https:\/\/www.walter-richtsatzverleih.de\/pl\/wizja-i-misja\/\"]}]},{\"@type\":\"ImageObject\",\"inLanguage\":\"pl-PL\",\"@id\":\"https:\/\/www.walter-richtsatzverleih.de\/pl\/wizja-i-misja\/#primaryimage\",\"url\":\"https:\/\/www.walter-richtsatzverleih.de\/wp-content\/uploads\/2023\/07\/walter-richtsatzverleih_vision-mission_1.jpg\",\"contentUrl\":\"https:\/\/www.walter-richtsatzverleih.de\/wp-content\/uploads\/2023\/07\/walter-richtsatzverleih_vision-mission_1.jpg\",\"width\":750,\"height\":600},{\"@type\":\"BreadcrumbList\",\"@id\":\"https:\/\/www.walter-richtsatzverleih.de\/pl\/wizja-i-misja\/#breadcrumb\",\"itemListElement\":[{\"@type\":\"ListItem\",\"position\":1,\"name\":\"Startseite\",\"item\":\"https:\/\/www.walter-richtsatzverleih.de\/pl\/\"},{\"@type\":\"ListItem\",\"position\":2,\"name\":\"Wizja i misja\"}]},{\"@type\":\"WebSite\",\"@id\":\"https:\/\/www.walter-richtsatzverleih.de\/pl\/#website\",\"url\":\"https:\/\/www.walter-richtsatzverleih.de\/pl\/\",\"name\":\"Walter Richtsatzverleih\",\"description\":\"Wir verleihen und vermieten unter anderem Richts\u00e4tze und sind OTLG-Partner.\",\"potentialAction\":[{\"@type\":\"SearchAction\",\"target\":{\"@type\":\"EntryPoint\",\"urlTemplate\":\"https:\/\/www.walter-richtsatzverleih.de\/pl\/?s={search_term_string}\"},\"query-input\":{\"@type\":\"PropertyValueSpecification\",\"valueRequired\":true,\"valueName\":\"search_term_string\"}}],\"inLanguage\":\"pl-PL\"}]}<\/script>\n<!-- \/ Yoast SEO plugin. -->","yoast_head_json":{"title":"Wizja i misja - Walter Richtsatzverleih","description":"Naszym celem jest zapewnienie sprawnego i szybkiego procesu naprawy dla klient\u00f3w z wysokiej jako\u015bci programem dostaw i szybkim czasem dostawy.","robots":{"index":"index","follow":"follow","max-snippet":"max-snippet:-1","max-image-preview":"max-image-preview:large","max-video-preview":"max-video-preview:-1"},"canonical":"https:\/\/www.walter-richtsatzverleih.de\/pl\/wizja-i-misja\/","og_locale":"pl_PL","og_type":"article","og_title":"Wizja i misja - Walter Richtsatzverleih","og_description":"Naszym celem jest zapewnienie sprawnego i szybkiego procesu naprawy dla klient\u00f3w z wysokiej jako\u015bci programem dostaw i szybkim czasem dostawy.","og_url":"https:\/\/www.walter-richtsatzverleih.de\/pl\/wizja-i-misja\/","og_site_name":"Walter Richtsatzverleih","article_modified_time":"2023-07-31T17:31:42+00:00","og_image":[{"width":750,"height":600,"url":"https:\/\/www.walter-richtsatzverleih.de\/wp-content\/uploads\/2023\/07\/walter-richtsatzverleih_vision-mission_1.jpg","type":"image\/jpeg"}],"twitter_card":"summary_large_image","twitter_misc":{"Szacowany czas czytania":"1 minuta"},"schema":{"@context":"https:\/\/schema.org","@graph":[{"@type":"WebPage","@id":"https:\/\/www.walter-richtsatzverleih.de\/pl\/wizja-i-misja\/","url":"https:\/\/www.walter-richtsatzverleih.de\/pl\/wizja-i-misja\/","name":"Wizja i misja - Walter Richtsatzverleih","isPartOf":{"@id":"https:\/\/www.walter-richtsatzverleih.de\/pl\/#website"},"primaryImageOfPage":{"@id":"https:\/\/www.walter-richtsatzverleih.de\/pl\/wizja-i-misja\/#primaryimage"},"image":{"@id":"https:\/\/www.walter-richtsatzverleih.de\/pl\/wizja-i-misja\/#primaryimage"},"thumbnailUrl":"https:\/\/www.walter-richtsatzverleih.de\/wp-content\/uploads\/2023\/07\/walter-richtsatzverleih_vision-mission_1.jpg","datePublished":"2022-06-28T19:32:28+00:00","dateModified":"2023-07-31T17:31:42+00:00","description":"Naszym celem jest zapewnienie sprawnego i szybkiego procesu naprawy dla klient\u00f3w z wysokiej jako\u015bci programem dostaw i szybkim czasem dostawy.","breadcrumb":{"@id":"https:\/\/www.walter-richtsatzverleih.de\/pl\/wizja-i-misja\/#breadcrumb"},"inLanguage":"pl-PL","potentialAction":[{"@type":"ReadAction","target":["https:\/\/www.walter-richtsatzverleih.de\/pl\/wizja-i-misja\/"]}]},{"@type":"ImageObject","inLanguage":"pl-PL","@id":"https:\/\/www.walter-richtsatzverleih.de\/pl\/wizja-i-misja\/#primaryimage","url":"https:\/\/www.walter-richtsatzverleih.de\/wp-content\/uploads\/2023\/07\/walter-richtsatzverleih_vision-mission_1.jpg","contentUrl":"https:\/\/www.walter-richtsatzverleih.de\/wp-content\/uploads\/2023\/07\/walter-richtsatzverleih_vision-mission_1.jpg","width":750,"height":600},{"@type":"BreadcrumbList","@id":"https:\/\/www.walter-richtsatzverleih.de\/pl\/wizja-i-misja\/#breadcrumb","itemListElement":[{"@type":"ListItem","position":1,"name":"Startseite","item":"https:\/\/www.walter-richtsatzverleih.de\/pl\/"},{"@type":"ListItem","position":2,"name":"Wizja i misja"}]},{"@type":"WebSite","@id":"https:\/\/www.walter-richtsatzverleih.de\/pl\/#website","url":"https:\/\/www.walter-richtsatzverleih.de\/pl\/","name":"Walter Richtsatzverleih","description":"Wir verleihen und vermieten unter anderem Richts\u00e4tze und sind OTLG-Partner.","potentialAction":[{"@type":"SearchAction","target":{"@type":"EntryPoint","urlTemplate":"https:\/\/www.walter-richtsatzverleih.de\/pl\/?s={search_term_string}"},"query-input":{"@type":"PropertyValueSpecification","valueRequired":true,"valueName":"search_term_string"}}],"inLanguage":"pl-PL"}]}},"_links":{"self":[{"href":"https:\/\/www.walter-richtsatzverleih.de\/pl\/wp-json\/wp\/v2\/pages\/16268","targetHints":{"allow":["GET"]}}],"collection":[{"href":"https:\/\/www.walter-richtsatzverleih.de\/pl\/wp-json\/wp\/v2\/pages"}],"about":[{"href":"https:\/\/www.walter-richtsatzverleih.de\/pl\/wp-json\/wp\/v2\/types\/page"}],"author":[{"embeddable":true,"href":"https:\/\/www.walter-richtsatzverleih.de\/pl\/wp-json\/wp\/v2\/users\/1"}],"replies":[{"embeddable":true,"href":"https:\/\/www.walter-richtsatzverleih.de\/pl\/wp-json\/wp\/v2\/comments?post=16268"}],"version-history":[{"count":10,"href":"https:\/\/www.walter-richtsatzverleih.de\/pl\/wp-json\/wp\/v2\/pages\/16268\/revisions"}],"predecessor-version":[{"id":18154,"href":"https:\/\/www.walter-richtsatzverleih.de\/pl\/wp-json\/wp\/v2\/pages\/16268\/revisions\/18154"}],"wp:featuredmedia":[{"embeddable":true,"href":"https:\/\/www.walter-richtsatzverleih.de\/pl\/wp-json\/wp\/v2\/media\/17730"}],"wp:attachment":[{"href":"https:\/\/www.walter-richtsatzverleih.de\/pl\/wp-json\/wp\/v2\/media?parent=16268"}],"curies":[{"name":"wp","href":"https:\/\/api.w.org\/{rel}","templated":true}]}}