{"id":16262,"date":"2022-06-28T15:37:56","date_gmt":"2022-06-28T13:37:56","guid":{"rendered":"https:\/\/bbr.agenturkomma.de\/o-nas\/"},"modified":"2025-10-10T19:22:16","modified_gmt":"2025-10-10T17:22:16","slug":"o-nas","status":"publish","type":"page","link":"https:\/\/www.walter-richtsatzverleih.de\/pl\/o-nas\/","title":{"rendered":"O nas"},"content":{"rendered":"\t\t<div data-elementor-type=\"wp-page\" data-elementor-id=\"16262\" class=\"elementor elementor-16262 elementor-14293\">\n\t\t\t\t\t\t<section class=\"elementor-section elementor-top-section elementor-element elementor-element-71ee3e8 elementor-section-boxed elementor-section-height-default elementor-section-height-default\" data-id=\"71ee3e8\" data-element_type=\"section\">\n\t\t\t\t\t\t<div class=\"elementor-container elementor-column-gap-default\">\n\t\t\t\t\t<div class=\"elementor-column elementor-col-100 elementor-top-column elementor-element elementor-element-7855f06\" data-id=\"7855f06\" data-element_type=\"column\">\n\t\t\t<div class=\"elementor-widget-wrap elementor-element-populated\">\n\t\t\t\t\t\t<div class=\"elementor-element elementor-element-750e694 divider-yes aleft elementor-widget elementor-widget-wgl-double-heading\" data-id=\"750e694\" data-element_type=\"widget\" data-widget_type=\"wgl-double-heading.default\">\n\t\t\t\t<div class=\"elementor-widget-container\">\n\t\t\t\t\t<div class=\"wgl-double-heading\"><div class=\"dblh__subtitle\"><span>01 - O nas<\/span><\/div><h3 class=\"dblh__title-wrapper\"><span class=\"dblh__title dblh__title-1\">Za\u0142o\u017cono w 1992 <\/span><span class=\"dblh__title dblh__title-2\">dzi\u015b ponad 30 lat do\u015bwiadczenia.<\/span><\/h3><\/div>\t\t\t\t<\/div>\n\t\t\t\t<\/div>\n\t\t\t\t\t<\/div>\n\t\t<\/div>\n\t\t\t\t\t<\/div>\n\t\t<\/section>\n\t\t\t\t<section class=\"elementor-section elementor-top-section elementor-element elementor-element-4aa58df elementor-reverse-mobile elementor-section-boxed elementor-section-height-default elementor-section-height-default\" data-id=\"4aa58df\" data-element_type=\"section\">\n\t\t\t\t\t\t<div class=\"elementor-container elementor-column-gap-default\">\n\t\t\t\t\t<div class=\"elementor-column elementor-col-50 elementor-top-column elementor-element elementor-element-0e6b0a9\" data-id=\"0e6b0a9\" data-element_type=\"column\">\n\t\t\t<div class=\"elementor-widget-wrap elementor-element-populated\">\n\t\t\t\t\t\t<div class=\"elementor-element elementor-element-7a16f32 elementor-widget elementor-widget-spacer\" data-id=\"7a16f32\" data-element_type=\"widget\" data-widget_type=\"spacer.default\">\n\t\t\t\t<div class=\"elementor-widget-container\">\n\t\t\t\t\t\t\t<div class=\"elementor-spacer\">\n\t\t\t<div class=\"elementor-spacer-inner\"><\/div>\n\t\t<\/div>\n\t\t\t\t\t\t<\/div>\n\t\t\t\t<\/div>\n\t\t\t\t<div class=\"elementor-element elementor-element-4c040a5 elementor-widget elementor-widget-text-editor\" data-id=\"4c040a5\" data-element_type=\"widget\" data-widget_type=\"text-editor.default\">\n\t\t\t\t<div class=\"elementor-widget-container\">\n\t\t\t\t\t\t\t\t\t<p>W 1992 Gunter Walter, Dyrektor Zarz\u0105dzaj\u0105cy oraz Mistrz Budowy Karoserii za\u0142o\u017cy\u0142 firm\u0119 Gunter Walter Richtsatzverleih w Radebeul. Od tego czasu naszym najwi\u0119kszym obszarem odpowiedzialno\u015bci jest wynajem k\u0105towych zestaw\u00f3w do prostowania nadwozi. Oferujemy r\u00f3wnie\u017c kompleksowy serwis i sprzeda\u017c ram do prostowania nadwozi, a tak\u017ce wszystkich akcesori\u00f3w.<\/p><p>Aby poprawi\u0107 nasz\u0105 ofert\u0119 i zapewni\u0107 blisko\u015b\u0107 Klient\u00f3w w Brandenburgii i Berlinie Pan Gunter Walter, Dyrektor Zarz\u0105dzaj\u0105cy i osoba kontaktowa utworzy\u0142 w 2000 r. BBR Richtsatzverleih GmbH z siedzib\u0105 w Lubinie. <span>W 2025 roku GmbH przenios\u0142a si\u0119 do Mi\u015bni.<\/span><\/p><p>Na pocz\u0105tku pracowali\u015bmy z 15 zestawami do prostowania nadwozi, dzi\u015b \u2013 po ponad 30 latach na rynku mo\u017cemy si\u0119gn\u0105\u0107 do setek zestaw\u00f3w podstawowych, dodatk\u00f3w, portali, sprawdzian\u00f3w spawalniczych oraz ogromnego do\u015bwiadczenia w ich stosowaniu.<\/p><p>Nasz szeroki asortyment jest stale aktualizowany, sprawdzany i konserwowany, aby zapewni\u0107 naszym Klientom jego idealny stan i gotowo\u015b\u0107 do u\u017cycia.<\/p><p>Poniewa\u017c: zadowolenie Klienta w naszej firmie jest zawsze najwy\u017cszym priorytetem i dlatego oferujemy tylko produkty wysokiej jako\u015bci. Ponadto jeste\u015bmy zawsze do dyspozycji naszych Klient\u00f3w, s\u0142u\u017c\u0105c im naszym do\u015bwiadczeniem i zaanga\u017cowaniem.<\/p>\t\t\t\t\t\t\t\t<\/div>\n\t\t\t\t<\/div>\n\t\t\t\t\t<\/div>\n\t\t<\/div>\n\t\t\t\t<div class=\"elementor-column elementor-col-50 elementor-top-column elementor-element elementor-element-8505319\" data-id=\"8505319\" data-element_type=\"column\">\n\t\t\t<div class=\"elementor-widget-wrap elementor-element-populated\">\n\t\t\t\t\t\t<div class=\"elementor-element elementor-element-dfea1c1 elementor-widget elementor-widget-spacer\" data-id=\"dfea1c1\" data-element_type=\"widget\" data-widget_type=\"spacer.default\">\n\t\t\t\t<div class=\"elementor-widget-container\">\n\t\t\t\t\t\t\t<div class=\"elementor-spacer\">\n\t\t\t<div class=\"elementor-spacer-inner\"><\/div>\n\t\t<\/div>\n\t\t\t\t\t\t<\/div>\n\t\t\t\t<\/div>\n\t\t\t\t<div class=\"elementor-element elementor-element-9581e20 elementor-widget elementor-widget-image\" data-id=\"9581e20\" data-element_type=\"widget\" data-widget_type=\"image.default\">\n\t\t\t\t<div class=\"elementor-widget-container\">\n\t\t\t\t\t\t\t\t\t\t\t\t\t\t\t<img fetchpriority=\"high\" decoding=\"async\" width=\"750\" height=\"794\" src=\"https:\/\/www.walter-richtsatzverleih.de\/wp-content\/uploads\/2022\/06\/ueber-uns.jpg\" class=\"attachment-full size-full wp-image-14383\" alt=\"\" srcset=\"https:\/\/www.walter-richtsatzverleih.de\/wp-content\/uploads\/2022\/06\/ueber-uns.jpg 750w, https:\/\/www.walter-richtsatzverleih.de\/wp-content\/uploads\/2022\/06\/ueber-uns-283x300.jpg 283w\" sizes=\"(max-width: 750px) 100vw, 750px\" \/>\t\t\t\t\t\t\t\t\t\t\t\t\t\t\t<\/div>\n\t\t\t\t<\/div>\n\t\t\t\t\t<\/div>\n\t\t<\/div>\n\t\t\t\t\t<\/div>\n\t\t<\/section>\n\t\t\t\t<section class=\"elementor-section elementor-top-section elementor-element elementor-element-0dd3b9d elementor-section-boxed elementor-section-height-default elementor-section-height-default\" data-id=\"0dd3b9d\" data-element_type=\"section\" data-settings=\"{&quot;background_background&quot;:&quot;classic&quot;}\">\n\t\t\t\t\t\t<div class=\"elementor-container elementor-column-gap-default\">\n\t\t\t\t\t<div class=\"elementor-column elementor-col-33 elementor-top-column elementor-element elementor-element-9de6c72\" data-id=\"9de6c72\" data-element_type=\"column\">\n\t\t\t<div class=\"elementor-widget-wrap elementor-element-populated\">\n\t\t\t\t\t\t<div class=\"elementor-element elementor-element-c20ab2a aleft elementor-widget elementor-widget-wgl-counter\" data-id=\"c20ab2a\" data-element_type=\"widget\" data-widget_type=\"wgl-counter.default\">\n\t\t\t\t<div class=\"elementor-widget-container\">\n\t\t\t\t\t<div class=\"wgl-counter title-block\"><div class=\"wgl-counter_wrap \"><div class=\"content-wrap\"><h3 class=\"wgl-counter_title\">zestawami do prostowania nadwozi<\/h3><div class=\"wgl-counter_divider\"><\/div><div class=\"wgl-counter_value-wrap\"><div class=\"wgl-counter__placeholder-wrap\"><span class=\"wgl-counter__placeholder\">2000<\/span><span class=\"wgl-counter__value\" data-start-value=\"0\" data-end-value=\"2000\" data-speed=\"2000\">0<\/span><\/div><span class=\"wgl-counter__suffix\">+<\/span><\/div><\/div><\/div><\/div>\t\t\t\t<\/div>\n\t\t\t\t<\/div>\n\t\t\t\t\t<\/div>\n\t\t<\/div>\n\t\t\t\t<div class=\"elementor-column elementor-col-33 elementor-top-column elementor-element elementor-element-0fb7fea\" data-id=\"0fb7fea\" data-element_type=\"column\">\n\t\t\t<div class=\"elementor-widget-wrap elementor-element-populated\">\n\t\t\t\t\t\t<div class=\"elementor-element elementor-element-389743e aleft elementor-widget elementor-widget-wgl-counter\" data-id=\"389743e\" data-element_type=\"widget\" data-widget_type=\"wgl-counter.default\">\n\t\t\t\t<div class=\"elementor-widget-container\">\n\t\t\t\t\t<div class=\"wgl-counter title-block\"><div class=\"wgl-counter_wrap \"><div class=\"content-wrap\"><h3 class=\"wgl-counter_title\">lat do\u015bwiadczenia<\/h3><div class=\"wgl-counter_divider\"><\/div><div class=\"wgl-counter_value-wrap\"><div class=\"wgl-counter__placeholder-wrap\"><span class=\"wgl-counter__placeholder\">30<\/span><span class=\"wgl-counter__value\" data-start-value=\"0\" data-end-value=\"30\" data-speed=\"2000\">0<\/span><\/div><span class=\"wgl-counter__suffix\">+<\/span><\/div><\/div><\/div><\/div>\t\t\t\t<\/div>\n\t\t\t\t<\/div>\n\t\t\t\t\t<\/div>\n\t\t<\/div>\n\t\t\t\t<div class=\"elementor-column elementor-col-33 elementor-top-column elementor-element elementor-element-1fa8f65\" data-id=\"1fa8f65\" data-element_type=\"column\">\n\t\t\t<div class=\"elementor-widget-wrap elementor-element-populated\">\n\t\t\t\t\t\t<div class=\"elementor-element elementor-element-e70b098 aleft elementor-widget elementor-widget-wgl-counter\" data-id=\"e70b098\" data-element_type=\"widget\" data-widget_type=\"wgl-counter.default\">\n\t\t\t\t<div class=\"elementor-widget-container\">\n\t\t\t\t\t<div class=\"wgl-counter title-block\"><div class=\"wgl-counter_wrap \"><div class=\"content-wrap\"><h3 class=\"wgl-counter_title\">Lokalizacje<\/h3><div class=\"wgl-counter_divider\"><\/div><div class=\"wgl-counter_value-wrap\"><div class=\"wgl-counter__placeholder-wrap\"><span class=\"wgl-counter__placeholder\">2<\/span><span class=\"wgl-counter__value\" data-start-value=\"0\" data-end-value=\"2\" data-speed=\"2000\">0<\/span><\/div><\/div><\/div><\/div><\/div>\t\t\t\t<\/div>\n\t\t\t\t<\/div>\n\t\t\t\t\t<\/div>\n\t\t<\/div>\n\t\t\t\t\t<\/div>\n\t\t<\/section>\n\t\t\t\t<\/div>\n\t\t","protected":false},"excerpt":{"rendered":"<p>01 &#8211; O nas Za\u0142o\u017cono w 1992 dzi\u015b ponad 30 lat do\u015bwiadczenia. W 1992 Gunter Walter, Dyrektor Zarz\u0105dzaj\u0105cy oraz Mistrz Budowy Karoserii za\u0142o\u017cy\u0142 firm\u0119 Gunter Walter Richtsatzverleih w Radebeul. Od tego czasu naszym najwi\u0119kszym obszarem odpowiedzialno\u015bci jest wynajem k\u0105towych zestaw\u00f3w do prostowania nadwozi. Oferujemy r\u00f3wnie\u017c kompleksowy serwis i sprzeda\u017c ram do prostowania nadwozi, a tak\u017ce [&hellip;]<\/p>\n","protected":false},"author":1,"featured_media":14654,"parent":0,"menu_order":0,"comment_status":"closed","ping_status":"closed","template":"","meta":{"footnotes":""},"class_list":["post-16262","page","type-page","status-publish","has-post-thumbnail","hentry"],"yoast_head":"<!-- This site is optimized with the Yoast SEO plugin v25.4 - https:\/\/yoast.com\/wordpress\/plugins\/seo\/ -->\n<title>O nas - Walter Richtsatzverleih<\/title>\n<meta name=\"description\" content=\"W 1992 za\u0142o\u017cono Gunter Walter Richtsatzverleih. Od tego czasu naszym najwi\u0119kszym obszarem odpowiedzialno\u015bci jest wynajem k\u0105towych zestaw\u00f3w do prostowania nadwozi.\" \/>\n<meta name=\"robots\" content=\"index, follow, max-snippet:-1, max-image-preview:large, max-video-preview:-1\" \/>\n<link rel=\"canonical\" href=\"https:\/\/www.walter-richtsatzverleih.de\/pl\/o-nas\/\" \/>\n<meta property=\"og:locale\" content=\"pl_PL\" \/>\n<meta property=\"og:type\" content=\"article\" \/>\n<meta property=\"og:title\" content=\"O nas - Walter Richtsatzverleih\" \/>\n<meta property=\"og:description\" content=\"W 1992 za\u0142o\u017cono Gunter Walter Richtsatzverleih. Od tego czasu naszym najwi\u0119kszym obszarem odpowiedzialno\u015bci jest wynajem k\u0105towych zestaw\u00f3w do prostowania nadwozi.\" \/>\n<meta property=\"og:url\" content=\"https:\/\/www.walter-richtsatzverleih.de\/pl\/o-nas\/\" \/>\n<meta property=\"og:site_name\" content=\"Walter Richtsatzverleih\" \/>\n<meta property=\"article:modified_time\" content=\"2025-10-10T17:22:16+00:00\" \/>\n<meta property=\"og:image\" content=\"http:\/\/www.walter-richtsatzverleih.de\/wp-content\/uploads\/2022\/06\/standort-radebeul.jpg\" \/>\n\t<meta property=\"og:image:width\" content=\"800\" \/>\n\t<meta property=\"og:image:height\" content=\"440\" \/>\n\t<meta property=\"og:image:type\" content=\"image\/jpeg\" \/>\n<meta name=\"twitter:card\" content=\"summary_large_image\" \/>\n<meta name=\"twitter:label1\" content=\"Szacowany czas czytania\" \/>\n\t<meta name=\"twitter:data1\" content=\"2 minuty\" \/>\n<script type=\"application\/ld+json\" class=\"yoast-schema-graph\">{\"@context\":\"https:\/\/schema.org\",\"@graph\":[{\"@type\":\"WebPage\",\"@id\":\"https:\/\/www.walter-richtsatzverleih.de\/pl\/o-nas\/\",\"url\":\"https:\/\/www.walter-richtsatzverleih.de\/pl\/o-nas\/\",\"name\":\"O nas - Walter Richtsatzverleih\",\"isPartOf\":{\"@id\":\"https:\/\/www.walter-richtsatzverleih.de\/pl\/#website\"},\"primaryImageOfPage\":{\"@id\":\"https:\/\/www.walter-richtsatzverleih.de\/pl\/o-nas\/#primaryimage\"},\"image\":{\"@id\":\"https:\/\/www.walter-richtsatzverleih.de\/pl\/o-nas\/#primaryimage\"},\"thumbnailUrl\":\"https:\/\/www.walter-richtsatzverleih.de\/wp-content\/uploads\/2022\/06\/standort-radebeul.jpg\",\"datePublished\":\"2022-06-28T13:37:56+00:00\",\"dateModified\":\"2025-10-10T17:22:16+00:00\",\"description\":\"W 1992 za\u0142o\u017cono Gunter Walter Richtsatzverleih. Od tego czasu naszym najwi\u0119kszym obszarem odpowiedzialno\u015bci jest wynajem k\u0105towych zestaw\u00f3w do prostowania nadwozi.\",\"breadcrumb\":{\"@id\":\"https:\/\/www.walter-richtsatzverleih.de\/pl\/o-nas\/#breadcrumb\"},\"inLanguage\":\"pl-PL\",\"potentialAction\":[{\"@type\":\"ReadAction\",\"target\":[\"https:\/\/www.walter-richtsatzverleih.de\/pl\/o-nas\/\"]}]},{\"@type\":\"ImageObject\",\"inLanguage\":\"pl-PL\",\"@id\":\"https:\/\/www.walter-richtsatzverleih.de\/pl\/o-nas\/#primaryimage\",\"url\":\"https:\/\/www.walter-richtsatzverleih.de\/wp-content\/uploads\/2022\/06\/standort-radebeul.jpg\",\"contentUrl\":\"https:\/\/www.walter-richtsatzverleih.de\/wp-content\/uploads\/2022\/06\/standort-radebeul.jpg\",\"width\":800,\"height\":440},{\"@type\":\"BreadcrumbList\",\"@id\":\"https:\/\/www.walter-richtsatzverleih.de\/pl\/o-nas\/#breadcrumb\",\"itemListElement\":[{\"@type\":\"ListItem\",\"position\":1,\"name\":\"Startseite\",\"item\":\"https:\/\/www.walter-richtsatzverleih.de\/pl\/\"},{\"@type\":\"ListItem\",\"position\":2,\"name\":\"O nas\"}]},{\"@type\":\"WebSite\",\"@id\":\"https:\/\/www.walter-richtsatzverleih.de\/pl\/#website\",\"url\":\"https:\/\/www.walter-richtsatzverleih.de\/pl\/\",\"name\":\"Walter Richtsatzverleih\",\"description\":\"Wir verleihen und vermieten unter anderem Richts\u00e4tze und sind OTLG-Partner.\",\"potentialAction\":[{\"@type\":\"SearchAction\",\"target\":{\"@type\":\"EntryPoint\",\"urlTemplate\":\"https:\/\/www.walter-richtsatzverleih.de\/pl\/?s={search_term_string}\"},\"query-input\":{\"@type\":\"PropertyValueSpecification\",\"valueRequired\":true,\"valueName\":\"search_term_string\"}}],\"inLanguage\":\"pl-PL\"}]}<\/script>\n<!-- \/ Yoast SEO plugin. -->","yoast_head_json":{"title":"O nas - Walter Richtsatzverleih","description":"W 1992 za\u0142o\u017cono Gunter Walter Richtsatzverleih. Od tego czasu naszym najwi\u0119kszym obszarem odpowiedzialno\u015bci jest wynajem k\u0105towych zestaw\u00f3w do prostowania nadwozi.","robots":{"index":"index","follow":"follow","max-snippet":"max-snippet:-1","max-image-preview":"max-image-preview:large","max-video-preview":"max-video-preview:-1"},"canonical":"https:\/\/www.walter-richtsatzverleih.de\/pl\/o-nas\/","og_locale":"pl_PL","og_type":"article","og_title":"O nas - Walter Richtsatzverleih","og_description":"W 1992 za\u0142o\u017cono Gunter Walter Richtsatzverleih. Od tego czasu naszym najwi\u0119kszym obszarem odpowiedzialno\u015bci jest wynajem k\u0105towych zestaw\u00f3w do prostowania nadwozi.","og_url":"https:\/\/www.walter-richtsatzverleih.de\/pl\/o-nas\/","og_site_name":"Walter Richtsatzverleih","article_modified_time":"2025-10-10T17:22:16+00:00","og_image":[{"width":800,"height":440,"url":"http:\/\/www.walter-richtsatzverleih.de\/wp-content\/uploads\/2022\/06\/standort-radebeul.jpg","type":"image\/jpeg"}],"twitter_card":"summary_large_image","twitter_misc":{"Szacowany czas czytania":"2 minuty"},"schema":{"@context":"https:\/\/schema.org","@graph":[{"@type":"WebPage","@id":"https:\/\/www.walter-richtsatzverleih.de\/pl\/o-nas\/","url":"https:\/\/www.walter-richtsatzverleih.de\/pl\/o-nas\/","name":"O nas - Walter Richtsatzverleih","isPartOf":{"@id":"https:\/\/www.walter-richtsatzverleih.de\/pl\/#website"},"primaryImageOfPage":{"@id":"https:\/\/www.walter-richtsatzverleih.de\/pl\/o-nas\/#primaryimage"},"image":{"@id":"https:\/\/www.walter-richtsatzverleih.de\/pl\/o-nas\/#primaryimage"},"thumbnailUrl":"https:\/\/www.walter-richtsatzverleih.de\/wp-content\/uploads\/2022\/06\/standort-radebeul.jpg","datePublished":"2022-06-28T13:37:56+00:00","dateModified":"2025-10-10T17:22:16+00:00","description":"W 1992 za\u0142o\u017cono Gunter Walter Richtsatzverleih. Od tego czasu naszym najwi\u0119kszym obszarem odpowiedzialno\u015bci jest wynajem k\u0105towych zestaw\u00f3w do prostowania nadwozi.","breadcrumb":{"@id":"https:\/\/www.walter-richtsatzverleih.de\/pl\/o-nas\/#breadcrumb"},"inLanguage":"pl-PL","potentialAction":[{"@type":"ReadAction","target":["https:\/\/www.walter-richtsatzverleih.de\/pl\/o-nas\/"]}]},{"@type":"ImageObject","inLanguage":"pl-PL","@id":"https:\/\/www.walter-richtsatzverleih.de\/pl\/o-nas\/#primaryimage","url":"https:\/\/www.walter-richtsatzverleih.de\/wp-content\/uploads\/2022\/06\/standort-radebeul.jpg","contentUrl":"https:\/\/www.walter-richtsatzverleih.de\/wp-content\/uploads\/2022\/06\/standort-radebeul.jpg","width":800,"height":440},{"@type":"BreadcrumbList","@id":"https:\/\/www.walter-richtsatzverleih.de\/pl\/o-nas\/#breadcrumb","itemListElement":[{"@type":"ListItem","position":1,"name":"Startseite","item":"https:\/\/www.walter-richtsatzverleih.de\/pl\/"},{"@type":"ListItem","position":2,"name":"O nas"}]},{"@type":"WebSite","@id":"https:\/\/www.walter-richtsatzverleih.de\/pl\/#website","url":"https:\/\/www.walter-richtsatzverleih.de\/pl\/","name":"Walter Richtsatzverleih","description":"Wir verleihen und vermieten unter anderem Richts\u00e4tze und sind OTLG-Partner.","potentialAction":[{"@type":"SearchAction","target":{"@type":"EntryPoint","urlTemplate":"https:\/\/www.walter-richtsatzverleih.de\/pl\/?s={search_term_string}"},"query-input":{"@type":"PropertyValueSpecification","valueRequired":true,"valueName":"search_term_string"}}],"inLanguage":"pl-PL"}]}},"_links":{"self":[{"href":"https:\/\/www.walter-richtsatzverleih.de\/pl\/wp-json\/wp\/v2\/pages\/16262","targetHints":{"allow":["GET"]}}],"collection":[{"href":"https:\/\/www.walter-richtsatzverleih.de\/pl\/wp-json\/wp\/v2\/pages"}],"about":[{"href":"https:\/\/www.walter-richtsatzverleih.de\/pl\/wp-json\/wp\/v2\/types\/page"}],"author":[{"embeddable":true,"href":"https:\/\/www.walter-richtsatzverleih.de\/pl\/wp-json\/wp\/v2\/users\/1"}],"replies":[{"embeddable":true,"href":"https:\/\/www.walter-richtsatzverleih.de\/pl\/wp-json\/wp\/v2\/comments?post=16262"}],"version-history":[{"count":13,"href":"https:\/\/www.walter-richtsatzverleih.de\/pl\/wp-json\/wp\/v2\/pages\/16262\/revisions"}],"predecessor-version":[{"id":18720,"href":"https:\/\/www.walter-richtsatzverleih.de\/pl\/wp-json\/wp\/v2\/pages\/16262\/revisions\/18720"}],"wp:featuredmedia":[{"embeddable":true,"href":"https:\/\/www.walter-richtsatzverleih.de\/pl\/wp-json\/wp\/v2\/media\/14654"}],"wp:attachment":[{"href":"https:\/\/www.walter-richtsatzverleih.de\/pl\/wp-json\/wp\/v2\/media?parent=16262"}],"curies":[{"name":"wp","href":"https:\/\/api.w.org\/{rel}","templated":true}]}}