{"id":17313,"date":"2022-12-05T11:33:25","date_gmt":"2022-12-05T10:33:25","guid":{"rendered":"https:\/\/www.celette-richtsatzverleih.de\/?post_type=product&#038;p=17313"},"modified":"2025-03-06T14:11:56","modified_gmt":"2025-03-06T13:11:56","slug":"2-gurtbaender-zum-ziehen","status":"publish","type":"product","link":"https:\/\/www.walter-richtsatzverleih.de\/en\/produkt\/2-gurtbaender-zum-ziehen\/","title":{"rendered":"2 Gurtb\u00e4nder zum Ziehen"},"content":{"rendered":"","protected":false},"excerpt":{"rendered":"<p>2 Gurtb\u00e4nder zum Ziehen, 1x L\u00e4nge 1,50 m und 1x L\u00e4nge 0,75m<\/p>\n<ul class=\"grido_list grido_star\">\n<li>Celette Referenz: SN.99.00<\/li>\n<li>Hydraulikzubeh\u00f6r<\/li>\n<\/ul>\n","protected":false},"featured_media":17315,"template":"","meta":[],"product_brand":[],"product_cat":[79],"product_tag":[],"class_list":{"0":"post-17313","1":"product","2":"type-product","3":"status-publish","4":"has-post-thumbnail","6":"product_cat-hydraulikzubehoer","7":"product_shipping_class-versand","9":"first","10":"instock","11":"taxable","12":"shipping-taxable","13":"purchasable","14":"product-type-simple"},"yoast_head":"<!-- This site is optimized with the Yoast SEO plugin v25.4 - https:\/\/yoast.com\/wordpress\/plugins\/seo\/ -->\n<title>2 Gurtb\u00e4nder zum Ziehen - Walter Richtsatzverleih<\/title>\n<meta name=\"description\" content=\"2 Celette Gurtb\u00e4nder zum Ziehen\" \/>\n<meta name=\"robots\" content=\"index, follow, max-snippet:-1, max-image-preview:large, max-video-preview:-1\" \/>\n<link rel=\"canonical\" href=\"https:\/\/www.walter-richtsatzverleih.de\/en\/produkt\/2-gurtbaender-zum-ziehen\/\" \/>\n<meta property=\"og:locale\" content=\"en_US\" \/>\n<meta property=\"og:type\" content=\"article\" \/>\n<meta property=\"og:title\" content=\"2 Gurtb\u00e4nder zum Ziehen - Walter Richtsatzverleih\" \/>\n<meta property=\"og:description\" content=\"2 Celette Gurtb\u00e4nder zum Ziehen\" \/>\n<meta property=\"og:url\" content=\"https:\/\/www.walter-richtsatzverleih.de\/en\/produkt\/2-gurtbaender-zum-ziehen\/\" \/>\n<meta property=\"og:site_name\" content=\"Walter Richtsatzverleih\" \/>\n<meta property=\"article:modified_time\" content=\"2025-03-06T13:11:56+00:00\" \/>\n<meta property=\"og:image\" content=\"http:\/\/www.walter-richtsatzverleih.de\/wp-content\/uploads\/2022\/12\/Gurtbaender.jpg\" \/>\n\t<meta property=\"og:image:width\" content=\"1080\" \/>\n\t<meta property=\"og:image:height\" content=\"1080\" \/>\n\t<meta property=\"og:image:type\" content=\"image\/jpeg\" \/>\n<meta name=\"twitter:card\" content=\"summary_large_image\" \/>\n<script type=\"application\/ld+json\" class=\"yoast-schema-graph\">{\"@context\":\"https:\/\/schema.org\",\"@graph\":[{\"@type\":\"WebPage\",\"@id\":\"https:\/\/www.walter-richtsatzverleih.de\/en\/produkt\/2-gurtbaender-zum-ziehen\/\",\"url\":\"https:\/\/www.walter-richtsatzverleih.de\/en\/produkt\/2-gurtbaender-zum-ziehen\/\",\"name\":\"2 Gurtb\u00e4nder zum Ziehen - Walter Richtsatzverleih\",\"isPartOf\":{\"@id\":\"https:\/\/www.walter-richtsatzverleih.de\/en\/#website\"},\"primaryImageOfPage\":{\"@id\":\"https:\/\/www.walter-richtsatzverleih.de\/en\/produkt\/2-gurtbaender-zum-ziehen\/#primaryimage\"},\"image\":{\"@id\":\"https:\/\/www.walter-richtsatzverleih.de\/en\/produkt\/2-gurtbaender-zum-ziehen\/#primaryimage\"},\"thumbnailUrl\":\"https:\/\/www.walter-richtsatzverleih.de\/wp-content\/uploads\/2022\/12\/Gurtbaender.jpg\",\"datePublished\":\"2022-12-05T10:33:25+00:00\",\"dateModified\":\"2025-03-06T13:11:56+00:00\",\"description\":\"2 Celette Gurtb\u00e4nder zum Ziehen\",\"breadcrumb\":{\"@id\":\"https:\/\/www.walter-richtsatzverleih.de\/en\/produkt\/2-gurtbaender-zum-ziehen\/#breadcrumb\"},\"inLanguage\":\"en-US\",\"potentialAction\":[{\"@type\":\"ReadAction\",\"target\":[\"https:\/\/www.walter-richtsatzverleih.de\/en\/produkt\/2-gurtbaender-zum-ziehen\/\"]}]},{\"@type\":\"ImageObject\",\"inLanguage\":\"en-US\",\"@id\":\"https:\/\/www.walter-richtsatzverleih.de\/en\/produkt\/2-gurtbaender-zum-ziehen\/#primaryimage\",\"url\":\"https:\/\/www.walter-richtsatzverleih.de\/wp-content\/uploads\/2022\/12\/Gurtbaender.jpg\",\"contentUrl\":\"https:\/\/www.walter-richtsatzverleih.de\/wp-content\/uploads\/2022\/12\/Gurtbaender.jpg\",\"width\":1080,\"height\":1080},{\"@type\":\"BreadcrumbList\",\"@id\":\"https:\/\/www.walter-richtsatzverleih.de\/en\/produkt\/2-gurtbaender-zum-ziehen\/#breadcrumb\",\"itemListElement\":[{\"@type\":\"ListItem\",\"position\":1,\"name\":\"Startseite\",\"item\":\"https:\/\/www.walter-richtsatzverleih.de\/en\/\"},{\"@type\":\"ListItem\",\"position\":2,\"name\":\"Shop\",\"item\":\"https:\/\/www.walter-richtsatzverleih.de\/shop\/\"},{\"@type\":\"ListItem\",\"position\":3,\"name\":\"2 Gurtb\u00e4nder zum Ziehen\"}]},{\"@type\":\"WebSite\",\"@id\":\"https:\/\/www.walter-richtsatzverleih.de\/en\/#website\",\"url\":\"https:\/\/www.walter-richtsatzverleih.de\/en\/\",\"name\":\"Walter Richtsatzverleih\",\"description\":\"Wir verleihen und vermieten unter anderem Richts\u00e4tze und sind OTLG-Partner.\",\"potentialAction\":[{\"@type\":\"SearchAction\",\"target\":{\"@type\":\"EntryPoint\",\"urlTemplate\":\"https:\/\/www.walter-richtsatzverleih.de\/en\/?s={search_term_string}\"},\"query-input\":{\"@type\":\"PropertyValueSpecification\",\"valueRequired\":true,\"valueName\":\"search_term_string\"}}],\"inLanguage\":\"en-US\"}]}<\/script>\n<!-- \/ Yoast SEO plugin. -->","yoast_head_json":{"title":"2 Gurtb\u00e4nder zum Ziehen - Walter Richtsatzverleih","description":"2 Celette Gurtb\u00e4nder zum Ziehen","robots":{"index":"index","follow":"follow","max-snippet":"max-snippet:-1","max-image-preview":"max-image-preview:large","max-video-preview":"max-video-preview:-1"},"canonical":"https:\/\/www.walter-richtsatzverleih.de\/en\/produkt\/2-gurtbaender-zum-ziehen\/","og_locale":"en_US","og_type":"article","og_title":"2 Gurtb\u00e4nder zum Ziehen - Walter Richtsatzverleih","og_description":"2 Celette Gurtb\u00e4nder zum Ziehen","og_url":"https:\/\/www.walter-richtsatzverleih.de\/en\/produkt\/2-gurtbaender-zum-ziehen\/","og_site_name":"Walter Richtsatzverleih","article_modified_time":"2025-03-06T13:11:56+00:00","og_image":[{"width":1080,"height":1080,"url":"http:\/\/www.walter-richtsatzverleih.de\/wp-content\/uploads\/2022\/12\/Gurtbaender.jpg","type":"image\/jpeg"}],"twitter_card":"summary_large_image","schema":{"@context":"https:\/\/schema.org","@graph":[{"@type":"WebPage","@id":"https:\/\/www.walter-richtsatzverleih.de\/en\/produkt\/2-gurtbaender-zum-ziehen\/","url":"https:\/\/www.walter-richtsatzverleih.de\/en\/produkt\/2-gurtbaender-zum-ziehen\/","name":"2 Gurtb\u00e4nder zum Ziehen - Walter Richtsatzverleih","isPartOf":{"@id":"https:\/\/www.walter-richtsatzverleih.de\/en\/#website"},"primaryImageOfPage":{"@id":"https:\/\/www.walter-richtsatzverleih.de\/en\/produkt\/2-gurtbaender-zum-ziehen\/#primaryimage"},"image":{"@id":"https:\/\/www.walter-richtsatzverleih.de\/en\/produkt\/2-gurtbaender-zum-ziehen\/#primaryimage"},"thumbnailUrl":"https:\/\/www.walter-richtsatzverleih.de\/wp-content\/uploads\/2022\/12\/Gurtbaender.jpg","datePublished":"2022-12-05T10:33:25+00:00","dateModified":"2025-03-06T13:11:56+00:00","description":"2 Celette Gurtb\u00e4nder zum Ziehen","breadcrumb":{"@id":"https:\/\/www.walter-richtsatzverleih.de\/en\/produkt\/2-gurtbaender-zum-ziehen\/#breadcrumb"},"inLanguage":"en-US","potentialAction":[{"@type":"ReadAction","target":["https:\/\/www.walter-richtsatzverleih.de\/en\/produkt\/2-gurtbaender-zum-ziehen\/"]}]},{"@type":"ImageObject","inLanguage":"en-US","@id":"https:\/\/www.walter-richtsatzverleih.de\/en\/produkt\/2-gurtbaender-zum-ziehen\/#primaryimage","url":"https:\/\/www.walter-richtsatzverleih.de\/wp-content\/uploads\/2022\/12\/Gurtbaender.jpg","contentUrl":"https:\/\/www.walter-richtsatzverleih.de\/wp-content\/uploads\/2022\/12\/Gurtbaender.jpg","width":1080,"height":1080},{"@type":"BreadcrumbList","@id":"https:\/\/www.walter-richtsatzverleih.de\/en\/produkt\/2-gurtbaender-zum-ziehen\/#breadcrumb","itemListElement":[{"@type":"ListItem","position":1,"name":"Startseite","item":"https:\/\/www.walter-richtsatzverleih.de\/en\/"},{"@type":"ListItem","position":2,"name":"Shop","item":"https:\/\/www.walter-richtsatzverleih.de\/shop\/"},{"@type":"ListItem","position":3,"name":"2 Gurtb\u00e4nder zum Ziehen"}]},{"@type":"WebSite","@id":"https:\/\/www.walter-richtsatzverleih.de\/en\/#website","url":"https:\/\/www.walter-richtsatzverleih.de\/en\/","name":"Walter Richtsatzverleih","description":"Wir verleihen und vermieten unter anderem Richts\u00e4tze und sind OTLG-Partner.","potentialAction":[{"@type":"SearchAction","target":{"@type":"EntryPoint","urlTemplate":"https:\/\/www.walter-richtsatzverleih.de\/en\/?s={search_term_string}"},"query-input":{"@type":"PropertyValueSpecification","valueRequired":true,"valueName":"search_term_string"}}],"inLanguage":"en-US"}]}},"_links":{"self":[{"href":"https:\/\/www.walter-richtsatzverleih.de\/en\/wp-json\/wp\/v2\/product\/17313","targetHints":{"allow":["GET"]}}],"collection":[{"href":"https:\/\/www.walter-richtsatzverleih.de\/en\/wp-json\/wp\/v2\/product"}],"about":[{"href":"https:\/\/www.walter-richtsatzverleih.de\/en\/wp-json\/wp\/v2\/types\/product"}],"version-history":[{"count":2,"href":"https:\/\/www.walter-richtsatzverleih.de\/en\/wp-json\/wp\/v2\/product\/17313\/revisions"}],"predecessor-version":[{"id":17319,"href":"https:\/\/www.walter-richtsatzverleih.de\/en\/wp-json\/wp\/v2\/product\/17313\/revisions\/17319"}],"wp:featuredmedia":[{"embeddable":true,"href":"https:\/\/www.walter-richtsatzverleih.de\/en\/wp-json\/wp\/v2\/media\/17315"}],"wp:attachment":[{"href":"https:\/\/www.walter-richtsatzverleih.de\/en\/wp-json\/wp\/v2\/media?parent=17313"}],"wp:term":[{"taxonomy":"product_brand","embeddable":true,"href":"https:\/\/www.walter-richtsatzverleih.de\/en\/wp-json\/wp\/v2\/product_brand?post=17313"},{"taxonomy":"product_cat","embeddable":true,"href":"https:\/\/www.walter-richtsatzverleih.de\/en\/wp-json\/wp\/v2\/product_cat?post=17313"},{"taxonomy":"product_tag","embeddable":true,"href":"https:\/\/www.walter-richtsatzverleih.de\/en\/wp-json\/wp\/v2\/product_tag?post=17313"}],"curies":[{"name":"wp","href":"https:\/\/api.w.org\/{rel}","templated":true}]}}