{"id":16002,"date":"2022-07-04T13:45:28","date_gmt":"2022-07-04T11:45:28","guid":{"rendered":"https:\/\/bbr.agenturkomma.de\/imprint\/"},"modified":"2025-12-13T14:26:42","modified_gmt":"2025-12-13T13:26:42","slug":"imprint","status":"publish","type":"page","link":"https:\/\/www.walter-richtsatzverleih.de\/en\/imprint\/","title":{"rendered":"Imprint"},"content":{"rendered":"\t\t<div data-elementor-type=\"wp-page\" data-elementor-id=\"16002\" class=\"elementor elementor-16002 elementor-15144\">\n\t\t\t\t\t\t<section class=\"elementor-section elementor-top-section elementor-element elementor-element-71ee3e8 elementor-section-boxed elementor-section-height-default elementor-section-height-default\" data-id=\"71ee3e8\" data-element_type=\"section\">\n\t\t\t\t\t\t<div class=\"elementor-container elementor-column-gap-default\">\n\t\t\t\t\t<div class=\"elementor-column elementor-col-100 elementor-top-column elementor-element elementor-element-7855f06\" data-id=\"7855f06\" data-element_type=\"column\">\n\t\t\t<div class=\"elementor-widget-wrap elementor-element-populated\">\n\t\t\t\t\t\t<div class=\"elementor-element elementor-element-750e694 divider-yes aleft elementor-widget elementor-widget-wgl-double-heading\" data-id=\"750e694\" data-element_type=\"widget\" data-widget_type=\"wgl-double-heading.default\">\n\t\t\t\t<div class=\"elementor-widget-container\">\n\t\t\t\t\t<div class=\"wgl-double-heading\"><div class=\"dblh__subtitle\"><span>Imprint<\/span><\/div><h3 class=\"dblh__title-wrapper\"><span class=\"dblh__title dblh__title-1\">Company <\/span><span class=\"dblh__title dblh__title-2\">information<\/span><\/h3><\/div>\t\t\t\t<\/div>\n\t\t\t\t<\/div>\n\t\t\t\t\t<\/div>\n\t\t<\/div>\n\t\t\t\t\t<\/div>\n\t\t<\/section>\n\t\t\t\t<section class=\"elementor-section elementor-top-section elementor-element elementor-element-4aa58df elementor-section-boxed elementor-section-height-default elementor-section-height-default\" data-id=\"4aa58df\" data-element_type=\"section\">\n\t\t\t\t\t\t<div class=\"elementor-container elementor-column-gap-default\">\n\t\t\t\t\t<div class=\"elementor-column elementor-col-50 elementor-top-column elementor-element elementor-element-0e6b0a9\" data-id=\"0e6b0a9\" data-element_type=\"column\">\n\t\t\t<div class=\"elementor-widget-wrap elementor-element-populated\">\n\t\t\t\t\t\t<div class=\"elementor-element elementor-element-7a16f32 elementor-widget elementor-widget-spacer\" data-id=\"7a16f32\" data-element_type=\"widget\" data-widget_type=\"spacer.default\">\n\t\t\t\t<div class=\"elementor-widget-container\">\n\t\t\t\t\t\t\t<div class=\"elementor-spacer\">\n\t\t\t<div class=\"elementor-spacer-inner\"><\/div>\n\t\t<\/div>\n\t\t\t\t\t\t<\/div>\n\t\t\t\t<\/div>\n\t\t\t\t<div class=\"elementor-element elementor-element-4c040a5 elementor-widget elementor-widget-text-editor\" data-id=\"4c040a5\" data-element_type=\"widget\" data-widget_type=\"text-editor.default\">\n\t\t\t\t<div class=\"elementor-widget-container\">\n\t\t\t\t\t\t\t\t\t<p><strong>Gunter Walter Richtsatzverleih<\/strong><br \/>L\u00f6\u00dfnitzgrundstra\u00dfe 12, 01445 Radebeul<br \/>Germany<\/p><p><strong>Owner:<\/strong><br \/>Gunter Walter<\/p><p><strong>Contact:<\/strong><br \/>Telephone: +49 351 8362926<br \/>Telefax: +49 351 8361805<br \/>Email: service@walter-richtsatzverleih.de<\/p><p><b><span>VAT identification number<\/span>:<br \/><\/b><span>Sales tax identification number according to \u00a7 27 a of the Sales Tax Law<\/span>:<br \/>DE 140198473<\/p>\t\t\t\t\t\t\t\t<\/div>\n\t\t\t\t<\/div>\n\t\t\t\t<div class=\"elementor-element elementor-element-8f06359 elementor-widget-divider--view-line elementor-invisible elementor-widget elementor-widget-divider\" data-id=\"8f06359\" data-element_type=\"widget\" data-settings=\"{&quot;_animation&quot;:&quot;slideInLeft&quot;}\" data-widget_type=\"divider.default\">\n\t\t\t\t<div class=\"elementor-widget-container\">\n\t\t\t\t\t\t\t<div class=\"elementor-divider\">\n\t\t\t<span class=\"elementor-divider-separator\">\n\t\t\t\t\t\t<\/span>\n\t\t<\/div>\n\t\t\t\t\t\t<\/div>\n\t\t\t\t<\/div>\n\t\t\t\t<div class=\"elementor-element elementor-element-7600dfb elementor-widget elementor-widget-text-editor\" data-id=\"7600dfb\" data-element_type=\"widget\" data-widget_type=\"text-editor.default\">\n\t\t\t\t<div class=\"elementor-widget-container\">\n\t\t\t\t\t\t\t\t\t<p><strong>BBR Richtsatzverleih GmbH<\/strong><br \/>Fabrikstra\u00dfe 9-10, 01662 Mei\u00dfen<br \/>Germany<\/p><p>Commercial Register: HRB 47094<b><br \/><\/b><span>Registration court: Amtsgericht <\/span>Dresden<\/p><p><strong>Represented by:<\/strong><br \/>Gunter Walter<\/p><p><b>Contact:<br \/><\/b>Telephone: +49 3546 9347743<br \/>Telefax: +49 351 8361805<br \/>Email: service@walter-richtsatzverleih.de<b><br \/><\/b><\/p><p><b><span>VAT identification number<\/span>:<br \/><\/b><span>Sales tax identification number according to \u00a7 27 a of the Sales Tax Law<\/span>:<br \/>209\/106\/00975<\/p>\t\t\t\t\t\t\t\t<\/div>\n\t\t\t\t<\/div>\n\t\t\t\t\t<\/div>\n\t\t<\/div>\n\t\t\t\t<div class=\"elementor-column elementor-col-50 elementor-top-column elementor-element elementor-element-8505319\" data-id=\"8505319\" data-element_type=\"column\">\n\t\t\t<div class=\"elementor-widget-wrap elementor-element-populated\">\n\t\t\t\t\t\t<div class=\"elementor-element elementor-element-dfea1c1 elementor-widget elementor-widget-spacer\" data-id=\"dfea1c1\" data-element_type=\"widget\" data-widget_type=\"spacer.default\">\n\t\t\t\t<div class=\"elementor-widget-container\">\n\t\t\t\t\t\t\t<div class=\"elementor-spacer\">\n\t\t\t<div class=\"elementor-spacer-inner\"><\/div>\n\t\t<\/div>\n\t\t\t\t\t\t<\/div>\n\t\t\t\t<\/div>\n\t\t\t\t<div class=\"elementor-element elementor-element-e8650b3 elementor-widget elementor-widget-text-editor\" data-id=\"e8650b3\" data-element_type=\"widget\" data-widget_type=\"text-editor.default\">\n\t\t\t\t<div class=\"elementor-widget-container\">\n\t\t\t\t\t\t\t\t\t<p><b><span>Person responsible for editorial:<br \/><\/span><\/b>Gunter Walter<br \/>L\u00f6\u00dfnitzgrundstra\u00dfe 12, 01445 Radebeul<br \/>Germany<\/p><p><strong>EU dispute resolution<\/strong><br \/>The European Commission provides a platform for online dispute resolution (ODR):<br \/><a href=\"https:\/\/ec.europa.eu\/consumers\/odr\/\" target=\"_blank\" rel=\"noopener\">https:\/\/ec.europa.eu\/consumers\/odr\/<\/a>.<br \/>Our e-mail address can be found above in the site notice.<\/p><p><strong>Dispute resolution proceedings in front of a consumer arbitration <\/strong><strong>board<\/strong><br \/>We are not willing or obliged to participate in dispute resolution proceedings in front of a consumer arbitration board.<\/p><p><strong>Website production:<br \/><\/strong>Agentur komma, Radeburg,<span> <\/span><a href=\"http:\/\/www.agenturkomma.de\/\" target=\"_blank\" rel=\"noopener noreferrer\">www.agenturkomma.de<\/a><\/p><p><strong><span>References for images and graphics used<\/span>:<\/strong><br \/>Agentur komma, Torsten Flechsig<br \/><a href=\"http:\/\/www.celette.com\/\" target=\"_blank\" rel=\"noopener noreferrer\">Celette.com<\/a><br \/><a href=\"http:\/\/www.bigstockphoto.com\/\" target=\"_blank\" rel=\"noopener noreferrer\">bigstockphoto.com<\/a>: Jonathan Weiss, Mino, Artzzz, yadamons, ricochet64, bigtunaonline, Hohlov Michail, huettenhoelscher, Foto VDW, cherezoff, Mikhail Leonov, Steve Lagreca, jevanto_productions, josefkubes, Pixinoo, Taina Sohlman, MalkovKosta, Yastremska, kadmy, AAW, Greentellect, David Pimborough, TpaBMa, Patryk Kosmider, Cuorerouc, trokhim, aapsky, Artzz, Foto VDW, Grisha Bruev, studio4a, foodbytes, ako photography, Primer55, kvsan<\/p><p><a href=\"https:\/\/www.dreamstime.com\" target=\"_blank\" rel=\"noopener\">Dreamstime.com:<\/a> <a href=\"https:\/\/www.dreamstime.com\/adoggster_info\">Adoggster<\/a><br \/><a href=\"https:\/\/pixabay.com\/de\/\" target=\"_blank\" rel=\"noopener noreferrer\">pixabay.com<\/a><\/p><p><em>Source:<span> <\/span><a href=\"https:\/\/www.e-recht24.de\/impressum-generator.html\" target=\"_blank\" rel=\"noopener noreferrer\">erecht24.de<\/a><\/em><\/p>\t\t\t\t\t\t\t\t<\/div>\n\t\t\t\t<\/div>\n\t\t\t\t\t<\/div>\n\t\t<\/div>\n\t\t\t\t\t<\/div>\n\t\t<\/section>\n\t\t\t\t<\/div>\n\t\t","protected":false},"excerpt":{"rendered":"<p>Imprint Company information Gunter Walter RichtsatzverleihL\u00f6\u00dfnitzgrundstra\u00dfe 12, 01445 RadebeulGermany Owner:Gunter Walter Contact:Telephone: +49 351 8362926Telefax: +49 351 8361805Email: service@walter-richtsatzverleih.de VAT identification number:Sales tax identification number according to \u00a7 27 a of the Sales Tax Law:DE 140198473 BBR Richtsatzverleih GmbHFabrikstra\u00dfe 9-10, 01662 Mei\u00dfenGermany Commercial Register: HRB 47094Registration court: Amtsgericht Dresden Represented by:Gunter Walter Contact:Telephone: +49 3546 [&hellip;]<\/p>\n","protected":false},"author":1,"featured_media":0,"parent":0,"menu_order":0,"comment_status":"closed","ping_status":"closed","template":"","meta":{"footnotes":""},"class_list":["post-16002","page","type-page","status-publish","hentry"],"yoast_head":"<!-- This site is optimized with the Yoast SEO plugin v25.4 - https:\/\/yoast.com\/wordpress\/plugins\/seo\/ -->\n<title>Imprint - Walter Richtsatzverleih<\/title>\n<meta name=\"description\" content=\"Imprint for the website Walter-Richtsatzverleih.de of Gunter Walter Richtsatzverleih and BBR Richtsatzverleih GmbH.\" \/>\n<meta name=\"robots\" content=\"index, follow, max-snippet:-1, max-image-preview:large, max-video-preview:-1\" \/>\n<link rel=\"canonical\" href=\"https:\/\/www.walter-richtsatzverleih.de\/en\/imprint\/\" \/>\n<meta property=\"og:locale\" content=\"en_US\" \/>\n<meta property=\"og:type\" content=\"article\" \/>\n<meta property=\"og:title\" content=\"Imprint - Walter Richtsatzverleih\" \/>\n<meta property=\"og:description\" content=\"Imprint for the website Walter-Richtsatzverleih.de of Gunter Walter Richtsatzverleih and BBR Richtsatzverleih GmbH.\" \/>\n<meta property=\"og:url\" content=\"https:\/\/www.walter-richtsatzverleih.de\/en\/imprint\/\" \/>\n<meta property=\"og:site_name\" content=\"Walter Richtsatzverleih\" \/>\n<meta property=\"article:modified_time\" content=\"2025-12-13T13:26:42+00:00\" \/>\n<meta name=\"twitter:card\" content=\"summary_large_image\" \/>\n<meta name=\"twitter:label1\" content=\"Est. reading time\" \/>\n\t<meta name=\"twitter:data1\" content=\"1 minute\" \/>\n<script type=\"application\/ld+json\" class=\"yoast-schema-graph\">{\"@context\":\"https:\/\/schema.org\",\"@graph\":[{\"@type\":\"WebPage\",\"@id\":\"https:\/\/www.walter-richtsatzverleih.de\/en\/imprint\/\",\"url\":\"https:\/\/www.walter-richtsatzverleih.de\/en\/imprint\/\",\"name\":\"Imprint - Walter Richtsatzverleih\",\"isPartOf\":{\"@id\":\"https:\/\/www.walter-richtsatzverleih.de\/en\/#website\"},\"datePublished\":\"2022-07-04T11:45:28+00:00\",\"dateModified\":\"2025-12-13T13:26:42+00:00\",\"description\":\"Imprint for the website Walter-Richtsatzverleih.de of Gunter Walter Richtsatzverleih and BBR Richtsatzverleih GmbH.\",\"breadcrumb\":{\"@id\":\"https:\/\/www.walter-richtsatzverleih.de\/en\/imprint\/#breadcrumb\"},\"inLanguage\":\"en-US\",\"potentialAction\":[{\"@type\":\"ReadAction\",\"target\":[\"https:\/\/www.walter-richtsatzverleih.de\/en\/imprint\/\"]}]},{\"@type\":\"BreadcrumbList\",\"@id\":\"https:\/\/www.walter-richtsatzverleih.de\/en\/imprint\/#breadcrumb\",\"itemListElement\":[{\"@type\":\"ListItem\",\"position\":1,\"name\":\"Startseite\",\"item\":\"https:\/\/www.walter-richtsatzverleih.de\/en\/\"},{\"@type\":\"ListItem\",\"position\":2,\"name\":\"Imprint\"}]},{\"@type\":\"WebSite\",\"@id\":\"https:\/\/www.walter-richtsatzverleih.de\/en\/#website\",\"url\":\"https:\/\/www.walter-richtsatzverleih.de\/en\/\",\"name\":\"Walter Richtsatzverleih\",\"description\":\"Wir verleihen und vermieten unter anderem Richts\u00e4tze und sind OTLG-Partner.\",\"potentialAction\":[{\"@type\":\"SearchAction\",\"target\":{\"@type\":\"EntryPoint\",\"urlTemplate\":\"https:\/\/www.walter-richtsatzverleih.de\/en\/?s={search_term_string}\"},\"query-input\":{\"@type\":\"PropertyValueSpecification\",\"valueRequired\":true,\"valueName\":\"search_term_string\"}}],\"inLanguage\":\"en-US\"}]}<\/script>\n<!-- \/ Yoast SEO plugin. -->","yoast_head_json":{"title":"Imprint - Walter Richtsatzverleih","description":"Imprint for the website Walter-Richtsatzverleih.de of Gunter Walter Richtsatzverleih and BBR Richtsatzverleih GmbH.","robots":{"index":"index","follow":"follow","max-snippet":"max-snippet:-1","max-image-preview":"max-image-preview:large","max-video-preview":"max-video-preview:-1"},"canonical":"https:\/\/www.walter-richtsatzverleih.de\/en\/imprint\/","og_locale":"en_US","og_type":"article","og_title":"Imprint - Walter Richtsatzverleih","og_description":"Imprint for the website Walter-Richtsatzverleih.de of Gunter Walter Richtsatzverleih and BBR Richtsatzverleih GmbH.","og_url":"https:\/\/www.walter-richtsatzverleih.de\/en\/imprint\/","og_site_name":"Walter Richtsatzverleih","article_modified_time":"2025-12-13T13:26:42+00:00","twitter_card":"summary_large_image","twitter_misc":{"Est. reading time":"1 minute"},"schema":{"@context":"https:\/\/schema.org","@graph":[{"@type":"WebPage","@id":"https:\/\/www.walter-richtsatzverleih.de\/en\/imprint\/","url":"https:\/\/www.walter-richtsatzverleih.de\/en\/imprint\/","name":"Imprint - Walter Richtsatzverleih","isPartOf":{"@id":"https:\/\/www.walter-richtsatzverleih.de\/en\/#website"},"datePublished":"2022-07-04T11:45:28+00:00","dateModified":"2025-12-13T13:26:42+00:00","description":"Imprint for the website Walter-Richtsatzverleih.de of Gunter Walter Richtsatzverleih and BBR Richtsatzverleih GmbH.","breadcrumb":{"@id":"https:\/\/www.walter-richtsatzverleih.de\/en\/imprint\/#breadcrumb"},"inLanguage":"en-US","potentialAction":[{"@type":"ReadAction","target":["https:\/\/www.walter-richtsatzverleih.de\/en\/imprint\/"]}]},{"@type":"BreadcrumbList","@id":"https:\/\/www.walter-richtsatzverleih.de\/en\/imprint\/#breadcrumb","itemListElement":[{"@type":"ListItem","position":1,"name":"Startseite","item":"https:\/\/www.walter-richtsatzverleih.de\/en\/"},{"@type":"ListItem","position":2,"name":"Imprint"}]},{"@type":"WebSite","@id":"https:\/\/www.walter-richtsatzverleih.de\/en\/#website","url":"https:\/\/www.walter-richtsatzverleih.de\/en\/","name":"Walter Richtsatzverleih","description":"Wir verleihen und vermieten unter anderem Richts\u00e4tze und sind OTLG-Partner.","potentialAction":[{"@type":"SearchAction","target":{"@type":"EntryPoint","urlTemplate":"https:\/\/www.walter-richtsatzverleih.de\/en\/?s={search_term_string}"},"query-input":{"@type":"PropertyValueSpecification","valueRequired":true,"valueName":"search_term_string"}}],"inLanguage":"en-US"}]}},"_links":{"self":[{"href":"https:\/\/www.walter-richtsatzverleih.de\/en\/wp-json\/wp\/v2\/pages\/16002","targetHints":{"allow":["GET"]}}],"collection":[{"href":"https:\/\/www.walter-richtsatzverleih.de\/en\/wp-json\/wp\/v2\/pages"}],"about":[{"href":"https:\/\/www.walter-richtsatzverleih.de\/en\/wp-json\/wp\/v2\/types\/page"}],"author":[{"embeddable":true,"href":"https:\/\/www.walter-richtsatzverleih.de\/en\/wp-json\/wp\/v2\/users\/1"}],"replies":[{"embeddable":true,"href":"https:\/\/www.walter-richtsatzverleih.de\/en\/wp-json\/wp\/v2\/comments?post=16002"}],"version-history":[{"count":40,"href":"https:\/\/www.walter-richtsatzverleih.de\/en\/wp-json\/wp\/v2\/pages\/16002\/revisions"}],"predecessor-version":[{"id":18770,"href":"https:\/\/www.walter-richtsatzverleih.de\/en\/wp-json\/wp\/v2\/pages\/16002\/revisions\/18770"}],"wp:attachment":[{"href":"https:\/\/www.walter-richtsatzverleih.de\/en\/wp-json\/wp\/v2\/media?parent=16002"}],"curies":[{"name":"wp","href":"https:\/\/api.w.org\/{rel}","templated":true}]}}