{"id":15924,"date":"2022-06-29T10:28:00","date_gmt":"2022-06-29T08:28:00","guid":{"rendered":"https:\/\/bbr.agenturkomma.de\/locations\/"},"modified":"2025-10-10T19:51:14","modified_gmt":"2025-10-10T17:51:14","slug":"locations","status":"publish","type":"page","link":"https:\/\/www.walter-richtsatzverleih.de\/en\/locations\/","title":{"rendered":"Locations"},"content":{"rendered":"\t\t<div data-elementor-type=\"wp-page\" data-elementor-id=\"15924\" class=\"elementor elementor-15924 elementor-14575\">\n\t\t\t\t\t\t<section class=\"elementor-section elementor-top-section elementor-element elementor-element-71ee3e8 elementor-section-boxed elementor-section-height-default elementor-section-height-default\" data-id=\"71ee3e8\" data-element_type=\"section\">\n\t\t\t\t\t\t<div class=\"elementor-container elementor-column-gap-default\">\n\t\t\t\t\t<div class=\"elementor-column elementor-col-100 elementor-top-column elementor-element elementor-element-7855f06\" data-id=\"7855f06\" data-element_type=\"column\">\n\t\t\t<div class=\"elementor-widget-wrap elementor-element-populated\">\n\t\t\t\t\t\t<div class=\"elementor-element elementor-element-750e694 divider-yes aleft elementor-widget elementor-widget-wgl-double-heading\" data-id=\"750e694\" data-element_type=\"widget\" data-widget_type=\"wgl-double-heading.default\">\n\t\t\t\t<div class=\"elementor-widget-container\">\n\t\t\t\t\t<div class=\"wgl-double-heading\"><div class=\"dblh__subtitle\"><span>05 - Locations<\/span><\/div><h3 class=\"dblh__title-wrapper\"><span class=\"dblh__title dblh__title-1\">2x <\/span><span class=\"dblh__title dblh__title-2\">in Germany.<\/span><\/h3><\/div>\t\t\t\t<\/div>\n\t\t\t\t<\/div>\n\t\t\t\t\t<\/div>\n\t\t<\/div>\n\t\t\t\t\t<\/div>\n\t\t<\/section>\n\t\t\t\t<section class=\"elementor-section elementor-top-section elementor-element elementor-element-91b6583 elementor-section-boxed elementor-section-height-default elementor-section-height-default\" data-id=\"91b6583\" data-element_type=\"section\">\n\t\t\t\t\t\t<div class=\"elementor-container elementor-column-gap-default\">\n\t\t\t\t\t<div class=\"elementor-column elementor-col-33 elementor-top-column elementor-element elementor-element-9f340f5\" data-id=\"9f340f5\" data-element_type=\"column\">\n\t\t\t<div class=\"elementor-widget-wrap elementor-element-populated\">\n\t\t\t\t\t\t<div class=\"elementor-element elementor-element-bede86c aleft elementor-widget elementor-widget-wgl-double-heading\" data-id=\"bede86c\" data-element_type=\"widget\" data-widget_type=\"wgl-double-heading.default\">\n\t\t\t\t<div class=\"elementor-widget-container\">\n\t\t\t\t\t<div class=\"wgl-double-heading\"><h3 class=\"dblh__title-wrapper\"><span class=\"dblh__title dblh__title-1\">Location Radebeul<\/span><\/h3><\/div>\t\t\t\t<\/div>\n\t\t\t\t<\/div>\n\t\t\t\t<div class=\"elementor-element elementor-element-f17dfa5 elementor-widget elementor-widget-text-editor\" data-id=\"f17dfa5\" data-element_type=\"widget\" data-widget_type=\"text-editor.default\">\n\t\t\t\t<div class=\"elementor-widget-container\">\n\t\t\t\t\t\t\t\t\t<p>Gunter Walter Richtsatzverleih<br \/>L\u00f6\u00dfnitzgrundstra\u00dfe 12, 01445 Radebeul:<br \/><strong>Order planning<\/strong><br \/><strong>Preparing the alignment kit<\/strong><br \/><strong>Order acceptance<\/strong><br \/><strong>Management<\/strong><\/p>\t\t\t\t\t\t\t\t<\/div>\n\t\t\t\t<\/div>\n\t\t\t\t\t<\/div>\n\t\t<\/div>\n\t\t\t\t<div class=\"elementor-column elementor-col-33 elementor-top-column elementor-element elementor-element-2c0b6b1\" data-id=\"2c0b6b1\" data-element_type=\"column\">\n\t\t\t<div class=\"elementor-widget-wrap elementor-element-populated\">\n\t\t\t\t\t\t<div class=\"elementor-element elementor-element-7b1ed5e elementor-widget elementor-widget-image\" data-id=\"7b1ed5e\" data-element_type=\"widget\" data-widget_type=\"image.default\">\n\t\t\t\t<div class=\"elementor-widget-container\">\n\t\t\t\t\t\t\t\t\t\t\t\t\t\t\t<img fetchpriority=\"high\" decoding=\"async\" width=\"800\" height=\"440\" src=\"https:\/\/www.walter-richtsatzverleih.de\/wp-content\/uploads\/2022\/06\/standort-radebeul.jpg\" class=\"attachment-large size-large wp-image-14653\" alt=\"\" srcset=\"https:\/\/www.walter-richtsatzverleih.de\/wp-content\/uploads\/2022\/06\/standort-radebeul.jpg 800w, https:\/\/www.walter-richtsatzverleih.de\/wp-content\/uploads\/2022\/06\/standort-radebeul-300x165.jpg 300w, https:\/\/www.walter-richtsatzverleih.de\/wp-content\/uploads\/2022\/06\/standort-radebeul-768x422.jpg 768w\" sizes=\"(max-width: 800px) 100vw, 800px\" \/>\t\t\t\t\t\t\t\t\t\t\t\t\t\t\t<\/div>\n\t\t\t\t<\/div>\n\t\t\t\t\t<\/div>\n\t\t<\/div>\n\t\t\t\t<div class=\"elementor-column elementor-col-33 elementor-top-column elementor-element elementor-element-390d40d\" data-id=\"390d40d\" data-element_type=\"column\" data-settings=\"{&quot;background_background&quot;:&quot;classic&quot;}\">\n\t\t\t<div class=\"elementor-widget-wrap elementor-element-populated\">\n\t\t\t\t\t\t<div class=\"elementor-element elementor-element-4a2a255 acenter elementor-widget-icon-box wgl-icon-box elementor-view-default elementor-widget elementor-widget-wgl-info-box\" data-id=\"4a2a255\" data-element_type=\"widget\" data-widget_type=\"wgl-info-box.default\">\n\t\t\t\t<div class=\"elementor-widget-container\">\n\t\t\t\t\t<div class=\"wgl-infobox\"><a class=\"wgl-infobox__link\" href=\"https:\/\/goo.gl\/maps\/Bxg8xykjBtyTY1tC8\" target=\"_blank\"><\/a><div class=\"wgl-infobox_wrapper wgl-layout-top\"><div class=\"media-wrapper icon-wrapper\"><span class=\"wgl-icon\" ><i class=\"icon elementor-icon fas fa-map-marker-alt\" aria-hidden=\"true\"><\/i><\/span><\/div><div class=\"content_wrapper\"><div class=\"wgl-infobox-title_wrapper\"><h3 class=\"wgl-infobox_title\"><span class=\"wgl-infobox_title-idle\">GUNTER WALTER RICHTSATZVERLEIH<\/span><\/h3><\/div><div class=\"wgl-infobox-button_wrapper\"><div  class=\"wgl-infobox_button button-read-more\"><span>ON GOOGLE MAPS\u200b<\/span><\/div><\/div><\/div><\/div><\/div>\t\t\t\t<\/div>\n\t\t\t\t<\/div>\n\t\t\t\t\t<\/div>\n\t\t<\/div>\n\t\t\t\t\t<\/div>\n\t\t<\/section>\n\t\t\t\t<section class=\"elementor-section elementor-top-section elementor-element elementor-element-8c76ea9 elementor-section-boxed elementor-section-height-default elementor-section-height-default\" data-id=\"8c76ea9\" data-element_type=\"section\">\n\t\t\t\t\t\t<div class=\"elementor-container elementor-column-gap-default\">\n\t\t\t\t\t<div class=\"elementor-column elementor-col-100 elementor-top-column elementor-element elementor-element-e99b2b3\" data-id=\"e99b2b3\" data-element_type=\"column\">\n\t\t\t<div class=\"elementor-widget-wrap elementor-element-populated\">\n\t\t\t\t\t\t<div class=\"elementor-element elementor-element-a558696 elementor-widget-divider--view-line elementor-invisible elementor-widget elementor-widget-divider\" data-id=\"a558696\" data-element_type=\"widget\" data-settings=\"{&quot;_animation&quot;:&quot;slideInLeft&quot;}\" data-widget_type=\"divider.default\">\n\t\t\t\t<div class=\"elementor-widget-container\">\n\t\t\t\t\t\t\t<div class=\"elementor-divider\">\n\t\t\t<span class=\"elementor-divider-separator\">\n\t\t\t\t\t\t<\/span>\n\t\t<\/div>\n\t\t\t\t\t\t<\/div>\n\t\t\t\t<\/div>\n\t\t\t\t\t<\/div>\n\t\t<\/div>\n\t\t\t\t\t<\/div>\n\t\t<\/section>\n\t\t\t\t<section class=\"elementor-section elementor-top-section elementor-element elementor-element-ab555f8 elementor-section-boxed elementor-section-height-default elementor-section-height-default\" data-id=\"ab555f8\" data-element_type=\"section\">\n\t\t\t\t\t\t<div class=\"elementor-container elementor-column-gap-default\">\n\t\t\t\t\t<div class=\"elementor-column elementor-col-33 elementor-top-column elementor-element elementor-element-709173f\" data-id=\"709173f\" data-element_type=\"column\">\n\t\t\t<div class=\"elementor-widget-wrap elementor-element-populated\">\n\t\t\t\t\t\t<div class=\"elementor-element elementor-element-8472bfd aleft elementor-widget elementor-widget-wgl-double-heading\" data-id=\"8472bfd\" data-element_type=\"widget\" data-widget_type=\"wgl-double-heading.default\">\n\t\t\t\t<div class=\"elementor-widget-container\">\n\t\t\t\t\t<div class=\"wgl-double-heading\"><h3 class=\"dblh__title-wrapper\"><span class=\"dblh__title dblh__title-1\">Location Meissen<\/span><\/h3><\/div>\t\t\t\t<\/div>\n\t\t\t\t<\/div>\n\t\t\t\t<div class=\"elementor-element elementor-element-1513a80 elementor-widget elementor-widget-text-editor\" data-id=\"1513a80\" data-element_type=\"widget\" data-widget_type=\"text-editor.default\">\n\t\t\t\t<div class=\"elementor-widget-container\">\n\t\t\t\t\t\t\t\t\t<p>BBR Richtsatzverleih GmbH<br \/>Fabrikstra\u00dfe 9\/10, 01662 Meissen:<br \/><strong>Warehouse<\/strong><br \/><strong>Logistic<\/strong><br \/><strong>Distribution<\/strong><br \/><strong>Repair and maintenance<\/strong><\/p>\t\t\t\t\t\t\t\t<\/div>\n\t\t\t\t<\/div>\n\t\t\t\t\t<\/div>\n\t\t<\/div>\n\t\t\t\t<div class=\"elementor-column elementor-col-33 elementor-top-column elementor-element elementor-element-8c3d708\" data-id=\"8c3d708\" data-element_type=\"column\">\n\t\t\t<div class=\"elementor-widget-wrap elementor-element-populated\">\n\t\t\t\t\t\t<div class=\"elementor-element elementor-element-7aff184 elementor-widget elementor-widget-image\" data-id=\"7aff184\" data-element_type=\"widget\" data-widget_type=\"image.default\">\n\t\t\t\t<div class=\"elementor-widget-container\">\n\t\t\t\t\t\t\t\t\t\t\t\t\t\t\t<img decoding=\"async\" width=\"800\" height=\"440\" src=\"https:\/\/www.walter-richtsatzverleih.de\/wp-content\/uploads\/2023\/07\/richtsatzverleih-brandenburg_standort-luebben.jpg\" class=\"attachment-full size-full wp-image-17756\" alt=\"\" srcset=\"https:\/\/www.walter-richtsatzverleih.de\/wp-content\/uploads\/2023\/07\/richtsatzverleih-brandenburg_standort-luebben.jpg 800w, https:\/\/www.walter-richtsatzverleih.de\/wp-content\/uploads\/2023\/07\/richtsatzverleih-brandenburg_standort-luebben-300x165.jpg 300w, https:\/\/www.walter-richtsatzverleih.de\/wp-content\/uploads\/2023\/07\/richtsatzverleih-brandenburg_standort-luebben-768x422.jpg 768w\" sizes=\"(max-width: 800px) 100vw, 800px\" \/>\t\t\t\t\t\t\t\t\t\t\t\t\t\t\t<\/div>\n\t\t\t\t<\/div>\n\t\t\t\t\t<\/div>\n\t\t<\/div>\n\t\t\t\t<div class=\"elementor-column elementor-col-33 elementor-top-column elementor-element elementor-element-34692f9\" data-id=\"34692f9\" data-element_type=\"column\" data-settings=\"{&quot;background_background&quot;:&quot;classic&quot;}\">\n\t\t\t<div class=\"elementor-widget-wrap elementor-element-populated\">\n\t\t\t\t\t\t<div class=\"elementor-element elementor-element-4a9aa13 acenter elementor-widget-icon-box wgl-icon-box elementor-view-default elementor-widget elementor-widget-wgl-info-box\" data-id=\"4a9aa13\" data-element_type=\"widget\" data-widget_type=\"wgl-info-box.default\">\n\t\t\t\t<div class=\"elementor-widget-container\">\n\t\t\t\t\t<div class=\"wgl-infobox\"><a class=\"wgl-infobox__link\" href=\"https:\/\/maps.app.goo.gl\/RoBQtTTobbsfubCb8\" target=\"_blank\"><\/a><div class=\"wgl-infobox_wrapper wgl-layout-top\"><div class=\"media-wrapper icon-wrapper\"><span class=\"wgl-icon\" ><i class=\"icon elementor-icon fas fa-map-marker-alt\" aria-hidden=\"true\"><\/i><\/span><\/div><div class=\"content_wrapper\"><div class=\"wgl-infobox-title_wrapper\"><h3 class=\"wgl-infobox_title\"><span class=\"wgl-infobox_title-idle\">BBR RICHTSATZVERLEIH GMBH<\/span><\/h3><\/div><div class=\"wgl-infobox-button_wrapper\"><div  class=\"wgl-infobox_button button-read-more\"><span>ON GOOGLE MAPS\u200b<\/span><\/div><\/div><\/div><\/div><\/div>\t\t\t\t<\/div>\n\t\t\t\t<\/div>\n\t\t\t\t\t<\/div>\n\t\t<\/div>\n\t\t\t\t\t<\/div>\n\t\t<\/section>\n\t\t\t\t<\/div>\n\t\t","protected":false},"excerpt":{"rendered":"<p>05 &#8211; Locations 2x in Germany. Location Radebeul Gunter Walter RichtsatzverleihL\u00f6\u00dfnitzgrundstra\u00dfe 12, 01445 Radebeul:Order planningPreparing the alignment kitOrder acceptanceManagement GUNTER WALTER RICHTSATZVERLEIH ON GOOGLE MAPS\u200b Location Meissen BBR Richtsatzverleih GmbHFabrikstra\u00dfe 9\/10, 01662 Meissen:WarehouseLogisticDistributionRepair and maintenance BBR RICHTSATZVERLEIH GMBH ON GOOGLE MAPS\u200b<\/p>\n","protected":false},"author":1,"featured_media":17775,"parent":0,"menu_order":0,"comment_status":"closed","ping_status":"closed","template":"","meta":{"footnotes":""},"class_list":["post-15924","page","type-page","status-publish","has-post-thumbnail","hentry"],"yoast_head":"<!-- This site is optimized with the Yoast SEO plugin v25.4 - https:\/\/yoast.com\/wordpress\/plugins\/seo\/ -->\n<title>Locations - Walter Richtsatzverleih<\/title>\n<meta name=\"description\" content=\"There are two of us in Germany: in Radebeul near Dresden in Saxony and L\u00fcbben in Brandenburg.\" \/>\n<meta name=\"robots\" content=\"index, follow, max-snippet:-1, max-image-preview:large, max-video-preview:-1\" \/>\n<link rel=\"canonical\" href=\"https:\/\/www.walter-richtsatzverleih.de\/en\/locations\/\" \/>\n<meta property=\"og:locale\" content=\"en_US\" \/>\n<meta property=\"og:type\" content=\"article\" \/>\n<meta property=\"og:title\" content=\"Locations - Walter Richtsatzverleih\" \/>\n<meta property=\"og:description\" content=\"There are two of us in Germany: in Radebeul near Dresden in Saxony and L\u00fcbben in Brandenburg.\" \/>\n<meta property=\"og:url\" content=\"https:\/\/www.walter-richtsatzverleih.de\/en\/locations\/\" \/>\n<meta property=\"og:site_name\" content=\"Walter Richtsatzverleih\" \/>\n<meta property=\"article:modified_time\" content=\"2025-10-10T17:51:14+00:00\" \/>\n<meta property=\"og:image\" content=\"http:\/\/www.walter-richtsatzverleih.de\/wp-content\/uploads\/2023\/07\/walter-richtsatzverleih_ueberblick_standorte.jpg\" \/>\n\t<meta property=\"og:image:width\" content=\"320\" \/>\n\t<meta property=\"og:image:height\" content=\"250\" \/>\n\t<meta property=\"og:image:type\" content=\"image\/jpeg\" \/>\n<meta name=\"twitter:card\" content=\"summary_large_image\" \/>\n<meta name=\"twitter:label1\" content=\"Est. reading time\" \/>\n\t<meta name=\"twitter:data1\" content=\"1 minute\" \/>\n<script type=\"application\/ld+json\" class=\"yoast-schema-graph\">{\"@context\":\"https:\/\/schema.org\",\"@graph\":[{\"@type\":\"WebPage\",\"@id\":\"https:\/\/www.walter-richtsatzverleih.de\/en\/locations\/\",\"url\":\"https:\/\/www.walter-richtsatzverleih.de\/en\/locations\/\",\"name\":\"Locations - Walter Richtsatzverleih\",\"isPartOf\":{\"@id\":\"https:\/\/www.walter-richtsatzverleih.de\/en\/#website\"},\"primaryImageOfPage\":{\"@id\":\"https:\/\/www.walter-richtsatzverleih.de\/en\/locations\/#primaryimage\"},\"image\":{\"@id\":\"https:\/\/www.walter-richtsatzverleih.de\/en\/locations\/#primaryimage\"},\"thumbnailUrl\":\"https:\/\/www.walter-richtsatzverleih.de\/wp-content\/uploads\/2023\/07\/walter-richtsatzverleih_ueberblick_standorte.jpg\",\"datePublished\":\"2022-06-29T08:28:00+00:00\",\"dateModified\":\"2025-10-10T17:51:14+00:00\",\"description\":\"There are two of us in Germany: in Radebeul near Dresden in Saxony and L\u00fcbben in Brandenburg.\",\"breadcrumb\":{\"@id\":\"https:\/\/www.walter-richtsatzverleih.de\/en\/locations\/#breadcrumb\"},\"inLanguage\":\"en-US\",\"potentialAction\":[{\"@type\":\"ReadAction\",\"target\":[\"https:\/\/www.walter-richtsatzverleih.de\/en\/locations\/\"]}]},{\"@type\":\"ImageObject\",\"inLanguage\":\"en-US\",\"@id\":\"https:\/\/www.walter-richtsatzverleih.de\/en\/locations\/#primaryimage\",\"url\":\"https:\/\/www.walter-richtsatzverleih.de\/wp-content\/uploads\/2023\/07\/walter-richtsatzverleih_ueberblick_standorte.jpg\",\"contentUrl\":\"https:\/\/www.walter-richtsatzverleih.de\/wp-content\/uploads\/2023\/07\/walter-richtsatzverleih_ueberblick_standorte.jpg\",\"width\":320,\"height\":250},{\"@type\":\"BreadcrumbList\",\"@id\":\"https:\/\/www.walter-richtsatzverleih.de\/en\/locations\/#breadcrumb\",\"itemListElement\":[{\"@type\":\"ListItem\",\"position\":1,\"name\":\"Startseite\",\"item\":\"https:\/\/www.walter-richtsatzverleih.de\/en\/\"},{\"@type\":\"ListItem\",\"position\":2,\"name\":\"Locations\"}]},{\"@type\":\"WebSite\",\"@id\":\"https:\/\/www.walter-richtsatzverleih.de\/en\/#website\",\"url\":\"https:\/\/www.walter-richtsatzverleih.de\/en\/\",\"name\":\"Walter Richtsatzverleih\",\"description\":\"Wir verleihen und vermieten unter anderem Richts\u00e4tze und sind OTLG-Partner.\",\"potentialAction\":[{\"@type\":\"SearchAction\",\"target\":{\"@type\":\"EntryPoint\",\"urlTemplate\":\"https:\/\/www.walter-richtsatzverleih.de\/en\/?s={search_term_string}\"},\"query-input\":{\"@type\":\"PropertyValueSpecification\",\"valueRequired\":true,\"valueName\":\"search_term_string\"}}],\"inLanguage\":\"en-US\"}]}<\/script>\n<!-- \/ Yoast SEO plugin. -->","yoast_head_json":{"title":"Locations - Walter Richtsatzverleih","description":"There are two of us in Germany: in Radebeul near Dresden in Saxony and L\u00fcbben in Brandenburg.","robots":{"index":"index","follow":"follow","max-snippet":"max-snippet:-1","max-image-preview":"max-image-preview:large","max-video-preview":"max-video-preview:-1"},"canonical":"https:\/\/www.walter-richtsatzverleih.de\/en\/locations\/","og_locale":"en_US","og_type":"article","og_title":"Locations - Walter Richtsatzverleih","og_description":"There are two of us in Germany: in Radebeul near Dresden in Saxony and L\u00fcbben in Brandenburg.","og_url":"https:\/\/www.walter-richtsatzverleih.de\/en\/locations\/","og_site_name":"Walter Richtsatzverleih","article_modified_time":"2025-10-10T17:51:14+00:00","og_image":[{"width":320,"height":250,"url":"http:\/\/www.walter-richtsatzverleih.de\/wp-content\/uploads\/2023\/07\/walter-richtsatzverleih_ueberblick_standorte.jpg","type":"image\/jpeg"}],"twitter_card":"summary_large_image","twitter_misc":{"Est. reading time":"1 minute"},"schema":{"@context":"https:\/\/schema.org","@graph":[{"@type":"WebPage","@id":"https:\/\/www.walter-richtsatzverleih.de\/en\/locations\/","url":"https:\/\/www.walter-richtsatzverleih.de\/en\/locations\/","name":"Locations - Walter Richtsatzverleih","isPartOf":{"@id":"https:\/\/www.walter-richtsatzverleih.de\/en\/#website"},"primaryImageOfPage":{"@id":"https:\/\/www.walter-richtsatzverleih.de\/en\/locations\/#primaryimage"},"image":{"@id":"https:\/\/www.walter-richtsatzverleih.de\/en\/locations\/#primaryimage"},"thumbnailUrl":"https:\/\/www.walter-richtsatzverleih.de\/wp-content\/uploads\/2023\/07\/walter-richtsatzverleih_ueberblick_standorte.jpg","datePublished":"2022-06-29T08:28:00+00:00","dateModified":"2025-10-10T17:51:14+00:00","description":"There are two of us in Germany: in Radebeul near Dresden in Saxony and L\u00fcbben in Brandenburg.","breadcrumb":{"@id":"https:\/\/www.walter-richtsatzverleih.de\/en\/locations\/#breadcrumb"},"inLanguage":"en-US","potentialAction":[{"@type":"ReadAction","target":["https:\/\/www.walter-richtsatzverleih.de\/en\/locations\/"]}]},{"@type":"ImageObject","inLanguage":"en-US","@id":"https:\/\/www.walter-richtsatzverleih.de\/en\/locations\/#primaryimage","url":"https:\/\/www.walter-richtsatzverleih.de\/wp-content\/uploads\/2023\/07\/walter-richtsatzverleih_ueberblick_standorte.jpg","contentUrl":"https:\/\/www.walter-richtsatzverleih.de\/wp-content\/uploads\/2023\/07\/walter-richtsatzverleih_ueberblick_standorte.jpg","width":320,"height":250},{"@type":"BreadcrumbList","@id":"https:\/\/www.walter-richtsatzverleih.de\/en\/locations\/#breadcrumb","itemListElement":[{"@type":"ListItem","position":1,"name":"Startseite","item":"https:\/\/www.walter-richtsatzverleih.de\/en\/"},{"@type":"ListItem","position":2,"name":"Locations"}]},{"@type":"WebSite","@id":"https:\/\/www.walter-richtsatzverleih.de\/en\/#website","url":"https:\/\/www.walter-richtsatzverleih.de\/en\/","name":"Walter Richtsatzverleih","description":"Wir verleihen und vermieten unter anderem Richts\u00e4tze und sind OTLG-Partner.","potentialAction":[{"@type":"SearchAction","target":{"@type":"EntryPoint","urlTemplate":"https:\/\/www.walter-richtsatzverleih.de\/en\/?s={search_term_string}"},"query-input":{"@type":"PropertyValueSpecification","valueRequired":true,"valueName":"search_term_string"}}],"inLanguage":"en-US"}]}},"_links":{"self":[{"href":"https:\/\/www.walter-richtsatzverleih.de\/en\/wp-json\/wp\/v2\/pages\/15924","targetHints":{"allow":["GET"]}}],"collection":[{"href":"https:\/\/www.walter-richtsatzverleih.de\/en\/wp-json\/wp\/v2\/pages"}],"about":[{"href":"https:\/\/www.walter-richtsatzverleih.de\/en\/wp-json\/wp\/v2\/types\/page"}],"author":[{"embeddable":true,"href":"https:\/\/www.walter-richtsatzverleih.de\/en\/wp-json\/wp\/v2\/users\/1"}],"replies":[{"embeddable":true,"href":"https:\/\/www.walter-richtsatzverleih.de\/en\/wp-json\/wp\/v2\/comments?post=15924"}],"version-history":[{"count":16,"href":"https:\/\/www.walter-richtsatzverleih.de\/en\/wp-json\/wp\/v2\/pages\/15924\/revisions"}],"predecessor-version":[{"id":18750,"href":"https:\/\/www.walter-richtsatzverleih.de\/en\/wp-json\/wp\/v2\/pages\/15924\/revisions\/18750"}],"wp:featuredmedia":[{"embeddable":true,"href":"https:\/\/www.walter-richtsatzverleih.de\/en\/wp-json\/wp\/v2\/media\/17775"}],"wp:attachment":[{"href":"https:\/\/www.walter-richtsatzverleih.de\/en\/wp-json\/wp\/v2\/media?parent=15924"}],"curies":[{"name":"wp","href":"https:\/\/api.w.org\/{rel}","templated":true}]}}