{"id":18501,"date":"2025-03-06T14:42:03","date_gmt":"2025-03-06T13:42:03","guid":{"rendered":"https:\/\/www.walter-richtsatzverleih.de\/?post_type=product&#038;p=18501"},"modified":"2026-01-21T14:22:49","modified_gmt":"2026-01-21T13:22:49","slug":"hydrauliksatz-4t-sc-40014","status":"publish","type":"product","link":"https:\/\/www.walter-richtsatzverleih.de\/cs\/produkt\/hydrauliksatz-4t-sc-40014\/","title":{"rendered":"Hydrauliksatz 4T-SC.40014"},"content":{"rendered":"","protected":false},"excerpt":{"rendered":"<p>Hydrauliksatz 4T<\/p>\n<ul class=\"grido_list grido_star\">\n<li>Celette Referenz: SC.40014<\/li>\n<li>Hydraulikzubeh\u00f6r<\/li>\n<\/ul>\n","protected":false},"featured_media":18776,"template":"","meta":[],"product_brand":[],"product_cat":[79],"product_tag":[],"class_list":{"0":"post-18501","1":"product","2":"type-product","3":"status-publish","4":"has-post-thumbnail","6":"product_cat-hydraulikzubehoer","7":"product_shipping_class-schwer","9":"first","10":"instock","11":"taxable","12":"shipping-taxable","13":"purchasable","14":"product-type-simple"},"yoast_head":"<!-- This site is optimized with the Yoast SEO plugin v25.4 - https:\/\/yoast.com\/wordpress\/plugins\/seo\/ -->\n<title>Hydrauliksatz 4T-SC.40014 - Walter Richtsatzverleih<\/title>\n<meta name=\"description\" content=\"Celette Hydrauliksatz 4T-SC.40014\" \/>\n<meta name=\"robots\" content=\"index, follow, max-snippet:-1, max-image-preview:large, max-video-preview:-1\" \/>\n<link rel=\"canonical\" href=\"https:\/\/www.walter-richtsatzverleih.de\/cs\/produkt\/hydrauliksatz-4t-sc-40014\/\" \/>\n<meta property=\"og:locale\" content=\"cs_CZ\" \/>\n<meta property=\"og:type\" content=\"article\" \/>\n<meta property=\"og:title\" content=\"Hydrauliksatz 4T-SC.40014 - Walter Richtsatzverleih\" \/>\n<meta property=\"og:description\" content=\"Celette Hydrauliksatz 4T-SC.40014\" \/>\n<meta property=\"og:url\" content=\"https:\/\/www.walter-richtsatzverleih.de\/cs\/produkt\/hydrauliksatz-4t-sc-40014\/\" \/>\n<meta property=\"og:site_name\" content=\"Walter Richtsatzverleih\" \/>\n<meta property=\"article:modified_time\" content=\"2026-01-21T13:22:49+00:00\" \/>\n<meta property=\"og:image\" content=\"http:\/\/www.walter-richtsatzverleih.de\/wp-content\/uploads\/2025\/03\/Celette-Hydrauliksatz-4T-SC40014-540x540-1.jpg\" \/>\n\t<meta property=\"og:image:width\" content=\"540\" \/>\n\t<meta property=\"og:image:height\" content=\"540\" \/>\n\t<meta property=\"og:image:type\" content=\"image\/jpeg\" \/>\n<meta name=\"twitter:card\" content=\"summary_large_image\" \/>\n<meta name=\"twitter:label1\" content=\"Odhadovan\u00e1 doba \u010dten\u00ed\" \/>\n\t<meta name=\"twitter:data1\" content=\"1 minuta\" \/>\n<script type=\"application\/ld+json\" class=\"yoast-schema-graph\">{\"@context\":\"https:\/\/schema.org\",\"@graph\":[{\"@type\":\"WebPage\",\"@id\":\"https:\/\/www.walter-richtsatzverleih.de\/cs\/produkt\/hydrauliksatz-4t-sc-40014\/\",\"url\":\"https:\/\/www.walter-richtsatzverleih.de\/cs\/produkt\/hydrauliksatz-4t-sc-40014\/\",\"name\":\"Hydrauliksatz 4T-SC.40014 - Walter Richtsatzverleih\",\"isPartOf\":{\"@id\":\"https:\/\/www.walter-richtsatzverleih.de\/cs\/#website\"},\"primaryImageOfPage\":{\"@id\":\"https:\/\/www.walter-richtsatzverleih.de\/cs\/produkt\/hydrauliksatz-4t-sc-40014\/#primaryimage\"},\"image\":{\"@id\":\"https:\/\/www.walter-richtsatzverleih.de\/cs\/produkt\/hydrauliksatz-4t-sc-40014\/#primaryimage\"},\"thumbnailUrl\":\"https:\/\/www.walter-richtsatzverleih.de\/wp-content\/uploads\/2025\/03\/Celette-Hydrauliksatz-4T-SC40014-540x540-1.jpg\",\"datePublished\":\"2025-03-06T13:42:03+00:00\",\"dateModified\":\"2026-01-21T13:22:49+00:00\",\"description\":\"Celette Hydrauliksatz 4T-SC.40014\",\"breadcrumb\":{\"@id\":\"https:\/\/www.walter-richtsatzverleih.de\/cs\/produkt\/hydrauliksatz-4t-sc-40014\/#breadcrumb\"},\"inLanguage\":\"cs\",\"potentialAction\":[{\"@type\":\"ReadAction\",\"target\":[\"https:\/\/www.walter-richtsatzverleih.de\/cs\/produkt\/hydrauliksatz-4t-sc-40014\/\"]}]},{\"@type\":\"ImageObject\",\"inLanguage\":\"cs\",\"@id\":\"https:\/\/www.walter-richtsatzverleih.de\/cs\/produkt\/hydrauliksatz-4t-sc-40014\/#primaryimage\",\"url\":\"https:\/\/www.walter-richtsatzverleih.de\/wp-content\/uploads\/2025\/03\/Celette-Hydrauliksatz-4T-SC40014-540x540-1.jpg\",\"contentUrl\":\"https:\/\/www.walter-richtsatzverleih.de\/wp-content\/uploads\/2025\/03\/Celette-Hydrauliksatz-4T-SC40014-540x540-1.jpg\",\"width\":540,\"height\":540},{\"@type\":\"BreadcrumbList\",\"@id\":\"https:\/\/www.walter-richtsatzverleih.de\/cs\/produkt\/hydrauliksatz-4t-sc-40014\/#breadcrumb\",\"itemListElement\":[{\"@type\":\"ListItem\",\"position\":1,\"name\":\"Startseite\",\"item\":\"https:\/\/www.walter-richtsatzverleih.de\/cs\/\"},{\"@type\":\"ListItem\",\"position\":2,\"name\":\"Shop\",\"item\":\"https:\/\/www.walter-richtsatzverleih.de\/shop\/\"},{\"@type\":\"ListItem\",\"position\":3,\"name\":\"Hydrauliksatz 4T-SC.40014\"}]},{\"@type\":\"WebSite\",\"@id\":\"https:\/\/www.walter-richtsatzverleih.de\/cs\/#website\",\"url\":\"https:\/\/www.walter-richtsatzverleih.de\/cs\/\",\"name\":\"Walter Richtsatzverleih\",\"description\":\"Wir verleihen und vermieten unter anderem Richts\u00e4tze und sind OTLG-Partner.\",\"potentialAction\":[{\"@type\":\"SearchAction\",\"target\":{\"@type\":\"EntryPoint\",\"urlTemplate\":\"https:\/\/www.walter-richtsatzverleih.de\/cs\/?s={search_term_string}\"},\"query-input\":{\"@type\":\"PropertyValueSpecification\",\"valueRequired\":true,\"valueName\":\"search_term_string\"}}],\"inLanguage\":\"cs\"}]}<\/script>\n<!-- \/ Yoast SEO plugin. -->","yoast_head_json":{"title":"Hydrauliksatz 4T-SC.40014 - Walter Richtsatzverleih","description":"Celette Hydrauliksatz 4T-SC.40014","robots":{"index":"index","follow":"follow","max-snippet":"max-snippet:-1","max-image-preview":"max-image-preview:large","max-video-preview":"max-video-preview:-1"},"canonical":"https:\/\/www.walter-richtsatzverleih.de\/cs\/produkt\/hydrauliksatz-4t-sc-40014\/","og_locale":"cs_CZ","og_type":"article","og_title":"Hydrauliksatz 4T-SC.40014 - Walter Richtsatzverleih","og_description":"Celette Hydrauliksatz 4T-SC.40014","og_url":"https:\/\/www.walter-richtsatzverleih.de\/cs\/produkt\/hydrauliksatz-4t-sc-40014\/","og_site_name":"Walter Richtsatzverleih","article_modified_time":"2026-01-21T13:22:49+00:00","og_image":[{"width":540,"height":540,"url":"http:\/\/www.walter-richtsatzverleih.de\/wp-content\/uploads\/2025\/03\/Celette-Hydrauliksatz-4T-SC40014-540x540-1.jpg","type":"image\/jpeg"}],"twitter_card":"summary_large_image","twitter_misc":{"Odhadovan\u00e1 doba \u010dten\u00ed":"1 minuta"},"schema":{"@context":"https:\/\/schema.org","@graph":[{"@type":"WebPage","@id":"https:\/\/www.walter-richtsatzverleih.de\/cs\/produkt\/hydrauliksatz-4t-sc-40014\/","url":"https:\/\/www.walter-richtsatzverleih.de\/cs\/produkt\/hydrauliksatz-4t-sc-40014\/","name":"Hydrauliksatz 4T-SC.40014 - Walter Richtsatzverleih","isPartOf":{"@id":"https:\/\/www.walter-richtsatzverleih.de\/cs\/#website"},"primaryImageOfPage":{"@id":"https:\/\/www.walter-richtsatzverleih.de\/cs\/produkt\/hydrauliksatz-4t-sc-40014\/#primaryimage"},"image":{"@id":"https:\/\/www.walter-richtsatzverleih.de\/cs\/produkt\/hydrauliksatz-4t-sc-40014\/#primaryimage"},"thumbnailUrl":"https:\/\/www.walter-richtsatzverleih.de\/wp-content\/uploads\/2025\/03\/Celette-Hydrauliksatz-4T-SC40014-540x540-1.jpg","datePublished":"2025-03-06T13:42:03+00:00","dateModified":"2026-01-21T13:22:49+00:00","description":"Celette Hydrauliksatz 4T-SC.40014","breadcrumb":{"@id":"https:\/\/www.walter-richtsatzverleih.de\/cs\/produkt\/hydrauliksatz-4t-sc-40014\/#breadcrumb"},"inLanguage":"cs","potentialAction":[{"@type":"ReadAction","target":["https:\/\/www.walter-richtsatzverleih.de\/cs\/produkt\/hydrauliksatz-4t-sc-40014\/"]}]},{"@type":"ImageObject","inLanguage":"cs","@id":"https:\/\/www.walter-richtsatzverleih.de\/cs\/produkt\/hydrauliksatz-4t-sc-40014\/#primaryimage","url":"https:\/\/www.walter-richtsatzverleih.de\/wp-content\/uploads\/2025\/03\/Celette-Hydrauliksatz-4T-SC40014-540x540-1.jpg","contentUrl":"https:\/\/www.walter-richtsatzverleih.de\/wp-content\/uploads\/2025\/03\/Celette-Hydrauliksatz-4T-SC40014-540x540-1.jpg","width":540,"height":540},{"@type":"BreadcrumbList","@id":"https:\/\/www.walter-richtsatzverleih.de\/cs\/produkt\/hydrauliksatz-4t-sc-40014\/#breadcrumb","itemListElement":[{"@type":"ListItem","position":1,"name":"Startseite","item":"https:\/\/www.walter-richtsatzverleih.de\/cs\/"},{"@type":"ListItem","position":2,"name":"Shop","item":"https:\/\/www.walter-richtsatzverleih.de\/shop\/"},{"@type":"ListItem","position":3,"name":"Hydrauliksatz 4T-SC.40014"}]},{"@type":"WebSite","@id":"https:\/\/www.walter-richtsatzverleih.de\/cs\/#website","url":"https:\/\/www.walter-richtsatzverleih.de\/cs\/","name":"Walter Richtsatzverleih","description":"Wir verleihen und vermieten unter anderem Richts\u00e4tze und sind OTLG-Partner.","potentialAction":[{"@type":"SearchAction","target":{"@type":"EntryPoint","urlTemplate":"https:\/\/www.walter-richtsatzverleih.de\/cs\/?s={search_term_string}"},"query-input":{"@type":"PropertyValueSpecification","valueRequired":true,"valueName":"search_term_string"}}],"inLanguage":"cs"}]}},"_links":{"self":[{"href":"https:\/\/www.walter-richtsatzverleih.de\/cs\/wp-json\/wp\/v2\/product\/18501","targetHints":{"allow":["GET"]}}],"collection":[{"href":"https:\/\/www.walter-richtsatzverleih.de\/cs\/wp-json\/wp\/v2\/product"}],"about":[{"href":"https:\/\/www.walter-richtsatzverleih.de\/cs\/wp-json\/wp\/v2\/types\/product"}],"version-history":[{"count":5,"href":"https:\/\/www.walter-richtsatzverleih.de\/cs\/wp-json\/wp\/v2\/product\/18501\/revisions"}],"predecessor-version":[{"id":18775,"href":"https:\/\/www.walter-richtsatzverleih.de\/cs\/wp-json\/wp\/v2\/product\/18501\/revisions\/18775"}],"wp:featuredmedia":[{"embeddable":true,"href":"https:\/\/www.walter-richtsatzverleih.de\/cs\/wp-json\/wp\/v2\/media\/18776"}],"wp:attachment":[{"href":"https:\/\/www.walter-richtsatzverleih.de\/cs\/wp-json\/wp\/v2\/media?parent=18501"}],"wp:term":[{"taxonomy":"product_brand","embeddable":true,"href":"https:\/\/www.walter-richtsatzverleih.de\/cs\/wp-json\/wp\/v2\/product_brand?post=18501"},{"taxonomy":"product_cat","embeddable":true,"href":"https:\/\/www.walter-richtsatzverleih.de\/cs\/wp-json\/wp\/v2\/product_cat?post=18501"},{"taxonomy":"product_tag","embeddable":true,"href":"https:\/\/www.walter-richtsatzverleih.de\/cs\/wp-json\/wp\/v2\/product_tag?post=18501"}],"curies":[{"name":"wp","href":"https:\/\/api.w.org\/{rel}","templated":true}]}}