{"id":17327,"date":"2022-12-05T11:43:08","date_gmt":"2022-12-05T10:43:08","guid":{"rendered":"https:\/\/www.celette-richtsatzverleih.de\/?post_type=product&#038;p=17327"},"modified":"2026-01-21T14:33:19","modified_gmt":"2026-01-21T13:33:19","slug":"kette-mit-einem-haken-240cm-lang","status":"publish","type":"product","link":"https:\/\/www.walter-richtsatzverleih.de\/cs\/produkt\/kette-mit-einem-haken-240cm-lang\/","title":{"rendered":"Kette mit einem Haken 2,4m lang"},"content":{"rendered":"","protected":false},"excerpt":{"rendered":"<p>Kette, Durchmesser 10mm mit einem Haken, 2,4m lang<\/p>\n<ul class=\"grido_list grido_star\">\n<li>Celette Referenz: CN.2410<\/li>\n<li>Hydraulikzubeh\u00f6r<\/li>\n<\/ul>\n","protected":false},"featured_media":17329,"template":"","meta":[],"product_brand":[],"product_cat":[79],"product_tag":[],"class_list":{"0":"post-17327","1":"product","2":"type-product","3":"status-publish","4":"has-post-thumbnail","6":"product_cat-hydraulikzubehoer","7":"product_shipping_class-versand","9":"first","10":"instock","11":"taxable","12":"shipping-taxable","13":"purchasable","14":"product-type-simple"},"yoast_head":"<!-- This site is optimized with the Yoast SEO plugin v25.4 - https:\/\/yoast.com\/wordpress\/plugins\/seo\/ -->\n<title>Kette mit einem Haken 2,4m lang - Walter Richtsatzverleih<\/title>\n<meta name=\"description\" content=\"Celette Kette mit einem Haken 240 cm lang\" \/>\n<meta name=\"robots\" content=\"index, follow, max-snippet:-1, max-image-preview:large, max-video-preview:-1\" \/>\n<link rel=\"canonical\" href=\"https:\/\/www.walter-richtsatzverleih.de\/cs\/produkt\/kette-mit-einem-haken-240cm-lang\/\" \/>\n<meta property=\"og:locale\" content=\"cs_CZ\" \/>\n<meta property=\"og:type\" content=\"article\" \/>\n<meta property=\"og:title\" content=\"Kette mit einem Haken 2,4m lang - Walter Richtsatzverleih\" \/>\n<meta property=\"og:description\" content=\"Celette Kette mit einem Haken 240 cm lang\" \/>\n<meta property=\"og:url\" content=\"https:\/\/www.walter-richtsatzverleih.de\/cs\/produkt\/kette-mit-einem-haken-240cm-lang\/\" \/>\n<meta property=\"og:site_name\" content=\"Walter Richtsatzverleih\" \/>\n<meta property=\"article:modified_time\" content=\"2026-01-21T13:33:19+00:00\" \/>\n<meta property=\"og:image\" content=\"http:\/\/www.walter-richtsatzverleih.de\/wp-content\/uploads\/2022\/12\/kette-mit-haken-240.jpg\" \/>\n\t<meta property=\"og:image:width\" content=\"1080\" \/>\n\t<meta property=\"og:image:height\" content=\"1080\" \/>\n\t<meta property=\"og:image:type\" content=\"image\/jpeg\" \/>\n<meta name=\"twitter:card\" content=\"summary_large_image\" \/>\n<meta name=\"twitter:label1\" content=\"Odhadovan\u00e1 doba \u010dten\u00ed\" \/>\n\t<meta name=\"twitter:data1\" content=\"1 minuta\" \/>\n<script type=\"application\/ld+json\" class=\"yoast-schema-graph\">{\"@context\":\"https:\/\/schema.org\",\"@graph\":[{\"@type\":\"WebPage\",\"@id\":\"https:\/\/www.walter-richtsatzverleih.de\/cs\/produkt\/kette-mit-einem-haken-240cm-lang\/\",\"url\":\"https:\/\/www.walter-richtsatzverleih.de\/cs\/produkt\/kette-mit-einem-haken-240cm-lang\/\",\"name\":\"Kette mit einem Haken 2,4m lang - Walter Richtsatzverleih\",\"isPartOf\":{\"@id\":\"https:\/\/www.walter-richtsatzverleih.de\/cs\/#website\"},\"primaryImageOfPage\":{\"@id\":\"https:\/\/www.walter-richtsatzverleih.de\/cs\/produkt\/kette-mit-einem-haken-240cm-lang\/#primaryimage\"},\"image\":{\"@id\":\"https:\/\/www.walter-richtsatzverleih.de\/cs\/produkt\/kette-mit-einem-haken-240cm-lang\/#primaryimage\"},\"thumbnailUrl\":\"https:\/\/www.walter-richtsatzverleih.de\/wp-content\/uploads\/2022\/12\/kette-mit-haken-240.jpg\",\"datePublished\":\"2022-12-05T10:43:08+00:00\",\"dateModified\":\"2026-01-21T13:33:19+00:00\",\"description\":\"Celette Kette mit einem Haken 240 cm lang\",\"breadcrumb\":{\"@id\":\"https:\/\/www.walter-richtsatzverleih.de\/cs\/produkt\/kette-mit-einem-haken-240cm-lang\/#breadcrumb\"},\"inLanguage\":\"cs\",\"potentialAction\":[{\"@type\":\"ReadAction\",\"target\":[\"https:\/\/www.walter-richtsatzverleih.de\/cs\/produkt\/kette-mit-einem-haken-240cm-lang\/\"]}]},{\"@type\":\"ImageObject\",\"inLanguage\":\"cs\",\"@id\":\"https:\/\/www.walter-richtsatzverleih.de\/cs\/produkt\/kette-mit-einem-haken-240cm-lang\/#primaryimage\",\"url\":\"https:\/\/www.walter-richtsatzverleih.de\/wp-content\/uploads\/2022\/12\/kette-mit-haken-240.jpg\",\"contentUrl\":\"https:\/\/www.walter-richtsatzverleih.de\/wp-content\/uploads\/2022\/12\/kette-mit-haken-240.jpg\",\"width\":1080,\"height\":1080},{\"@type\":\"BreadcrumbList\",\"@id\":\"https:\/\/www.walter-richtsatzverleih.de\/cs\/produkt\/kette-mit-einem-haken-240cm-lang\/#breadcrumb\",\"itemListElement\":[{\"@type\":\"ListItem\",\"position\":1,\"name\":\"Startseite\",\"item\":\"https:\/\/www.walter-richtsatzverleih.de\/cs\/\"},{\"@type\":\"ListItem\",\"position\":2,\"name\":\"Shop\",\"item\":\"https:\/\/www.walter-richtsatzverleih.de\/shop\/\"},{\"@type\":\"ListItem\",\"position\":3,\"name\":\"Kette mit einem Haken 2,4m lang\"}]},{\"@type\":\"WebSite\",\"@id\":\"https:\/\/www.walter-richtsatzverleih.de\/cs\/#website\",\"url\":\"https:\/\/www.walter-richtsatzverleih.de\/cs\/\",\"name\":\"Walter Richtsatzverleih\",\"description\":\"Wir verleihen und vermieten unter anderem Richts\u00e4tze und sind OTLG-Partner.\",\"potentialAction\":[{\"@type\":\"SearchAction\",\"target\":{\"@type\":\"EntryPoint\",\"urlTemplate\":\"https:\/\/www.walter-richtsatzverleih.de\/cs\/?s={search_term_string}\"},\"query-input\":{\"@type\":\"PropertyValueSpecification\",\"valueRequired\":true,\"valueName\":\"search_term_string\"}}],\"inLanguage\":\"cs\"}]}<\/script>\n<!-- \/ Yoast SEO plugin. -->","yoast_head_json":{"title":"Kette mit einem Haken 2,4m lang - Walter Richtsatzverleih","description":"Celette Kette mit einem Haken 240 cm lang","robots":{"index":"index","follow":"follow","max-snippet":"max-snippet:-1","max-image-preview":"max-image-preview:large","max-video-preview":"max-video-preview:-1"},"canonical":"https:\/\/www.walter-richtsatzverleih.de\/cs\/produkt\/kette-mit-einem-haken-240cm-lang\/","og_locale":"cs_CZ","og_type":"article","og_title":"Kette mit einem Haken 2,4m lang - Walter Richtsatzverleih","og_description":"Celette Kette mit einem Haken 240 cm lang","og_url":"https:\/\/www.walter-richtsatzverleih.de\/cs\/produkt\/kette-mit-einem-haken-240cm-lang\/","og_site_name":"Walter Richtsatzverleih","article_modified_time":"2026-01-21T13:33:19+00:00","og_image":[{"width":1080,"height":1080,"url":"http:\/\/www.walter-richtsatzverleih.de\/wp-content\/uploads\/2022\/12\/kette-mit-haken-240.jpg","type":"image\/jpeg"}],"twitter_card":"summary_large_image","twitter_misc":{"Odhadovan\u00e1 doba \u010dten\u00ed":"1 minuta"},"schema":{"@context":"https:\/\/schema.org","@graph":[{"@type":"WebPage","@id":"https:\/\/www.walter-richtsatzverleih.de\/cs\/produkt\/kette-mit-einem-haken-240cm-lang\/","url":"https:\/\/www.walter-richtsatzverleih.de\/cs\/produkt\/kette-mit-einem-haken-240cm-lang\/","name":"Kette mit einem Haken 2,4m lang - Walter Richtsatzverleih","isPartOf":{"@id":"https:\/\/www.walter-richtsatzverleih.de\/cs\/#website"},"primaryImageOfPage":{"@id":"https:\/\/www.walter-richtsatzverleih.de\/cs\/produkt\/kette-mit-einem-haken-240cm-lang\/#primaryimage"},"image":{"@id":"https:\/\/www.walter-richtsatzverleih.de\/cs\/produkt\/kette-mit-einem-haken-240cm-lang\/#primaryimage"},"thumbnailUrl":"https:\/\/www.walter-richtsatzverleih.de\/wp-content\/uploads\/2022\/12\/kette-mit-haken-240.jpg","datePublished":"2022-12-05T10:43:08+00:00","dateModified":"2026-01-21T13:33:19+00:00","description":"Celette Kette mit einem Haken 240 cm lang","breadcrumb":{"@id":"https:\/\/www.walter-richtsatzverleih.de\/cs\/produkt\/kette-mit-einem-haken-240cm-lang\/#breadcrumb"},"inLanguage":"cs","potentialAction":[{"@type":"ReadAction","target":["https:\/\/www.walter-richtsatzverleih.de\/cs\/produkt\/kette-mit-einem-haken-240cm-lang\/"]}]},{"@type":"ImageObject","inLanguage":"cs","@id":"https:\/\/www.walter-richtsatzverleih.de\/cs\/produkt\/kette-mit-einem-haken-240cm-lang\/#primaryimage","url":"https:\/\/www.walter-richtsatzverleih.de\/wp-content\/uploads\/2022\/12\/kette-mit-haken-240.jpg","contentUrl":"https:\/\/www.walter-richtsatzverleih.de\/wp-content\/uploads\/2022\/12\/kette-mit-haken-240.jpg","width":1080,"height":1080},{"@type":"BreadcrumbList","@id":"https:\/\/www.walter-richtsatzverleih.de\/cs\/produkt\/kette-mit-einem-haken-240cm-lang\/#breadcrumb","itemListElement":[{"@type":"ListItem","position":1,"name":"Startseite","item":"https:\/\/www.walter-richtsatzverleih.de\/cs\/"},{"@type":"ListItem","position":2,"name":"Shop","item":"https:\/\/www.walter-richtsatzverleih.de\/shop\/"},{"@type":"ListItem","position":3,"name":"Kette mit einem Haken 2,4m lang"}]},{"@type":"WebSite","@id":"https:\/\/www.walter-richtsatzverleih.de\/cs\/#website","url":"https:\/\/www.walter-richtsatzverleih.de\/cs\/","name":"Walter Richtsatzverleih","description":"Wir verleihen und vermieten unter anderem Richts\u00e4tze und sind OTLG-Partner.","potentialAction":[{"@type":"SearchAction","target":{"@type":"EntryPoint","urlTemplate":"https:\/\/www.walter-richtsatzverleih.de\/cs\/?s={search_term_string}"},"query-input":{"@type":"PropertyValueSpecification","valueRequired":true,"valueName":"search_term_string"}}],"inLanguage":"cs"}]}},"_links":{"self":[{"href":"https:\/\/www.walter-richtsatzverleih.de\/cs\/wp-json\/wp\/v2\/product\/17327","targetHints":{"allow":["GET"]}}],"collection":[{"href":"https:\/\/www.walter-richtsatzverleih.de\/cs\/wp-json\/wp\/v2\/product"}],"about":[{"href":"https:\/\/www.walter-richtsatzverleih.de\/cs\/wp-json\/wp\/v2\/types\/product"}],"version-history":[{"count":3,"href":"https:\/\/www.walter-richtsatzverleih.de\/cs\/wp-json\/wp\/v2\/product\/17327\/revisions"}],"predecessor-version":[{"id":18167,"href":"https:\/\/www.walter-richtsatzverleih.de\/cs\/wp-json\/wp\/v2\/product\/17327\/revisions\/18167"}],"wp:featuredmedia":[{"embeddable":true,"href":"https:\/\/www.walter-richtsatzverleih.de\/cs\/wp-json\/wp\/v2\/media\/17329"}],"wp:attachment":[{"href":"https:\/\/www.walter-richtsatzverleih.de\/cs\/wp-json\/wp\/v2\/media?parent=17327"}],"wp:term":[{"taxonomy":"product_brand","embeddable":true,"href":"https:\/\/www.walter-richtsatzverleih.de\/cs\/wp-json\/wp\/v2\/product_brand?post=17327"},{"taxonomy":"product_cat","embeddable":true,"href":"https:\/\/www.walter-richtsatzverleih.de\/cs\/wp-json\/wp\/v2\/product_cat?post=17327"},{"taxonomy":"product_tag","embeddable":true,"href":"https:\/\/www.walter-richtsatzverleih.de\/cs\/wp-json\/wp\/v2\/product_tag?post=17327"}],"curies":[{"name":"wp","href":"https:\/\/api.w.org\/{rel}","templated":true}]}}