{"id":15697,"date":"2022-07-04T13:45:28","date_gmt":"2022-07-04T11:45:28","guid":{"rendered":"https:\/\/bbr.agenturkomma.de\/impresum\/"},"modified":"2025-12-13T14:25:04","modified_gmt":"2025-12-13T13:25:04","slug":"impresum","status":"publish","type":"page","link":"https:\/\/www.walter-richtsatzverleih.de\/cs\/impresum\/","title":{"rendered":"Impresum"},"content":{"rendered":"\t\t<div data-elementor-type=\"wp-page\" data-elementor-id=\"15697\" class=\"elementor elementor-15697 elementor-15144\">\n\t\t\t\t\t\t<section class=\"elementor-section elementor-top-section elementor-element elementor-element-71ee3e8 elementor-section-boxed elementor-section-height-default elementor-section-height-default\" data-id=\"71ee3e8\" data-element_type=\"section\">\n\t\t\t\t\t\t<div class=\"elementor-container elementor-column-gap-default\">\n\t\t\t\t\t<div class=\"elementor-column elementor-col-100 elementor-top-column elementor-element elementor-element-7855f06\" data-id=\"7855f06\" data-element_type=\"column\">\n\t\t\t<div class=\"elementor-widget-wrap elementor-element-populated\">\n\t\t\t\t\t\t<div class=\"elementor-element elementor-element-750e694 divider-yes aleft elementor-widget elementor-widget-wgl-double-heading\" data-id=\"750e694\" data-element_type=\"widget\" data-widget_type=\"wgl-double-heading.default\">\n\t\t\t\t<div class=\"elementor-widget-container\">\n\t\t\t\t\t<div class=\"wgl-double-heading\"><div class=\"dblh__subtitle\"><span>Impresum<\/span><\/div><h3 class=\"dblh__title-wrapper\"><span class=\"dblh__title dblh__title-1\">Informace o <\/span><span class=\"dblh__title dblh__title-2\">spole\u010dnosti<\/span><\/h3><\/div>\t\t\t\t<\/div>\n\t\t\t\t<\/div>\n\t\t\t\t\t<\/div>\n\t\t<\/div>\n\t\t\t\t\t<\/div>\n\t\t<\/section>\n\t\t\t\t<section class=\"elementor-section elementor-top-section elementor-element elementor-element-4aa58df elementor-section-boxed elementor-section-height-default elementor-section-height-default\" data-id=\"4aa58df\" data-element_type=\"section\">\n\t\t\t\t\t\t<div class=\"elementor-container elementor-column-gap-default\">\n\t\t\t\t\t<div class=\"elementor-column elementor-col-50 elementor-top-column elementor-element elementor-element-0e6b0a9\" data-id=\"0e6b0a9\" data-element_type=\"column\">\n\t\t\t<div class=\"elementor-widget-wrap elementor-element-populated\">\n\t\t\t\t\t\t<div class=\"elementor-element elementor-element-7a16f32 elementor-widget elementor-widget-spacer\" data-id=\"7a16f32\" data-element_type=\"widget\" data-widget_type=\"spacer.default\">\n\t\t\t\t<div class=\"elementor-widget-container\">\n\t\t\t\t\t\t\t<div class=\"elementor-spacer\">\n\t\t\t<div class=\"elementor-spacer-inner\"><\/div>\n\t\t<\/div>\n\t\t\t\t\t\t<\/div>\n\t\t\t\t<\/div>\n\t\t\t\t<div class=\"elementor-element elementor-element-4c040a5 elementor-widget elementor-widget-text-editor\" data-id=\"4c040a5\" data-element_type=\"widget\" data-widget_type=\"text-editor.default\">\n\t\t\t\t<div class=\"elementor-widget-container\">\n\t\t\t\t\t\t\t\t\t<p><strong>Gunter Walter Richtsatzverleih<\/strong><br \/>L\u00f6\u00dfnitzgrundstra\u00dfe 12, 01445 Radebeul<br \/>N\u011bmecko<\/p><p><strong>Majitel:<\/strong><br \/>Gunter Walter<\/p><p><strong>Kontakt:<\/strong><br \/>Telefon: +49 351 8362926<br \/>Telefax: +49 351 8361805<br \/>e-mailem: service@walter-richtsatzverleih.de<\/p><p><b>DI\u010c:<br \/><\/b>Da\u0148ov\u00e9 identifika\u010dn\u00ed \u010d\u00edslo dle \u00a727 z\u00e1kona o dani z obratu:<br \/>DE 140198473<\/p>\t\t\t\t\t\t\t\t<\/div>\n\t\t\t\t<\/div>\n\t\t\t\t<div class=\"elementor-element elementor-element-8f06359 elementor-widget-divider--view-line elementor-invisible elementor-widget elementor-widget-divider\" data-id=\"8f06359\" data-element_type=\"widget\" data-settings=\"{&quot;_animation&quot;:&quot;slideInLeft&quot;}\" data-widget_type=\"divider.default\">\n\t\t\t\t<div class=\"elementor-widget-container\">\n\t\t\t\t\t\t\t<div class=\"elementor-divider\">\n\t\t\t<span class=\"elementor-divider-separator\">\n\t\t\t\t\t\t<\/span>\n\t\t<\/div>\n\t\t\t\t\t\t<\/div>\n\t\t\t\t<\/div>\n\t\t\t\t<div class=\"elementor-element elementor-element-7600dfb elementor-widget elementor-widget-text-editor\" data-id=\"7600dfb\" data-element_type=\"widget\" data-widget_type=\"text-editor.default\">\n\t\t\t\t<div class=\"elementor-widget-container\">\n\t\t\t\t\t\t\t\t\t<p><strong>BBR Richtsatzverleih GmbH<\/strong><br \/>Fabrikstra\u00dfe 9-10, 01662 Mei\u00dfen<br \/>N\u011bmecko<\/p><p>Obchodn\u00ed rejst\u0159\u00edk: HRB 47094<br \/>Rejst\u0159\u00edkov\u00fd soud: Amtsgericht Dresden<\/p><p><strong>Reprezentov\u00e1no:<\/strong><br \/>Gunter Walter<\/p><p><b>Kontakt:<br \/><\/b>Telefon: + 49 3546 9347743<br \/>Telefax: +49 351 8361805<br \/>e-mailem: service@walter-richtsatzverleih.de<b><br \/><\/b><\/p><p><b>DI\u010c:<br \/><\/b>Da\u0148ov\u00e9 identifika\u010dn\u00ed \u010d\u00edslo dle \u00a727 z\u00e1kona o dani z obratu:<br \/>209\/106\/00975<\/p>\t\t\t\t\t\t\t\t<\/div>\n\t\t\t\t<\/div>\n\t\t\t\t\t<\/div>\n\t\t<\/div>\n\t\t\t\t<div class=\"elementor-column elementor-col-50 elementor-top-column elementor-element elementor-element-8505319\" data-id=\"8505319\" data-element_type=\"column\">\n\t\t\t<div class=\"elementor-widget-wrap elementor-element-populated\">\n\t\t\t\t\t\t<div class=\"elementor-element elementor-element-dfea1c1 elementor-widget elementor-widget-spacer\" data-id=\"dfea1c1\" data-element_type=\"widget\" data-widget_type=\"spacer.default\">\n\t\t\t\t<div class=\"elementor-widget-container\">\n\t\t\t\t\t\t\t<div class=\"elementor-spacer\">\n\t\t\t<div class=\"elementor-spacer-inner\"><\/div>\n\t\t<\/div>\n\t\t\t\t\t\t<\/div>\n\t\t\t\t<\/div>\n\t\t\t\t<div class=\"elementor-element elementor-element-e8650b3 elementor-widget elementor-widget-text-editor\" data-id=\"e8650b3\" data-element_type=\"widget\" data-widget_type=\"text-editor.default\">\n\t\t\t\t<div class=\"elementor-widget-container\">\n\t\t\t\t\t\t\t\t\t<p><b>Redak\u010dn\u011b odpov\u011bdn\u00fd:<br \/><\/b>Gunter Walter<br \/>L\u00f6\u00dfnitzgrundstra\u00dfe 12, 01445 Radebeul<br \/>N\u011bmecko<\/p><p><strong>\u0159e\u0161en\u00ed spor\u016f EU<\/strong><br \/>Evropsk\u00e1 komise poskytuje platformu pro online \u0159e\u0161en\u00ed spor\u016f (ODR):<br \/><a href=\"https:\/\/ec.europa.eu\/consumers\/odr\/\" target=\"_blank\" rel=\"noopener\">https:\/\/ec.europa.eu\/consumers\/odr\/<\/a>.<br \/>Na\u0161i e-mailovou adresu naleznete v\u00fd\u0161e v ozn\u00e1men\u00ed na webu.<\/p><p><strong>\u0158\u00edzen\u00ed o \u0159e\u0161en\u00ed spor\u016f p\u0159ed spot\u0159ebitelskou arbitr\u00e1\u017e\u00ed deska<\/strong><br \/>Nejsme ochotni ani povinni se \u00fa\u010dastnit \u0159\u00edzen\u00ed o \u0159e\u0161en\u00ed spor\u016f p\u0159ed spot\u0159ebitelem rozhod\u010d\u00ed komise.<\/p><p><strong>Tvorba webov\u00fdch str\u00e1nek:<br \/><\/strong>Agentur komma, Radeburg,<span> <\/span><a href=\"http:\/\/www.agenturkomma.de\/\" target=\"_blank\" rel=\"noopener noreferrer\">www.agenturkomma.de<\/a><\/p><p><strong>Odkazy na pou\u017eit\u00e9 obr\u00e1zky a grafiku:<\/strong><br \/>Agentur komma, Torsten Flechsig<br \/><a href=\"http:\/\/www.celette.com\/\" target=\"_blank\" rel=\"noopener noreferrer\">Celette.com<\/a><br \/><a href=\"http:\/\/www.bigstockphoto.com\/\" target=\"_blank\" rel=\"noopener noreferrer\">bigstockphoto.com<\/a>: Jonathan Weiss, Mino, Artzzz, yadamons, ricochet64, bigtunaonline, Hohlov Michail, huettenhoelscher, Foto VDW, cherezoff, Mikhail Leonov, Steve Lagreca, jevanto_productions, josefkubes, Pixinoo, Taina Sohlman, MalkovKosta, Yastremska, kadmy, AAW, Greentellect, David Pimborough, TpaBMa, Patryk Kosmider, Cuorerouc, trokhim, aapsky, Artzz, Foto VDW, Grisha Bruev, studio4a, foodbytes, ako photography, Primer55, kvsan<\/p><p><a href=\"https:\/\/www.dreamstime.com\" target=\"_blank\" rel=\"noopener\">Dreamstime.com:<\/a> <a href=\"https:\/\/www.dreamstime.com\/adoggster_info\">Adoggster<\/a><br \/><a href=\"https:\/\/pixabay.com\/de\/\" target=\"_blank\" rel=\"noopener noreferrer\">pixabay.com<\/a><\/p><p><em>Quelle:<span> <\/span><a href=\"https:\/\/www.e-recht24.de\/impressum-generator.html\" target=\"_blank\" rel=\"noopener noreferrer\">erecht24.de<\/a><\/em><\/p>\t\t\t\t\t\t\t\t<\/div>\n\t\t\t\t<\/div>\n\t\t\t\t\t<\/div>\n\t\t<\/div>\n\t\t\t\t\t<\/div>\n\t\t<\/section>\n\t\t\t\t<\/div>\n\t\t","protected":false},"excerpt":{"rendered":"<p>Impresum Informace o spole\u010dnosti Gunter Walter RichtsatzverleihL\u00f6\u00dfnitzgrundstra\u00dfe 12, 01445 RadebeulN\u011bmecko Majitel:Gunter Walter Kontakt:Telefon: +49 351 8362926Telefax: +49 351 8361805e-mailem: service@walter-richtsatzverleih.de DI\u010c:Da\u0148ov\u00e9 identifika\u010dn\u00ed \u010d\u00edslo dle \u00a727 z\u00e1kona o dani z obratu:DE 140198473 BBR Richtsatzverleih GmbHFabrikstra\u00dfe 9-10, 01662 Mei\u00dfenN\u011bmecko Obchodn\u00ed rejst\u0159\u00edk: HRB 47094Rejst\u0159\u00edkov\u00fd soud: Amtsgericht Dresden Reprezentov\u00e1no:Gunter Walter Kontakt:Telefon: + 49 3546 9347743Telefax: +49 351 8361805e-mailem: service@walter-richtsatzverleih.de [&hellip;]<\/p>\n","protected":false},"author":1,"featured_media":0,"parent":0,"menu_order":0,"comment_status":"closed","ping_status":"closed","template":"","meta":{"footnotes":""},"class_list":["post-15697","page","type-page","status-publish","hentry"],"yoast_head":"<!-- This site is optimized with the Yoast SEO plugin v25.4 - https:\/\/yoast.com\/wordpress\/plugins\/seo\/ -->\n<title>Impresum - Walter Richtsatzverleih<\/title>\n<meta name=\"description\" content=\"Impresum pro webov\u00e9 str\u00e1nky Gunter Walter Richtsatzverleih a BBR Richtsatzverleih GmbH.\" \/>\n<meta name=\"robots\" content=\"index, follow, max-snippet:-1, max-image-preview:large, max-video-preview:-1\" \/>\n<link rel=\"canonical\" href=\"https:\/\/www.walter-richtsatzverleih.de\/cs\/impresum\/\" \/>\n<meta property=\"og:locale\" content=\"cs_CZ\" \/>\n<meta property=\"og:type\" content=\"article\" \/>\n<meta property=\"og:title\" content=\"Impresum - Walter Richtsatzverleih\" \/>\n<meta property=\"og:description\" content=\"Impresum pro webov\u00e9 str\u00e1nky Gunter Walter Richtsatzverleih a BBR Richtsatzverleih GmbH.\" \/>\n<meta property=\"og:url\" content=\"https:\/\/www.walter-richtsatzverleih.de\/cs\/impresum\/\" \/>\n<meta property=\"og:site_name\" content=\"Walter Richtsatzverleih\" \/>\n<meta property=\"article:modified_time\" content=\"2025-12-13T13:25:04+00:00\" \/>\n<meta name=\"twitter:card\" content=\"summary_large_image\" \/>\n<meta name=\"twitter:label1\" content=\"Odhadovan\u00e1 doba \u010dten\u00ed\" \/>\n\t<meta name=\"twitter:data1\" content=\"2 minuty\" \/>\n<script type=\"application\/ld+json\" class=\"yoast-schema-graph\">{\"@context\":\"https:\/\/schema.org\",\"@graph\":[{\"@type\":\"WebPage\",\"@id\":\"https:\/\/www.walter-richtsatzverleih.de\/cs\/impresum\/\",\"url\":\"https:\/\/www.walter-richtsatzverleih.de\/cs\/impresum\/\",\"name\":\"Impresum - Walter Richtsatzverleih\",\"isPartOf\":{\"@id\":\"https:\/\/www.walter-richtsatzverleih.de\/cs\/#website\"},\"datePublished\":\"2022-07-04T11:45:28+00:00\",\"dateModified\":\"2025-12-13T13:25:04+00:00\",\"description\":\"Impresum pro webov\u00e9 str\u00e1nky Gunter Walter Richtsatzverleih a BBR Richtsatzverleih GmbH.\",\"breadcrumb\":{\"@id\":\"https:\/\/www.walter-richtsatzverleih.de\/cs\/impresum\/#breadcrumb\"},\"inLanguage\":\"cs\",\"potentialAction\":[{\"@type\":\"ReadAction\",\"target\":[\"https:\/\/www.walter-richtsatzverleih.de\/cs\/impresum\/\"]}]},{\"@type\":\"BreadcrumbList\",\"@id\":\"https:\/\/www.walter-richtsatzverleih.de\/cs\/impresum\/#breadcrumb\",\"itemListElement\":[{\"@type\":\"ListItem\",\"position\":1,\"name\":\"Startseite\",\"item\":\"https:\/\/www.walter-richtsatzverleih.de\/cs\/\"},{\"@type\":\"ListItem\",\"position\":2,\"name\":\"Impresum\"}]},{\"@type\":\"WebSite\",\"@id\":\"https:\/\/www.walter-richtsatzverleih.de\/cs\/#website\",\"url\":\"https:\/\/www.walter-richtsatzverleih.de\/cs\/\",\"name\":\"Walter Richtsatzverleih\",\"description\":\"Wir verleihen und vermieten unter anderem Richts\u00e4tze und sind OTLG-Partner.\",\"potentialAction\":[{\"@type\":\"SearchAction\",\"target\":{\"@type\":\"EntryPoint\",\"urlTemplate\":\"https:\/\/www.walter-richtsatzverleih.de\/cs\/?s={search_term_string}\"},\"query-input\":{\"@type\":\"PropertyValueSpecification\",\"valueRequired\":true,\"valueName\":\"search_term_string\"}}],\"inLanguage\":\"cs\"}]}<\/script>\n<!-- \/ Yoast SEO plugin. -->","yoast_head_json":{"title":"Impresum - Walter Richtsatzverleih","description":"Impresum pro webov\u00e9 str\u00e1nky Gunter Walter Richtsatzverleih a BBR Richtsatzverleih GmbH.","robots":{"index":"index","follow":"follow","max-snippet":"max-snippet:-1","max-image-preview":"max-image-preview:large","max-video-preview":"max-video-preview:-1"},"canonical":"https:\/\/www.walter-richtsatzverleih.de\/cs\/impresum\/","og_locale":"cs_CZ","og_type":"article","og_title":"Impresum - Walter Richtsatzverleih","og_description":"Impresum pro webov\u00e9 str\u00e1nky Gunter Walter Richtsatzverleih a BBR Richtsatzverleih GmbH.","og_url":"https:\/\/www.walter-richtsatzverleih.de\/cs\/impresum\/","og_site_name":"Walter Richtsatzverleih","article_modified_time":"2025-12-13T13:25:04+00:00","twitter_card":"summary_large_image","twitter_misc":{"Odhadovan\u00e1 doba \u010dten\u00ed":"2 minuty"},"schema":{"@context":"https:\/\/schema.org","@graph":[{"@type":"WebPage","@id":"https:\/\/www.walter-richtsatzverleih.de\/cs\/impresum\/","url":"https:\/\/www.walter-richtsatzverleih.de\/cs\/impresum\/","name":"Impresum - Walter Richtsatzverleih","isPartOf":{"@id":"https:\/\/www.walter-richtsatzverleih.de\/cs\/#website"},"datePublished":"2022-07-04T11:45:28+00:00","dateModified":"2025-12-13T13:25:04+00:00","description":"Impresum pro webov\u00e9 str\u00e1nky Gunter Walter Richtsatzverleih a BBR Richtsatzverleih GmbH.","breadcrumb":{"@id":"https:\/\/www.walter-richtsatzverleih.de\/cs\/impresum\/#breadcrumb"},"inLanguage":"cs","potentialAction":[{"@type":"ReadAction","target":["https:\/\/www.walter-richtsatzverleih.de\/cs\/impresum\/"]}]},{"@type":"BreadcrumbList","@id":"https:\/\/www.walter-richtsatzverleih.de\/cs\/impresum\/#breadcrumb","itemListElement":[{"@type":"ListItem","position":1,"name":"Startseite","item":"https:\/\/www.walter-richtsatzverleih.de\/cs\/"},{"@type":"ListItem","position":2,"name":"Impresum"}]},{"@type":"WebSite","@id":"https:\/\/www.walter-richtsatzverleih.de\/cs\/#website","url":"https:\/\/www.walter-richtsatzverleih.de\/cs\/","name":"Walter Richtsatzverleih","description":"Wir verleihen und vermieten unter anderem Richts\u00e4tze und sind OTLG-Partner.","potentialAction":[{"@type":"SearchAction","target":{"@type":"EntryPoint","urlTemplate":"https:\/\/www.walter-richtsatzverleih.de\/cs\/?s={search_term_string}"},"query-input":{"@type":"PropertyValueSpecification","valueRequired":true,"valueName":"search_term_string"}}],"inLanguage":"cs"}]}},"_links":{"self":[{"href":"https:\/\/www.walter-richtsatzverleih.de\/cs\/wp-json\/wp\/v2\/pages\/15697","targetHints":{"allow":["GET"]}}],"collection":[{"href":"https:\/\/www.walter-richtsatzverleih.de\/cs\/wp-json\/wp\/v2\/pages"}],"about":[{"href":"https:\/\/www.walter-richtsatzverleih.de\/cs\/wp-json\/wp\/v2\/types\/page"}],"author":[{"embeddable":true,"href":"https:\/\/www.walter-richtsatzverleih.de\/cs\/wp-json\/wp\/v2\/users\/1"}],"replies":[{"embeddable":true,"href":"https:\/\/www.walter-richtsatzverleih.de\/cs\/wp-json\/wp\/v2\/comments?post=15697"}],"version-history":[{"count":59,"href":"https:\/\/www.walter-richtsatzverleih.de\/cs\/wp-json\/wp\/v2\/pages\/15697\/revisions"}],"predecessor-version":[{"id":18767,"href":"https:\/\/www.walter-richtsatzverleih.de\/cs\/wp-json\/wp\/v2\/pages\/15697\/revisions\/18767"}],"wp:attachment":[{"href":"https:\/\/www.walter-richtsatzverleih.de\/cs\/wp-json\/wp\/v2\/media?parent=15697"}],"curies":[{"name":"wp","href":"https:\/\/api.w.org\/{rel}","templated":true}]}}