{"id":15682,"date":"2022-06-29T09:54:52","date_gmt":"2022-06-29T07:54:52","guid":{"rendered":"https:\/\/bbr.agenturkomma.de\/udrzitelnost\/"},"modified":"2023-07-31T18:44:20","modified_gmt":"2023-07-31T16:44:20","slug":"udrzitelnost","status":"publish","type":"page","link":"https:\/\/www.walter-richtsatzverleih.de\/cs\/udrzitelnost\/","title":{"rendered":"Udr\u017eitelnost"},"content":{"rendered":"\t\t<div data-elementor-type=\"wp-page\" data-elementor-id=\"15682\" class=\"elementor elementor-15682 elementor-14538\">\n\t\t\t\t\t\t<section class=\"elementor-section elementor-top-section elementor-element elementor-element-71ee3e8 elementor-section-boxed elementor-section-height-default elementor-section-height-default\" data-id=\"71ee3e8\" data-element_type=\"section\">\n\t\t\t\t\t\t<div class=\"elementor-container elementor-column-gap-default\">\n\t\t\t\t\t<div class=\"elementor-column elementor-col-100 elementor-top-column elementor-element elementor-element-7855f06\" data-id=\"7855f06\" data-element_type=\"column\">\n\t\t\t<div class=\"elementor-widget-wrap elementor-element-populated\">\n\t\t\t\t\t\t<div class=\"elementor-element elementor-element-750e694 divider-yes aleft elementor-widget elementor-widget-wgl-double-heading\" data-id=\"750e694\" data-element_type=\"widget\" data-widget_type=\"wgl-double-heading.default\">\n\t\t\t\t<div class=\"elementor-widget-container\">\n\t\t\t\t\t<div class=\"wgl-double-heading\"><div class=\"dblh__subtitle\"><span>04 - Udr\u017eitelnost<\/span><\/div><h3 class=\"dblh__title-wrapper\"><span class=\"dblh__title dblh__title-1\">N\u00e1\u0161 p\u0159\u00edsp\u011bvek k <\/span><span class=\"dblh__title dblh__title-2\">minimalizaci \u0161kod.<\/span><\/h3><\/div>\t\t\t\t<\/div>\n\t\t\t\t<\/div>\n\t\t\t\t\t<\/div>\n\t\t<\/div>\n\t\t\t\t\t<\/div>\n\t\t<\/section>\n\t\t\t\t<section class=\"elementor-section elementor-top-section elementor-element elementor-element-4aa58df elementor-reverse-mobile elementor-section-boxed elementor-section-height-default elementor-section-height-default\" data-id=\"4aa58df\" data-element_type=\"section\">\n\t\t\t\t\t\t<div class=\"elementor-container elementor-column-gap-default\">\n\t\t\t\t\t<div class=\"elementor-column elementor-col-50 elementor-top-column elementor-element elementor-element-0e6b0a9\" data-id=\"0e6b0a9\" data-element_type=\"column\">\n\t\t\t<div class=\"elementor-widget-wrap elementor-element-populated\">\n\t\t\t\t\t\t<div class=\"elementor-element elementor-element-7a16f32 elementor-widget elementor-widget-spacer\" data-id=\"7a16f32\" data-element_type=\"widget\" data-widget_type=\"spacer.default\">\n\t\t\t\t<div class=\"elementor-widget-container\">\n\t\t\t\t\t\t\t<div class=\"elementor-spacer\">\n\t\t\t<div class=\"elementor-spacer-inner\"><\/div>\n\t\t<\/div>\n\t\t\t\t\t\t<\/div>\n\t\t\t\t<\/div>\n\t\t\t\t<div class=\"elementor-element elementor-element-4c040a5 elementor-widget elementor-widget-text-editor\" data-id=\"4c040a5\" data-element_type=\"widget\" data-widget_type=\"text-editor.default\">\n\t\t\t\t<div class=\"elementor-widget-container\">\n\t\t\t\t\t\t\t\t\t<p><span>V na\u0161\u00ed ka\u017edodenn\u00ed pr\u00e1ci se neust\u00e1le sna\u017e\u00edme pracovat efektivn\u011b a v z\u00e1jmu na\u0161ich z\u00e1kazn\u00edk\u016f. To se vypl\u00e1c\u00ed. T\u00edmto zp\u016fsobem aktivn\u011b p\u0159isp\u00edv\u00e1me k minimalizaci \u0161kod pro poji\u0161\u0165ovatele.<\/span><\/p><p><span>To je umo\u017en\u011bno t\u00edm, \u017ee se d\u00edky rychl\u00e9mu dod\u00e1n\u00ed pot\u0159ebn\u00e9ho vybaven\u00ed dle typu po\u0161kozen\u00ed minimalizuje doba opravy a odst\u00e1vky vozidla.\u00a0Z toho plynou men\u0161\u00ed n\u00e1klady za pron\u00e1jem n\u00e1hradn\u00edho vozidla, p\u0159\u00edpadn\u011b n\u00e1klady za n\u00e1hrady \u0161kod.<\/span><\/p><p><span>To vede dle na\u0161eho m\u00edn\u011bn\u00ed k obecn\u011b v\u011bt\u0161\u00ed spokojenosti na\u0161ich partnersk\u00fdch autoservis\u016f a jejich z\u00e1kazn\u00edk\u016f, o kterou neust\u00e1le usilujeme.<\/span><\/p><p><span>D\u00edky \u00fazk\u00e9 spolupr\u00e1ci s dal\u0161\u00edmi p\u016fj\u010dovnami v N\u011bmecku m\u016f\u017eeme zajistit rychl\u00e9 doru\u010den\u00ed i v p\u0159\u00edpad\u011b probl\u00e9m\u016f p\u0159i dod\u00e1vk\u00e1ch.<\/span><\/p>\t\t\t\t\t\t\t\t<\/div>\n\t\t\t\t<\/div>\n\t\t\t\t\t<\/div>\n\t\t<\/div>\n\t\t\t\t<div class=\"elementor-column elementor-col-50 elementor-top-column elementor-element elementor-element-8505319\" data-id=\"8505319\" data-element_type=\"column\">\n\t\t\t<div class=\"elementor-widget-wrap elementor-element-populated\">\n\t\t\t\t\t\t<div class=\"elementor-element elementor-element-dfea1c1 elementor-widget elementor-widget-spacer\" data-id=\"dfea1c1\" data-element_type=\"widget\" data-widget_type=\"spacer.default\">\n\t\t\t\t<div class=\"elementor-widget-container\">\n\t\t\t\t\t\t\t<div class=\"elementor-spacer\">\n\t\t\t<div class=\"elementor-spacer-inner\"><\/div>\n\t\t<\/div>\n\t\t\t\t\t\t<\/div>\n\t\t\t\t<\/div>\n\t\t\t\t<div class=\"elementor-element elementor-element-9581e20 elementor-widget elementor-widget-image\" data-id=\"9581e20\" data-element_type=\"widget\" data-widget_type=\"image.default\">\n\t\t\t\t<div class=\"elementor-widget-container\">\n\t\t\t\t\t\t\t\t\t\t\t\t\t\t\t<img fetchpriority=\"high\" decoding=\"async\" width=\"750\" height=\"600\" src=\"https:\/\/www.walter-richtsatzverleih.de\/wp-content\/uploads\/2022\/06\/nachhaltigkeit.jpg\" class=\"attachment-full size-full wp-image-14544\" alt=\"\" srcset=\"https:\/\/www.walter-richtsatzverleih.de\/wp-content\/uploads\/2022\/06\/nachhaltigkeit.jpg 750w, https:\/\/www.walter-richtsatzverleih.de\/wp-content\/uploads\/2022\/06\/nachhaltigkeit-300x240.jpg 300w\" sizes=\"(max-width: 750px) 100vw, 750px\" \/>\t\t\t\t\t\t\t\t\t\t\t\t\t\t\t<\/div>\n\t\t\t\t<\/div>\n\t\t\t\t\t<\/div>\n\t\t<\/div>\n\t\t\t\t\t<\/div>\n\t\t<\/section>\n\t\t\t\t<\/div>\n\t\t","protected":false},"excerpt":{"rendered":"<p>04 &#8211; Udr\u017eitelnost N\u00e1\u0161 p\u0159\u00edsp\u011bvek k minimalizaci \u0161kod. V na\u0161\u00ed ka\u017edodenn\u00ed pr\u00e1ci se neust\u00e1le sna\u017e\u00edme pracovat efektivn\u011b a v z\u00e1jmu na\u0161ich z\u00e1kazn\u00edk\u016f. To se vypl\u00e1c\u00ed. T\u00edmto zp\u016fsobem aktivn\u011b p\u0159isp\u00edv\u00e1me k minimalizaci \u0161kod pro poji\u0161\u0165ovatele. To je umo\u017en\u011bno t\u00edm, \u017ee se d\u00edky rychl\u00e9mu dod\u00e1n\u00ed pot\u0159ebn\u00e9ho vybaven\u00ed dle typu po\u0161kozen\u00ed minimalizuje doba opravy a odst\u00e1vky vozidla.&nbsp;Z toho [&hellip;]<\/p>\n","protected":false},"author":1,"featured_media":17728,"parent":0,"menu_order":0,"comment_status":"closed","ping_status":"closed","template":"","meta":{"footnotes":""},"class_list":["post-15682","page","type-page","status-publish","has-post-thumbnail","hentry"],"yoast_head":"<!-- This site is optimized with the Yoast SEO plugin v25.4 - https:\/\/yoast.com\/wordpress\/plugins\/seo\/ -->\n<title>Udr\u017eitelnost - Walter Richtsatzverleih<\/title>\n<meta name=\"description\" content=\"V na\u0161\u00ed ka\u017edodenn\u00ed pr\u00e1ci se neust\u00e1le sna\u017e\u00edme pracovat efektivn\u011b a v z\u00e1jmu na\u0161ich z\u00e1kazn\u00edk\u016f a aktivn\u011b p\u0159isp\u00edvaj\u00ed k minimalizaci \u0161kod.\" \/>\n<meta name=\"robots\" content=\"index, follow, max-snippet:-1, max-image-preview:large, max-video-preview:-1\" \/>\n<link rel=\"canonical\" href=\"https:\/\/www.walter-richtsatzverleih.de\/cs\/udrzitelnost\/\" \/>\n<meta property=\"og:locale\" content=\"cs_CZ\" \/>\n<meta property=\"og:type\" content=\"article\" \/>\n<meta property=\"og:title\" content=\"Udr\u017eitelnost - Walter Richtsatzverleih\" \/>\n<meta property=\"og:description\" content=\"V na\u0161\u00ed ka\u017edodenn\u00ed pr\u00e1ci se neust\u00e1le sna\u017e\u00edme pracovat efektivn\u011b a v z\u00e1jmu na\u0161ich z\u00e1kazn\u00edk\u016f a aktivn\u011b p\u0159isp\u00edvaj\u00ed k minimalizaci \u0161kod.\" \/>\n<meta property=\"og:url\" content=\"https:\/\/www.walter-richtsatzverleih.de\/cs\/udrzitelnost\/\" \/>\n<meta property=\"og:site_name\" content=\"Walter Richtsatzverleih\" \/>\n<meta property=\"article:modified_time\" content=\"2023-07-31T16:44:20+00:00\" \/>\n<meta property=\"og:image\" content=\"https:\/\/www.walter-richtsatzverleih.de\/wp-content\/uploads\/2023\/07\/walter-richtsatzverleih_vision-mission_1.jpg\" \/>\n\t<meta property=\"og:image:width\" content=\"750\" \/>\n\t<meta property=\"og:image:height\" content=\"600\" \/>\n\t<meta property=\"og:image:type\" content=\"image\/jpeg\" \/>\n<meta name=\"twitter:card\" content=\"summary_large_image\" \/>\n<meta name=\"twitter:label1\" content=\"Odhadovan\u00e1 doba \u010dten\u00ed\" \/>\n\t<meta name=\"twitter:data1\" content=\"1 minuta\" \/>\n<script type=\"application\/ld+json\" class=\"yoast-schema-graph\">{\"@context\":\"https:\/\/schema.org\",\"@graph\":[{\"@type\":\"WebPage\",\"@id\":\"https:\/\/www.walter-richtsatzverleih.de\/cs\/udrzitelnost\/\",\"url\":\"https:\/\/www.walter-richtsatzverleih.de\/cs\/udrzitelnost\/\",\"name\":\"Udr\u017eitelnost - Walter Richtsatzverleih\",\"isPartOf\":{\"@id\":\"https:\/\/www.walter-richtsatzverleih.de\/cs\/#website\"},\"primaryImageOfPage\":{\"@id\":\"https:\/\/www.walter-richtsatzverleih.de\/cs\/udrzitelnost\/#primaryimage\"},\"image\":{\"@id\":\"https:\/\/www.walter-richtsatzverleih.de\/cs\/udrzitelnost\/#primaryimage\"},\"thumbnailUrl\":\"https:\/\/www.walter-richtsatzverleih.de\/wp-content\/uploads\/2023\/07\/walter-richtsatzverleih_vision-mission_1.jpg\",\"datePublished\":\"2022-06-29T07:54:52+00:00\",\"dateModified\":\"2023-07-31T16:44:20+00:00\",\"description\":\"V na\u0161\u00ed ka\u017edodenn\u00ed pr\u00e1ci se neust\u00e1le sna\u017e\u00edme pracovat efektivn\u011b a v z\u00e1jmu na\u0161ich z\u00e1kazn\u00edk\u016f a aktivn\u011b p\u0159isp\u00edvaj\u00ed k minimalizaci \u0161kod.\",\"breadcrumb\":{\"@id\":\"https:\/\/www.walter-richtsatzverleih.de\/cs\/udrzitelnost\/#breadcrumb\"},\"inLanguage\":\"cs\",\"potentialAction\":[{\"@type\":\"ReadAction\",\"target\":[\"https:\/\/www.walter-richtsatzverleih.de\/cs\/udrzitelnost\/\"]}]},{\"@type\":\"ImageObject\",\"inLanguage\":\"cs\",\"@id\":\"https:\/\/www.walter-richtsatzverleih.de\/cs\/udrzitelnost\/#primaryimage\",\"url\":\"https:\/\/www.walter-richtsatzverleih.de\/wp-content\/uploads\/2023\/07\/walter-richtsatzverleih_vision-mission_1.jpg\",\"contentUrl\":\"https:\/\/www.walter-richtsatzverleih.de\/wp-content\/uploads\/2023\/07\/walter-richtsatzverleih_vision-mission_1.jpg\",\"width\":750,\"height\":600},{\"@type\":\"BreadcrumbList\",\"@id\":\"https:\/\/www.walter-richtsatzverleih.de\/cs\/udrzitelnost\/#breadcrumb\",\"itemListElement\":[{\"@type\":\"ListItem\",\"position\":1,\"name\":\"Startseite\",\"item\":\"https:\/\/www.walter-richtsatzverleih.de\/cs\/\"},{\"@type\":\"ListItem\",\"position\":2,\"name\":\"Udr\u017eitelnost\"}]},{\"@type\":\"WebSite\",\"@id\":\"https:\/\/www.walter-richtsatzverleih.de\/cs\/#website\",\"url\":\"https:\/\/www.walter-richtsatzverleih.de\/cs\/\",\"name\":\"Walter Richtsatzverleih\",\"description\":\"Wir verleihen und vermieten unter anderem Richts\u00e4tze und sind OTLG-Partner.\",\"potentialAction\":[{\"@type\":\"SearchAction\",\"target\":{\"@type\":\"EntryPoint\",\"urlTemplate\":\"https:\/\/www.walter-richtsatzverleih.de\/cs\/?s={search_term_string}\"},\"query-input\":{\"@type\":\"PropertyValueSpecification\",\"valueRequired\":true,\"valueName\":\"search_term_string\"}}],\"inLanguage\":\"cs\"}]}<\/script>\n<!-- \/ Yoast SEO plugin. -->","yoast_head_json":{"title":"Udr\u017eitelnost - Walter Richtsatzverleih","description":"V na\u0161\u00ed ka\u017edodenn\u00ed pr\u00e1ci se neust\u00e1le sna\u017e\u00edme pracovat efektivn\u011b a v z\u00e1jmu na\u0161ich z\u00e1kazn\u00edk\u016f a aktivn\u011b p\u0159isp\u00edvaj\u00ed k minimalizaci \u0161kod.","robots":{"index":"index","follow":"follow","max-snippet":"max-snippet:-1","max-image-preview":"max-image-preview:large","max-video-preview":"max-video-preview:-1"},"canonical":"https:\/\/www.walter-richtsatzverleih.de\/cs\/udrzitelnost\/","og_locale":"cs_CZ","og_type":"article","og_title":"Udr\u017eitelnost - Walter Richtsatzverleih","og_description":"V na\u0161\u00ed ka\u017edodenn\u00ed pr\u00e1ci se neust\u00e1le sna\u017e\u00edme pracovat efektivn\u011b a v z\u00e1jmu na\u0161ich z\u00e1kazn\u00edk\u016f a aktivn\u011b p\u0159isp\u00edvaj\u00ed k minimalizaci \u0161kod.","og_url":"https:\/\/www.walter-richtsatzverleih.de\/cs\/udrzitelnost\/","og_site_name":"Walter Richtsatzverleih","article_modified_time":"2023-07-31T16:44:20+00:00","og_image":[{"width":750,"height":600,"url":"https:\/\/www.walter-richtsatzverleih.de\/wp-content\/uploads\/2023\/07\/walter-richtsatzverleih_vision-mission_1.jpg","type":"image\/jpeg"}],"twitter_card":"summary_large_image","twitter_misc":{"Odhadovan\u00e1 doba \u010dten\u00ed":"1 minuta"},"schema":{"@context":"https:\/\/schema.org","@graph":[{"@type":"WebPage","@id":"https:\/\/www.walter-richtsatzverleih.de\/cs\/udrzitelnost\/","url":"https:\/\/www.walter-richtsatzverleih.de\/cs\/udrzitelnost\/","name":"Udr\u017eitelnost - Walter Richtsatzverleih","isPartOf":{"@id":"https:\/\/www.walter-richtsatzverleih.de\/cs\/#website"},"primaryImageOfPage":{"@id":"https:\/\/www.walter-richtsatzverleih.de\/cs\/udrzitelnost\/#primaryimage"},"image":{"@id":"https:\/\/www.walter-richtsatzverleih.de\/cs\/udrzitelnost\/#primaryimage"},"thumbnailUrl":"https:\/\/www.walter-richtsatzverleih.de\/wp-content\/uploads\/2023\/07\/walter-richtsatzverleih_vision-mission_1.jpg","datePublished":"2022-06-29T07:54:52+00:00","dateModified":"2023-07-31T16:44:20+00:00","description":"V na\u0161\u00ed ka\u017edodenn\u00ed pr\u00e1ci se neust\u00e1le sna\u017e\u00edme pracovat efektivn\u011b a v z\u00e1jmu na\u0161ich z\u00e1kazn\u00edk\u016f a aktivn\u011b p\u0159isp\u00edvaj\u00ed k minimalizaci \u0161kod.","breadcrumb":{"@id":"https:\/\/www.walter-richtsatzverleih.de\/cs\/udrzitelnost\/#breadcrumb"},"inLanguage":"cs","potentialAction":[{"@type":"ReadAction","target":["https:\/\/www.walter-richtsatzverleih.de\/cs\/udrzitelnost\/"]}]},{"@type":"ImageObject","inLanguage":"cs","@id":"https:\/\/www.walter-richtsatzverleih.de\/cs\/udrzitelnost\/#primaryimage","url":"https:\/\/www.walter-richtsatzverleih.de\/wp-content\/uploads\/2023\/07\/walter-richtsatzverleih_vision-mission_1.jpg","contentUrl":"https:\/\/www.walter-richtsatzverleih.de\/wp-content\/uploads\/2023\/07\/walter-richtsatzverleih_vision-mission_1.jpg","width":750,"height":600},{"@type":"BreadcrumbList","@id":"https:\/\/www.walter-richtsatzverleih.de\/cs\/udrzitelnost\/#breadcrumb","itemListElement":[{"@type":"ListItem","position":1,"name":"Startseite","item":"https:\/\/www.walter-richtsatzverleih.de\/cs\/"},{"@type":"ListItem","position":2,"name":"Udr\u017eitelnost"}]},{"@type":"WebSite","@id":"https:\/\/www.walter-richtsatzverleih.de\/cs\/#website","url":"https:\/\/www.walter-richtsatzverleih.de\/cs\/","name":"Walter Richtsatzverleih","description":"Wir verleihen und vermieten unter anderem Richts\u00e4tze und sind OTLG-Partner.","potentialAction":[{"@type":"SearchAction","target":{"@type":"EntryPoint","urlTemplate":"https:\/\/www.walter-richtsatzverleih.de\/cs\/?s={search_term_string}"},"query-input":{"@type":"PropertyValueSpecification","valueRequired":true,"valueName":"search_term_string"}}],"inLanguage":"cs"}]}},"_links":{"self":[{"href":"https:\/\/www.walter-richtsatzverleih.de\/cs\/wp-json\/wp\/v2\/pages\/15682","targetHints":{"allow":["GET"]}}],"collection":[{"href":"https:\/\/www.walter-richtsatzverleih.de\/cs\/wp-json\/wp\/v2\/pages"}],"about":[{"href":"https:\/\/www.walter-richtsatzverleih.de\/cs\/wp-json\/wp\/v2\/types\/page"}],"author":[{"embeddable":true,"href":"https:\/\/www.walter-richtsatzverleih.de\/cs\/wp-json\/wp\/v2\/users\/1"}],"replies":[{"embeddable":true,"href":"https:\/\/www.walter-richtsatzverleih.de\/cs\/wp-json\/wp\/v2\/comments?post=15682"}],"version-history":[{"count":10,"href":"https:\/\/www.walter-richtsatzverleih.de\/cs\/wp-json\/wp\/v2\/pages\/15682\/revisions"}],"predecessor-version":[{"id":17196,"href":"https:\/\/www.walter-richtsatzverleih.de\/cs\/wp-json\/wp\/v2\/pages\/15682\/revisions\/17196"}],"wp:featuredmedia":[{"embeddable":true,"href":"https:\/\/www.walter-richtsatzverleih.de\/cs\/wp-json\/wp\/v2\/media\/17728"}],"wp:attachment":[{"href":"https:\/\/www.walter-richtsatzverleih.de\/cs\/wp-json\/wp\/v2\/media?parent=15682"}],"curies":[{"name":"wp","href":"https:\/\/api.w.org\/{rel}","templated":true}]}}