{"id":15676,"date":"2022-06-29T10:02:01","date_gmt":"2022-06-29T08:02:01","guid":{"rendered":"https:\/\/bbr.agenturkomma.de\/kvalitni\/"},"modified":"2023-07-31T18:23:19","modified_gmt":"2023-07-31T16:23:19","slug":"kvalitni","status":"publish","type":"page","link":"https:\/\/www.walter-richtsatzverleih.de\/cs\/kvalitni\/","title":{"rendered":"Kvalitn\u00ed"},"content":{"rendered":"\t\t<div data-elementor-type=\"wp-page\" data-elementor-id=\"15676\" class=\"elementor elementor-15676 elementor-14553\">\n\t\t\t\t\t\t<section class=\"elementor-section elementor-top-section elementor-element elementor-element-71ee3e8 elementor-section-boxed elementor-section-height-default elementor-section-height-default\" data-id=\"71ee3e8\" data-element_type=\"section\">\n\t\t\t\t\t\t<div class=\"elementor-container elementor-column-gap-default\">\n\t\t\t\t\t<div class=\"elementor-column elementor-col-100 elementor-top-column elementor-element elementor-element-7855f06\" data-id=\"7855f06\" data-element_type=\"column\">\n\t\t\t<div class=\"elementor-widget-wrap elementor-element-populated\">\n\t\t\t\t\t\t<div class=\"elementor-element elementor-element-750e694 divider-yes aleft elementor-widget elementor-widget-wgl-double-heading\" data-id=\"750e694\" data-element_type=\"widget\" data-widget_type=\"wgl-double-heading.default\">\n\t\t\t\t<div class=\"elementor-widget-container\">\n\t\t\t\t\t<div class=\"wgl-double-heading\"><div class=\"dblh__subtitle\"><span>03 - Kvalitn\u00ed<\/span><\/div><h3 class=\"dblh__title-wrapper\"><span class=\"dblh__title dblh__title-1\">N\u00e1\u0161 n\u00e1rok: <\/span><span class=\"dblh__title dblh__title-2\">kvalitn\u00ed.<\/span><\/h3><\/div>\t\t\t\t<\/div>\n\t\t\t\t<\/div>\n\t\t\t\t\t<\/div>\n\t\t<\/div>\n\t\t\t\t\t<\/div>\n\t\t<\/section>\n\t\t\t\t<section class=\"elementor-section elementor-top-section elementor-element elementor-element-4aa58df elementor-reverse-mobile elementor-section-boxed elementor-section-height-default elementor-section-height-default\" data-id=\"4aa58df\" data-element_type=\"section\">\n\t\t\t\t\t\t<div class=\"elementor-container elementor-column-gap-default\">\n\t\t\t\t\t<div class=\"elementor-column elementor-col-50 elementor-top-column elementor-element elementor-element-0e6b0a9\" data-id=\"0e6b0a9\" data-element_type=\"column\">\n\t\t\t<div class=\"elementor-widget-wrap elementor-element-populated\">\n\t\t\t\t\t\t<div class=\"elementor-element elementor-element-7a16f32 elementor-widget elementor-widget-spacer\" data-id=\"7a16f32\" data-element_type=\"widget\" data-widget_type=\"spacer.default\">\n\t\t\t\t<div class=\"elementor-widget-container\">\n\t\t\t\t\t\t\t<div class=\"elementor-spacer\">\n\t\t\t<div class=\"elementor-spacer-inner\"><\/div>\n\t\t<\/div>\n\t\t\t\t\t\t<\/div>\n\t\t\t\t<\/div>\n\t\t\t\t<div class=\"elementor-element elementor-element-4c040a5 elementor-widget elementor-widget-text-editor\" data-id=\"4c040a5\" data-element_type=\"widget\" data-widget_type=\"text-editor.default\">\n\t\t\t\t<div class=\"elementor-widget-container\">\n\t\t\t\t\t\t\t\t\t<p>Kvalita pro n\u00e1s znamen\u00e1 poskytnout na\u0161im z\u00e1kazn\u00edk\u016fm ide\u00e1ln\u00ed n\u00e1stroj, aby mohli bezprobl\u00e9mov\u011b prov\u00e1d\u011bt nezbytn\u00e9 opravy.<\/p><p>Proto v\u017edy zaji\u0161\u0165ujeme, aby n\u00e1mi objednan\u00e9 a dodan\u00e9 polo\u017eky byly v\u017edy kompletn\u00ed, v dokonal\u00e9m stavu a \u00fahledn\u011b t\u0159\u00edd\u011bny a dokumentov\u00e1ny.<\/p><p>Skute\u010dnost, \u017ee kvalita na\u0161ich produkt\u016f Celette (pron\u00e1jem) je pro n\u00e1s v\u00edce ne\u017e d\u016fle\u017eit\u00e1, by se nyn\u00ed m\u011bla projevit tak\u00e9 v na\u0161em nov\u00e9m logu spole\u010dnosti:<\/p><p>W (Walter) + R (Richtsatzverleih) = WR (Kvalitn\u00ed)<\/p>\t\t\t\t\t\t\t\t<\/div>\n\t\t\t\t<\/div>\n\t\t\t\t\t<\/div>\n\t\t<\/div>\n\t\t\t\t<div class=\"elementor-column elementor-col-50 elementor-top-column elementor-element elementor-element-8505319\" data-id=\"8505319\" data-element_type=\"column\">\n\t\t\t<div class=\"elementor-widget-wrap elementor-element-populated\">\n\t\t\t\t\t\t<div class=\"elementor-element elementor-element-dfea1c1 elementor-widget elementor-widget-spacer\" data-id=\"dfea1c1\" data-element_type=\"widget\" data-widget_type=\"spacer.default\">\n\t\t\t\t<div class=\"elementor-widget-container\">\n\t\t\t\t\t\t\t<div class=\"elementor-spacer\">\n\t\t\t<div class=\"elementor-spacer-inner\"><\/div>\n\t\t<\/div>\n\t\t\t\t\t\t<\/div>\n\t\t\t\t<\/div>\n\t\t\t\t<div class=\"elementor-element elementor-element-9581e20 elementor-widget elementor-widget-image\" data-id=\"9581e20\" data-element_type=\"widget\" data-widget_type=\"image.default\">\n\t\t\t\t<div class=\"elementor-widget-container\">\n\t\t\t\t\t\t\t\t\t\t\t\t\t\t\t<img fetchpriority=\"high\" decoding=\"async\" width=\"750\" height=\"260\" src=\"https:\/\/www.walter-richtsatzverleih.de\/wp-content\/uploads\/2023\/07\/logo-walter-quality_cs.jpg\" class=\"attachment-full size-full wp-image-17869\" alt=\"\" srcset=\"https:\/\/www.walter-richtsatzverleih.de\/wp-content\/uploads\/2023\/07\/logo-walter-quality_cs.jpg 750w, https:\/\/www.walter-richtsatzverleih.de\/wp-content\/uploads\/2023\/07\/logo-walter-quality_cs-300x104.jpg 300w\" sizes=\"(max-width: 750px) 100vw, 750px\" \/>\t\t\t\t\t\t\t\t\t\t\t\t\t\t\t<\/div>\n\t\t\t\t<\/div>\n\t\t\t\t\t<\/div>\n\t\t<\/div>\n\t\t\t\t\t<\/div>\n\t\t<\/section>\n\t\t\t\t<\/div>\n\t\t","protected":false},"excerpt":{"rendered":"<p>03 &#8211; Kvalitn\u00ed N\u00e1\u0161 n\u00e1rok: kvalitn\u00ed. Kvalita pro n\u00e1s znamen\u00e1 poskytnout na\u0161im z\u00e1kazn\u00edk\u016fm ide\u00e1ln\u00ed n\u00e1stroj, aby mohli bezprobl\u00e9mov\u011b prov\u00e1d\u011bt nezbytn\u00e9 opravy. Proto v\u017edy zaji\u0161\u0165ujeme, aby n\u00e1mi objednan\u00e9 a dodan\u00e9 polo\u017eky byly v\u017edy kompletn\u00ed, v dokonal\u00e9m stavu a \u00fahledn\u011b t\u0159\u00edd\u011bny a dokumentov\u00e1ny. Skute\u010dnost, \u017ee kvalita na\u0161ich produkt\u016f Celette (pron\u00e1jem) je pro n\u00e1s v\u00edce ne\u017e d\u016fle\u017eit\u00e1, by [&hellip;]<\/p>\n","protected":false},"author":1,"featured_media":0,"parent":0,"menu_order":0,"comment_status":"closed","ping_status":"closed","template":"","meta":{"footnotes":""},"class_list":["post-15676","page","type-page","status-publish","hentry"],"yoast_head":"<!-- This site is optimized with the Yoast SEO plugin v25.4 - https:\/\/yoast.com\/wordpress\/plugins\/seo\/ -->\n<title>Kvalitn\u00ed - Walter Richtsatzverleih<\/title>\n<meta name=\"description\" content=\"Pouze kvalita je pro n\u00e1s m\u011b\u0159\u00edtkem co\u017e se mimo jin\u00e9 odr\u00e1\u017e\u00ed v na\u0161ich p\u016fj\u010dovac\u00edch produktech. Pouze kvalita je pro n\u00e1s m\u011b\u0159\u00edtkem co\u017e se mimo jin\u00e9 odr\u00e1\u017e\u00ed v na\u0161ich p\u016fj\u010dovac\u00edch produktech.\" \/>\n<meta name=\"robots\" content=\"index, follow, max-snippet:-1, max-image-preview:large, max-video-preview:-1\" \/>\n<link rel=\"canonical\" href=\"https:\/\/www.walter-richtsatzverleih.de\/cs\/kvalitni\/\" \/>\n<meta property=\"og:locale\" content=\"cs_CZ\" \/>\n<meta property=\"og:type\" content=\"article\" \/>\n<meta property=\"og:title\" content=\"Kvalitn\u00ed - Walter Richtsatzverleih\" \/>\n<meta property=\"og:description\" content=\"Pouze kvalita je pro n\u00e1s m\u011b\u0159\u00edtkem co\u017e se mimo jin\u00e9 odr\u00e1\u017e\u00ed v na\u0161ich p\u016fj\u010dovac\u00edch produktech. Pouze kvalita je pro n\u00e1s m\u011b\u0159\u00edtkem co\u017e se mimo jin\u00e9 odr\u00e1\u017e\u00ed v na\u0161ich p\u016fj\u010dovac\u00edch produktech.\" \/>\n<meta property=\"og:url\" content=\"https:\/\/www.walter-richtsatzverleih.de\/cs\/kvalitni\/\" \/>\n<meta property=\"og:site_name\" content=\"Walter Richtsatzverleih\" \/>\n<meta property=\"article:modified_time\" content=\"2023-07-31T16:23:19+00:00\" \/>\n<meta property=\"og:image\" content=\"https:\/\/www.walter-richtsatzverleih.de\/wp-content\/uploads\/2023\/07\/logo-walter-quality_cs.jpg\" \/>\n<meta name=\"twitter:card\" content=\"summary_large_image\" \/>\n<meta name=\"twitter:label1\" content=\"Odhadovan\u00e1 doba \u010dten\u00ed\" \/>\n\t<meta name=\"twitter:data1\" content=\"1 minuta\" \/>\n<script type=\"application\/ld+json\" class=\"yoast-schema-graph\">{\"@context\":\"https:\/\/schema.org\",\"@graph\":[{\"@type\":\"WebPage\",\"@id\":\"https:\/\/www.walter-richtsatzverleih.de\/cs\/kvalitni\/\",\"url\":\"https:\/\/www.walter-richtsatzverleih.de\/cs\/kvalitni\/\",\"name\":\"Kvalitn\u00ed - Walter Richtsatzverleih\",\"isPartOf\":{\"@id\":\"https:\/\/www.walter-richtsatzverleih.de\/cs\/#website\"},\"primaryImageOfPage\":{\"@id\":\"https:\/\/www.walter-richtsatzverleih.de\/cs\/kvalitni\/#primaryimage\"},\"image\":{\"@id\":\"https:\/\/www.walter-richtsatzverleih.de\/cs\/kvalitni\/#primaryimage\"},\"thumbnailUrl\":\"https:\/\/www.walter-richtsatzverleih.de\/wp-content\/uploads\/2023\/07\/logo-walter-quality_cs.jpg\",\"datePublished\":\"2022-06-29T08:02:01+00:00\",\"dateModified\":\"2023-07-31T16:23:19+00:00\",\"description\":\"Pouze kvalita je pro n\u00e1s m\u011b\u0159\u00edtkem co\u017e se mimo jin\u00e9 odr\u00e1\u017e\u00ed v na\u0161ich p\u016fj\u010dovac\u00edch produktech. Pouze kvalita je pro n\u00e1s m\u011b\u0159\u00edtkem co\u017e se mimo jin\u00e9 odr\u00e1\u017e\u00ed v na\u0161ich p\u016fj\u010dovac\u00edch produktech.\",\"breadcrumb\":{\"@id\":\"https:\/\/www.walter-richtsatzverleih.de\/cs\/kvalitni\/#breadcrumb\"},\"inLanguage\":\"cs\",\"potentialAction\":[{\"@type\":\"ReadAction\",\"target\":[\"https:\/\/www.walter-richtsatzverleih.de\/cs\/kvalitni\/\"]}]},{\"@type\":\"ImageObject\",\"inLanguage\":\"cs\",\"@id\":\"https:\/\/www.walter-richtsatzverleih.de\/cs\/kvalitni\/#primaryimage\",\"url\":\"https:\/\/www.walter-richtsatzverleih.de\/wp-content\/uploads\/2023\/07\/logo-walter-quality_cs.jpg\",\"contentUrl\":\"https:\/\/www.walter-richtsatzverleih.de\/wp-content\/uploads\/2023\/07\/logo-walter-quality_cs.jpg\"},{\"@type\":\"BreadcrumbList\",\"@id\":\"https:\/\/www.walter-richtsatzverleih.de\/cs\/kvalitni\/#breadcrumb\",\"itemListElement\":[{\"@type\":\"ListItem\",\"position\":1,\"name\":\"Startseite\",\"item\":\"https:\/\/www.walter-richtsatzverleih.de\/cs\/\"},{\"@type\":\"ListItem\",\"position\":2,\"name\":\"Kvalitn\u00ed\"}]},{\"@type\":\"WebSite\",\"@id\":\"https:\/\/www.walter-richtsatzverleih.de\/cs\/#website\",\"url\":\"https:\/\/www.walter-richtsatzverleih.de\/cs\/\",\"name\":\"Walter Richtsatzverleih\",\"description\":\"Wir verleihen und vermieten unter anderem Richts\u00e4tze und sind OTLG-Partner.\",\"potentialAction\":[{\"@type\":\"SearchAction\",\"target\":{\"@type\":\"EntryPoint\",\"urlTemplate\":\"https:\/\/www.walter-richtsatzverleih.de\/cs\/?s={search_term_string}\"},\"query-input\":{\"@type\":\"PropertyValueSpecification\",\"valueRequired\":true,\"valueName\":\"search_term_string\"}}],\"inLanguage\":\"cs\"}]}<\/script>\n<!-- \/ Yoast SEO plugin. -->","yoast_head_json":{"title":"Kvalitn\u00ed - Walter Richtsatzverleih","description":"Pouze kvalita je pro n\u00e1s m\u011b\u0159\u00edtkem co\u017e se mimo jin\u00e9 odr\u00e1\u017e\u00ed v na\u0161ich p\u016fj\u010dovac\u00edch produktech. Pouze kvalita je pro n\u00e1s m\u011b\u0159\u00edtkem co\u017e se mimo jin\u00e9 odr\u00e1\u017e\u00ed v na\u0161ich p\u016fj\u010dovac\u00edch produktech.","robots":{"index":"index","follow":"follow","max-snippet":"max-snippet:-1","max-image-preview":"max-image-preview:large","max-video-preview":"max-video-preview:-1"},"canonical":"https:\/\/www.walter-richtsatzverleih.de\/cs\/kvalitni\/","og_locale":"cs_CZ","og_type":"article","og_title":"Kvalitn\u00ed - Walter Richtsatzverleih","og_description":"Pouze kvalita je pro n\u00e1s m\u011b\u0159\u00edtkem co\u017e se mimo jin\u00e9 odr\u00e1\u017e\u00ed v na\u0161ich p\u016fj\u010dovac\u00edch produktech. Pouze kvalita je pro n\u00e1s m\u011b\u0159\u00edtkem co\u017e se mimo jin\u00e9 odr\u00e1\u017e\u00ed v na\u0161ich p\u016fj\u010dovac\u00edch produktech.","og_url":"https:\/\/www.walter-richtsatzverleih.de\/cs\/kvalitni\/","og_site_name":"Walter Richtsatzverleih","article_modified_time":"2023-07-31T16:23:19+00:00","og_image":[{"url":"https:\/\/www.walter-richtsatzverleih.de\/wp-content\/uploads\/2023\/07\/logo-walter-quality_cs.jpg","type":"","width":"","height":""}],"twitter_card":"summary_large_image","twitter_misc":{"Odhadovan\u00e1 doba \u010dten\u00ed":"1 minuta"},"schema":{"@context":"https:\/\/schema.org","@graph":[{"@type":"WebPage","@id":"https:\/\/www.walter-richtsatzverleih.de\/cs\/kvalitni\/","url":"https:\/\/www.walter-richtsatzverleih.de\/cs\/kvalitni\/","name":"Kvalitn\u00ed - Walter Richtsatzverleih","isPartOf":{"@id":"https:\/\/www.walter-richtsatzverleih.de\/cs\/#website"},"primaryImageOfPage":{"@id":"https:\/\/www.walter-richtsatzverleih.de\/cs\/kvalitni\/#primaryimage"},"image":{"@id":"https:\/\/www.walter-richtsatzverleih.de\/cs\/kvalitni\/#primaryimage"},"thumbnailUrl":"https:\/\/www.walter-richtsatzverleih.de\/wp-content\/uploads\/2023\/07\/logo-walter-quality_cs.jpg","datePublished":"2022-06-29T08:02:01+00:00","dateModified":"2023-07-31T16:23:19+00:00","description":"Pouze kvalita je pro n\u00e1s m\u011b\u0159\u00edtkem co\u017e se mimo jin\u00e9 odr\u00e1\u017e\u00ed v na\u0161ich p\u016fj\u010dovac\u00edch produktech. Pouze kvalita je pro n\u00e1s m\u011b\u0159\u00edtkem co\u017e se mimo jin\u00e9 odr\u00e1\u017e\u00ed v na\u0161ich p\u016fj\u010dovac\u00edch produktech.","breadcrumb":{"@id":"https:\/\/www.walter-richtsatzverleih.de\/cs\/kvalitni\/#breadcrumb"},"inLanguage":"cs","potentialAction":[{"@type":"ReadAction","target":["https:\/\/www.walter-richtsatzverleih.de\/cs\/kvalitni\/"]}]},{"@type":"ImageObject","inLanguage":"cs","@id":"https:\/\/www.walter-richtsatzverleih.de\/cs\/kvalitni\/#primaryimage","url":"https:\/\/www.walter-richtsatzverleih.de\/wp-content\/uploads\/2023\/07\/logo-walter-quality_cs.jpg","contentUrl":"https:\/\/www.walter-richtsatzverleih.de\/wp-content\/uploads\/2023\/07\/logo-walter-quality_cs.jpg"},{"@type":"BreadcrumbList","@id":"https:\/\/www.walter-richtsatzverleih.de\/cs\/kvalitni\/#breadcrumb","itemListElement":[{"@type":"ListItem","position":1,"name":"Startseite","item":"https:\/\/www.walter-richtsatzverleih.de\/cs\/"},{"@type":"ListItem","position":2,"name":"Kvalitn\u00ed"}]},{"@type":"WebSite","@id":"https:\/\/www.walter-richtsatzverleih.de\/cs\/#website","url":"https:\/\/www.walter-richtsatzverleih.de\/cs\/","name":"Walter Richtsatzverleih","description":"Wir verleihen und vermieten unter anderem Richts\u00e4tze und sind OTLG-Partner.","potentialAction":[{"@type":"SearchAction","target":{"@type":"EntryPoint","urlTemplate":"https:\/\/www.walter-richtsatzverleih.de\/cs\/?s={search_term_string}"},"query-input":{"@type":"PropertyValueSpecification","valueRequired":true,"valueName":"search_term_string"}}],"inLanguage":"cs"}]}},"_links":{"self":[{"href":"https:\/\/www.walter-richtsatzverleih.de\/cs\/wp-json\/wp\/v2\/pages\/15676","targetHints":{"allow":["GET"]}}],"collection":[{"href":"https:\/\/www.walter-richtsatzverleih.de\/cs\/wp-json\/wp\/v2\/pages"}],"about":[{"href":"https:\/\/www.walter-richtsatzverleih.de\/cs\/wp-json\/wp\/v2\/types\/page"}],"author":[{"embeddable":true,"href":"https:\/\/www.walter-richtsatzverleih.de\/cs\/wp-json\/wp\/v2\/users\/1"}],"replies":[{"embeddable":true,"href":"https:\/\/www.walter-richtsatzverleih.de\/cs\/wp-json\/wp\/v2\/comments?post=15676"}],"version-history":[{"count":14,"href":"https:\/\/www.walter-richtsatzverleih.de\/cs\/wp-json\/wp\/v2\/pages\/15676\/revisions"}],"predecessor-version":[{"id":18118,"href":"https:\/\/www.walter-richtsatzverleih.de\/cs\/wp-json\/wp\/v2\/pages\/15676\/revisions\/18118"}],"wp:attachment":[{"href":"https:\/\/www.walter-richtsatzverleih.de\/cs\/wp-json\/wp\/v2\/media?parent=15676"}],"curies":[{"name":"wp","href":"https:\/\/api.w.org\/{rel}","templated":true}]}}