{"id":15664,"date":"2022-06-28T21:32:28","date_gmt":"2022-06-28T19:32:28","guid":{"rendered":"https:\/\/bbr.agenturkomma.de\/vize-a-mise\/"},"modified":"2023-07-31T18:45:13","modified_gmt":"2023-07-31T16:45:13","slug":"vize-a-mise","status":"publish","type":"page","link":"https:\/\/www.walter-richtsatzverleih.de\/cs\/vize-a-mise\/","title":{"rendered":"Vize a mise"},"content":{"rendered":"\t\t<div data-elementor-type=\"wp-page\" data-elementor-id=\"15664\" class=\"elementor elementor-15664 elementor-14472\">\n\t\t\t\t\t\t<section class=\"elementor-section elementor-top-section elementor-element elementor-element-71ee3e8 elementor-section-boxed elementor-section-height-default elementor-section-height-default\" data-id=\"71ee3e8\" data-element_type=\"section\">\n\t\t\t\t\t\t<div class=\"elementor-container elementor-column-gap-default\">\n\t\t\t\t\t<div class=\"elementor-column elementor-col-100 elementor-top-column elementor-element elementor-element-7855f06\" data-id=\"7855f06\" data-element_type=\"column\">\n\t\t\t<div class=\"elementor-widget-wrap elementor-element-populated\">\n\t\t\t\t\t\t<div class=\"elementor-element elementor-element-750e694 divider-yes aleft elementor-widget elementor-widget-wgl-double-heading\" data-id=\"750e694\" data-element_type=\"widget\" data-widget_type=\"wgl-double-heading.default\">\n\t\t\t\t<div class=\"elementor-widget-container\">\n\t\t\t\t\t<div class=\"wgl-double-heading\"><div class=\"dblh__subtitle\"><span>02 - Vize a mise<\/span><\/div><h3 class=\"dblh__title-wrapper\"><span class=\"dblh__title dblh__title-1\">V\u017edy a <\/span><span class=\"dblh__title dblh__title-2\">v pln\u00e9m rozsahu.<\/span><\/h3><\/div>\t\t\t\t<\/div>\n\t\t\t\t<\/div>\n\t\t\t\t\t<\/div>\n\t\t<\/div>\n\t\t\t\t\t<\/div>\n\t\t<\/section>\n\t\t\t\t<section class=\"elementor-section elementor-top-section elementor-element elementor-element-4aa58df elementor-reverse-mobile elementor-section-boxed elementor-section-height-default elementor-section-height-default\" data-id=\"4aa58df\" data-element_type=\"section\">\n\t\t\t\t\t\t<div class=\"elementor-container elementor-column-gap-default\">\n\t\t\t\t\t<div class=\"elementor-column elementor-col-50 elementor-top-column elementor-element elementor-element-0e6b0a9\" data-id=\"0e6b0a9\" data-element_type=\"column\">\n\t\t\t<div class=\"elementor-widget-wrap elementor-element-populated\">\n\t\t\t\t\t\t<div class=\"elementor-element elementor-element-7a16f32 elementor-widget elementor-widget-spacer\" data-id=\"7a16f32\" data-element_type=\"widget\" data-widget_type=\"spacer.default\">\n\t\t\t\t<div class=\"elementor-widget-container\">\n\t\t\t\t\t\t\t<div class=\"elementor-spacer\">\n\t\t\t<div class=\"elementor-spacer-inner\"><\/div>\n\t\t<\/div>\n\t\t\t\t\t\t<\/div>\n\t\t\t\t<\/div>\n\t\t\t\t<div class=\"elementor-element elementor-element-4c040a5 elementor-widget elementor-widget-text-editor\" data-id=\"4c040a5\" data-element_type=\"widget\" data-widget_type=\"text-editor.default\">\n\t\t\t\t<div class=\"elementor-widget-container\">\n\t\t\t\t\t\t\t\t\t<p><span>Na\u0161\u00edm c\u00edlem je b\u00fdt na\u0161im z\u00e1kazn\u00edk\u016fm v\u017edy k dispozici, v nejvy\u0161\u0161\u00ed kvalit\u011b a v\u010das. Proto se v\u017edy sna\u017e\u00edme p\u0159izp\u016fsobit na\u0161i nab\u00eddku nejnov\u011bj\u0161\u00edm podm\u00ednk\u00e1m a pr\u016fb\u011b\u017en\u011b ji aktualizujeme.<\/span><\/p><p><span>Krom\u011b kvality a rozsahu na\u0161\u00ed nab\u00eddky k tomu pat\u0159\u00ed i pokryt\u00ed m\u00e9n\u011b b\u011b\u017en\u00fdch model\u016f. Krom\u011b zn\u00e1m\u00fdch a na trhu b\u011b\u017en\u00fdch model\u016f od r\u016fzn\u00fdch v\u00fdrobc\u016f proto m\u00e1me v na\u0161em programu tak\u00e9 produkty pro oldtimery a youngtimery, n\u00e1kladn\u00ed vozidla, dod\u00e1vky nebo sportovn\u00ed a luxusn\u00ed vozidla.<\/span><\/p><p><span>N\u00e1\u0161 rozs\u00e1hl\u00fd sortiment a servis nab\u00edz\u00edme i v zahrani\u010d\u00ed. Na\u0161\u00edm c\u00edlem je a z\u016fst\u00e1v\u00e1 zajistit pro na\u0161e z\u00e1kazn\u00edky prost\u0159ednictv\u00edm kvalitn\u00edch produkt\u016f a rychl\u00fdch dodac\u00edch lh\u016ft hladk\u00fd a rychl\u00fd pr\u016fb\u011bh oprav a b\u00fdt i ve speci\u00e1ln\u00edch p\u0159\u00edpadech t\u00edm spr\u00e1vn\u00fdm partnerem, na kter\u00e9ho se m\u016f\u017eete obr\u00e1tit.<\/span><\/p>\t\t\t\t\t\t\t\t<\/div>\n\t\t\t\t<\/div>\n\t\t\t\t\t<\/div>\n\t\t<\/div>\n\t\t\t\t<div class=\"elementor-column elementor-col-50 elementor-top-column elementor-element elementor-element-8505319\" data-id=\"8505319\" data-element_type=\"column\">\n\t\t\t<div class=\"elementor-widget-wrap elementor-element-populated\">\n\t\t\t\t\t\t<div class=\"elementor-element elementor-element-dfea1c1 elementor-widget elementor-widget-spacer\" data-id=\"dfea1c1\" data-element_type=\"widget\" data-widget_type=\"spacer.default\">\n\t\t\t\t<div class=\"elementor-widget-container\">\n\t\t\t\t\t\t\t<div class=\"elementor-spacer\">\n\t\t\t<div class=\"elementor-spacer-inner\"><\/div>\n\t\t<\/div>\n\t\t\t\t\t\t<\/div>\n\t\t\t\t<\/div>\n\t\t\t\t<div class=\"elementor-element elementor-element-9581e20 elementor-widget elementor-widget-image\" data-id=\"9581e20\" data-element_type=\"widget\" data-widget_type=\"image.default\">\n\t\t\t\t<div class=\"elementor-widget-container\">\n\t\t\t\t\t\t\t\t\t\t\t\t\t\t\t<img fetchpriority=\"high\" decoding=\"async\" width=\"750\" height=\"600\" src=\"https:\/\/www.walter-richtsatzverleih.de\/wp-content\/uploads\/2023\/07\/walter-richtsatzverleih_vision-mission_1.jpg\" class=\"attachment-full size-full wp-image-17728\" alt=\"\" srcset=\"https:\/\/www.walter-richtsatzverleih.de\/wp-content\/uploads\/2023\/07\/walter-richtsatzverleih_vision-mission_1.jpg 750w, https:\/\/www.walter-richtsatzverleih.de\/wp-content\/uploads\/2023\/07\/walter-richtsatzverleih_vision-mission_1-300x240.jpg 300w\" sizes=\"(max-width: 750px) 100vw, 750px\" \/>\t\t\t\t\t\t\t\t\t\t\t\t\t\t\t<\/div>\n\t\t\t\t<\/div>\n\t\t\t\t\t<\/div>\n\t\t<\/div>\n\t\t\t\t\t<\/div>\n\t\t<\/section>\n\t\t\t\t<\/div>\n\t\t","protected":false},"excerpt":{"rendered":"<p>02 &#8211; Vize a mise V\u017edy a v pln\u00e9m rozsahu. Na\u0161\u00edm c\u00edlem je b\u00fdt na\u0161im z\u00e1kazn\u00edk\u016fm v\u017edy k dispozici, v nejvy\u0161\u0161\u00ed kvalit\u011b a v\u010das. Proto se v\u017edy sna\u017e\u00edme p\u0159izp\u016fsobit na\u0161i nab\u00eddku nejnov\u011bj\u0161\u00edm podm\u00ednk\u00e1m a pr\u016fb\u011b\u017en\u011b ji aktualizujeme. Krom\u011b kvality a rozsahu na\u0161\u00ed nab\u00eddky k tomu pat\u0159\u00ed i pokryt\u00ed m\u00e9n\u011b b\u011b\u017en\u00fdch model\u016f. Krom\u011b zn\u00e1m\u00fdch a na [&hellip;]<\/p>\n","protected":false},"author":1,"featured_media":17728,"parent":0,"menu_order":0,"comment_status":"closed","ping_status":"closed","template":"","meta":{"footnotes":""},"class_list":["post-15664","page","type-page","status-publish","has-post-thumbnail","hentry"],"yoast_head":"<!-- This site is optimized with the Yoast SEO plugin v25.4 - https:\/\/yoast.com\/wordpress\/plugins\/seo\/ -->\n<title>Vize a mise - Walter Richtsatzverleih<\/title>\n<meta name=\"description\" content=\"Na\u0161\u00edm c\u00edlem je pro na\u0161e z\u00e1kazn\u00edky prost\u0159ednictv\u00edm kvalitn\u00edch produkt\u016f a rychl\u00fdch dodac\u00edch lh\u016ft hladk\u00fd a rychl\u00fd pr\u016fb\u011bh oprav.\" \/>\n<meta name=\"robots\" content=\"index, follow, max-snippet:-1, max-image-preview:large, max-video-preview:-1\" \/>\n<link rel=\"canonical\" href=\"https:\/\/www.walter-richtsatzverleih.de\/cs\/vize-a-mise\/\" \/>\n<meta property=\"og:locale\" content=\"cs_CZ\" \/>\n<meta property=\"og:type\" content=\"article\" \/>\n<meta property=\"og:title\" content=\"Vize a mise - Walter Richtsatzverleih\" \/>\n<meta property=\"og:description\" content=\"Na\u0161\u00edm c\u00edlem je pro na\u0161e z\u00e1kazn\u00edky prost\u0159ednictv\u00edm kvalitn\u00edch produkt\u016f a rychl\u00fdch dodac\u00edch lh\u016ft hladk\u00fd a rychl\u00fd pr\u016fb\u011bh oprav.\" \/>\n<meta property=\"og:url\" content=\"https:\/\/www.walter-richtsatzverleih.de\/cs\/vize-a-mise\/\" \/>\n<meta property=\"og:site_name\" content=\"Walter Richtsatzverleih\" \/>\n<meta property=\"article:modified_time\" content=\"2023-07-31T16:45:13+00:00\" \/>\n<meta property=\"og:image\" content=\"https:\/\/www.walter-richtsatzverleih.de\/wp-content\/uploads\/2023\/07\/walter-richtsatzverleih_vision-mission_1.jpg\" \/>\n\t<meta property=\"og:image:width\" content=\"750\" \/>\n\t<meta property=\"og:image:height\" content=\"600\" \/>\n\t<meta property=\"og:image:type\" content=\"image\/jpeg\" \/>\n<meta name=\"twitter:card\" content=\"summary_large_image\" \/>\n<meta name=\"twitter:label1\" content=\"Odhadovan\u00e1 doba \u010dten\u00ed\" \/>\n\t<meta name=\"twitter:data1\" content=\"1 minuta\" \/>\n<script type=\"application\/ld+json\" class=\"yoast-schema-graph\">{\"@context\":\"https:\/\/schema.org\",\"@graph\":[{\"@type\":\"WebPage\",\"@id\":\"https:\/\/www.walter-richtsatzverleih.de\/cs\/vize-a-mise\/\",\"url\":\"https:\/\/www.walter-richtsatzverleih.de\/cs\/vize-a-mise\/\",\"name\":\"Vize a mise - Walter Richtsatzverleih\",\"isPartOf\":{\"@id\":\"https:\/\/www.walter-richtsatzverleih.de\/cs\/#website\"},\"primaryImageOfPage\":{\"@id\":\"https:\/\/www.walter-richtsatzverleih.de\/cs\/vize-a-mise\/#primaryimage\"},\"image\":{\"@id\":\"https:\/\/www.walter-richtsatzverleih.de\/cs\/vize-a-mise\/#primaryimage\"},\"thumbnailUrl\":\"https:\/\/www.walter-richtsatzverleih.de\/wp-content\/uploads\/2023\/07\/walter-richtsatzverleih_vision-mission_1.jpg\",\"datePublished\":\"2022-06-28T19:32:28+00:00\",\"dateModified\":\"2023-07-31T16:45:13+00:00\",\"description\":\"Na\u0161\u00edm c\u00edlem je pro na\u0161e z\u00e1kazn\u00edky prost\u0159ednictv\u00edm kvalitn\u00edch produkt\u016f a rychl\u00fdch dodac\u00edch lh\u016ft hladk\u00fd a rychl\u00fd pr\u016fb\u011bh oprav.\",\"breadcrumb\":{\"@id\":\"https:\/\/www.walter-richtsatzverleih.de\/cs\/vize-a-mise\/#breadcrumb\"},\"inLanguage\":\"cs\",\"potentialAction\":[{\"@type\":\"ReadAction\",\"target\":[\"https:\/\/www.walter-richtsatzverleih.de\/cs\/vize-a-mise\/\"]}]},{\"@type\":\"ImageObject\",\"inLanguage\":\"cs\",\"@id\":\"https:\/\/www.walter-richtsatzverleih.de\/cs\/vize-a-mise\/#primaryimage\",\"url\":\"https:\/\/www.walter-richtsatzverleih.de\/wp-content\/uploads\/2023\/07\/walter-richtsatzverleih_vision-mission_1.jpg\",\"contentUrl\":\"https:\/\/www.walter-richtsatzverleih.de\/wp-content\/uploads\/2023\/07\/walter-richtsatzverleih_vision-mission_1.jpg\",\"width\":750,\"height\":600},{\"@type\":\"BreadcrumbList\",\"@id\":\"https:\/\/www.walter-richtsatzverleih.de\/cs\/vize-a-mise\/#breadcrumb\",\"itemListElement\":[{\"@type\":\"ListItem\",\"position\":1,\"name\":\"Startseite\",\"item\":\"https:\/\/www.walter-richtsatzverleih.de\/cs\/\"},{\"@type\":\"ListItem\",\"position\":2,\"name\":\"Vize a mise\"}]},{\"@type\":\"WebSite\",\"@id\":\"https:\/\/www.walter-richtsatzverleih.de\/cs\/#website\",\"url\":\"https:\/\/www.walter-richtsatzverleih.de\/cs\/\",\"name\":\"Walter Richtsatzverleih\",\"description\":\"Wir verleihen und vermieten unter anderem Richts\u00e4tze und sind OTLG-Partner.\",\"potentialAction\":[{\"@type\":\"SearchAction\",\"target\":{\"@type\":\"EntryPoint\",\"urlTemplate\":\"https:\/\/www.walter-richtsatzverleih.de\/cs\/?s={search_term_string}\"},\"query-input\":{\"@type\":\"PropertyValueSpecification\",\"valueRequired\":true,\"valueName\":\"search_term_string\"}}],\"inLanguage\":\"cs\"}]}<\/script>\n<!-- \/ Yoast SEO plugin. -->","yoast_head_json":{"title":"Vize a mise - Walter Richtsatzverleih","description":"Na\u0161\u00edm c\u00edlem je pro na\u0161e z\u00e1kazn\u00edky prost\u0159ednictv\u00edm kvalitn\u00edch produkt\u016f a rychl\u00fdch dodac\u00edch lh\u016ft hladk\u00fd a rychl\u00fd pr\u016fb\u011bh oprav.","robots":{"index":"index","follow":"follow","max-snippet":"max-snippet:-1","max-image-preview":"max-image-preview:large","max-video-preview":"max-video-preview:-1"},"canonical":"https:\/\/www.walter-richtsatzverleih.de\/cs\/vize-a-mise\/","og_locale":"cs_CZ","og_type":"article","og_title":"Vize a mise - Walter Richtsatzverleih","og_description":"Na\u0161\u00edm c\u00edlem je pro na\u0161e z\u00e1kazn\u00edky prost\u0159ednictv\u00edm kvalitn\u00edch produkt\u016f a rychl\u00fdch dodac\u00edch lh\u016ft hladk\u00fd a rychl\u00fd pr\u016fb\u011bh oprav.","og_url":"https:\/\/www.walter-richtsatzverleih.de\/cs\/vize-a-mise\/","og_site_name":"Walter Richtsatzverleih","article_modified_time":"2023-07-31T16:45:13+00:00","og_image":[{"width":750,"height":600,"url":"https:\/\/www.walter-richtsatzverleih.de\/wp-content\/uploads\/2023\/07\/walter-richtsatzverleih_vision-mission_1.jpg","type":"image\/jpeg"}],"twitter_card":"summary_large_image","twitter_misc":{"Odhadovan\u00e1 doba \u010dten\u00ed":"1 minuta"},"schema":{"@context":"https:\/\/schema.org","@graph":[{"@type":"WebPage","@id":"https:\/\/www.walter-richtsatzverleih.de\/cs\/vize-a-mise\/","url":"https:\/\/www.walter-richtsatzverleih.de\/cs\/vize-a-mise\/","name":"Vize a mise - Walter Richtsatzverleih","isPartOf":{"@id":"https:\/\/www.walter-richtsatzverleih.de\/cs\/#website"},"primaryImageOfPage":{"@id":"https:\/\/www.walter-richtsatzverleih.de\/cs\/vize-a-mise\/#primaryimage"},"image":{"@id":"https:\/\/www.walter-richtsatzverleih.de\/cs\/vize-a-mise\/#primaryimage"},"thumbnailUrl":"https:\/\/www.walter-richtsatzverleih.de\/wp-content\/uploads\/2023\/07\/walter-richtsatzverleih_vision-mission_1.jpg","datePublished":"2022-06-28T19:32:28+00:00","dateModified":"2023-07-31T16:45:13+00:00","description":"Na\u0161\u00edm c\u00edlem je pro na\u0161e z\u00e1kazn\u00edky prost\u0159ednictv\u00edm kvalitn\u00edch produkt\u016f a rychl\u00fdch dodac\u00edch lh\u016ft hladk\u00fd a rychl\u00fd pr\u016fb\u011bh oprav.","breadcrumb":{"@id":"https:\/\/www.walter-richtsatzverleih.de\/cs\/vize-a-mise\/#breadcrumb"},"inLanguage":"cs","potentialAction":[{"@type":"ReadAction","target":["https:\/\/www.walter-richtsatzverleih.de\/cs\/vize-a-mise\/"]}]},{"@type":"ImageObject","inLanguage":"cs","@id":"https:\/\/www.walter-richtsatzverleih.de\/cs\/vize-a-mise\/#primaryimage","url":"https:\/\/www.walter-richtsatzverleih.de\/wp-content\/uploads\/2023\/07\/walter-richtsatzverleih_vision-mission_1.jpg","contentUrl":"https:\/\/www.walter-richtsatzverleih.de\/wp-content\/uploads\/2023\/07\/walter-richtsatzverleih_vision-mission_1.jpg","width":750,"height":600},{"@type":"BreadcrumbList","@id":"https:\/\/www.walter-richtsatzverleih.de\/cs\/vize-a-mise\/#breadcrumb","itemListElement":[{"@type":"ListItem","position":1,"name":"Startseite","item":"https:\/\/www.walter-richtsatzverleih.de\/cs\/"},{"@type":"ListItem","position":2,"name":"Vize a mise"}]},{"@type":"WebSite","@id":"https:\/\/www.walter-richtsatzverleih.de\/cs\/#website","url":"https:\/\/www.walter-richtsatzverleih.de\/cs\/","name":"Walter Richtsatzverleih","description":"Wir verleihen und vermieten unter anderem Richts\u00e4tze und sind OTLG-Partner.","potentialAction":[{"@type":"SearchAction","target":{"@type":"EntryPoint","urlTemplate":"https:\/\/www.walter-richtsatzverleih.de\/cs\/?s={search_term_string}"},"query-input":{"@type":"PropertyValueSpecification","valueRequired":true,"valueName":"search_term_string"}}],"inLanguage":"cs"}]}},"_links":{"self":[{"href":"https:\/\/www.walter-richtsatzverleih.de\/cs\/wp-json\/wp\/v2\/pages\/15664","targetHints":{"allow":["GET"]}}],"collection":[{"href":"https:\/\/www.walter-richtsatzverleih.de\/cs\/wp-json\/wp\/v2\/pages"}],"about":[{"href":"https:\/\/www.walter-richtsatzverleih.de\/cs\/wp-json\/wp\/v2\/types\/page"}],"author":[{"embeddable":true,"href":"https:\/\/www.walter-richtsatzverleih.de\/cs\/wp-json\/wp\/v2\/users\/1"}],"replies":[{"embeddable":true,"href":"https:\/\/www.walter-richtsatzverleih.de\/cs\/wp-json\/wp\/v2\/comments?post=15664"}],"version-history":[{"count":17,"href":"https:\/\/www.walter-richtsatzverleih.de\/cs\/wp-json\/wp\/v2\/pages\/15664\/revisions"}],"predecessor-version":[{"id":18126,"href":"https:\/\/www.walter-richtsatzverleih.de\/cs\/wp-json\/wp\/v2\/pages\/15664\/revisions\/18126"}],"wp:featuredmedia":[{"embeddable":true,"href":"https:\/\/www.walter-richtsatzverleih.de\/cs\/wp-json\/wp\/v2\/media\/17728"}],"wp:attachment":[{"href":"https:\/\/www.walter-richtsatzverleih.de\/cs\/wp-json\/wp\/v2\/media?parent=15664"}],"curies":[{"name":"wp","href":"https:\/\/api.w.org\/{rel}","templated":true}]}}