{"id":15650,"date":"2022-06-28T15:37:56","date_gmt":"2022-06-28T13:37:56","guid":{"rendered":"https:\/\/bbr.agenturkomma.de\/o-nas\/"},"modified":"2025-10-10T18:25:25","modified_gmt":"2025-10-10T16:25:25","slug":"o-nas","status":"publish","type":"page","link":"https:\/\/www.walter-richtsatzverleih.de\/cs\/o-nas\/","title":{"rendered":"O n\u00e1s"},"content":{"rendered":"\t\t<div data-elementor-type=\"wp-page\" data-elementor-id=\"15650\" class=\"elementor elementor-15650 elementor-14293\">\n\t\t\t\t\t\t<section class=\"elementor-section elementor-top-section elementor-element elementor-element-71ee3e8 elementor-section-boxed elementor-section-height-default elementor-section-height-default\" data-id=\"71ee3e8\" data-element_type=\"section\">\n\t\t\t\t\t\t<div class=\"elementor-container elementor-column-gap-default\">\n\t\t\t\t\t<div class=\"elementor-column elementor-col-100 elementor-top-column elementor-element elementor-element-7855f06\" data-id=\"7855f06\" data-element_type=\"column\">\n\t\t\t<div class=\"elementor-widget-wrap elementor-element-populated\">\n\t\t\t\t\t\t<div class=\"elementor-element elementor-element-750e694 divider-yes aleft elementor-widget elementor-widget-wgl-double-heading\" data-id=\"750e694\" data-element_type=\"widget\" data-widget_type=\"wgl-double-heading.default\">\n\t\t\t\t<div class=\"elementor-widget-container\">\n\t\t\t\t\t<div class=\"wgl-double-heading\"><div class=\"dblh__subtitle\"><span>01 - O n\u00e1s<\/span><\/div><h3 class=\"dblh__title-wrapper\"><span class=\"dblh__title dblh__title-1\">Zalo\u017een\u00ed v roce 1992 <\/span><span class=\"dblh__title dblh__title-2\">dnes v\u00edce ne\u017e 30 let zku\u0161enost\u00ed.<\/span><\/h3><\/div>\t\t\t\t<\/div>\n\t\t\t\t<\/div>\n\t\t\t\t\t<\/div>\n\t\t<\/div>\n\t\t\t\t\t<\/div>\n\t\t<\/section>\n\t\t\t\t<section class=\"elementor-section elementor-top-section elementor-element elementor-element-4aa58df elementor-reverse-mobile elementor-section-boxed elementor-section-height-default elementor-section-height-default\" data-id=\"4aa58df\" data-element_type=\"section\">\n\t\t\t\t\t\t<div class=\"elementor-container elementor-column-gap-default\">\n\t\t\t\t\t<div class=\"elementor-column elementor-col-50 elementor-top-column elementor-element elementor-element-0e6b0a9\" data-id=\"0e6b0a9\" data-element_type=\"column\">\n\t\t\t<div class=\"elementor-widget-wrap elementor-element-populated\">\n\t\t\t\t\t\t<div class=\"elementor-element elementor-element-7a16f32 elementor-widget elementor-widget-spacer\" data-id=\"7a16f32\" data-element_type=\"widget\" data-widget_type=\"spacer.default\">\n\t\t\t\t<div class=\"elementor-widget-container\">\n\t\t\t\t\t\t\t<div class=\"elementor-spacer\">\n\t\t\t<div class=\"elementor-spacer-inner\"><\/div>\n\t\t<\/div>\n\t\t\t\t\t\t<\/div>\n\t\t\t\t<\/div>\n\t\t\t\t<div class=\"elementor-element elementor-element-4c040a5 elementor-widget elementor-widget-text-editor\" data-id=\"4c040a5\" data-element_type=\"widget\" data-widget_type=\"text-editor.default\">\n\t\t\t\t<div class=\"elementor-widget-container\">\n\t\t\t\t\t\t\t\t\t<p>P\u016fj\u010dovna rozp\u00ednac\u00edch souprav Celette se s\u00eddlem v Radebeulu byla zalo\u017eena v roce 1992 v\u00fdkonn\u00fdm \u0159editelem a karos\u00e1\u0159em panem Gunterem Walterem. Na\u0161\u00ed hlavn\u00ed obchodn\u00ed \u010dinnost\u00ed je od t\u00e9 doby zap\u016fj\u010dov\u00e1n\u00ed rozp\u00ednac\u00edch souprav. Nab\u00edz\u00edme tak\u00e9 komplexn\u00ed servis v oblasti prodeje rovnac\u00edch r\u00e1m\u016f a ve\u0161ker\u00e9ho p\u0159\u00edslu\u0161enstv\u00ed.<\/p><p>Za \u00fa\u010delem zlep\u0161en\u00ed nab\u00eddky a zaji\u0161t\u011bn\u00ed bl\u00edzkosti z\u00e1kazn\u00edk\u016fm v Braniborsku a Berl\u00edn\u011b byla v roce 2000 v\u00fdkonn\u00fdm \u0159editelem a kontaktn\u00ed osobou panem Gunterem Waltrerem zalo\u017eena spole\u010dnost BBR Richtsatzverleih GmbH se st\u00e1vaj\u00edc\u00edm s\u00eddlem v L\u00fcbbenu. <span>V roce 2025 se spole\u010dnost GmbH p\u0159est\u011bhovala do M\u00ed\u0161n\u011b.<\/span><\/p><p>P\u016fvodn\u011b jsme pracovali s pouh\u00fdmi 15 soupravami, dnes \u2013 po v\u00edce ne\u017e 30 letech na trhu \u2013 disponujeme stovkami z\u00e1kladn\u00edch souprav, dopl\u0148k\u016f, port\u00e1lov\u00fdch r\u00e1m\u016f, sva\u0159ovac\u00edch r\u00e1m\u016f a m\u00e1me mnoho zku\u0161enost\u00ed s jejich pou\u017eit\u00edm.<\/p><p>N\u00e1\u0161 rozs\u00e1hl\u00fd sortiment je neust\u00e1le aktualizov\u00e1n, p\u0159ezku\u0161ov\u00e1n a udr\u017eov\u00e1n tak, aby byl st\u00e1le v perfektn\u00edm stavu a byl p\u0159ipraven\u00fd k pou\u017eit\u00ed pro na\u0161e z\u00e1kazn\u00edky.<\/p><p>Proto\u017ee: Spokojenost z\u00e1kazn\u00edk\u016f je neust\u00e1le na\u0161\u00ed nejvy\u0161\u0161\u00ed prioritou, a proto nab\u00edz\u00edme pouze vysoce kvalitn\u00ed produkty. Krom\u011b toho jsou na\u0161e osobn\u00ed nasazen\u00ed a zku\u0161enosti z\u00e1kazn\u00edk\u016fm kdykoliv k dispozici.<\/p>\t\t\t\t\t\t\t\t<\/div>\n\t\t\t\t<\/div>\n\t\t\t\t\t<\/div>\n\t\t<\/div>\n\t\t\t\t<div class=\"elementor-column elementor-col-50 elementor-top-column elementor-element elementor-element-8505319\" data-id=\"8505319\" data-element_type=\"column\">\n\t\t\t<div class=\"elementor-widget-wrap elementor-element-populated\">\n\t\t\t\t\t\t<div class=\"elementor-element elementor-element-dfea1c1 elementor-widget elementor-widget-spacer\" data-id=\"dfea1c1\" data-element_type=\"widget\" data-widget_type=\"spacer.default\">\n\t\t\t\t<div class=\"elementor-widget-container\">\n\t\t\t\t\t\t\t<div class=\"elementor-spacer\">\n\t\t\t<div class=\"elementor-spacer-inner\"><\/div>\n\t\t<\/div>\n\t\t\t\t\t\t<\/div>\n\t\t\t\t<\/div>\n\t\t\t\t<div class=\"elementor-element elementor-element-9581e20 elementor-widget elementor-widget-image\" data-id=\"9581e20\" data-element_type=\"widget\" data-widget_type=\"image.default\">\n\t\t\t\t<div class=\"elementor-widget-container\">\n\t\t\t\t\t\t\t\t\t\t\t\t\t\t\t<img fetchpriority=\"high\" decoding=\"async\" width=\"750\" height=\"794\" src=\"https:\/\/www.walter-richtsatzverleih.de\/wp-content\/uploads\/2022\/06\/ueber-uns.jpg\" class=\"attachment-full size-full wp-image-14381\" alt=\"\" srcset=\"https:\/\/www.walter-richtsatzverleih.de\/wp-content\/uploads\/2022\/06\/ueber-uns.jpg 750w, https:\/\/www.walter-richtsatzverleih.de\/wp-content\/uploads\/2022\/06\/ueber-uns-283x300.jpg 283w\" sizes=\"(max-width: 750px) 100vw, 750px\" \/>\t\t\t\t\t\t\t\t\t\t\t\t\t\t\t<\/div>\n\t\t\t\t<\/div>\n\t\t\t\t\t<\/div>\n\t\t<\/div>\n\t\t\t\t\t<\/div>\n\t\t<\/section>\n\t\t\t\t<section class=\"elementor-section elementor-top-section elementor-element elementor-element-0dd3b9d elementor-section-boxed elementor-section-height-default elementor-section-height-default\" data-id=\"0dd3b9d\" data-element_type=\"section\" data-settings=\"{&quot;background_background&quot;:&quot;classic&quot;}\">\n\t\t\t\t\t\t<div class=\"elementor-container elementor-column-gap-default\">\n\t\t\t\t\t<div class=\"elementor-column elementor-col-33 elementor-top-column elementor-element elementor-element-9de6c72\" data-id=\"9de6c72\" data-element_type=\"column\">\n\t\t\t<div class=\"elementor-widget-wrap elementor-element-populated\">\n\t\t\t\t\t\t<div class=\"elementor-element elementor-element-c20ab2a aleft elementor-widget elementor-widget-wgl-counter\" data-id=\"c20ab2a\" data-element_type=\"widget\" data-widget_type=\"wgl-counter.default\">\n\t\t\t\t<div class=\"elementor-widget-container\">\n\t\t\t\t\t<div class=\"wgl-counter title-block\"><div class=\"wgl-counter_wrap \"><div class=\"content-wrap\"><h3 class=\"wgl-counter_title\">Rozp\u00ednac\u00edch souprav<\/h3><div class=\"wgl-counter_divider\"><\/div><div class=\"wgl-counter_value-wrap\"><div class=\"wgl-counter__placeholder-wrap\"><span class=\"wgl-counter__placeholder\">2000<\/span><span class=\"wgl-counter__value\" data-start-value=\"0\" data-end-value=\"2000\" data-speed=\"2000\">0<\/span><\/div><span class=\"wgl-counter__suffix\">+<\/span><\/div><\/div><\/div><\/div>\t\t\t\t<\/div>\n\t\t\t\t<\/div>\n\t\t\t\t\t<\/div>\n\t\t<\/div>\n\t\t\t\t<div class=\"elementor-column elementor-col-33 elementor-top-column elementor-element elementor-element-0fb7fea\" data-id=\"0fb7fea\" data-element_type=\"column\">\n\t\t\t<div class=\"elementor-widget-wrap elementor-element-populated\">\n\t\t\t\t\t\t<div class=\"elementor-element elementor-element-389743e aleft elementor-widget elementor-widget-wgl-counter\" data-id=\"389743e\" data-element_type=\"widget\" data-widget_type=\"wgl-counter.default\">\n\t\t\t\t<div class=\"elementor-widget-container\">\n\t\t\t\t\t<div class=\"wgl-counter title-block\"><div class=\"wgl-counter_wrap \"><div class=\"content-wrap\"><h3 class=\"wgl-counter_title\">L\u00e9ta zku\u0161enost<\/h3><div class=\"wgl-counter_divider\"><\/div><div class=\"wgl-counter_value-wrap\"><div class=\"wgl-counter__placeholder-wrap\"><span class=\"wgl-counter__placeholder\">30<\/span><span class=\"wgl-counter__value\" data-start-value=\"0\" data-end-value=\"30\" data-speed=\"2000\">0<\/span><\/div><span class=\"wgl-counter__suffix\">+<\/span><\/div><\/div><\/div><\/div>\t\t\t\t<\/div>\n\t\t\t\t<\/div>\n\t\t\t\t\t<\/div>\n\t\t<\/div>\n\t\t\t\t<div class=\"elementor-column elementor-col-33 elementor-top-column elementor-element elementor-element-1fa8f65\" data-id=\"1fa8f65\" data-element_type=\"column\">\n\t\t\t<div class=\"elementor-widget-wrap elementor-element-populated\">\n\t\t\t\t\t\t<div class=\"elementor-element elementor-element-e70b098 aleft elementor-widget elementor-widget-wgl-counter\" data-id=\"e70b098\" data-element_type=\"widget\" data-widget_type=\"wgl-counter.default\">\n\t\t\t\t<div class=\"elementor-widget-container\">\n\t\t\t\t\t<div class=\"wgl-counter title-block\"><div class=\"wgl-counter_wrap \"><div class=\"content-wrap\"><h3 class=\"wgl-counter_title\">Pobo\u010dky<\/h3><div class=\"wgl-counter_divider\"><\/div><div class=\"wgl-counter_value-wrap\"><div class=\"wgl-counter__placeholder-wrap\"><span class=\"wgl-counter__placeholder\">2<\/span><span class=\"wgl-counter__value\" data-start-value=\"0\" data-end-value=\"2\" data-speed=\"2000\">0<\/span><\/div><\/div><\/div><\/div><\/div>\t\t\t\t<\/div>\n\t\t\t\t<\/div>\n\t\t\t\t\t<\/div>\n\t\t<\/div>\n\t\t\t\t\t<\/div>\n\t\t<\/section>\n\t\t\t\t<\/div>\n\t\t","protected":false},"excerpt":{"rendered":"<p>01 &#8211; O n\u00e1s Zalo\u017een\u00ed v roce 1992 dnes v\u00edce ne\u017e 30 let zku\u0161enost\u00ed. P\u016fj\u010dovna rozp\u00ednac\u00edch souprav Celette se s\u00eddlem v Radebeulu byla zalo\u017eena v roce 1992 v\u00fdkonn\u00fdm \u0159editelem a karos\u00e1\u0159em panem Gunterem Walterem. Na\u0161\u00ed hlavn\u00ed obchodn\u00ed \u010dinnost\u00ed je od t\u00e9 doby zap\u016fj\u010dov\u00e1n\u00ed rozp\u00ednac\u00edch souprav. Nab\u00edz\u00edme tak\u00e9 komplexn\u00ed servis v oblasti prodeje rovnac\u00edch r\u00e1m\u016f a [&hellip;]<\/p>\n","protected":false},"author":1,"featured_media":14652,"parent":0,"menu_order":0,"comment_status":"closed","ping_status":"closed","template":"","meta":{"footnotes":""},"class_list":["post-15650","page","type-page","status-publish","has-post-thumbnail","hentry"],"yoast_head":"<!-- This site is optimized with the Yoast SEO plugin v25.4 - https:\/\/yoast.com\/wordpress\/plugins\/seo\/ -->\n<title>O n\u00e1s - Walter Richtsatzverleih<\/title>\n<meta name=\"description\" content=\"P\u016fj\u010dovna rozp\u00ednac\u00edch souprav Celette byla zalo\u017eena v roce 1992. Na\u0161\u00ed hlavn\u00ed obchodn\u00ed \u010dinnost\u00ed je od t\u00e9 doby zap\u016fj\u010dov\u00e1n\u00ed rozp\u00ednac\u00edch souprav.\" \/>\n<meta name=\"robots\" content=\"index, follow, max-snippet:-1, max-image-preview:large, max-video-preview:-1\" \/>\n<link rel=\"canonical\" href=\"https:\/\/www.walter-richtsatzverleih.de\/cs\/o-nas\/\" \/>\n<meta property=\"og:locale\" content=\"cs_CZ\" \/>\n<meta property=\"og:type\" content=\"article\" \/>\n<meta property=\"og:title\" content=\"O n\u00e1s - Walter Richtsatzverleih\" \/>\n<meta property=\"og:description\" content=\"P\u016fj\u010dovna rozp\u00ednac\u00edch souprav Celette byla zalo\u017eena v roce 1992. Na\u0161\u00ed hlavn\u00ed obchodn\u00ed \u010dinnost\u00ed je od t\u00e9 doby zap\u016fj\u010dov\u00e1n\u00ed rozp\u00ednac\u00edch souprav.\" \/>\n<meta property=\"og:url\" content=\"https:\/\/www.walter-richtsatzverleih.de\/cs\/o-nas\/\" \/>\n<meta property=\"og:site_name\" content=\"Walter Richtsatzverleih\" \/>\n<meta property=\"article:modified_time\" content=\"2025-10-10T16:25:25+00:00\" \/>\n<meta property=\"og:image\" content=\"http:\/\/www.walter-richtsatzverleih.de\/wp-content\/uploads\/2022\/06\/standort-radebeul.jpg\" \/>\n\t<meta property=\"og:image:width\" content=\"800\" \/>\n\t<meta property=\"og:image:height\" content=\"440\" \/>\n\t<meta property=\"og:image:type\" content=\"image\/jpeg\" \/>\n<meta name=\"twitter:card\" content=\"summary_large_image\" \/>\n<meta name=\"twitter:label1\" content=\"Odhadovan\u00e1 doba \u010dten\u00ed\" \/>\n\t<meta name=\"twitter:data1\" content=\"2 minuty\" \/>\n<script type=\"application\/ld+json\" class=\"yoast-schema-graph\">{\"@context\":\"https:\/\/schema.org\",\"@graph\":[{\"@type\":\"WebPage\",\"@id\":\"https:\/\/www.walter-richtsatzverleih.de\/cs\/o-nas\/\",\"url\":\"https:\/\/www.walter-richtsatzverleih.de\/cs\/o-nas\/\",\"name\":\"O n\u00e1s - Walter Richtsatzverleih\",\"isPartOf\":{\"@id\":\"https:\/\/www.walter-richtsatzverleih.de\/cs\/#website\"},\"primaryImageOfPage\":{\"@id\":\"https:\/\/www.walter-richtsatzverleih.de\/cs\/o-nas\/#primaryimage\"},\"image\":{\"@id\":\"https:\/\/www.walter-richtsatzverleih.de\/cs\/o-nas\/#primaryimage\"},\"thumbnailUrl\":\"https:\/\/www.walter-richtsatzverleih.de\/wp-content\/uploads\/2022\/06\/standort-radebeul.jpg\",\"datePublished\":\"2022-06-28T13:37:56+00:00\",\"dateModified\":\"2025-10-10T16:25:25+00:00\",\"description\":\"P\u016fj\u010dovna rozp\u00ednac\u00edch souprav Celette byla zalo\u017eena v roce 1992. Na\u0161\u00ed hlavn\u00ed obchodn\u00ed \u010dinnost\u00ed je od t\u00e9 doby zap\u016fj\u010dov\u00e1n\u00ed rozp\u00ednac\u00edch souprav.\",\"breadcrumb\":{\"@id\":\"https:\/\/www.walter-richtsatzverleih.de\/cs\/o-nas\/#breadcrumb\"},\"inLanguage\":\"cs\",\"potentialAction\":[{\"@type\":\"ReadAction\",\"target\":[\"https:\/\/www.walter-richtsatzverleih.de\/cs\/o-nas\/\"]}]},{\"@type\":\"ImageObject\",\"inLanguage\":\"cs\",\"@id\":\"https:\/\/www.walter-richtsatzverleih.de\/cs\/o-nas\/#primaryimage\",\"url\":\"https:\/\/www.walter-richtsatzverleih.de\/wp-content\/uploads\/2022\/06\/standort-radebeul.jpg\",\"contentUrl\":\"https:\/\/www.walter-richtsatzverleih.de\/wp-content\/uploads\/2022\/06\/standort-radebeul.jpg\",\"width\":800,\"height\":440},{\"@type\":\"BreadcrumbList\",\"@id\":\"https:\/\/www.walter-richtsatzverleih.de\/cs\/o-nas\/#breadcrumb\",\"itemListElement\":[{\"@type\":\"ListItem\",\"position\":1,\"name\":\"Startseite\",\"item\":\"https:\/\/www.walter-richtsatzverleih.de\/cs\/\"},{\"@type\":\"ListItem\",\"position\":2,\"name\":\"O n\u00e1s\"}]},{\"@type\":\"WebSite\",\"@id\":\"https:\/\/www.walter-richtsatzverleih.de\/cs\/#website\",\"url\":\"https:\/\/www.walter-richtsatzverleih.de\/cs\/\",\"name\":\"Walter Richtsatzverleih\",\"description\":\"Wir verleihen und vermieten unter anderem Richts\u00e4tze und sind OTLG-Partner.\",\"potentialAction\":[{\"@type\":\"SearchAction\",\"target\":{\"@type\":\"EntryPoint\",\"urlTemplate\":\"https:\/\/www.walter-richtsatzverleih.de\/cs\/?s={search_term_string}\"},\"query-input\":{\"@type\":\"PropertyValueSpecification\",\"valueRequired\":true,\"valueName\":\"search_term_string\"}}],\"inLanguage\":\"cs\"}]}<\/script>\n<!-- \/ Yoast SEO plugin. -->","yoast_head_json":{"title":"O n\u00e1s - Walter Richtsatzverleih","description":"P\u016fj\u010dovna rozp\u00ednac\u00edch souprav Celette byla zalo\u017eena v roce 1992. Na\u0161\u00ed hlavn\u00ed obchodn\u00ed \u010dinnost\u00ed je od t\u00e9 doby zap\u016fj\u010dov\u00e1n\u00ed rozp\u00ednac\u00edch souprav.","robots":{"index":"index","follow":"follow","max-snippet":"max-snippet:-1","max-image-preview":"max-image-preview:large","max-video-preview":"max-video-preview:-1"},"canonical":"https:\/\/www.walter-richtsatzverleih.de\/cs\/o-nas\/","og_locale":"cs_CZ","og_type":"article","og_title":"O n\u00e1s - Walter Richtsatzverleih","og_description":"P\u016fj\u010dovna rozp\u00ednac\u00edch souprav Celette byla zalo\u017eena v roce 1992. Na\u0161\u00ed hlavn\u00ed obchodn\u00ed \u010dinnost\u00ed je od t\u00e9 doby zap\u016fj\u010dov\u00e1n\u00ed rozp\u00ednac\u00edch souprav.","og_url":"https:\/\/www.walter-richtsatzverleih.de\/cs\/o-nas\/","og_site_name":"Walter Richtsatzverleih","article_modified_time":"2025-10-10T16:25:25+00:00","og_image":[{"width":800,"height":440,"url":"http:\/\/www.walter-richtsatzverleih.de\/wp-content\/uploads\/2022\/06\/standort-radebeul.jpg","type":"image\/jpeg"}],"twitter_card":"summary_large_image","twitter_misc":{"Odhadovan\u00e1 doba \u010dten\u00ed":"2 minuty"},"schema":{"@context":"https:\/\/schema.org","@graph":[{"@type":"WebPage","@id":"https:\/\/www.walter-richtsatzverleih.de\/cs\/o-nas\/","url":"https:\/\/www.walter-richtsatzverleih.de\/cs\/o-nas\/","name":"O n\u00e1s - Walter Richtsatzverleih","isPartOf":{"@id":"https:\/\/www.walter-richtsatzverleih.de\/cs\/#website"},"primaryImageOfPage":{"@id":"https:\/\/www.walter-richtsatzverleih.de\/cs\/o-nas\/#primaryimage"},"image":{"@id":"https:\/\/www.walter-richtsatzverleih.de\/cs\/o-nas\/#primaryimage"},"thumbnailUrl":"https:\/\/www.walter-richtsatzverleih.de\/wp-content\/uploads\/2022\/06\/standort-radebeul.jpg","datePublished":"2022-06-28T13:37:56+00:00","dateModified":"2025-10-10T16:25:25+00:00","description":"P\u016fj\u010dovna rozp\u00ednac\u00edch souprav Celette byla zalo\u017eena v roce 1992. Na\u0161\u00ed hlavn\u00ed obchodn\u00ed \u010dinnost\u00ed je od t\u00e9 doby zap\u016fj\u010dov\u00e1n\u00ed rozp\u00ednac\u00edch souprav.","breadcrumb":{"@id":"https:\/\/www.walter-richtsatzverleih.de\/cs\/o-nas\/#breadcrumb"},"inLanguage":"cs","potentialAction":[{"@type":"ReadAction","target":["https:\/\/www.walter-richtsatzverleih.de\/cs\/o-nas\/"]}]},{"@type":"ImageObject","inLanguage":"cs","@id":"https:\/\/www.walter-richtsatzverleih.de\/cs\/o-nas\/#primaryimage","url":"https:\/\/www.walter-richtsatzverleih.de\/wp-content\/uploads\/2022\/06\/standort-radebeul.jpg","contentUrl":"https:\/\/www.walter-richtsatzverleih.de\/wp-content\/uploads\/2022\/06\/standort-radebeul.jpg","width":800,"height":440},{"@type":"BreadcrumbList","@id":"https:\/\/www.walter-richtsatzverleih.de\/cs\/o-nas\/#breadcrumb","itemListElement":[{"@type":"ListItem","position":1,"name":"Startseite","item":"https:\/\/www.walter-richtsatzverleih.de\/cs\/"},{"@type":"ListItem","position":2,"name":"O n\u00e1s"}]},{"@type":"WebSite","@id":"https:\/\/www.walter-richtsatzverleih.de\/cs\/#website","url":"https:\/\/www.walter-richtsatzverleih.de\/cs\/","name":"Walter Richtsatzverleih","description":"Wir verleihen und vermieten unter anderem Richts\u00e4tze und sind OTLG-Partner.","potentialAction":[{"@type":"SearchAction","target":{"@type":"EntryPoint","urlTemplate":"https:\/\/www.walter-richtsatzverleih.de\/cs\/?s={search_term_string}"},"query-input":{"@type":"PropertyValueSpecification","valueRequired":true,"valueName":"search_term_string"}}],"inLanguage":"cs"}]}},"_links":{"self":[{"href":"https:\/\/www.walter-richtsatzverleih.de\/cs\/wp-json\/wp\/v2\/pages\/15650","targetHints":{"allow":["GET"]}}],"collection":[{"href":"https:\/\/www.walter-richtsatzverleih.de\/cs\/wp-json\/wp\/v2\/pages"}],"about":[{"href":"https:\/\/www.walter-richtsatzverleih.de\/cs\/wp-json\/wp\/v2\/types\/page"}],"author":[{"embeddable":true,"href":"https:\/\/www.walter-richtsatzverleih.de\/cs\/wp-json\/wp\/v2\/users\/1"}],"replies":[{"embeddable":true,"href":"https:\/\/www.walter-richtsatzverleih.de\/cs\/wp-json\/wp\/v2\/comments?post=15650"}],"version-history":[{"count":16,"href":"https:\/\/www.walter-richtsatzverleih.de\/cs\/wp-json\/wp\/v2\/pages\/15650\/revisions"}],"predecessor-version":[{"id":18693,"href":"https:\/\/www.walter-richtsatzverleih.de\/cs\/wp-json\/wp\/v2\/pages\/15650\/revisions\/18693"}],"wp:featuredmedia":[{"embeddable":true,"href":"https:\/\/www.walter-richtsatzverleih.de\/cs\/wp-json\/wp\/v2\/media\/14652"}],"wp:attachment":[{"href":"https:\/\/www.walter-richtsatzverleih.de\/cs\/wp-json\/wp\/v2\/media?parent=15650"}],"curies":[{"name":"wp","href":"https:\/\/api.w.org\/{rel}","templated":true}]}}