{"id":15635,"date":"2022-06-30T13:51:17","date_gmt":"2022-06-30T11:51:17","guid":{"rendered":"https:\/\/bbr.agenturkomma.de\/naja-zememericky-system\/"},"modified":"2023-07-31T18:24:23","modified_gmt":"2023-07-31T16:24:23","slug":"naja-elektronicke-mereni-karoserii","status":"publish","type":"page","link":"https:\/\/www.walter-richtsatzverleih.de\/cs\/naja-elektronicke-mereni-karoserii\/","title":{"rendered":"Naja zem\u011bm\u011b\u0159ick\u00fd syst\u00e9m"},"content":{"rendered":"\t\t<div data-elementor-type=\"wp-page\" data-elementor-id=\"15635\" class=\"elementor elementor-15635 elementor-14983\">\n\t\t\t\t\t\t<section class=\"elementor-section elementor-top-section elementor-element elementor-element-71ee3e8 elementor-section-boxed elementor-section-height-default elementor-section-height-default\" data-id=\"71ee3e8\" data-element_type=\"section\">\n\t\t\t\t\t\t<div class=\"elementor-container elementor-column-gap-default\">\n\t\t\t\t\t<div class=\"elementor-column elementor-col-100 elementor-top-column elementor-element elementor-element-7855f06\" data-id=\"7855f06\" data-element_type=\"column\">\n\t\t\t<div class=\"elementor-widget-wrap elementor-element-populated\">\n\t\t\t\t\t\t<div class=\"elementor-element elementor-element-750e694 divider-yes aleft elementor-widget elementor-widget-wgl-double-heading\" data-id=\"750e694\" data-element_type=\"widget\" data-widget_type=\"wgl-double-heading.default\">\n\t\t\t\t<div class=\"elementor-widget-container\">\n\t\t\t\t\t<div class=\"wgl-double-heading\"><div class=\"dblh__subtitle\"><span>06 - Naja zem\u011bm\u011b\u0159ick\u00fd syst\u00e9m<\/span><\/div><h3 class=\"dblh__title-wrapper\"><span class=\"dblh__title dblh__title-1\">Elektronick\u00e9 m\u011b\u0159en\u00ed <\/span><span class=\"dblh__title dblh__title-2\">karoserie vozidla.<\/span><\/h3><\/div>\t\t\t\t<\/div>\n\t\t\t\t<\/div>\n\t\t\t\t\t<\/div>\n\t\t<\/div>\n\t\t\t\t\t<\/div>\n\t\t<\/section>\n\t\t\t\t<section class=\"elementor-section elementor-top-section elementor-element elementor-element-4aa58df elementor-reverse-mobile elementor-section-boxed elementor-section-height-default elementor-section-height-default\" data-id=\"4aa58df\" data-element_type=\"section\">\n\t\t\t\t\t\t<div class=\"elementor-container elementor-column-gap-default\">\n\t\t\t\t\t<div class=\"elementor-column elementor-col-50 elementor-top-column elementor-element elementor-element-0e6b0a9\" data-id=\"0e6b0a9\" data-element_type=\"column\">\n\t\t\t<div class=\"elementor-widget-wrap elementor-element-populated\">\n\t\t\t\t\t\t<div class=\"elementor-element elementor-element-7a16f32 elementor-widget elementor-widget-spacer\" data-id=\"7a16f32\" data-element_type=\"widget\" data-widget_type=\"spacer.default\">\n\t\t\t\t<div class=\"elementor-widget-container\">\n\t\t\t\t\t\t\t<div class=\"elementor-spacer\">\n\t\t\t<div class=\"elementor-spacer-inner\"><\/div>\n\t\t<\/div>\n\t\t\t\t\t\t<\/div>\n\t\t\t\t<\/div>\n\t\t\t\t<div class=\"elementor-element elementor-element-4c040a5 elementor-widget elementor-widget-text-editor\" data-id=\"4c040a5\" data-element_type=\"widget\" data-widget_type=\"text-editor.default\">\n\t\t\t\t<div class=\"elementor-widget-container\">\n\t\t\t\t\t\t\t\t\t<p>NAJA Evolution od firmy CELETTE je elektronick\u00fd, po\u010d\u00edta\u010dem \u0159\u00edzen\u00fd m\u011b\u0159ic\u00ed syst\u00e9m, kter\u00fd umo\u017e\u0148uje precizn\u00ed m\u011b\u0159en\u00ed pro kontrolu a opravy v\u0161ech vozidel, a\u0165 u\u017e s agreg\u00e1ty nebo bez nich. Sou\u010d\u00e1st\u00ed dod\u00e1vky je:<\/p><ul><li>kolejnice<\/li><li>m\u011b\u0159ic\u00ed hlavasoftware<\/li><li>hardware<\/li><li>\u00falo\u017en\u00fd voz\u00edk<\/li><\/ul><p>Syst\u00e9m NAJA se jako dopln\u011bk ide\u00e1ln\u011b hod\u00ed k adaptivn\u00ed rozp\u00ednac\u00ed souprav\u011b <a href=\"\/cs\/cameleon-adaptivni-rozpinaci-souprava\/\">CAMELEON<\/a>.<\/p>\t\t\t\t\t\t\t\t<\/div>\n\t\t\t\t<\/div>\n\t\t\t\t\t<\/div>\n\t\t<\/div>\n\t\t\t\t<div class=\"elementor-column elementor-col-50 elementor-top-column elementor-element elementor-element-8505319\" data-id=\"8505319\" data-element_type=\"column\">\n\t\t\t<div class=\"elementor-widget-wrap elementor-element-populated\">\n\t\t\t\t\t\t<div class=\"elementor-element elementor-element-dfea1c1 elementor-widget elementor-widget-spacer\" data-id=\"dfea1c1\" data-element_type=\"widget\" data-widget_type=\"spacer.default\">\n\t\t\t\t<div class=\"elementor-widget-container\">\n\t\t\t\t\t\t\t<div class=\"elementor-spacer\">\n\t\t\t<div class=\"elementor-spacer-inner\"><\/div>\n\t\t<\/div>\n\t\t\t\t\t\t<\/div>\n\t\t\t\t<\/div>\n\t\t\t\t<div class=\"elementor-element elementor-element-9581e20 elementor-widget elementor-widget-image\" data-id=\"9581e20\" data-element_type=\"widget\" data-widget_type=\"image.default\">\n\t\t\t\t<div class=\"elementor-widget-container\">\n\t\t\t\t\t\t\t\t\t\t\t\t\t\t\t<img fetchpriority=\"high\" decoding=\"async\" width=\"700\" height=\"400\" src=\"https:\/\/www.walter-richtsatzverleih.de\/wp-content\/uploads\/2022\/06\/naja-elektronische-karosserievermessung.jpg\" class=\"attachment-full size-full wp-image-14990\" alt=\"\" srcset=\"https:\/\/www.walter-richtsatzverleih.de\/wp-content\/uploads\/2022\/06\/naja-elektronische-karosserievermessung.jpg 700w, https:\/\/www.walter-richtsatzverleih.de\/wp-content\/uploads\/2022\/06\/naja-elektronische-karosserievermessung-300x171.jpg 300w\" sizes=\"(max-width: 700px) 100vw, 700px\" \/>\t\t\t\t\t\t\t\t\t\t\t\t\t\t\t<\/div>\n\t\t\t\t<\/div>\n\t\t\t\t\t<\/div>\n\t\t<\/div>\n\t\t\t\t\t<\/div>\n\t\t<\/section>\n\t\t\t\t<\/div>\n\t\t","protected":false},"excerpt":{"rendered":"<p>06 &#8211; Naja zem\u011bm\u011b\u0159ick\u00fd syst\u00e9m Elektronick\u00e9 m\u011b\u0159en\u00ed karoserie vozidla. NAJA Evolution od firmy CELETTE je elektronick\u00fd, po\u010d\u00edta\u010dem \u0159\u00edzen\u00fd m\u011b\u0159ic\u00ed syst\u00e9m, kter\u00fd umo\u017e\u0148uje precizn\u00ed m\u011b\u0159en\u00ed pro kontrolu a opravy v\u0161ech vozidel, a\u0165 u\u017e s agreg\u00e1ty nebo bez nich. Sou\u010d\u00e1st\u00ed dod\u00e1vky je: kolejnice m\u011b\u0159ic\u00ed hlavasoftware hardware \u00falo\u017en\u00fd voz\u00edk Syst\u00e9m NAJA se jako dopln\u011bk ide\u00e1ln\u011b hod\u00ed k adaptivn\u00ed [&hellip;]<\/p>\n","protected":false},"author":1,"featured_media":14990,"parent":0,"menu_order":0,"comment_status":"closed","ping_status":"closed","template":"","meta":{"footnotes":""},"class_list":["post-15635","page","type-page","status-publish","has-post-thumbnail","hentry"],"yoast_head":"<!-- This site is optimized with the Yoast SEO plugin v25.4 - https:\/\/yoast.com\/wordpress\/plugins\/seo\/ -->\n<title>Naja zem\u011bm\u011b\u0159ick\u00fd syst\u00e9m - Walter Richtsatzverleih<\/title>\n<meta name=\"description\" content=\"NAJA Evolution od firmy CELETTE je elektronick\u00fd, po\u010d\u00edta\u010dem \u0159\u00edzen\u00fd m\u011b\u0159ic\u00ed syst\u00e9m, kter\u00fd umo\u017e\u0148uje precizn\u00ed m\u011b\u0159en\u00ed pro kontrolu a opravy v\u0161ech vozidel.\" \/>\n<meta name=\"robots\" content=\"index, follow, max-snippet:-1, max-image-preview:large, max-video-preview:-1\" \/>\n<link rel=\"canonical\" href=\"https:\/\/www.walter-richtsatzverleih.de\/cs\/naja-elektronicke-mereni-karoserii\/\" \/>\n<meta property=\"og:locale\" content=\"cs_CZ\" \/>\n<meta property=\"og:type\" content=\"article\" \/>\n<meta property=\"og:title\" content=\"Naja zem\u011bm\u011b\u0159ick\u00fd syst\u00e9m - Walter Richtsatzverleih\" \/>\n<meta property=\"og:description\" content=\"NAJA Evolution od firmy CELETTE je elektronick\u00fd, po\u010d\u00edta\u010dem \u0159\u00edzen\u00fd m\u011b\u0159ic\u00ed syst\u00e9m, kter\u00fd umo\u017e\u0148uje precizn\u00ed m\u011b\u0159en\u00ed pro kontrolu a opravy v\u0161ech vozidel.\" \/>\n<meta property=\"og:url\" content=\"https:\/\/www.walter-richtsatzverleih.de\/cs\/naja-elektronicke-mereni-karoserii\/\" \/>\n<meta property=\"og:site_name\" content=\"Walter Richtsatzverleih\" \/>\n<meta property=\"article:modified_time\" content=\"2023-07-31T16:24:23+00:00\" \/>\n<meta property=\"og:image\" content=\"https:\/\/www.walter-richtsatzverleih.de\/wp-content\/uploads\/2022\/06\/naja-elektronische-karosserievermessung.jpg\" \/>\n\t<meta property=\"og:image:width\" content=\"700\" \/>\n\t<meta property=\"og:image:height\" content=\"400\" \/>\n\t<meta property=\"og:image:type\" content=\"image\/jpeg\" \/>\n<meta name=\"twitter:card\" content=\"summary_large_image\" \/>\n<meta name=\"twitter:label1\" content=\"Odhadovan\u00e1 doba \u010dten\u00ed\" \/>\n\t<meta name=\"twitter:data1\" content=\"1 minuta\" \/>\n<script type=\"application\/ld+json\" class=\"yoast-schema-graph\">{\"@context\":\"https:\/\/schema.org\",\"@graph\":[{\"@type\":\"WebPage\",\"@id\":\"https:\/\/www.walter-richtsatzverleih.de\/cs\/naja-elektronicke-mereni-karoserii\/\",\"url\":\"https:\/\/www.walter-richtsatzverleih.de\/cs\/naja-elektronicke-mereni-karoserii\/\",\"name\":\"Naja zem\u011bm\u011b\u0159ick\u00fd syst\u00e9m - Walter Richtsatzverleih\",\"isPartOf\":{\"@id\":\"https:\/\/www.walter-richtsatzverleih.de\/cs\/#website\"},\"primaryImageOfPage\":{\"@id\":\"https:\/\/www.walter-richtsatzverleih.de\/cs\/naja-elektronicke-mereni-karoserii\/#primaryimage\"},\"image\":{\"@id\":\"https:\/\/www.walter-richtsatzverleih.de\/cs\/naja-elektronicke-mereni-karoserii\/#primaryimage\"},\"thumbnailUrl\":\"https:\/\/www.walter-richtsatzverleih.de\/wp-content\/uploads\/2022\/06\/naja-elektronische-karosserievermessung.jpg\",\"datePublished\":\"2022-06-30T11:51:17+00:00\",\"dateModified\":\"2023-07-31T16:24:23+00:00\",\"description\":\"NAJA Evolution od firmy CELETTE je elektronick\u00fd, po\u010d\u00edta\u010dem \u0159\u00edzen\u00fd m\u011b\u0159ic\u00ed syst\u00e9m, kter\u00fd umo\u017e\u0148uje precizn\u00ed m\u011b\u0159en\u00ed pro kontrolu a opravy v\u0161ech vozidel.\",\"breadcrumb\":{\"@id\":\"https:\/\/www.walter-richtsatzverleih.de\/cs\/naja-elektronicke-mereni-karoserii\/#breadcrumb\"},\"inLanguage\":\"cs\",\"potentialAction\":[{\"@type\":\"ReadAction\",\"target\":[\"https:\/\/www.walter-richtsatzverleih.de\/cs\/naja-elektronicke-mereni-karoserii\/\"]}]},{\"@type\":\"ImageObject\",\"inLanguage\":\"cs\",\"@id\":\"https:\/\/www.walter-richtsatzverleih.de\/cs\/naja-elektronicke-mereni-karoserii\/#primaryimage\",\"url\":\"https:\/\/www.walter-richtsatzverleih.de\/wp-content\/uploads\/2022\/06\/naja-elektronische-karosserievermessung.jpg\",\"contentUrl\":\"https:\/\/www.walter-richtsatzverleih.de\/wp-content\/uploads\/2022\/06\/naja-elektronische-karosserievermessung.jpg\",\"width\":700,\"height\":400},{\"@type\":\"BreadcrumbList\",\"@id\":\"https:\/\/www.walter-richtsatzverleih.de\/cs\/naja-elektronicke-mereni-karoserii\/#breadcrumb\",\"itemListElement\":[{\"@type\":\"ListItem\",\"position\":1,\"name\":\"Startseite\",\"item\":\"https:\/\/www.walter-richtsatzverleih.de\/cs\/\"},{\"@type\":\"ListItem\",\"position\":2,\"name\":\"Naja zem\u011bm\u011b\u0159ick\u00fd syst\u00e9m\"}]},{\"@type\":\"WebSite\",\"@id\":\"https:\/\/www.walter-richtsatzverleih.de\/cs\/#website\",\"url\":\"https:\/\/www.walter-richtsatzverleih.de\/cs\/\",\"name\":\"Walter Richtsatzverleih\",\"description\":\"Wir verleihen und vermieten unter anderem Richts\u00e4tze und sind OTLG-Partner.\",\"potentialAction\":[{\"@type\":\"SearchAction\",\"target\":{\"@type\":\"EntryPoint\",\"urlTemplate\":\"https:\/\/www.walter-richtsatzverleih.de\/cs\/?s={search_term_string}\"},\"query-input\":{\"@type\":\"PropertyValueSpecification\",\"valueRequired\":true,\"valueName\":\"search_term_string\"}}],\"inLanguage\":\"cs\"}]}<\/script>\n<!-- \/ Yoast SEO plugin. -->","yoast_head_json":{"title":"Naja zem\u011bm\u011b\u0159ick\u00fd syst\u00e9m - Walter Richtsatzverleih","description":"NAJA Evolution od firmy CELETTE je elektronick\u00fd, po\u010d\u00edta\u010dem \u0159\u00edzen\u00fd m\u011b\u0159ic\u00ed syst\u00e9m, kter\u00fd umo\u017e\u0148uje precizn\u00ed m\u011b\u0159en\u00ed pro kontrolu a opravy v\u0161ech vozidel.","robots":{"index":"index","follow":"follow","max-snippet":"max-snippet:-1","max-image-preview":"max-image-preview:large","max-video-preview":"max-video-preview:-1"},"canonical":"https:\/\/www.walter-richtsatzverleih.de\/cs\/naja-elektronicke-mereni-karoserii\/","og_locale":"cs_CZ","og_type":"article","og_title":"Naja zem\u011bm\u011b\u0159ick\u00fd syst\u00e9m - Walter Richtsatzverleih","og_description":"NAJA Evolution od firmy CELETTE je elektronick\u00fd, po\u010d\u00edta\u010dem \u0159\u00edzen\u00fd m\u011b\u0159ic\u00ed syst\u00e9m, kter\u00fd umo\u017e\u0148uje precizn\u00ed m\u011b\u0159en\u00ed pro kontrolu a opravy v\u0161ech vozidel.","og_url":"https:\/\/www.walter-richtsatzverleih.de\/cs\/naja-elektronicke-mereni-karoserii\/","og_site_name":"Walter Richtsatzverleih","article_modified_time":"2023-07-31T16:24:23+00:00","og_image":[{"width":700,"height":400,"url":"https:\/\/www.walter-richtsatzverleih.de\/wp-content\/uploads\/2022\/06\/naja-elektronische-karosserievermessung.jpg","type":"image\/jpeg"}],"twitter_card":"summary_large_image","twitter_misc":{"Odhadovan\u00e1 doba \u010dten\u00ed":"1 minuta"},"schema":{"@context":"https:\/\/schema.org","@graph":[{"@type":"WebPage","@id":"https:\/\/www.walter-richtsatzverleih.de\/cs\/naja-elektronicke-mereni-karoserii\/","url":"https:\/\/www.walter-richtsatzverleih.de\/cs\/naja-elektronicke-mereni-karoserii\/","name":"Naja zem\u011bm\u011b\u0159ick\u00fd syst\u00e9m - Walter Richtsatzverleih","isPartOf":{"@id":"https:\/\/www.walter-richtsatzverleih.de\/cs\/#website"},"primaryImageOfPage":{"@id":"https:\/\/www.walter-richtsatzverleih.de\/cs\/naja-elektronicke-mereni-karoserii\/#primaryimage"},"image":{"@id":"https:\/\/www.walter-richtsatzverleih.de\/cs\/naja-elektronicke-mereni-karoserii\/#primaryimage"},"thumbnailUrl":"https:\/\/www.walter-richtsatzverleih.de\/wp-content\/uploads\/2022\/06\/naja-elektronische-karosserievermessung.jpg","datePublished":"2022-06-30T11:51:17+00:00","dateModified":"2023-07-31T16:24:23+00:00","description":"NAJA Evolution od firmy CELETTE je elektronick\u00fd, po\u010d\u00edta\u010dem \u0159\u00edzen\u00fd m\u011b\u0159ic\u00ed syst\u00e9m, kter\u00fd umo\u017e\u0148uje precizn\u00ed m\u011b\u0159en\u00ed pro kontrolu a opravy v\u0161ech vozidel.","breadcrumb":{"@id":"https:\/\/www.walter-richtsatzverleih.de\/cs\/naja-elektronicke-mereni-karoserii\/#breadcrumb"},"inLanguage":"cs","potentialAction":[{"@type":"ReadAction","target":["https:\/\/www.walter-richtsatzverleih.de\/cs\/naja-elektronicke-mereni-karoserii\/"]}]},{"@type":"ImageObject","inLanguage":"cs","@id":"https:\/\/www.walter-richtsatzverleih.de\/cs\/naja-elektronicke-mereni-karoserii\/#primaryimage","url":"https:\/\/www.walter-richtsatzverleih.de\/wp-content\/uploads\/2022\/06\/naja-elektronische-karosserievermessung.jpg","contentUrl":"https:\/\/www.walter-richtsatzverleih.de\/wp-content\/uploads\/2022\/06\/naja-elektronische-karosserievermessung.jpg","width":700,"height":400},{"@type":"BreadcrumbList","@id":"https:\/\/www.walter-richtsatzverleih.de\/cs\/naja-elektronicke-mereni-karoserii\/#breadcrumb","itemListElement":[{"@type":"ListItem","position":1,"name":"Startseite","item":"https:\/\/www.walter-richtsatzverleih.de\/cs\/"},{"@type":"ListItem","position":2,"name":"Naja zem\u011bm\u011b\u0159ick\u00fd syst\u00e9m"}]},{"@type":"WebSite","@id":"https:\/\/www.walter-richtsatzverleih.de\/cs\/#website","url":"https:\/\/www.walter-richtsatzverleih.de\/cs\/","name":"Walter Richtsatzverleih","description":"Wir verleihen und vermieten unter anderem Richts\u00e4tze und sind OTLG-Partner.","potentialAction":[{"@type":"SearchAction","target":{"@type":"EntryPoint","urlTemplate":"https:\/\/www.walter-richtsatzverleih.de\/cs\/?s={search_term_string}"},"query-input":{"@type":"PropertyValueSpecification","valueRequired":true,"valueName":"search_term_string"}}],"inLanguage":"cs"}]}},"_links":{"self":[{"href":"https:\/\/www.walter-richtsatzverleih.de\/cs\/wp-json\/wp\/v2\/pages\/15635","targetHints":{"allow":["GET"]}}],"collection":[{"href":"https:\/\/www.walter-richtsatzverleih.de\/cs\/wp-json\/wp\/v2\/pages"}],"about":[{"href":"https:\/\/www.walter-richtsatzverleih.de\/cs\/wp-json\/wp\/v2\/types\/page"}],"author":[{"embeddable":true,"href":"https:\/\/www.walter-richtsatzverleih.de\/cs\/wp-json\/wp\/v2\/users\/1"}],"replies":[{"embeddable":true,"href":"https:\/\/www.walter-richtsatzverleih.de\/cs\/wp-json\/wp\/v2\/comments?post=15635"}],"version-history":[{"count":10,"href":"https:\/\/www.walter-richtsatzverleih.de\/cs\/wp-json\/wp\/v2\/pages\/15635\/revisions"}],"predecessor-version":[{"id":15649,"href":"https:\/\/www.walter-richtsatzverleih.de\/cs\/wp-json\/wp\/v2\/pages\/15635\/revisions\/15649"}],"wp:featuredmedia":[{"embeddable":true,"href":"https:\/\/www.walter-richtsatzverleih.de\/cs\/wp-json\/wp\/v2\/media\/14990"}],"wp:attachment":[{"href":"https:\/\/www.walter-richtsatzverleih.de\/cs\/wp-json\/wp\/v2\/media?parent=15635"}],"curies":[{"name":"wp","href":"https:\/\/api.w.org\/{rel}","templated":true}]}}