{"id":15625,"date":"2022-06-30T14:10:48","date_gmt":"2022-06-30T12:10:48","guid":{"rendered":"https:\/\/bbr.agenturkomma.de\/cameleon\/"},"modified":"2023-07-31T18:05:08","modified_gmt":"2023-07-31T16:05:08","slug":"cameleon-adaptivni-rozpinaci-souprava","status":"publish","type":"page","link":"https:\/\/www.walter-richtsatzverleih.de\/cs\/cameleon-adaptivni-rozpinaci-souprava\/","title":{"rendered":"Celette Cameleon"},"content":{"rendered":"\t\t<div data-elementor-type=\"wp-page\" data-elementor-id=\"15625\" class=\"elementor elementor-15625 elementor-15005\">\n\t\t\t\t\t\t<section class=\"elementor-section elementor-top-section elementor-element elementor-element-71ee3e8 elementor-section-boxed elementor-section-height-default elementor-section-height-default\" data-id=\"71ee3e8\" data-element_type=\"section\">\n\t\t\t\t\t\t<div class=\"elementor-container elementor-column-gap-default\">\n\t\t\t\t\t<div class=\"elementor-column elementor-col-100 elementor-top-column elementor-element elementor-element-7855f06\" data-id=\"7855f06\" data-element_type=\"column\">\n\t\t\t<div class=\"elementor-widget-wrap elementor-element-populated\">\n\t\t\t\t\t\t<div class=\"elementor-element elementor-element-750e694 divider-yes aleft elementor-widget elementor-widget-wgl-double-heading\" data-id=\"750e694\" data-element_type=\"widget\" data-widget_type=\"wgl-double-heading.default\">\n\t\t\t\t<div class=\"elementor-widget-container\">\n\t\t\t\t\t<div class=\"wgl-double-heading\"><div class=\"dblh__subtitle\"><span>05 - Celette Cameleon<\/span><\/div><h3 class=\"dblh__title-wrapper\"><span class=\"dblh__title dblh__title-1\">Adaptivn\u00ed <\/span><span class=\"dblh__title dblh__title-2\">rozp\u00ednac\u00ed souprava.<\/span><\/h3><\/div>\t\t\t\t<\/div>\n\t\t\t\t<\/div>\n\t\t\t\t\t<\/div>\n\t\t<\/div>\n\t\t\t\t\t<\/div>\n\t\t<\/section>\n\t\t\t\t<section class=\"elementor-section elementor-top-section elementor-element elementor-element-4aa58df elementor-reverse-mobile elementor-section-boxed elementor-section-height-default elementor-section-height-default\" data-id=\"4aa58df\" data-element_type=\"section\">\n\t\t\t\t\t\t<div class=\"elementor-container elementor-column-gap-default\">\n\t\t\t\t\t<div class=\"elementor-column elementor-col-50 elementor-top-column elementor-element elementor-element-0e6b0a9\" data-id=\"0e6b0a9\" data-element_type=\"column\">\n\t\t\t<div class=\"elementor-widget-wrap elementor-element-populated\">\n\t\t\t\t\t\t<div class=\"elementor-element elementor-element-7a16f32 elementor-widget elementor-widget-spacer\" data-id=\"7a16f32\" data-element_type=\"widget\" data-widget_type=\"spacer.default\">\n\t\t\t\t<div class=\"elementor-widget-container\">\n\t\t\t\t\t\t\t<div class=\"elementor-spacer\">\n\t\t\t<div class=\"elementor-spacer-inner\"><\/div>\n\t\t<\/div>\n\t\t\t\t\t\t<\/div>\n\t\t\t\t<\/div>\n\t\t\t\t<div class=\"elementor-element elementor-element-4c040a5 elementor-widget elementor-widget-text-editor\" data-id=\"4c040a5\" data-element_type=\"widget\" data-widget_type=\"text-editor.default\">\n\t\t\t\t<div class=\"elementor-widget-container\">\n\t\t\t\t\t\t\t\t\t<p>Celette Cameleon je adaptivn\u00ed za\u0159\u00edzen\u00ed k oprav\u011b po\u0161kozen\u00fdch vozidel. Je modul\u00e1rn\u00ed i \u0161k\u00e1lovateln\u00fd a je perfektn\u00ed kombinac\u00ed p\u0159\u00edpravk\u016f MZ+ a trojrozm\u011brn\u00e9ho m\u011b\u0159ic\u00edho syst\u00e9mu<span>\u00a0<\/span><a href=\"\/cs\/naja-elektronicke-mereni-karoserii\/\">NAJA<\/a> 3D. Prost\u0159ednictv\u00edm vyu\u017eit\u00ed 3D datab\u00e1ze Naja V\u00e1m nav\u00edc Cameleon nab\u00edz\u00ed mo\u017enost vytvo\u0159en\u00ed vlastn\u00edch p\u0159\u00edpravk\u016f.<\/p><p>Cameleon lze p\u0159izp\u016fsobit v\u0161em st\u00e1vaj\u00edc\u00edm standardn\u00edm n\u00e1stroj\u016fm zna\u010dky CELETTE\u00ae:\u00a0 r\u00e1m\u016fm, p\u0159\u00ed\u010dn\u00fdm nosn\u00edk\u016fm, v\u011b\u017e\u00edm a univerz\u00e1ln\u00edm p\u00edst\u016fm.<\/p><p>A nav\u00edc: Cameleon je jedine\u010dn\u00fd, proto\u017ee se d\u00e1 pou\u017e\u00edt pro v\u0161echny zna\u010dky a modely vozidel.<\/p><p>Upozorn\u011bn\u00ed: N\u011bme\u010dt\u00ed v\u00fdrobci OEM odkazuj\u00ed na opravu s origin\u00e1ln\u00edmi rozp\u00ednac\u00edmi soupravami Celette a port\u00e1lov\u00fdmi r\u00e1my.<\/p>\t\t\t\t\t\t\t\t<\/div>\n\t\t\t\t<\/div>\n\t\t\t\t\t<\/div>\n\t\t<\/div>\n\t\t\t\t<div class=\"elementor-column elementor-col-50 elementor-top-column elementor-element elementor-element-8505319\" data-id=\"8505319\" data-element_type=\"column\">\n\t\t\t<div class=\"elementor-widget-wrap elementor-element-populated\">\n\t\t\t\t\t\t<div class=\"elementor-element elementor-element-dfea1c1 elementor-widget elementor-widget-spacer\" data-id=\"dfea1c1\" data-element_type=\"widget\" data-widget_type=\"spacer.default\">\n\t\t\t\t<div class=\"elementor-widget-container\">\n\t\t\t\t\t\t\t<div class=\"elementor-spacer\">\n\t\t\t<div class=\"elementor-spacer-inner\"><\/div>\n\t\t<\/div>\n\t\t\t\t\t\t<\/div>\n\t\t\t\t<\/div>\n\t\t\t\t<div class=\"elementor-element elementor-element-9581e20 elementor-widget elementor-widget-image\" data-id=\"9581e20\" data-element_type=\"widget\" data-widget_type=\"image.default\">\n\t\t\t\t<div class=\"elementor-widget-container\">\n\t\t\t\t\t\t\t\t\t\t\t\t\t\t\t<img fetchpriority=\"high\" decoding=\"async\" width=\"700\" height=\"400\" src=\"https:\/\/www.walter-richtsatzverleih.de\/wp-content\/uploads\/2022\/06\/cameleon-adaptiver-richtsatz.jpg\" class=\"attachment-full size-full wp-image-15011\" alt=\"\" srcset=\"https:\/\/www.walter-richtsatzverleih.de\/wp-content\/uploads\/2022\/06\/cameleon-adaptiver-richtsatz.jpg 700w, https:\/\/www.walter-richtsatzverleih.de\/wp-content\/uploads\/2022\/06\/cameleon-adaptiver-richtsatz-300x171.jpg 300w\" sizes=\"(max-width: 700px) 100vw, 700px\" \/>\t\t\t\t\t\t\t\t\t\t\t\t\t\t\t<\/div>\n\t\t\t\t<\/div>\n\t\t\t\t\t<\/div>\n\t\t<\/div>\n\t\t\t\t\t<\/div>\n\t\t<\/section>\n\t\t\t\t<\/div>\n\t\t","protected":false},"excerpt":{"rendered":"<p>05 &#8211; Celette Cameleon Adaptivn\u00ed rozp\u00ednac\u00ed souprava. Celette Cameleon je adaptivn\u00ed za\u0159\u00edzen\u00ed k oprav\u011b po\u0161kozen\u00fdch vozidel. Je modul\u00e1rn\u00ed i \u0161k\u00e1lovateln\u00fd a je perfektn\u00ed kombinac\u00ed p\u0159\u00edpravk\u016f MZ+ a trojrozm\u011brn\u00e9ho m\u011b\u0159ic\u00edho syst\u00e9mu&nbsp;NAJA 3D. Prost\u0159ednictv\u00edm vyu\u017eit\u00ed 3D datab\u00e1ze Naja V\u00e1m nav\u00edc Cameleon nab\u00edz\u00ed mo\u017enost vytvo\u0159en\u00ed vlastn\u00edch p\u0159\u00edpravk\u016f. Cameleon lze p\u0159izp\u016fsobit v\u0161em st\u00e1vaj\u00edc\u00edm standardn\u00edm n\u00e1stroj\u016fm zna\u010dky CELETTE\u00ae:&nbsp; r\u00e1m\u016fm, p\u0159\u00ed\u010dn\u00fdm [&hellip;]<\/p>\n","protected":false},"author":1,"featured_media":15011,"parent":0,"menu_order":0,"comment_status":"closed","ping_status":"closed","template":"","meta":{"footnotes":""},"class_list":["post-15625","page","type-page","status-publish","has-post-thumbnail","hentry"],"yoast_head":"<!-- This site is optimized with the Yoast SEO plugin v25.4 - https:\/\/yoast.com\/wordpress\/plugins\/seo\/ -->\n<title>Celette Cameleon - Walter Richtsatzverleih<\/title>\n<meta name=\"description\" content=\"CAMELEON od CELETTE je adaptivn\u00ed za\u0159\u00edzen\u00ed k oprav\u011b po\u0161kozen\u00fdch vozidel.\" \/>\n<meta name=\"robots\" content=\"index, follow, max-snippet:-1, max-image-preview:large, max-video-preview:-1\" \/>\n<link rel=\"canonical\" href=\"https:\/\/www.walter-richtsatzverleih.de\/cs\/cameleon-adaptivni-rozpinaci-souprava\/\" \/>\n<meta property=\"og:locale\" content=\"cs_CZ\" \/>\n<meta property=\"og:type\" content=\"article\" \/>\n<meta property=\"og:title\" content=\"Celette Cameleon - Walter Richtsatzverleih\" \/>\n<meta property=\"og:description\" content=\"CAMELEON od CELETTE je adaptivn\u00ed za\u0159\u00edzen\u00ed k oprav\u011b po\u0161kozen\u00fdch vozidel.\" \/>\n<meta property=\"og:url\" content=\"https:\/\/www.walter-richtsatzverleih.de\/cs\/cameleon-adaptivni-rozpinaci-souprava\/\" \/>\n<meta property=\"og:site_name\" content=\"Walter Richtsatzverleih\" \/>\n<meta property=\"article:modified_time\" content=\"2023-07-31T16:05:08+00:00\" \/>\n<meta property=\"og:image\" content=\"https:\/\/www.walter-richtsatzverleih.de\/wp-content\/uploads\/2022\/06\/cameleon-adaptiver-richtsatz.jpg\" \/>\n\t<meta property=\"og:image:width\" content=\"700\" \/>\n\t<meta property=\"og:image:height\" content=\"400\" \/>\n\t<meta property=\"og:image:type\" content=\"image\/jpeg\" \/>\n<meta name=\"twitter:card\" content=\"summary_large_image\" \/>\n<meta name=\"twitter:label1\" content=\"Odhadovan\u00e1 doba \u010dten\u00ed\" \/>\n\t<meta name=\"twitter:data1\" content=\"1 minuta\" \/>\n<script type=\"application\/ld+json\" class=\"yoast-schema-graph\">{\"@context\":\"https:\/\/schema.org\",\"@graph\":[{\"@type\":\"WebPage\",\"@id\":\"https:\/\/www.walter-richtsatzverleih.de\/cs\/cameleon-adaptivni-rozpinaci-souprava\/\",\"url\":\"https:\/\/www.walter-richtsatzverleih.de\/cs\/cameleon-adaptivni-rozpinaci-souprava\/\",\"name\":\"Celette Cameleon - Walter Richtsatzverleih\",\"isPartOf\":{\"@id\":\"https:\/\/www.walter-richtsatzverleih.de\/cs\/#website\"},\"primaryImageOfPage\":{\"@id\":\"https:\/\/www.walter-richtsatzverleih.de\/cs\/cameleon-adaptivni-rozpinaci-souprava\/#primaryimage\"},\"image\":{\"@id\":\"https:\/\/www.walter-richtsatzverleih.de\/cs\/cameleon-adaptivni-rozpinaci-souprava\/#primaryimage\"},\"thumbnailUrl\":\"https:\/\/www.walter-richtsatzverleih.de\/wp-content\/uploads\/2022\/06\/cameleon-adaptiver-richtsatz.jpg\",\"datePublished\":\"2022-06-30T12:10:48+00:00\",\"dateModified\":\"2023-07-31T16:05:08+00:00\",\"description\":\"CAMELEON od CELETTE je adaptivn\u00ed za\u0159\u00edzen\u00ed k oprav\u011b po\u0161kozen\u00fdch vozidel.\",\"breadcrumb\":{\"@id\":\"https:\/\/www.walter-richtsatzverleih.de\/cs\/cameleon-adaptivni-rozpinaci-souprava\/#breadcrumb\"},\"inLanguage\":\"cs\",\"potentialAction\":[{\"@type\":\"ReadAction\",\"target\":[\"https:\/\/www.walter-richtsatzverleih.de\/cs\/cameleon-adaptivni-rozpinaci-souprava\/\"]}]},{\"@type\":\"ImageObject\",\"inLanguage\":\"cs\",\"@id\":\"https:\/\/www.walter-richtsatzverleih.de\/cs\/cameleon-adaptivni-rozpinaci-souprava\/#primaryimage\",\"url\":\"https:\/\/www.walter-richtsatzverleih.de\/wp-content\/uploads\/2022\/06\/cameleon-adaptiver-richtsatz.jpg\",\"contentUrl\":\"https:\/\/www.walter-richtsatzverleih.de\/wp-content\/uploads\/2022\/06\/cameleon-adaptiver-richtsatz.jpg\",\"width\":700,\"height\":400},{\"@type\":\"BreadcrumbList\",\"@id\":\"https:\/\/www.walter-richtsatzverleih.de\/cs\/cameleon-adaptivni-rozpinaci-souprava\/#breadcrumb\",\"itemListElement\":[{\"@type\":\"ListItem\",\"position\":1,\"name\":\"Startseite\",\"item\":\"https:\/\/www.walter-richtsatzverleih.de\/cs\/\"},{\"@type\":\"ListItem\",\"position\":2,\"name\":\"Celette Cameleon\"}]},{\"@type\":\"WebSite\",\"@id\":\"https:\/\/www.walter-richtsatzverleih.de\/cs\/#website\",\"url\":\"https:\/\/www.walter-richtsatzverleih.de\/cs\/\",\"name\":\"Walter Richtsatzverleih\",\"description\":\"Wir verleihen und vermieten unter anderem Richts\u00e4tze und sind OTLG-Partner.\",\"potentialAction\":[{\"@type\":\"SearchAction\",\"target\":{\"@type\":\"EntryPoint\",\"urlTemplate\":\"https:\/\/www.walter-richtsatzverleih.de\/cs\/?s={search_term_string}\"},\"query-input\":{\"@type\":\"PropertyValueSpecification\",\"valueRequired\":true,\"valueName\":\"search_term_string\"}}],\"inLanguage\":\"cs\"}]}<\/script>\n<!-- \/ Yoast SEO plugin. -->","yoast_head_json":{"title":"Celette Cameleon - Walter Richtsatzverleih","description":"CAMELEON od CELETTE je adaptivn\u00ed za\u0159\u00edzen\u00ed k oprav\u011b po\u0161kozen\u00fdch vozidel.","robots":{"index":"index","follow":"follow","max-snippet":"max-snippet:-1","max-image-preview":"max-image-preview:large","max-video-preview":"max-video-preview:-1"},"canonical":"https:\/\/www.walter-richtsatzverleih.de\/cs\/cameleon-adaptivni-rozpinaci-souprava\/","og_locale":"cs_CZ","og_type":"article","og_title":"Celette Cameleon - Walter Richtsatzverleih","og_description":"CAMELEON od CELETTE je adaptivn\u00ed za\u0159\u00edzen\u00ed k oprav\u011b po\u0161kozen\u00fdch vozidel.","og_url":"https:\/\/www.walter-richtsatzverleih.de\/cs\/cameleon-adaptivni-rozpinaci-souprava\/","og_site_name":"Walter Richtsatzverleih","article_modified_time":"2023-07-31T16:05:08+00:00","og_image":[{"width":700,"height":400,"url":"https:\/\/www.walter-richtsatzverleih.de\/wp-content\/uploads\/2022\/06\/cameleon-adaptiver-richtsatz.jpg","type":"image\/jpeg"}],"twitter_card":"summary_large_image","twitter_misc":{"Odhadovan\u00e1 doba \u010dten\u00ed":"1 minuta"},"schema":{"@context":"https:\/\/schema.org","@graph":[{"@type":"WebPage","@id":"https:\/\/www.walter-richtsatzverleih.de\/cs\/cameleon-adaptivni-rozpinaci-souprava\/","url":"https:\/\/www.walter-richtsatzverleih.de\/cs\/cameleon-adaptivni-rozpinaci-souprava\/","name":"Celette Cameleon - Walter Richtsatzverleih","isPartOf":{"@id":"https:\/\/www.walter-richtsatzverleih.de\/cs\/#website"},"primaryImageOfPage":{"@id":"https:\/\/www.walter-richtsatzverleih.de\/cs\/cameleon-adaptivni-rozpinaci-souprava\/#primaryimage"},"image":{"@id":"https:\/\/www.walter-richtsatzverleih.de\/cs\/cameleon-adaptivni-rozpinaci-souprava\/#primaryimage"},"thumbnailUrl":"https:\/\/www.walter-richtsatzverleih.de\/wp-content\/uploads\/2022\/06\/cameleon-adaptiver-richtsatz.jpg","datePublished":"2022-06-30T12:10:48+00:00","dateModified":"2023-07-31T16:05:08+00:00","description":"CAMELEON od CELETTE je adaptivn\u00ed za\u0159\u00edzen\u00ed k oprav\u011b po\u0161kozen\u00fdch vozidel.","breadcrumb":{"@id":"https:\/\/www.walter-richtsatzverleih.de\/cs\/cameleon-adaptivni-rozpinaci-souprava\/#breadcrumb"},"inLanguage":"cs","potentialAction":[{"@type":"ReadAction","target":["https:\/\/www.walter-richtsatzverleih.de\/cs\/cameleon-adaptivni-rozpinaci-souprava\/"]}]},{"@type":"ImageObject","inLanguage":"cs","@id":"https:\/\/www.walter-richtsatzverleih.de\/cs\/cameleon-adaptivni-rozpinaci-souprava\/#primaryimage","url":"https:\/\/www.walter-richtsatzverleih.de\/wp-content\/uploads\/2022\/06\/cameleon-adaptiver-richtsatz.jpg","contentUrl":"https:\/\/www.walter-richtsatzverleih.de\/wp-content\/uploads\/2022\/06\/cameleon-adaptiver-richtsatz.jpg","width":700,"height":400},{"@type":"BreadcrumbList","@id":"https:\/\/www.walter-richtsatzverleih.de\/cs\/cameleon-adaptivni-rozpinaci-souprava\/#breadcrumb","itemListElement":[{"@type":"ListItem","position":1,"name":"Startseite","item":"https:\/\/www.walter-richtsatzverleih.de\/cs\/"},{"@type":"ListItem","position":2,"name":"Celette Cameleon"}]},{"@type":"WebSite","@id":"https:\/\/www.walter-richtsatzverleih.de\/cs\/#website","url":"https:\/\/www.walter-richtsatzverleih.de\/cs\/","name":"Walter Richtsatzverleih","description":"Wir verleihen und vermieten unter anderem Richts\u00e4tze und sind OTLG-Partner.","potentialAction":[{"@type":"SearchAction","target":{"@type":"EntryPoint","urlTemplate":"https:\/\/www.walter-richtsatzverleih.de\/cs\/?s={search_term_string}"},"query-input":{"@type":"PropertyValueSpecification","valueRequired":true,"valueName":"search_term_string"}}],"inLanguage":"cs"}]}},"_links":{"self":[{"href":"https:\/\/www.walter-richtsatzverleih.de\/cs\/wp-json\/wp\/v2\/pages\/15625","targetHints":{"allow":["GET"]}}],"collection":[{"href":"https:\/\/www.walter-richtsatzverleih.de\/cs\/wp-json\/wp\/v2\/pages"}],"about":[{"href":"https:\/\/www.walter-richtsatzverleih.de\/cs\/wp-json\/wp\/v2\/types\/page"}],"author":[{"embeddable":true,"href":"https:\/\/www.walter-richtsatzverleih.de\/cs\/wp-json\/wp\/v2\/users\/1"}],"replies":[{"embeddable":true,"href":"https:\/\/www.walter-richtsatzverleih.de\/cs\/wp-json\/wp\/v2\/comments?post=15625"}],"version-history":[{"count":13,"href":"https:\/\/www.walter-richtsatzverleih.de\/cs\/wp-json\/wp\/v2\/pages\/15625\/revisions"}],"predecessor-version":[{"id":15763,"href":"https:\/\/www.walter-richtsatzverleih.de\/cs\/wp-json\/wp\/v2\/pages\/15625\/revisions\/15763"}],"wp:featuredmedia":[{"embeddable":true,"href":"https:\/\/www.walter-richtsatzverleih.de\/cs\/wp-json\/wp\/v2\/media\/15011"}],"wp:attachment":[{"href":"https:\/\/www.walter-richtsatzverleih.de\/cs\/wp-json\/wp\/v2\/media?parent=15625"}],"curies":[{"name":"wp","href":"https:\/\/api.w.org\/{rel}","templated":true}]}}