{"id":15618,"date":"2022-06-30T13:46:43","date_gmt":"2022-06-30T11:46:43","guid":{"rendered":"https:\/\/bbr.agenturkomma.de\/oprava-rovnacich-ramu\/"},"modified":"2023-07-31T18:32:42","modified_gmt":"2023-07-31T16:32:42","slug":"oprava","status":"publish","type":"page","link":"https:\/\/www.walter-richtsatzverleih.de\/cs\/oprava\/","title":{"rendered":"Oprava"},"content":{"rendered":"\t\t<div data-elementor-type=\"wp-page\" data-elementor-id=\"15618\" class=\"elementor elementor-15618 elementor-14973\">\n\t\t\t\t\t\t<section class=\"elementor-section elementor-top-section elementor-element elementor-element-71ee3e8 elementor-section-boxed elementor-section-height-default elementor-section-height-default\" data-id=\"71ee3e8\" data-element_type=\"section\">\n\t\t\t\t\t\t<div class=\"elementor-container elementor-column-gap-default\">\n\t\t\t\t\t<div class=\"elementor-column elementor-col-100 elementor-top-column elementor-element elementor-element-7855f06\" data-id=\"7855f06\" data-element_type=\"column\">\n\t\t\t<div class=\"elementor-widget-wrap elementor-element-populated\">\n\t\t\t\t\t\t<div class=\"elementor-element elementor-element-750e694 divider-yes aleft elementor-widget elementor-widget-wgl-double-heading\" data-id=\"750e694\" data-element_type=\"widget\" data-widget_type=\"wgl-double-heading.default\">\n\t\t\t\t<div class=\"elementor-widget-container\">\n\t\t\t\t\t<div class=\"wgl-double-heading\"><div class=\"dblh__subtitle\"><span>04 - Oprava a ov\u011b\u0159en\u00ed<\/span><\/div><h3 class=\"dblh__title-wrapper\"><span class=\"dblh__title dblh__title-1\">Oprava rovnac\u00edch r\u00e1m\u016f <\/span><span class=\"dblh__title dblh__title-2\">Celette.<\/span><\/h3><\/div>\t\t\t\t<\/div>\n\t\t\t\t<\/div>\n\t\t\t\t\t<\/div>\n\t\t<\/div>\n\t\t\t\t\t<\/div>\n\t\t<\/section>\n\t\t\t\t<section class=\"elementor-section elementor-top-section elementor-element elementor-element-4aa58df elementor-reverse-mobile elementor-section-boxed elementor-section-height-default elementor-section-height-default\" data-id=\"4aa58df\" data-element_type=\"section\">\n\t\t\t\t\t\t<div class=\"elementor-container elementor-column-gap-default\">\n\t\t\t\t\t<div class=\"elementor-column elementor-col-50 elementor-top-column elementor-element elementor-element-0e6b0a9\" data-id=\"0e6b0a9\" data-element_type=\"column\">\n\t\t\t<div class=\"elementor-widget-wrap elementor-element-populated\">\n\t\t\t\t\t\t<div class=\"elementor-element elementor-element-7a16f32 elementor-widget elementor-widget-spacer\" data-id=\"7a16f32\" data-element_type=\"widget\" data-widget_type=\"spacer.default\">\n\t\t\t\t<div class=\"elementor-widget-container\">\n\t\t\t\t\t\t\t<div class=\"elementor-spacer\">\n\t\t\t<div class=\"elementor-spacer-inner\"><\/div>\n\t\t<\/div>\n\t\t\t\t\t\t<\/div>\n\t\t\t\t<\/div>\n\t\t\t\t<div class=\"elementor-element elementor-element-4c040a5 elementor-widget elementor-widget-text-editor\" data-id=\"4c040a5\" data-element_type=\"widget\" data-widget_type=\"text-editor.default\">\n\t\t\t\t<div class=\"elementor-widget-container\">\n\t\t\t\t\t\t\t\t\t<p>Nab\u00edz\u00edme kompletn\u00ed servis rovnac\u00edch r\u00e1m\u016f Celette. K tomu pat\u0159\u00ed nap\u0159\u00edklad oprava hydraulick\u00fdch jednotek a pump. Pat\u0159\u00ed sem nap\u0159\u00edklad opravy hydraulick\u00fdch agreg\u00e1t\u016f a \u010derpadel.<\/p><p>Opot\u0159ebovan\u00e9 d\u00edly jako klecov\u00e9 matice pro traverzy, \u0161rouby do v\u011b\u017e\u00ed MZ a svorky jsou okam\u017eit\u011b k dispozici a skladem.<\/p><p>Pumpy a hydraulick\u00e9 v\u00e1lce m\u00e1me tak\u00e9 na sklad\u011b a mohou b\u00fdt okam\u017eit\u011b dod\u00e1ny. V\u0161echny ostatn\u00ed pot\u0159ebn\u00e9 d\u00edly co nejrychleji obstar\u00e1me.<\/p>\t\t\t\t\t\t\t\t<\/div>\n\t\t\t\t<\/div>\n\t\t\t\t\t<\/div>\n\t\t<\/div>\n\t\t\t\t<div class=\"elementor-column elementor-col-50 elementor-top-column elementor-element elementor-element-8505319\" data-id=\"8505319\" data-element_type=\"column\">\n\t\t\t<div class=\"elementor-widget-wrap elementor-element-populated\">\n\t\t\t\t\t\t<div class=\"elementor-element elementor-element-dfea1c1 elementor-widget elementor-widget-spacer\" data-id=\"dfea1c1\" data-element_type=\"widget\" data-widget_type=\"spacer.default\">\n\t\t\t\t<div class=\"elementor-widget-container\">\n\t\t\t\t\t\t\t<div class=\"elementor-spacer\">\n\t\t\t<div class=\"elementor-spacer-inner\"><\/div>\n\t\t<\/div>\n\t\t\t\t\t\t<\/div>\n\t\t\t\t<\/div>\n\t\t\t\t<div class=\"elementor-element elementor-element-9581e20 elementor-widget elementor-widget-image\" data-id=\"9581e20\" data-element_type=\"widget\" data-widget_type=\"image.default\">\n\t\t\t\t<div class=\"elementor-widget-container\">\n\t\t\t\t\t\t\t\t\t\t\t\t\t\t\t<img fetchpriority=\"high\" decoding=\"async\" width=\"700\" height=\"400\" src=\"https:\/\/www.walter-richtsatzverleih.de\/wp-content\/uploads\/2022\/06\/reparatur-ueberpruefung.jpg\" class=\"attachment-full size-full wp-image-14977\" alt=\"\" srcset=\"https:\/\/www.walter-richtsatzverleih.de\/wp-content\/uploads\/2022\/06\/reparatur-ueberpruefung.jpg 700w, https:\/\/www.walter-richtsatzverleih.de\/wp-content\/uploads\/2022\/06\/reparatur-ueberpruefung-300x171.jpg 300w\" sizes=\"(max-width: 700px) 100vw, 700px\" \/>\t\t\t\t\t\t\t\t\t\t\t\t\t\t\t<\/div>\n\t\t\t\t<\/div>\n\t\t\t\t\t<\/div>\n\t\t<\/div>\n\t\t\t\t\t<\/div>\n\t\t<\/section>\n\t\t\t\t<\/div>\n\t\t","protected":false},"excerpt":{"rendered":"<p>04 &#8211; Oprava a ov\u011b\u0159en\u00ed Oprava rovnac\u00edch r\u00e1m\u016f Celette. Nab\u00edz\u00edme kompletn\u00ed servis rovnac\u00edch r\u00e1m\u016f Celette. K tomu pat\u0159\u00ed nap\u0159\u00edklad oprava hydraulick\u00fdch jednotek a pump. Pat\u0159\u00ed sem nap\u0159\u00edklad opravy hydraulick\u00fdch agreg\u00e1t\u016f a \u010derpadel. Opot\u0159ebovan\u00e9 d\u00edly jako klecov\u00e9 matice pro traverzy, \u0161rouby do v\u011b\u017e\u00ed MZ a svorky jsou okam\u017eit\u011b k dispozici a skladem. Pumpy a hydraulick\u00e9 v\u00e1lce [&hellip;]<\/p>\n","protected":false},"author":1,"featured_media":14977,"parent":0,"menu_order":0,"comment_status":"closed","ping_status":"closed","template":"","meta":{"footnotes":""},"class_list":["post-15618","page","type-page","status-publish","has-post-thumbnail","hentry"],"yoast_head":"<!-- This site is optimized with the Yoast SEO plugin v25.4 - https:\/\/yoast.com\/wordpress\/plugins\/seo\/ -->\n<title>Oprava - Walter Richtsatzverleih<\/title>\n<meta name=\"description\" content=\"Nab\u00edz\u00edme kompletn\u00ed servis rovnac\u00edch r\u00e1m\u016f Celette. K tomu pat\u0159\u00ed nap\u0159\u00edklad oprava hydraulick\u00fdch jednotek a pump. Pat\u0159\u00ed sem nap\u0159\u00edklad opravy hydraulick\u00fdch agreg\u00e1t\u016f a \u010derpadel.\" \/>\n<meta name=\"robots\" content=\"index, follow, max-snippet:-1, max-image-preview:large, max-video-preview:-1\" \/>\n<link rel=\"canonical\" href=\"https:\/\/www.walter-richtsatzverleih.de\/cs\/oprava\/\" \/>\n<meta property=\"og:locale\" content=\"cs_CZ\" \/>\n<meta property=\"og:type\" content=\"article\" \/>\n<meta property=\"og:title\" content=\"Oprava - Walter Richtsatzverleih\" \/>\n<meta property=\"og:description\" content=\"Nab\u00edz\u00edme kompletn\u00ed servis rovnac\u00edch r\u00e1m\u016f Celette. K tomu pat\u0159\u00ed nap\u0159\u00edklad oprava hydraulick\u00fdch jednotek a pump. Pat\u0159\u00ed sem nap\u0159\u00edklad opravy hydraulick\u00fdch agreg\u00e1t\u016f a \u010derpadel.\" \/>\n<meta property=\"og:url\" content=\"https:\/\/www.walter-richtsatzverleih.de\/cs\/oprava\/\" \/>\n<meta property=\"og:site_name\" content=\"Walter Richtsatzverleih\" \/>\n<meta property=\"article:modified_time\" content=\"2023-07-31T16:32:42+00:00\" \/>\n<meta property=\"og:image\" content=\"https:\/\/www.walter-richtsatzverleih.de\/wp-content\/uploads\/2022\/06\/reparatur-ueberpruefung.jpg\" \/>\n\t<meta property=\"og:image:width\" content=\"700\" \/>\n\t<meta property=\"og:image:height\" content=\"400\" \/>\n\t<meta property=\"og:image:type\" content=\"image\/jpeg\" \/>\n<meta name=\"twitter:card\" content=\"summary_large_image\" \/>\n<meta name=\"twitter:label1\" content=\"Odhadovan\u00e1 doba \u010dten\u00ed\" \/>\n\t<meta name=\"twitter:data1\" content=\"1 minuta\" \/>\n<script type=\"application\/ld+json\" class=\"yoast-schema-graph\">{\"@context\":\"https:\/\/schema.org\",\"@graph\":[{\"@type\":\"WebPage\",\"@id\":\"https:\/\/www.walter-richtsatzverleih.de\/cs\/oprava\/\",\"url\":\"https:\/\/www.walter-richtsatzverleih.de\/cs\/oprava\/\",\"name\":\"Oprava - Walter Richtsatzverleih\",\"isPartOf\":{\"@id\":\"https:\/\/www.walter-richtsatzverleih.de\/cs\/#website\"},\"primaryImageOfPage\":{\"@id\":\"https:\/\/www.walter-richtsatzverleih.de\/cs\/oprava\/#primaryimage\"},\"image\":{\"@id\":\"https:\/\/www.walter-richtsatzverleih.de\/cs\/oprava\/#primaryimage\"},\"thumbnailUrl\":\"https:\/\/www.walter-richtsatzverleih.de\/wp-content\/uploads\/2022\/06\/reparatur-ueberpruefung.jpg\",\"datePublished\":\"2022-06-30T11:46:43+00:00\",\"dateModified\":\"2023-07-31T16:32:42+00:00\",\"description\":\"Nab\u00edz\u00edme kompletn\u00ed servis rovnac\u00edch r\u00e1m\u016f Celette. K tomu pat\u0159\u00ed nap\u0159\u00edklad oprava hydraulick\u00fdch jednotek a pump. Pat\u0159\u00ed sem nap\u0159\u00edklad opravy hydraulick\u00fdch agreg\u00e1t\u016f a \u010derpadel.\",\"breadcrumb\":{\"@id\":\"https:\/\/www.walter-richtsatzverleih.de\/cs\/oprava\/#breadcrumb\"},\"inLanguage\":\"cs\",\"potentialAction\":[{\"@type\":\"ReadAction\",\"target\":[\"https:\/\/www.walter-richtsatzverleih.de\/cs\/oprava\/\"]}]},{\"@type\":\"ImageObject\",\"inLanguage\":\"cs\",\"@id\":\"https:\/\/www.walter-richtsatzverleih.de\/cs\/oprava\/#primaryimage\",\"url\":\"https:\/\/www.walter-richtsatzverleih.de\/wp-content\/uploads\/2022\/06\/reparatur-ueberpruefung.jpg\",\"contentUrl\":\"https:\/\/www.walter-richtsatzverleih.de\/wp-content\/uploads\/2022\/06\/reparatur-ueberpruefung.jpg\",\"width\":700,\"height\":400},{\"@type\":\"BreadcrumbList\",\"@id\":\"https:\/\/www.walter-richtsatzverleih.de\/cs\/oprava\/#breadcrumb\",\"itemListElement\":[{\"@type\":\"ListItem\",\"position\":1,\"name\":\"Startseite\",\"item\":\"https:\/\/www.walter-richtsatzverleih.de\/cs\/\"},{\"@type\":\"ListItem\",\"position\":2,\"name\":\"Oprava\"}]},{\"@type\":\"WebSite\",\"@id\":\"https:\/\/www.walter-richtsatzverleih.de\/cs\/#website\",\"url\":\"https:\/\/www.walter-richtsatzverleih.de\/cs\/\",\"name\":\"Walter Richtsatzverleih\",\"description\":\"Wir verleihen und vermieten unter anderem Richts\u00e4tze und sind OTLG-Partner.\",\"potentialAction\":[{\"@type\":\"SearchAction\",\"target\":{\"@type\":\"EntryPoint\",\"urlTemplate\":\"https:\/\/www.walter-richtsatzverleih.de\/cs\/?s={search_term_string}\"},\"query-input\":{\"@type\":\"PropertyValueSpecification\",\"valueRequired\":true,\"valueName\":\"search_term_string\"}}],\"inLanguage\":\"cs\"}]}<\/script>\n<!-- \/ Yoast SEO plugin. -->","yoast_head_json":{"title":"Oprava - Walter Richtsatzverleih","description":"Nab\u00edz\u00edme kompletn\u00ed servis rovnac\u00edch r\u00e1m\u016f Celette. K tomu pat\u0159\u00ed nap\u0159\u00edklad oprava hydraulick\u00fdch jednotek a pump. Pat\u0159\u00ed sem nap\u0159\u00edklad opravy hydraulick\u00fdch agreg\u00e1t\u016f a \u010derpadel.","robots":{"index":"index","follow":"follow","max-snippet":"max-snippet:-1","max-image-preview":"max-image-preview:large","max-video-preview":"max-video-preview:-1"},"canonical":"https:\/\/www.walter-richtsatzverleih.de\/cs\/oprava\/","og_locale":"cs_CZ","og_type":"article","og_title":"Oprava - Walter Richtsatzverleih","og_description":"Nab\u00edz\u00edme kompletn\u00ed servis rovnac\u00edch r\u00e1m\u016f Celette. K tomu pat\u0159\u00ed nap\u0159\u00edklad oprava hydraulick\u00fdch jednotek a pump. Pat\u0159\u00ed sem nap\u0159\u00edklad opravy hydraulick\u00fdch agreg\u00e1t\u016f a \u010derpadel.","og_url":"https:\/\/www.walter-richtsatzverleih.de\/cs\/oprava\/","og_site_name":"Walter Richtsatzverleih","article_modified_time":"2023-07-31T16:32:42+00:00","og_image":[{"width":700,"height":400,"url":"https:\/\/www.walter-richtsatzverleih.de\/wp-content\/uploads\/2022\/06\/reparatur-ueberpruefung.jpg","type":"image\/jpeg"}],"twitter_card":"summary_large_image","twitter_misc":{"Odhadovan\u00e1 doba \u010dten\u00ed":"1 minuta"},"schema":{"@context":"https:\/\/schema.org","@graph":[{"@type":"WebPage","@id":"https:\/\/www.walter-richtsatzverleih.de\/cs\/oprava\/","url":"https:\/\/www.walter-richtsatzverleih.de\/cs\/oprava\/","name":"Oprava - Walter Richtsatzverleih","isPartOf":{"@id":"https:\/\/www.walter-richtsatzverleih.de\/cs\/#website"},"primaryImageOfPage":{"@id":"https:\/\/www.walter-richtsatzverleih.de\/cs\/oprava\/#primaryimage"},"image":{"@id":"https:\/\/www.walter-richtsatzverleih.de\/cs\/oprava\/#primaryimage"},"thumbnailUrl":"https:\/\/www.walter-richtsatzverleih.de\/wp-content\/uploads\/2022\/06\/reparatur-ueberpruefung.jpg","datePublished":"2022-06-30T11:46:43+00:00","dateModified":"2023-07-31T16:32:42+00:00","description":"Nab\u00edz\u00edme kompletn\u00ed servis rovnac\u00edch r\u00e1m\u016f Celette. K tomu pat\u0159\u00ed nap\u0159\u00edklad oprava hydraulick\u00fdch jednotek a pump. Pat\u0159\u00ed sem nap\u0159\u00edklad opravy hydraulick\u00fdch agreg\u00e1t\u016f a \u010derpadel.","breadcrumb":{"@id":"https:\/\/www.walter-richtsatzverleih.de\/cs\/oprava\/#breadcrumb"},"inLanguage":"cs","potentialAction":[{"@type":"ReadAction","target":["https:\/\/www.walter-richtsatzverleih.de\/cs\/oprava\/"]}]},{"@type":"ImageObject","inLanguage":"cs","@id":"https:\/\/www.walter-richtsatzverleih.de\/cs\/oprava\/#primaryimage","url":"https:\/\/www.walter-richtsatzverleih.de\/wp-content\/uploads\/2022\/06\/reparatur-ueberpruefung.jpg","contentUrl":"https:\/\/www.walter-richtsatzverleih.de\/wp-content\/uploads\/2022\/06\/reparatur-ueberpruefung.jpg","width":700,"height":400},{"@type":"BreadcrumbList","@id":"https:\/\/www.walter-richtsatzverleih.de\/cs\/oprava\/#breadcrumb","itemListElement":[{"@type":"ListItem","position":1,"name":"Startseite","item":"https:\/\/www.walter-richtsatzverleih.de\/cs\/"},{"@type":"ListItem","position":2,"name":"Oprava"}]},{"@type":"WebSite","@id":"https:\/\/www.walter-richtsatzverleih.de\/cs\/#website","url":"https:\/\/www.walter-richtsatzverleih.de\/cs\/","name":"Walter Richtsatzverleih","description":"Wir verleihen und vermieten unter anderem Richts\u00e4tze und sind OTLG-Partner.","potentialAction":[{"@type":"SearchAction","target":{"@type":"EntryPoint","urlTemplate":"https:\/\/www.walter-richtsatzverleih.de\/cs\/?s={search_term_string}"},"query-input":{"@type":"PropertyValueSpecification","valueRequired":true,"valueName":"search_term_string"}}],"inLanguage":"cs"}]}},"_links":{"self":[{"href":"https:\/\/www.walter-richtsatzverleih.de\/cs\/wp-json\/wp\/v2\/pages\/15618","targetHints":{"allow":["GET"]}}],"collection":[{"href":"https:\/\/www.walter-richtsatzverleih.de\/cs\/wp-json\/wp\/v2\/pages"}],"about":[{"href":"https:\/\/www.walter-richtsatzverleih.de\/cs\/wp-json\/wp\/v2\/types\/page"}],"author":[{"embeddable":true,"href":"https:\/\/www.walter-richtsatzverleih.de\/cs\/wp-json\/wp\/v2\/users\/1"}],"replies":[{"embeddable":true,"href":"https:\/\/www.walter-richtsatzverleih.de\/cs\/wp-json\/wp\/v2\/comments?post=15618"}],"version-history":[{"count":10,"href":"https:\/\/www.walter-richtsatzverleih.de\/cs\/wp-json\/wp\/v2\/pages\/15618\/revisions"}],"predecessor-version":[{"id":17192,"href":"https:\/\/www.walter-richtsatzverleih.de\/cs\/wp-json\/wp\/v2\/pages\/15618\/revisions\/17192"}],"wp:featuredmedia":[{"embeddable":true,"href":"https:\/\/www.walter-richtsatzverleih.de\/cs\/wp-json\/wp\/v2\/media\/14977"}],"wp:attachment":[{"href":"https:\/\/www.walter-richtsatzverleih.de\/cs\/wp-json\/wp\/v2\/media?parent=15618"}],"curies":[{"name":"wp","href":"https:\/\/api.w.org\/{rel}","templated":true}]}}