{"id":15605,"date":"2022-06-30T13:40:54","date_gmt":"2022-06-30T11:40:54","guid":{"rendered":"https:\/\/bbr.agenturkomma.de\/prodej-produktu-celette\/"},"modified":"2023-07-31T18:35:01","modified_gmt":"2023-07-31T16:35:01","slug":"prodej-produktu-celette","status":"publish","type":"page","link":"https:\/\/www.walter-richtsatzverleih.de\/cs\/prodej-produktu-celette\/","title":{"rendered":"Prodej produkt\u016f Celette"},"content":{"rendered":"\t\t<div data-elementor-type=\"wp-page\" data-elementor-id=\"15605\" class=\"elementor elementor-15605 elementor-14960\">\n\t\t\t\t\t\t<section class=\"elementor-section elementor-top-section elementor-element elementor-element-71ee3e8 elementor-section-boxed elementor-section-height-default elementor-section-height-default\" data-id=\"71ee3e8\" data-element_type=\"section\">\n\t\t\t\t\t\t<div class=\"elementor-container elementor-column-gap-default\">\n\t\t\t\t\t<div class=\"elementor-column elementor-col-100 elementor-top-column elementor-element elementor-element-7855f06\" data-id=\"7855f06\" data-element_type=\"column\">\n\t\t\t<div class=\"elementor-widget-wrap elementor-element-populated\">\n\t\t\t\t\t\t<div class=\"elementor-element elementor-element-750e694 divider-yes aleft elementor-widget elementor-widget-wgl-double-heading\" data-id=\"750e694\" data-element_type=\"widget\" data-widget_type=\"wgl-double-heading.default\">\n\t\t\t\t<div class=\"elementor-widget-container\">\n\t\t\t\t\t<div class=\"wgl-double-heading\"><div class=\"dblh__subtitle\"><span>03 - Prodej<\/span><\/div><h3 class=\"dblh__title-wrapper\"><span class=\"dblh__title dblh__title-1\">Celette <\/span><span class=\"dblh__title dblh__title-2\">Produkty a p\u0159\u00edslu\u0161enstv\u00ed.<\/span><\/h3><\/div>\t\t\t\t<\/div>\n\t\t\t\t<\/div>\n\t\t\t\t\t<\/div>\n\t\t<\/div>\n\t\t\t\t\t<\/div>\n\t\t<\/section>\n\t\t\t\t<section class=\"elementor-section elementor-top-section elementor-element elementor-element-4aa58df elementor-reverse-mobile elementor-section-boxed elementor-section-height-default elementor-section-height-default\" data-id=\"4aa58df\" data-element_type=\"section\">\n\t\t\t\t\t\t<div class=\"elementor-container elementor-column-gap-default\">\n\t\t\t\t\t<div class=\"elementor-column elementor-col-50 elementor-top-column elementor-element elementor-element-0e6b0a9\" data-id=\"0e6b0a9\" data-element_type=\"column\">\n\t\t\t<div class=\"elementor-widget-wrap elementor-element-populated\">\n\t\t\t\t\t\t<div class=\"elementor-element elementor-element-7a16f32 elementor-widget elementor-widget-spacer\" data-id=\"7a16f32\" data-element_type=\"widget\" data-widget_type=\"spacer.default\">\n\t\t\t\t<div class=\"elementor-widget-container\">\n\t\t\t\t\t\t\t<div class=\"elementor-spacer\">\n\t\t\t<div class=\"elementor-spacer-inner\"><\/div>\n\t\t<\/div>\n\t\t\t\t\t\t<\/div>\n\t\t\t\t<\/div>\n\t\t\t\t<div class=\"elementor-element elementor-element-4c040a5 elementor-widget elementor-widget-text-editor\" data-id=\"4c040a5\" data-element_type=\"widget\" data-widget_type=\"text-editor.default\">\n\t\t\t\t<div class=\"elementor-widget-container\">\n\t\t\t\t\t\t\t\t\t<p>Pro n\u00e1kup rovnac\u00edch r\u00e1m\u016f, hydraulick\u00e9ho p\u0159\u00edslu\u0161enstv\u00ed a syst\u00e9m\u016f ukotven\u00ed jsme pro V\u00e1s t\u00edm spr\u00e1vn\u00fdm partnerem.<\/p><p>To znamen\u00e1: Nab\u00edz\u00edme k prodeji ve\u0161ker\u00e9 n\u00e1stroje a hydraulick\u00e9 jednotky z p\u0159\u00edslu\u0161enstv\u00ed v souvislosti s rovnac\u00edmi r\u00e1my Celette. V\u017edy se jedn\u00e1 o origin\u00e1ln\u00ed d\u00edly.<\/p><p>Nav\u00edc se postar\u00e1me o prodej Va\u0161ich pou\u017eit\u00fdch p\u0159\u00edstroj\u016f.<\/p>\t\t\t\t\t\t\t\t<\/div>\n\t\t\t\t<\/div>\n\t\t\t\t\t<\/div>\n\t\t<\/div>\n\t\t\t\t<div class=\"elementor-column elementor-col-50 elementor-top-column elementor-element elementor-element-8505319\" data-id=\"8505319\" data-element_type=\"column\">\n\t\t\t<div class=\"elementor-widget-wrap elementor-element-populated\">\n\t\t\t\t\t\t<div class=\"elementor-element elementor-element-dfea1c1 elementor-widget elementor-widget-spacer\" data-id=\"dfea1c1\" data-element_type=\"widget\" data-widget_type=\"spacer.default\">\n\t\t\t\t<div class=\"elementor-widget-container\">\n\t\t\t\t\t\t\t<div class=\"elementor-spacer\">\n\t\t\t<div class=\"elementor-spacer-inner\"><\/div>\n\t\t<\/div>\n\t\t\t\t\t\t<\/div>\n\t\t\t\t<\/div>\n\t\t\t\t<div class=\"elementor-element elementor-element-9581e20 elementor-widget elementor-widget-image\" data-id=\"9581e20\" data-element_type=\"widget\" data-widget_type=\"image.default\">\n\t\t\t\t<div class=\"elementor-widget-container\">\n\t\t\t\t\t\t\t\t\t\t\t\t\t\t\t<img fetchpriority=\"high\" decoding=\"async\" width=\"700\" height=\"400\" src=\"https:\/\/www.walter-richtsatzverleih.de\/wp-content\/uploads\/2022\/06\/verkauf_celette-produkte-zubehoer.jpg\" class=\"attachment-full size-full wp-image-14964\" alt=\"\" srcset=\"https:\/\/www.walter-richtsatzverleih.de\/wp-content\/uploads\/2022\/06\/verkauf_celette-produkte-zubehoer.jpg 700w, https:\/\/www.walter-richtsatzverleih.de\/wp-content\/uploads\/2022\/06\/verkauf_celette-produkte-zubehoer-300x171.jpg 300w\" sizes=\"(max-width: 700px) 100vw, 700px\" \/>\t\t\t\t\t\t\t\t\t\t\t\t\t\t\t<\/div>\n\t\t\t\t<\/div>\n\t\t\t\t\t<\/div>\n\t\t<\/div>\n\t\t\t\t\t<\/div>\n\t\t<\/section>\n\t\t\t\t<\/div>\n\t\t","protected":false},"excerpt":{"rendered":"<p>03 &#8211; Prodej Celette Produkty a p\u0159\u00edslu\u0161enstv\u00ed. Pro n\u00e1kup rovnac\u00edch r\u00e1m\u016f, hydraulick\u00e9ho p\u0159\u00edslu\u0161enstv\u00ed a syst\u00e9m\u016f ukotven\u00ed jsme pro V\u00e1s t\u00edm spr\u00e1vn\u00fdm partnerem. To znamen\u00e1: Nab\u00edz\u00edme k prodeji ve\u0161ker\u00e9 n\u00e1stroje a hydraulick\u00e9 jednotky z p\u0159\u00edslu\u0161enstv\u00ed v souvislosti s rovnac\u00edmi r\u00e1my Celette. V\u017edy se jedn\u00e1 o origin\u00e1ln\u00ed d\u00edly. Nav\u00edc se postar\u00e1me o prodej Va\u0161ich pou\u017eit\u00fdch p\u0159\u00edstroj\u016f.<\/p>\n","protected":false},"author":1,"featured_media":14964,"parent":0,"menu_order":0,"comment_status":"closed","ping_status":"closed","template":"","meta":{"footnotes":""},"class_list":["post-15605","page","type-page","status-publish","has-post-thumbnail","hentry"],"yoast_head":"<!-- This site is optimized with the Yoast SEO plugin v25.4 - https:\/\/yoast.com\/wordpress\/plugins\/seo\/ -->\n<title>Prodej produkt\u016f Celette - Walter Richtsatzverleih<\/title>\n<meta name=\"description\" content=\"Pro n\u00e1kup rovnac\u00edch r\u00e1m\u016f, hydraulick\u00e9ho p\u0159\u00edslu\u0161enstv\u00ed a syst\u00e9m\u016f ukotven\u00ed jsme pro V\u00e1s t\u00edm spr\u00e1vn\u00fdm partnerem.\" \/>\n<meta name=\"robots\" content=\"index, follow, max-snippet:-1, max-image-preview:large, max-video-preview:-1\" \/>\n<link rel=\"canonical\" href=\"https:\/\/www.walter-richtsatzverleih.de\/cs\/prodej-produktu-celette\/\" \/>\n<meta property=\"og:locale\" content=\"cs_CZ\" \/>\n<meta property=\"og:type\" content=\"article\" \/>\n<meta property=\"og:title\" content=\"Prodej produkt\u016f Celette - Walter Richtsatzverleih\" \/>\n<meta property=\"og:description\" content=\"Pro n\u00e1kup rovnac\u00edch r\u00e1m\u016f, hydraulick\u00e9ho p\u0159\u00edslu\u0161enstv\u00ed a syst\u00e9m\u016f ukotven\u00ed jsme pro V\u00e1s t\u00edm spr\u00e1vn\u00fdm partnerem.\" \/>\n<meta property=\"og:url\" content=\"https:\/\/www.walter-richtsatzverleih.de\/cs\/prodej-produktu-celette\/\" \/>\n<meta property=\"og:site_name\" content=\"Walter Richtsatzverleih\" \/>\n<meta property=\"article:modified_time\" content=\"2023-07-31T16:35:01+00:00\" \/>\n<meta property=\"og:image\" content=\"https:\/\/www.walter-richtsatzverleih.de\/wp-content\/uploads\/2022\/06\/verkauf_celette-produkte-zubehoer.jpg\" \/>\n\t<meta property=\"og:image:width\" content=\"700\" \/>\n\t<meta property=\"og:image:height\" content=\"400\" \/>\n\t<meta property=\"og:image:type\" content=\"image\/jpeg\" \/>\n<meta name=\"twitter:card\" content=\"summary_large_image\" \/>\n<meta name=\"twitter:label1\" content=\"Odhadovan\u00e1 doba \u010dten\u00ed\" \/>\n\t<meta name=\"twitter:data1\" content=\"1 minuta\" \/>\n<script type=\"application\/ld+json\" class=\"yoast-schema-graph\">{\"@context\":\"https:\/\/schema.org\",\"@graph\":[{\"@type\":\"WebPage\",\"@id\":\"https:\/\/www.walter-richtsatzverleih.de\/cs\/prodej-produktu-celette\/\",\"url\":\"https:\/\/www.walter-richtsatzverleih.de\/cs\/prodej-produktu-celette\/\",\"name\":\"Prodej produkt\u016f Celette - Walter Richtsatzverleih\",\"isPartOf\":{\"@id\":\"https:\/\/www.walter-richtsatzverleih.de\/cs\/#website\"},\"primaryImageOfPage\":{\"@id\":\"https:\/\/www.walter-richtsatzverleih.de\/cs\/prodej-produktu-celette\/#primaryimage\"},\"image\":{\"@id\":\"https:\/\/www.walter-richtsatzverleih.de\/cs\/prodej-produktu-celette\/#primaryimage\"},\"thumbnailUrl\":\"https:\/\/www.walter-richtsatzverleih.de\/wp-content\/uploads\/2022\/06\/verkauf_celette-produkte-zubehoer.jpg\",\"datePublished\":\"2022-06-30T11:40:54+00:00\",\"dateModified\":\"2023-07-31T16:35:01+00:00\",\"description\":\"Pro n\u00e1kup rovnac\u00edch r\u00e1m\u016f, hydraulick\u00e9ho p\u0159\u00edslu\u0161enstv\u00ed a syst\u00e9m\u016f ukotven\u00ed jsme pro V\u00e1s t\u00edm spr\u00e1vn\u00fdm partnerem.\",\"breadcrumb\":{\"@id\":\"https:\/\/www.walter-richtsatzverleih.de\/cs\/prodej-produktu-celette\/#breadcrumb\"},\"inLanguage\":\"cs\",\"potentialAction\":[{\"@type\":\"ReadAction\",\"target\":[\"https:\/\/www.walter-richtsatzverleih.de\/cs\/prodej-produktu-celette\/\"]}]},{\"@type\":\"ImageObject\",\"inLanguage\":\"cs\",\"@id\":\"https:\/\/www.walter-richtsatzverleih.de\/cs\/prodej-produktu-celette\/#primaryimage\",\"url\":\"https:\/\/www.walter-richtsatzverleih.de\/wp-content\/uploads\/2022\/06\/verkauf_celette-produkte-zubehoer.jpg\",\"contentUrl\":\"https:\/\/www.walter-richtsatzverleih.de\/wp-content\/uploads\/2022\/06\/verkauf_celette-produkte-zubehoer.jpg\",\"width\":700,\"height\":400},{\"@type\":\"BreadcrumbList\",\"@id\":\"https:\/\/www.walter-richtsatzverleih.de\/cs\/prodej-produktu-celette\/#breadcrumb\",\"itemListElement\":[{\"@type\":\"ListItem\",\"position\":1,\"name\":\"Startseite\",\"item\":\"https:\/\/www.walter-richtsatzverleih.de\/cs\/\"},{\"@type\":\"ListItem\",\"position\":2,\"name\":\"Prodej produkt\u016f Celette\"}]},{\"@type\":\"WebSite\",\"@id\":\"https:\/\/www.walter-richtsatzverleih.de\/cs\/#website\",\"url\":\"https:\/\/www.walter-richtsatzverleih.de\/cs\/\",\"name\":\"Walter Richtsatzverleih\",\"description\":\"Wir verleihen und vermieten unter anderem Richts\u00e4tze und sind OTLG-Partner.\",\"potentialAction\":[{\"@type\":\"SearchAction\",\"target\":{\"@type\":\"EntryPoint\",\"urlTemplate\":\"https:\/\/www.walter-richtsatzverleih.de\/cs\/?s={search_term_string}\"},\"query-input\":{\"@type\":\"PropertyValueSpecification\",\"valueRequired\":true,\"valueName\":\"search_term_string\"}}],\"inLanguage\":\"cs\"}]}<\/script>\n<!-- \/ Yoast SEO plugin. -->","yoast_head_json":{"title":"Prodej produkt\u016f Celette - Walter Richtsatzverleih","description":"Pro n\u00e1kup rovnac\u00edch r\u00e1m\u016f, hydraulick\u00e9ho p\u0159\u00edslu\u0161enstv\u00ed a syst\u00e9m\u016f ukotven\u00ed jsme pro V\u00e1s t\u00edm spr\u00e1vn\u00fdm partnerem.","robots":{"index":"index","follow":"follow","max-snippet":"max-snippet:-1","max-image-preview":"max-image-preview:large","max-video-preview":"max-video-preview:-1"},"canonical":"https:\/\/www.walter-richtsatzverleih.de\/cs\/prodej-produktu-celette\/","og_locale":"cs_CZ","og_type":"article","og_title":"Prodej produkt\u016f Celette - Walter Richtsatzverleih","og_description":"Pro n\u00e1kup rovnac\u00edch r\u00e1m\u016f, hydraulick\u00e9ho p\u0159\u00edslu\u0161enstv\u00ed a syst\u00e9m\u016f ukotven\u00ed jsme pro V\u00e1s t\u00edm spr\u00e1vn\u00fdm partnerem.","og_url":"https:\/\/www.walter-richtsatzverleih.de\/cs\/prodej-produktu-celette\/","og_site_name":"Walter Richtsatzverleih","article_modified_time":"2023-07-31T16:35:01+00:00","og_image":[{"width":700,"height":400,"url":"https:\/\/www.walter-richtsatzverleih.de\/wp-content\/uploads\/2022\/06\/verkauf_celette-produkte-zubehoer.jpg","type":"image\/jpeg"}],"twitter_card":"summary_large_image","twitter_misc":{"Odhadovan\u00e1 doba \u010dten\u00ed":"1 minuta"},"schema":{"@context":"https:\/\/schema.org","@graph":[{"@type":"WebPage","@id":"https:\/\/www.walter-richtsatzverleih.de\/cs\/prodej-produktu-celette\/","url":"https:\/\/www.walter-richtsatzverleih.de\/cs\/prodej-produktu-celette\/","name":"Prodej produkt\u016f Celette - Walter Richtsatzverleih","isPartOf":{"@id":"https:\/\/www.walter-richtsatzverleih.de\/cs\/#website"},"primaryImageOfPage":{"@id":"https:\/\/www.walter-richtsatzverleih.de\/cs\/prodej-produktu-celette\/#primaryimage"},"image":{"@id":"https:\/\/www.walter-richtsatzverleih.de\/cs\/prodej-produktu-celette\/#primaryimage"},"thumbnailUrl":"https:\/\/www.walter-richtsatzverleih.de\/wp-content\/uploads\/2022\/06\/verkauf_celette-produkte-zubehoer.jpg","datePublished":"2022-06-30T11:40:54+00:00","dateModified":"2023-07-31T16:35:01+00:00","description":"Pro n\u00e1kup rovnac\u00edch r\u00e1m\u016f, hydraulick\u00e9ho p\u0159\u00edslu\u0161enstv\u00ed a syst\u00e9m\u016f ukotven\u00ed jsme pro V\u00e1s t\u00edm spr\u00e1vn\u00fdm partnerem.","breadcrumb":{"@id":"https:\/\/www.walter-richtsatzverleih.de\/cs\/prodej-produktu-celette\/#breadcrumb"},"inLanguage":"cs","potentialAction":[{"@type":"ReadAction","target":["https:\/\/www.walter-richtsatzverleih.de\/cs\/prodej-produktu-celette\/"]}]},{"@type":"ImageObject","inLanguage":"cs","@id":"https:\/\/www.walter-richtsatzverleih.de\/cs\/prodej-produktu-celette\/#primaryimage","url":"https:\/\/www.walter-richtsatzverleih.de\/wp-content\/uploads\/2022\/06\/verkauf_celette-produkte-zubehoer.jpg","contentUrl":"https:\/\/www.walter-richtsatzverleih.de\/wp-content\/uploads\/2022\/06\/verkauf_celette-produkte-zubehoer.jpg","width":700,"height":400},{"@type":"BreadcrumbList","@id":"https:\/\/www.walter-richtsatzverleih.de\/cs\/prodej-produktu-celette\/#breadcrumb","itemListElement":[{"@type":"ListItem","position":1,"name":"Startseite","item":"https:\/\/www.walter-richtsatzverleih.de\/cs\/"},{"@type":"ListItem","position":2,"name":"Prodej produkt\u016f Celette"}]},{"@type":"WebSite","@id":"https:\/\/www.walter-richtsatzverleih.de\/cs\/#website","url":"https:\/\/www.walter-richtsatzverleih.de\/cs\/","name":"Walter Richtsatzverleih","description":"Wir verleihen und vermieten unter anderem Richts\u00e4tze und sind OTLG-Partner.","potentialAction":[{"@type":"SearchAction","target":{"@type":"EntryPoint","urlTemplate":"https:\/\/www.walter-richtsatzverleih.de\/cs\/?s={search_term_string}"},"query-input":{"@type":"PropertyValueSpecification","valueRequired":true,"valueName":"search_term_string"}}],"inLanguage":"cs"}]}},"_links":{"self":[{"href":"https:\/\/www.walter-richtsatzverleih.de\/cs\/wp-json\/wp\/v2\/pages\/15605","targetHints":{"allow":["GET"]}}],"collection":[{"href":"https:\/\/www.walter-richtsatzverleih.de\/cs\/wp-json\/wp\/v2\/pages"}],"about":[{"href":"https:\/\/www.walter-richtsatzverleih.de\/cs\/wp-json\/wp\/v2\/types\/page"}],"author":[{"embeddable":true,"href":"https:\/\/www.walter-richtsatzverleih.de\/cs\/wp-json\/wp\/v2\/users\/1"}],"replies":[{"embeddable":true,"href":"https:\/\/www.walter-richtsatzverleih.de\/cs\/wp-json\/wp\/v2\/comments?post=15605"}],"version-history":[{"count":9,"href":"https:\/\/www.walter-richtsatzverleih.de\/cs\/wp-json\/wp\/v2\/pages\/15605\/revisions"}],"predecessor-version":[{"id":15614,"href":"https:\/\/www.walter-richtsatzverleih.de\/cs\/wp-json\/wp\/v2\/pages\/15605\/revisions\/15614"}],"wp:featuredmedia":[{"embeddable":true,"href":"https:\/\/www.walter-richtsatzverleih.de\/cs\/wp-json\/wp\/v2\/media\/14964"}],"wp:attachment":[{"href":"https:\/\/www.walter-richtsatzverleih.de\/cs\/wp-json\/wp\/v2\/media?parent=15605"}],"curies":[{"name":"wp","href":"https:\/\/api.w.org\/{rel}","templated":true}]}}